{"id":8140,"date":"2026-01-29T14:47:54","date_gmt":"2026-01-29T14:47:54","guid":{"rendered":"https:\/\/turkishtrade.co\/?post_type=product&#038;p=8140"},"modified":"2026-04-09T20:34:38","modified_gmt":"2026-04-09T20:34:38","slug":"mens-brown-leather-tassel-loafers-2","status":"publish","type":"product","link":"https:\/\/turkishtrade.co\/tr\/shop\/mens-brown-leather-tassel-loafers-2\/","title":{"rendered":"erkek kahverengi deri p\u00fcsk\u00fcll\u00fc mokasen Rakipsiz | Klasik Erkek Kahverengi Deri P\u00fcsk\u00fcll\u00fc"},"content":{"rendered":"<p><strong>erkek kahverengi deri p\u00fcsk\u00fcll\u00fc mokasen<\/strong>. Rakipsiz kalite ve tasar\u0131m.<\/p>\n<p>Enfes \u00fcr\u00fcnlerimizle benzersiz bir sofistike ortama ad\u0131m at\u0131n <strong>erkek kahverengi deri p\u00fcsk\u00fcll\u00fc mokasen<\/strong>. Klasik tarz\u0131 ve \u00fcst\u00fcn konforu takdir eden modern beyefendiler i\u00e7in tasarlanan bu mokasen ayakkab\u0131lar, ince i\u015f\u00e7ili\u011fin ve zamans\u0131z \u015f\u0131kl\u0131\u011f\u0131n bir kan\u0131t\u0131d\u0131r. Her bir \u00e7ift, hem \u00e7arp\u0131c\u0131 bir g\u00f6r\u00fcn\u00fcm hem de ola\u011fan\u00fcst\u00fc giyilebilirlik sunmak i\u00e7in titizlikle \u00fcretilmi\u015ftir ve bu da onlar\u0131 her se\u00e7kin gard\u0131rop i\u00e7in vazge\u00e7ilmez bir eklenti haline getirir.<\/p>\n<h3>E\u015fsiz Kalite ve Konfor<\/h3>\n<p>Klasik erkek kahverengi deri p\u00fcsk\u00fcll\u00fc mokasen ayakkab\u0131lar\u0131m\u0131z, dayan\u0131kl\u0131l\u0131\u011f\u0131, esnek hissi ve g\u00fczel perdahl\u0131 y\u00fczeyiyle \u00fcnl\u00fc birinci s\u0131n\u0131f dana derisi sayaya sahiptir. Bu y\u00fcksek kaliteli deri sadece l\u00fcks bir g\u00f6r\u00fcn\u00fcm sa\u011flamakla kalmaz, ayn\u0131 zamanda ki\u015fiselle\u015ftirilmi\u015f bir uyum i\u00e7in zamanla aya\u011f\u0131n\u0131za uyum sa\u011flar. \u0130\u00e7 k\u0131s\u0131mda, nefes alabilirlik ve cildinize inan\u0131lmaz derecede yumu\u015fak bir dokunu\u015f sunan g\u00f6rkemli yumu\u015fak ke\u00e7i derisi astar bulacaks\u0131n\u0131z. Bu kombinasyon, uzun s\u00fcreli kullan\u0131mlarda bile maksimum konfor sa\u011flar. Hafif ve esnek EVA taban m\u00fckemmel yast\u0131klama ve destek sa\u011flayarak her ad\u0131mda darbeyi emer ve bu mokasen ayakkab\u0131lar\u0131 hem profesyonel ortamlar hem de rahat sosyal toplant\u0131lar i\u00e7in m\u00fckemmel hale getirir.<\/p>\n<h3>Ay\u0131rt Edici Tasar\u0131m ve \u00c7ok Y\u00f6nl\u00fcl\u00fck<\/h3>\n<p>Bu erkek kahverengi deri p\u00fcsk\u00fcll\u00fc mokasen ayakkab\u0131n\u0131n tasar\u0131m\u0131, klasik ayakkab\u0131da bir ustal\u0131k s\u0131n\u0131f\u0131d\u0131r. Zarif p\u00fcsk\u00fcller, burun kapa\u011f\u0131 ve yan panellerdeki zarif brogue detaylar\u0131yla s\u00fcslenen bu ayakkab\u0131lar, her k\u0131yafeti zahmetsizce y\u00fckselten sofistike bir cazibeye sahiptir. Zengin, yan\u0131k kahverengi tonu, keskin i\u015f tak\u0131mlar\u0131ndan chino ve blazer ceket gibi \u015f\u0131k g\u00fcndelik k\u0131yafetlere kadar her \u015feyle sorunsuz bir \u015fekilde e\u015fle\u015ferek muazzam bir \u00e7ok y\u00f6nl\u00fcl\u00fck sunar. \u0130ster resmi bir etkinli\u011fe kat\u0131l\u0131n, ister ofise gidin ya da hafta sonu brunch'\u0131n\u0131n tad\u0131n\u0131 \u00e7\u0131kar\u0131n, bu klasik loafer'lar kusursuz bir stil ortaya koyman\u0131z\u0131 sa\u011flar. 40, 41, 42, 43 ve 44 AB bedenlerinde mevcut oldu\u011fundan m\u00fckemmel uyumunuzu bulmak \u00e7ok kolay.<\/p>\n<h3>Uzmanlar \u0130\u00e7in Haz\u0131rland\u0131<\/h3>\n<p>Bu sofistike mokasen ayakkab\u0131lar\u0131n her detay\u0131, ayakkab\u0131c\u0131l\u0131kta m\u00fckemmellik miras\u0131na i\u015faret ediyor. \u00d6zenle dikilmi\u015f brogue desenlerinden ustal\u0131kla ili\u015ftirilmi\u015f p\u00fcsk\u00fcllere kadar, detaylara verilen \u00f6nem a\u00e7\u0131k\u00e7a g\u00f6r\u00fclmektedir. Bunlar sadece ayakkab\u0131 de\u011fil; zamana meydan okuyacak bir kalite ve stil yat\u0131r\u0131m\u0131d\u0131r. Premium koleksiyonumuzla gelenek ve konforun kar\u0131\u015f\u0131m\u0131n\u0131 kucaklay\u0131n. Y\u00fcksek kaliteli ayakkab\u0131lar sunmak isteyen i\u015fletmeler i\u00e7in, minimum 16 \u00e7ift sipari\u015fle toptan sat\u0131\u015f se\u00e7enekleri mevcuttur ve bu \u00e7ok aranan erkek kahverengi deri p\u00fcsk\u00fcll\u00fc mokasenleri stoklamak i\u00e7in m\u00fckemmel bir f\u0131rsat sa\u011flar.<\/p>","protected":false},"excerpt":{"rendered":"<ul>\n<li>Kal\u0131c\u0131 \u015f\u0131kl\u0131k ve zarif perdahl\u0131 bir y\u00fczey i\u00e7in zarif birinci s\u0131n\u0131f dana derisi saya.<\/li>\n<li>L\u00fcks ke\u00e7i derisi astar \u00fcst\u00fcn konfor, nefes alabilirlik ve p\u00fcr\u00fczs\u00fcz bir his sa\u011flar.<\/li>\n<li>Hafif ve esnek EVA taban, g\u00fcn boyu kullan\u0131m i\u00e7in m\u00fckemmel yast\u0131klama sa\u011flar.<\/li>\n<li>Klasik p\u00fcsk\u00fcl detaylar\u0131na ve ayak ucunda sofistike brog vurgular\u0131na sahiptir.<\/li>\n<li>M\u00fckemmel bir uyum sa\u011flamak i\u00e7in 40, 41, 42, 43, 44 AB bedenlerinde mevcuttur.<\/li>\n<li>Minimum sipari\u015f miktar\u0131 16 \u00e7ift olmak \u00fczere toptan sat\u0131\u015f talepleri kabul edilir.<\/li>\n<\/ul>","protected":false},"featured_media":6994,"template":"","meta":{"_acf_changed":false,"_uag_custom_page_level_css":"","site-sidebar-layout":"default","site-content-layout":"","ast-site-content-layout":"default","site-content-style":"default","site-sidebar-style":"default","ast-global-header-display":"","ast-banner-title-visibility":"","ast-main-header-display":"","ast-hfb-above-header-display":"","ast-hfb-below-header-display":"","ast-hfb-mobile-header-display":"","site-post-title":"","ast-breadcrumbs-content":"","ast-featured-img":"","footer-sml-layout":"","ast-disable-related-posts":"","theme-transparent-header-meta":"","adv-header-id-meta":"","stick-header-meta":"","header-above-stick-meta":"","header-main-stick-meta":"","header-below-stick-meta":"","astra-migrate-meta-layouts":"default","ast-page-background-enabled":"default","ast-page-background-meta":{"desktop":{"background-color":"var(--ast-global-color-4)","background-image":"","background-repeat":"repeat","background-position":"center center","background-size":"auto","background-attachment":"scroll","background-type":"","background-media":"","overlay-type":"","overlay-color":"","overlay-opacity":"","overlay-gradient":""},"tablet":{"background-color":"","background-image":"","background-repeat":"repeat","background-position":"center center","background-size":"auto","background-attachment":"scroll","background-type":"","background-media":"","overlay-type":"","overlay-color":"","overlay-opacity":"","overlay-gradient":""},"mobile":{"background-color":"","background-image":"","background-repeat":"repeat","background-position":"center center","background-size":"auto","background-attachment":"scroll","background-type":"","background-media":"","overlay-type":"","overlay-color":"","overlay-opacity":"","overlay-gradient":""}},"ast-content-background-meta":{"desktop":{"background-color":"var(--ast-global-color-5)","background-image":"","background-repeat":"repeat","background-position":"center center","background-size":"auto","background-attachment":"scroll","background-type":"","background-media":"","overlay-type":"","overlay-color":"","overlay-opacity":"","overlay-gradient":""},"tablet":{"background-color":"var(--ast-global-color-5)","background-image":"","background-repeat":"repeat","background-position":"center center","background-size":"auto","background-attachment":"scroll","background-type":"","background-media":"","overlay-type":"","overlay-color":"","overlay-opacity":"","overlay-gradient":""},"mobile":{"background-color":"var(--ast-global-color-5)","background-image":"","background-repeat":"repeat","background-position":"center center","background-size":"auto","background-attachment":"scroll","background-type":"","background-media":"","overlay-type":"","overlay-color":"","overlay-opacity":"","overlay-gradient":""}}},"product_brand":[],"product_cat":[47,430,1200],"product_tag":[654,147,185,145,284,287,352,215,186,349],"class_list":{"0":"post-8140","1":"product","2":"type-product","3":"status-publish","4":"has-post-thumbnail","6":"product_cat-classic","7":"product_cat-men","8":"product_cat-mens-shoes-2","9":"product_tag-brogue-shoes","10":"product_tag-brown-loafers","11":"product_tag-calf-leather-shoes","12":"product_tag-classic-shoes","13":"product_tag-dress-shoes","14":"product_tag-eva-sole-shoes","15":"product_tag-formal-loafers","16":"product_tag-leather-loafers","17":"product_tag-mens-loafers","18":"product_tag-tassel-loafers","19":"desktop-align-center","20":"tablet-align-center","21":"mobile-align-center","23":"first","24":"instock","25":"shipping-taxable","26":"purchasable","27":"product-type-variable","28":"has-default-attributes"},"acf":[],"uagb_featured_image_src":{"full":["https:\/\/turkishtrade.co\/wp-content\/uploads\/2026\/01\/2600NZTMN00025-CAMEL.png",453,250,false],"thumbnail":["https:\/\/turkishtrade.co\/wp-content\/uploads\/2026\/01\/2600NZTMN00025-CAMEL-150x150.png",150,150,true],"medium":["https:\/\/turkishtrade.co\/wp-content\/uploads\/2026\/01\/2600NZTMN00025-CAMEL-300x166.png",300,166,true],"medium_large":["https:\/\/turkishtrade.co\/wp-content\/uploads\/2026\/01\/2600NZTMN00025-CAMEL.png",453,250,false],"large":["https:\/\/turkishtrade.co\/wp-content\/uploads\/2026\/01\/2600NZTMN00025-CAMEL.png",453,250,false],"1536x1536":["https:\/\/turkishtrade.co\/wp-content\/uploads\/2026\/01\/2600NZTMN00025-CAMEL.png",453,250,false],"2048x2048":["https:\/\/turkishtrade.co\/wp-content\/uploads\/2026\/01\/2600NZTMN00025-CAMEL.png",453,250,false],"trp-custom-language-flag":["https:\/\/turkishtrade.co\/wp-content\/uploads\/2026\/01\/2600NZTMN00025-CAMEL-18x10.png",18,10,true],"woocommerce_thumbnail":["https:\/\/turkishtrade.co\/wp-content\/uploads\/2026\/01\/2600NZTMN00025-CAMEL-400x250.png",400,250,true],"woocommerce_single":["https:\/\/turkishtrade.co\/wp-content\/uploads\/2026\/01\/2600NZTMN00025-CAMEL.png",453,250,false],"woocommerce_gallery_thumbnail":["https:\/\/turkishtrade.co\/wp-content\/uploads\/2026\/01\/2600NZTMN00025-CAMEL-100x100.png",100,100,true]},"uagb_author_info":{"display_name":"python python","author_link":"https:\/\/turkishtrade.co\/tr\/author\/"},"uagb_comment_info":0,"uagb_excerpt":"Exquisite premium calf leather upper for lasting elegance and a refined burnished finish. Luxurious goat leather lining ensures superior comfort, breathability, and a smooth feel. Lightweight and flexible EVA sole provides excellent cushioning for all-day wear. Features classic tassel detailing and sophisticated brogue accents on the toe cap. Available in EU sizes 40, 41, 42,&hellip;","_links":{"self":[{"href":"https:\/\/turkishtrade.co\/tr\/wp-json\/wp\/v2\/product\/8140","targetHints":{"allow":["GET"]}}],"collection":[{"href":"https:\/\/turkishtrade.co\/tr\/wp-json\/wp\/v2\/product"}],"about":[{"href":"https:\/\/turkishtrade.co\/tr\/wp-json\/wp\/v2\/types\/product"}],"wp:featuredmedia":[{"embeddable":true,"href":"https:\/\/turkishtrade.co\/tr\/wp-json\/wp\/v2\/media\/6994"}],"wp:attachment":[{"href":"https:\/\/turkishtrade.co\/tr\/wp-json\/wp\/v2\/media?parent=8140"}],"wp:term":[{"taxonomy":"product_brand","embeddable":true,"href":"https:\/\/turkishtrade.co\/tr\/wp-json\/wp\/v2\/product_brand?post=8140"},{"taxonomy":"product_cat","embeddable":true,"href":"https:\/\/turkishtrade.co\/tr\/wp-json\/wp\/v2\/product_cat?post=8140"},{"taxonomy":"product_tag","embeddable":true,"href":"https:\/\/turkishtrade.co\/tr\/wp-json\/wp\/v2\/product_tag?post=8140"}],"curies":[{"name":"wp","href":"https:\/\/api.w.org\/{rel}","templated":true}]}}