{"id":8139,"date":"2026-01-29T14:47:54","date_gmt":"2026-01-29T14:47:54","guid":{"rendered":"https:\/\/turkishtrade.co\/?post_type=product&#038;p=8139"},"modified":"2026-04-09T20:34:41","modified_gmt":"2026-04-09T20:34:41","slug":"mens-classic-black-leather-shoes","status":"publish","type":"product","link":"https:\/\/turkishtrade.co\/tr\/shop\/mens-classic-black-leather-shoes\/","title":{"rendered":"Erkek Klasik Siyah Deri Ayakkab\u0131 En \u00c7ok Satan | Erkek Klasik Siyah Dana Derisi"},"content":{"rendered":"<p><strong>Erkek Klasik Siyah Deri Ayakkab\u0131<\/strong>. En \u00c7ok Satan kalite ve tasar\u0131m.<\/p>\n<p>Gard\u0131robunuzu benzersiz \u015f\u0131kl\u0131\u011f\u0131m\u0131zla y\u00fckseltin <strong>Erkek Klasik Siyah Deri Ayakkab\u0131<\/strong>. Se\u00e7kin beyefendiler i\u00e7in tasarlanan bu ayakkab\u0131lar, zamans\u0131z stilin ve \u00fcst\u00fcn konforun \u00f6z\u00fcd\u00fcr ve onlar\u0131 herhangi bir resmi veya i\u015f k\u0131yafetine vazge\u00e7ilmez bir katk\u0131 haline getirir. Her bir \u00e7ift, birinci s\u0131n\u0131f malzemeleri asla modas\u0131 ge\u00e7meyen klasik bir tasar\u0131mla birle\u015ftiren ola\u011fan\u00fcst\u00fc i\u015f\u00e7ili\u011fin bir kan\u0131t\u0131d\u0131r.<\/p>\n<h3>Rakipsiz \u0130\u015f\u00e7ilik ve Birinci S\u0131n\u0131f Malzemeler<\/h3>\n<p>Bu ola\u011fan\u00fcst\u00fc ayakkab\u0131lar\u0131n kalbinde kaliteye olan ba\u011fl\u0131l\u0131k yatmaktad\u0131r. \u00dcst k\u0131s\u0131m, p\u00fcr\u00fczs\u00fcz dokusu, dayan\u0131kl\u0131l\u0131\u011f\u0131 ve zaman i\u00e7inde g\u00fczel bir patine geli\u015ftirme kabiliyetiyle bilinen hakiki dana derisinden titizlikle \u00fcretilmi\u015ftir. Bu birinci s\u0131n\u0131f malzeme, her ortamda \u00f6ne \u00e7\u0131kan sofistike bir g\u00f6r\u00fcn\u00fcm sa\u011flar. Zarif d\u0131\u015f y\u00fczeyi tamamlayan i\u00e7 k\u0131s\u0131m, ayaklar\u0131n\u0131z i\u00e7in inan\u0131lmaz derecede yumu\u015fak ve nefes alabilen bir ortam sa\u011flayan l\u00fcks ke\u00e7i derisiyle kaplanm\u0131\u015ft\u0131r. Detaylara g\u00f6sterilen bu \u00f6zen sadece konfor de\u011fil, ayn\u0131 zamanda uzun \u00f6m\u00fcrl\u00fcl\u00fck de sa\u011flayarak bu ayakkab\u0131lar\u0131 <strong>Erkek Klasik Siyah Deri Ayakkab\u0131<\/strong> gelecek y\u0131llar i\u00e7in ak\u0131ll\u0131ca bir yat\u0131r\u0131m.<\/p>\n<h3>Konfor ve Stil i\u00e7in Tasarland\u0131<\/h3>\n<p>Klasik estetikleri inkar edilemez olsa da, bu <strong>Erkek Klasik Siyah Deri Ayakkab\u0131<\/strong> konfordan \u00f6d\u00fcn vermez. M\u00fckemmel \u015fok emilimi ve yast\u0131klama \u00f6zellikleriyle tan\u0131nan hafif ve esnek bir malzeme olan yenilik\u00e7i EVA tabana sahiptir. \u0130ster yo\u011fun bir i\u015f g\u00fcn\u00fc ge\u00e7iriyor ister uzun s\u00fcreli bir etkinli\u011fe kat\u0131l\u0131yor olun, EVA taban ayak yorgunlu\u011funu en aza indirerek sabahtan ak\u015fama kadar rahat etmenizi sa\u011flar. Ba\u011fc\u0131kl\u0131 derby tasar\u0131m\u0131, 40 ila 44 numara aras\u0131ndaki \u00e7e\u015fitli ayak numaralar\u0131na uygun, g\u00fcvenli ve ayarlanabilir bir uyum sunarak her ad\u0131m\u0131n g\u00fcvenle ve kolayl\u0131kla at\u0131lmas\u0131n\u0131 sa\u011flar. Bunlar ger\u00e7ekten <strong>Erkek Klasik Siyah Deri Ayakkab\u0131<\/strong> ar\u0131yordunuz.<\/p>\n<h3>Her Durum \u0130\u00e7in M\u00fckemmel Se\u00e7im<\/h3>\n<p>Bunlarda \u00e7ok y\u00f6nl\u00fcl\u00fck \u00e7ok \u00f6nemlidir <strong>Erkek Klasik Siyah Deri Ayakkab\u0131<\/strong>. \u015e\u0131k siyah kaplamas\u0131 ve klasik silueti, bu ayakkab\u0131lar\u0131 bir\u00e7ok durum i\u00e7in uygun hale getirir. \u00d6nemli bir toplant\u0131 i\u00e7in keskin bir i\u015f tak\u0131m\u0131yla e\u015fle\u015ftirin, d\u00fc\u011f\u00fcn k\u0131yafetinizi zarif bir zarafetle tamamlay\u0131n veya \u015f\u0131k g\u00fcndelik k\u0131yafetlere sofistike bir dokunu\u015f kat\u0131n. Ayakkab\u0131dan daha fazlas\u0131d\u0131rlar; bir s\u0131n\u0131f ve g\u00fcven ifadesidirler. M\u00fc\u015fterilerine en iyisini sunmak isteyen i\u015fletmeler i\u00e7in bu <strong>Erkek Klasik Siyah Deri Ayakkab\u0131<\/strong> minimum 16 \u00e7ift sipari\u015fle toptan sat\u0131\u015f i\u00e7in mevcuttur ve y\u00fcksek talep g\u00f6ren, birinci s\u0131n\u0131f bir \u00fcr\u00fcn\u00fc stoklamak i\u00e7in m\u00fckemmel bir f\u0131rsat sunar. Kaliteye yat\u0131r\u0131m yap\u0131n, stile yat\u0131r\u0131m yap\u0131n, erkekler i\u00e7in klasik siyah deri elbise ayakkab\u0131lar\u0131m\u0131za yat\u0131r\u0131m yap\u0131n.<\/p>","protected":false},"excerpt":{"rendered":"<ul>\n<li><strong>Premium Dana Derisi Saya:<\/strong> Hakiki dana derisinden titizlikle \u00fcretilmi\u015ftir, l\u00fcks bir his ve \u015f\u0131k, cilal\u0131 bir y\u00fczey sunar.<\/li>\n<li><strong>Konforla Tasarlanm\u0131\u015f EVA Taban:<\/strong> Dayan\u0131kl\u0131 EVA taban sayesinde her ad\u0131mda hafif esnekli\u011fi ve \u00fcst\u00fcn yast\u0131klamay\u0131 deneyimleyin.<\/li>\n<li><strong>L\u00fcks Ke\u00e7i Derisi Astar:<\/strong> Ola\u011fan\u00fcst\u00fc nefes alabilirlik, yumu\u015fakl\u0131k ve g\u00fcn boyu konfor i\u00e7in tam ke\u00e7i derisi astar ile tasarlanm\u0131\u015ft\u0131r.<\/li>\n<li><strong>Zamans\u0131z Klasik Tasar\u0131m:<\/strong> Bu Erkek Klasik Siyah Deri Ayakkab\u0131, i\u015f, resmi etkinlikler ve \u00f6zel g\u00fcnler i\u00e7in m\u00fckemmel olan \u00e7ok y\u00f6nl\u00fc bir derby stiline sahiptir.<\/li>\n<li><strong>Mevcut Boyutlar:<\/strong> M\u00fckemmel uyumu sa\u011flamak i\u00e7in 40, 41, 42, 43 ve 44 bedenlere ustal\u0131kla uyarlanm\u0131\u015ft\u0131r.<\/li>\n<li><strong>Toptan Sat\u0131\u015f:<\/strong> Perakendeciler i\u00e7in ideal olan bu Erkek Klasik Siyah Deri Ayakkab\u0131, minimum 16 \u00e7ift sat\u0131n al\u0131mla toplu sipari\u015fler i\u00e7in mevcuttur.<\/li>\n<\/ul>","protected":false},"featured_media":6993,"template":"","meta":{"_acf_changed":false,"_uag_custom_page_level_css":"","site-sidebar-layout":"default","site-content-layout":"","ast-site-content-layout":"default","site-content-style":"default","site-sidebar-style":"default","ast-global-header-display":"","ast-banner-title-visibility":"","ast-main-header-display":"","ast-hfb-above-header-display":"","ast-hfb-below-header-display":"","ast-hfb-mobile-header-display":"","site-post-title":"","ast-breadcrumbs-content":"","ast-featured-img":"","footer-sml-layout":"","ast-disable-related-posts":"","theme-transparent-header-meta":"","adv-header-id-meta":"","stick-header-meta":"","header-above-stick-meta":"","header-main-stick-meta":"","header-below-stick-meta":"","astra-migrate-meta-layouts":"default","ast-page-background-enabled":"default","ast-page-background-meta":{"desktop":{"background-color":"var(--ast-global-color-4)","background-image":"","background-repeat":"repeat","background-position":"center center","background-size":"auto","background-attachment":"scroll","background-type":"","background-media":"","overlay-type":"","overlay-color":"","overlay-opacity":"","overlay-gradient":""},"tablet":{"background-color":"","background-image":"","background-repeat":"repeat","background-position":"center center","background-size":"auto","background-attachment":"scroll","background-type":"","background-media":"","overlay-type":"","overlay-color":"","overlay-opacity":"","overlay-gradient":""},"mobile":{"background-color":"","background-image":"","background-repeat":"repeat","background-position":"center center","background-size":"auto","background-attachment":"scroll","background-type":"","background-media":"","overlay-type":"","overlay-color":"","overlay-opacity":"","overlay-gradient":""}},"ast-content-background-meta":{"desktop":{"background-color":"var(--ast-global-color-5)","background-image":"","background-repeat":"repeat","background-position":"center center","background-size":"auto","background-attachment":"scroll","background-type":"","background-media":"","overlay-type":"","overlay-color":"","overlay-opacity":"","overlay-gradient":""},"tablet":{"background-color":"var(--ast-global-color-5)","background-image":"","background-repeat":"repeat","background-position":"center center","background-size":"auto","background-attachment":"scroll","background-type":"","background-media":"","overlay-type":"","overlay-color":"","overlay-opacity":"","overlay-gradient":""},"mobile":{"background-color":"var(--ast-global-color-5)","background-image":"","background-repeat":"repeat","background-position":"center center","background-size":"auto","background-attachment":"scroll","background-type":"","background-media":"","overlay-type":"","overlay-color":"","overlay-opacity":"","overlay-gradient":""}}},"product_brand":[],"product_cat":[47,430,1200],"product_tag":[196,405,202,145,438,251,1249,324,281],"class_list":{"0":"post-8139","1":"product","2":"type-product","3":"status-publish","4":"has-post-thumbnail","6":"product_cat-classic","7":"product_cat-men","8":"product_cat-mens-shoes-2","9":"product_tag-black-leather-shoes","10":"product_tag-business-shoes","11":"product_tag-calf-leather","12":"product_tag-classic-shoes","13":"product_tag-eva-sole","14":"product_tag-formal-shoes","15":"product_tag-goat-lining","16":"product_tag-mens-dress-shoes","17":"product_tag-wholesale-shoes","18":"desktop-align-center","19":"tablet-align-center","20":"mobile-align-center","22":"first","23":"instock","24":"shipping-taxable","25":"purchasable","26":"product-type-variable","27":"has-default-attributes"},"acf":[],"uagb_featured_image_src":{"full":["https:\/\/turkishtrade.co\/wp-content\/uploads\/2026\/01\/2600NZTMN00024-BLACK.png",453,250,false],"thumbnail":["https:\/\/turkishtrade.co\/wp-content\/uploads\/2026\/01\/2600NZTMN00024-BLACK-150x150.png",150,150,true],"medium":["https:\/\/turkishtrade.co\/wp-content\/uploads\/2026\/01\/2600NZTMN00024-BLACK-300x166.png",300,166,true],"medium_large":["https:\/\/turkishtrade.co\/wp-content\/uploads\/2026\/01\/2600NZTMN00024-BLACK.png",453,250,false],"large":["https:\/\/turkishtrade.co\/wp-content\/uploads\/2026\/01\/2600NZTMN00024-BLACK.png",453,250,false],"1536x1536":["https:\/\/turkishtrade.co\/wp-content\/uploads\/2026\/01\/2600NZTMN00024-BLACK.png",453,250,false],"2048x2048":["https:\/\/turkishtrade.co\/wp-content\/uploads\/2026\/01\/2600NZTMN00024-BLACK.png",453,250,false],"trp-custom-language-flag":["https:\/\/turkishtrade.co\/wp-content\/uploads\/2026\/01\/2600NZTMN00024-BLACK-18x10.png",18,10,true],"woocommerce_thumbnail":["https:\/\/turkishtrade.co\/wp-content\/uploads\/2026\/01\/2600NZTMN00024-BLACK-400x250.png",400,250,true],"woocommerce_single":["https:\/\/turkishtrade.co\/wp-content\/uploads\/2026\/01\/2600NZTMN00024-BLACK.png",453,250,false],"woocommerce_gallery_thumbnail":["https:\/\/turkishtrade.co\/wp-content\/uploads\/2026\/01\/2600NZTMN00024-BLACK-100x100.png",100,100,true]},"uagb_author_info":{"display_name":"python python","author_link":"https:\/\/turkishtrade.co\/tr\/author\/"},"uagb_comment_info":0,"uagb_excerpt":"Premium Calf Leather Upper: Meticulously crafted from genuine calf leather, offering a luxurious feel and sleek, polished finish. Comfort-Engineered EVA Sole: Experience lightweight flexibility and superior cushioning with every step, thanks to the durable EVA sole. Luxurious Goat Leather Lining: Designed with a full goat leather lining for exceptional breathability, softness, and all-day comfort. Timeless&hellip;","_links":{"self":[{"href":"https:\/\/turkishtrade.co\/tr\/wp-json\/wp\/v2\/product\/8139","targetHints":{"allow":["GET"]}}],"collection":[{"href":"https:\/\/turkishtrade.co\/tr\/wp-json\/wp\/v2\/product"}],"about":[{"href":"https:\/\/turkishtrade.co\/tr\/wp-json\/wp\/v2\/types\/product"}],"wp:featuredmedia":[{"embeddable":true,"href":"https:\/\/turkishtrade.co\/tr\/wp-json\/wp\/v2\/media\/6993"}],"wp:attachment":[{"href":"https:\/\/turkishtrade.co\/tr\/wp-json\/wp\/v2\/media?parent=8139"}],"wp:term":[{"taxonomy":"product_brand","embeddable":true,"href":"https:\/\/turkishtrade.co\/tr\/wp-json\/wp\/v2\/product_brand?post=8139"},{"taxonomy":"product_cat","embeddable":true,"href":"https:\/\/turkishtrade.co\/tr\/wp-json\/wp\/v2\/product_cat?post=8139"},{"taxonomy":"product_tag","embeddable":true,"href":"https:\/\/turkishtrade.co\/tr\/wp-json\/wp\/v2\/product_tag?post=8139"}],"curies":[{"name":"wp","href":"https:\/\/api.w.org\/{rel}","templated":true}]}}