{"id":8120,"date":"2026-01-29T14:47:42","date_gmt":"2026-01-29T14:47:42","guid":{"rendered":"https:\/\/turkishtrade.co\/?post_type=product&#038;p=8120"},"modified":"2026-04-09T20:34:46","modified_gmt":"2026-04-09T20:34:46","slug":"mens-classic-brogue-leather-shoes","status":"publish","type":"product","link":"https:\/\/turkishtrade.co\/tr\/shop\/mens-classic-brogue-leather-shoes\/","title":{"rendered":"Erkek Klasik Brogue Deri Ayakkab\u0131 Elite | Erkek Klasik Siyah Brogue Dana"},"content":{"rendered":"<p>Enfes tasar\u0131m\u0131m\u0131zla zamans\u0131z \u015f\u0131kl\u0131\u011fa ad\u0131m at\u0131n <strong>Erkek Klasik Brogue Deri Ayakkab\u0131<\/strong>, modern beyefendiler i\u00e7in titizlikle tasarlanm\u0131\u015ft\u0131r. Bu sofistike elbise ayakkab\u0131lar\u0131, hem resmi etkinlikler hem de \u015f\u0131k ve g\u00fcndelik durumlar i\u00e7in m\u00fckemmel olan klasik tarz\u0131n \u00f6z\u00fcd\u00fcr. Y\u00fcksek kaliteli, esnek dana derisinden \u00fcretilen \u00fcst k\u0131s\u0131m, l\u00fcks\u00fc yans\u0131tan ve ola\u011fan\u00fcst\u00fc dayan\u0131kl\u0131l\u0131k vaat eden zengin, cilal\u0131 bir y\u00fczeye sahiptir. Burun ve vampir k\u0131sm\u0131ndaki karma\u015f\u0131k brogue detaylar, bu ayakkab\u0131lar\u0131 se\u00e7kin bir karaktere b\u00fcr\u00fcnd\u00fcr\u00fcr. <strong>erkek klasik brogue deri ayakkab\u0131<\/strong> her gard\u0131rop i\u00e7in g\u00f6ze \u00e7arpan bir ek.<\/p>\n<p>Yenilik\u00e7i EVA taban sayesinde her ad\u0131mda benzersiz bir konfor ya\u015fay\u0131n. Bu hafif ama sa\u011flam taban, m\u00fckemmel yast\u0131klama ve esneklik sa\u011flayarak stilden \u00f6d\u00fcn vermeden t\u00fcm g\u00fcn giyilebilirlik sa\u011flar. Geleneksel a\u011f\u0131r elbise ayakkab\u0131lar\u0131n\u0131n aksine, bizim <strong>erkek klasik brogue deri ayakkab\u0131<\/strong> konfor ve zarafetin ferahlat\u0131c\u0131 bir kar\u0131\u015f\u0131m\u0131n\u0131 sunar. \u0130\u00e7 k\u0131s\u0131m, inan\u0131lmaz yumu\u015fakl\u0131\u011f\u0131 ve nefes alabilirli\u011fi ile bilinen birinci s\u0131n\u0131f ke\u00e7i derisi ile astarlanm\u0131\u015ft\u0131r. Bu l\u00fcks astar nemi uzakla\u015ft\u0131rarak ayaklar\u0131n\u0131z\u0131n kuru ve rahat kalmas\u0131n\u0131 sa\u011flar; bu da ofiste ge\u00e7irilen uzun g\u00fcnler veya uzun sosyal toplant\u0131lar i\u00e7in \u00e7ok \u00f6nemli bir \u00f6zelliktir.<\/p>\n<h3>Rakipsiz \u0130\u015f\u00e7ilik ve \u00c7ok Y\u00f6nl\u00fcl\u00fck<\/h3>\n<p>Bunlar\u0131n her bir \u00e7ifti <strong>erkek klasik brogue deri ayakkab\u0131<\/strong> \u00fcst\u00fcn i\u015f\u00e7ili\u011fin bir kan\u0131t\u0131d\u0131r. Hassas diki\u015flerden m\u00fckemmel \u015fekilde uygulanm\u0131\u015f brogue deliklerine kadar her ayr\u0131nt\u0131, ola\u011fan\u00fcst\u00fc kalitede bir ayakkab\u0131 sunmak i\u00e7in dikkatle d\u00fc\u015f\u00fcn\u00fclm\u00fc\u015ft\u00fcr. Zamans\u0131z siyah renk tonu, maksimum \u00e7ok y\u00f6nl\u00fcl\u00fck sa\u011flayarak i\u015f toplant\u0131lar\u0131 i\u00e7in \u00f6zel dikim bir tak\u0131m elbise, d\u0131\u015far\u0131da bir ak\u015fam yeme\u011fi i\u00e7in \u015f\u0131k bir blazer ceket ve chino pantolon, hatta g\u00f6steri\u015fli bir g\u00fcndelik g\u00f6r\u00fcn\u00fcm i\u00e7in koyu renk kot pantolon ile zahmetsizce e\u015fle\u015ftirmenize olanak tan\u0131r. 40'tan 44'e (AB) kadar \u00e7e\u015fitli bedenlerde mevcut oldu\u011fundan, m\u00fckemmel uyumunuzu bulmak \u00e7ok kolay.<\/p>\n<p>Geleneksel esteti\u011fi \u00e7a\u011fda\u015f konforla birle\u015ftiren ayakkab\u0131lara yat\u0131r\u0131m yap\u0131n. Bizim <strong>Erkek Klasik Brogue Deri Ayakkab\u0131<\/strong> sadece ayakkab\u0131 de\u011fildir; rafine bir stil ve kal\u0131c\u0131 konfor deneyimidir. Bu ayakkab\u0131lar uzun \u00f6m\u00fcrl\u00fc olacak \u015fekilde \u00fcretilmi\u015ftir ve gard\u0131robunuz i\u00e7in y\u0131llarca g\u00fcvenilir ve \u015f\u0131k bir temel sa\u011flar. \u0130ster g\u00f6rkemli bir giri\u015f yap\u0131yor olun, ister sadece sakin bir ak\u015fam\u0131n tad\u0131n\u0131 \u00e7\u0131kar\u0131n, bu ayakkab\u0131lar bunu g\u00fcven ve zarafetle yapman\u0131z\u0131 sa\u011flayacakt\u0131r. Birinci s\u0131n\u0131f ayakkab\u0131lar sunmak isteyen i\u015fletmeler i\u00e7in, minimum 16 \u00e7ift sipari\u015f miktar\u0131yla toptan sat\u0131\u015f se\u00e7enekleri mevcuttur ve y\u00fcksek kaliteli, talep g\u00f6ren elbise ayakkab\u0131lar\u0131n\u0131 stoklamak i\u00e7in m\u00fckemmel bir f\u0131rsat sa\u011flar.<\/p>","protected":false},"excerpt":{"rendered":"<ul>\n<li>\u00dcst\u00fcn stil ve dayan\u0131kl\u0131l\u0131k i\u00e7in Premium Dana Derisi Saya<\/li>\n<li>Konforu art\u0131ran EVA Taban hafif yast\u0131klama sa\u011flar<\/li>\n<li>Yumu\u015fak Ke\u00e7i Derisi Astar nefes alabilirlik ve l\u00fcks bir his sa\u011flar<\/li>\n<li>Zarif Brogue Detayland\u0131rma klasik sofistike bir dokunu\u015f katar<\/li>\n<li>40, 41, 42, 43, 44 AB Bedenlerinde Mevcuttur<\/li>\n<li>Toptan sipari\u015fler minimum 16 \u00e7ift miktar\u0131yla kabul edilir<\/li>\n<\/ul>","protected":false},"featured_media":6991,"template":"","meta":{"_acf_changed":false,"_uag_custom_page_level_css":"","site-sidebar-layout":"default","site-content-layout":"","ast-site-content-layout":"default","site-content-style":"default","site-sidebar-style":"default","ast-global-header-display":"","ast-banner-title-visibility":"","ast-main-header-display":"","ast-hfb-above-header-display":"","ast-hfb-below-header-display":"","ast-hfb-mobile-header-display":"","site-post-title":"","ast-breadcrumbs-content":"","ast-featured-img":"","footer-sml-layout":"","ast-disable-related-posts":"","theme-transparent-header-meta":"","adv-header-id-meta":"","stick-header-meta":"","header-above-stick-meta":"","header-main-stick-meta":"","header-below-stick-meta":"","astra-migrate-meta-layouts":"default","ast-page-background-enabled":"default","ast-page-background-meta":{"desktop":{"background-color":"var(--ast-global-color-4)","background-image":"","background-repeat":"repeat","background-position":"center center","background-size":"auto","background-attachment":"scroll","background-type":"","background-media":"","overlay-type":"","overlay-color":"","overlay-opacity":"","overlay-gradient":""},"tablet":{"background-color":"","background-image":"","background-repeat":"repeat","background-position":"center center","background-size":"auto","background-attachment":"scroll","background-type":"","background-media":"","overlay-type":"","overlay-color":"","overlay-opacity":"","overlay-gradient":""},"mobile":{"background-color":"","background-image":"","background-repeat":"repeat","background-position":"center center","background-size":"auto","background-attachment":"scroll","background-type":"","background-media":"","overlay-type":"","overlay-color":"","overlay-opacity":"","overlay-gradient":""}},"ast-content-background-meta":{"desktop":{"background-color":"var(--ast-global-color-5)","background-image":"","background-repeat":"repeat","background-position":"center center","background-size":"auto","background-attachment":"scroll","background-type":"","background-media":"","overlay-type":"","overlay-color":"","overlay-opacity":"","overlay-gradient":""},"tablet":{"background-color":"var(--ast-global-color-5)","background-image":"","background-repeat":"repeat","background-position":"center center","background-size":"auto","background-attachment":"scroll","background-type":"","background-media":"","overlay-type":"","overlay-color":"","overlay-opacity":"","overlay-gradient":""},"mobile":{"background-color":"var(--ast-global-color-5)","background-image":"","background-repeat":"repeat","background-position":"center center","background-size":"auto","background-attachment":"scroll","background-type":"","background-media":"","overlay-type":"","overlay-color":"","overlay-opacity":"","overlay-gradient":""}}},"product_brand":[],"product_cat":[47,430,1200],"product_tag":[295,405,185,1405,287,251,1249,286,280],"class_list":{"0":"post-8120","1":"product","2":"type-product","3":"status-publish","4":"has-post-thumbnail","6":"product_cat-classic","7":"product_cat-men","8":"product_cat-mens-shoes-2","9":"product_tag-black-dress-shoes","10":"product_tag-business-shoes","11":"product_tag-calf-leather-shoes","12":"product_tag-classic-brogue-shoes","13":"product_tag-eva-sole-shoes","14":"product_tag-formal-shoes","15":"product_tag-goat-lining","16":"product_tag-mens-leather-shoes","17":"product_tag-smart-casual-shoes","18":"desktop-align-center","19":"tablet-align-center","20":"mobile-align-center","22":"first","23":"instock","24":"shipping-taxable","25":"purchasable","26":"product-type-variable","27":"has-default-attributes"},"acf":[],"uagb_featured_image_src":{"full":["https:\/\/turkishtrade.co\/wp-content\/uploads\/2026\/01\/2600NZTMN00022-BLACK.png",453,250,false],"thumbnail":["https:\/\/turkishtrade.co\/wp-content\/uploads\/2026\/01\/2600NZTMN00022-BLACK-150x150.png",150,150,true],"medium":["https:\/\/turkishtrade.co\/wp-content\/uploads\/2026\/01\/2600NZTMN00022-BLACK-300x166.png",300,166,true],"medium_large":["https:\/\/turkishtrade.co\/wp-content\/uploads\/2026\/01\/2600NZTMN00022-BLACK.png",453,250,false],"large":["https:\/\/turkishtrade.co\/wp-content\/uploads\/2026\/01\/2600NZTMN00022-BLACK.png",453,250,false],"1536x1536":["https:\/\/turkishtrade.co\/wp-content\/uploads\/2026\/01\/2600NZTMN00022-BLACK.png",453,250,false],"2048x2048":["https:\/\/turkishtrade.co\/wp-content\/uploads\/2026\/01\/2600NZTMN00022-BLACK.png",453,250,false],"trp-custom-language-flag":["https:\/\/turkishtrade.co\/wp-content\/uploads\/2026\/01\/2600NZTMN00022-BLACK-18x10.png",18,10,true],"woocommerce_thumbnail":["https:\/\/turkishtrade.co\/wp-content\/uploads\/2026\/01\/2600NZTMN00022-BLACK-400x250.png",400,250,true],"woocommerce_single":["https:\/\/turkishtrade.co\/wp-content\/uploads\/2026\/01\/2600NZTMN00022-BLACK.png",453,250,false],"woocommerce_gallery_thumbnail":["https:\/\/turkishtrade.co\/wp-content\/uploads\/2026\/01\/2600NZTMN00022-BLACK-100x100.png",100,100,true]},"uagb_author_info":{"display_name":"python python","author_link":"https:\/\/turkishtrade.co\/tr\/author\/"},"uagb_comment_info":0,"uagb_excerpt":"Premium Calf Leather Upper for superior style and durability Comfort-enhancing EVA Sole provides lightweight cushioning Soft Goat Leather Lining ensures breathability and a luxurious feel Elegant Brogue Detailing adds a touch of classic sophistication Available in EU Sizes 40, 41, 42, 43, 44 Wholesale orders are welcome with a minimum quantity of 16 pairs","_links":{"self":[{"href":"https:\/\/turkishtrade.co\/tr\/wp-json\/wp\/v2\/product\/8120","targetHints":{"allow":["GET"]}}],"collection":[{"href":"https:\/\/turkishtrade.co\/tr\/wp-json\/wp\/v2\/product"}],"about":[{"href":"https:\/\/turkishtrade.co\/tr\/wp-json\/wp\/v2\/types\/product"}],"wp:featuredmedia":[{"embeddable":true,"href":"https:\/\/turkishtrade.co\/tr\/wp-json\/wp\/v2\/media\/6991"}],"wp:attachment":[{"href":"https:\/\/turkishtrade.co\/tr\/wp-json\/wp\/v2\/media?parent=8120"}],"wp:term":[{"taxonomy":"product_brand","embeddable":true,"href":"https:\/\/turkishtrade.co\/tr\/wp-json\/wp\/v2\/product_brand?post=8120"},{"taxonomy":"product_cat","embeddable":true,"href":"https:\/\/turkishtrade.co\/tr\/wp-json\/wp\/v2\/product_cat?post=8120"},{"taxonomy":"product_tag","embeddable":true,"href":"https:\/\/turkishtrade.co\/tr\/wp-json\/wp\/v2\/product_tag?post=8120"}],"curies":[{"name":"wp","href":"https:\/\/api.w.org\/{rel}","templated":true}]}}