{"id":8118,"date":"2026-01-29T14:47:41","date_gmt":"2026-01-29T14:47:41","guid":{"rendered":"https:\/\/turkishtrade.co\/?post_type=product&#038;p=8118"},"modified":"2026-04-09T20:35:33","modified_gmt":"2026-04-09T20:35:33","slug":"mens-classic-brown-loafers","status":"publish","type":"product","link":"https:\/\/turkishtrade.co\/tr\/shop\/mens-classic-brown-loafers\/","title":{"rendered":"Erkek Klasik Kahverengi Loafer Hakiki | Erkek Klasik Kahverengi Deri Loafer"},"content":{"rendered":"<p><strong>Erkek Klasik Kahverengi Loafer<\/strong>. Orijinal kalite ve tasar\u0131m.<\/p>\n<p>Zamans\u0131z sofistikeli\u011fin \u00f6z\u00fcn\u00fc **Erkek Klasik Kahverengi Loafer'lar\u0131m\u0131z** ile ke\u015ffedin. Hem stil hem de konfora de\u011fer veren modern beyefendiler i\u00e7in tasarlanan bu birinci s\u0131n\u0131f mokasen ayakkab\u0131lar, geleneksel i\u015f\u00e7ili\u011fi \u00e7a\u011fda\u015f \u00f6zelliklerle kusursuz bir \u015fekilde harmanl\u0131yor. Bu ola\u011fan\u00fcst\u00fc **Erkek Klasik Kahverengi Loafer'lar\u0131n** her bir \u00e7ifti y\u00fcksek kaliteli hakiki dana derisinden titizlikle \u00fcretilmi\u015ftir, bu da dayan\u0131kl\u0131l\u0131k ve yaln\u0131zca ya\u015f ve a\u015f\u0131nma ile geli\u015fecek se\u00e7kin bir g\u00f6r\u00fcn\u00fcm sa\u011flar.<\/p>\n<h3>Benzersiz Konfor ve Zarif Tasar\u0131m<\/h3>\n<p>G\u00f6rkemli ke\u00e7i derisi astar ile l\u00fcks bir konfor d\u00fcnyas\u0131na ad\u0131m at\u0131n. Bu do\u011fal malzeme m\u00fckemmel nefes alabilirlik ve aya\u011f\u0131n\u0131za yumu\u015fak, esnek bir dokunu\u015f sa\u011flayarak bu **Men's Classic Brown Loafer'lar\u0131** uzun s\u00fcreli kullan\u0131m i\u00e7in ideal hale getirir. Klasik slip-on tasar\u0131m, \u00e7ok y\u00f6nl\u00fc \u00e7ekicili\u011finden \u00f6d\u00fcn vermeden zarif bir karakter dokunu\u015fu ekleyerek, vampir ve burun ucundaki ince, zarif delikli detaylarla zenginle\u015ftirilmi\u015ftir. \u0130ster \u00f6nemli bir i\u015f toplant\u0131s\u0131, ister \u00f6zel bir etkinlik ya da \u015f\u0131k bir g\u00fcnl\u00fck gezi i\u00e7in giyiniyor olun, bu sofistike mokasen ayakkab\u0131lar t\u00fcm tak\u0131m\u0131n\u0131z\u0131 zahmetsizce y\u00fckseltecektir.<\/p>\n<h3>Geli\u015fmi\u015f EVA Taban ile Hafif Dayan\u0131kl\u0131l\u0131k<\/h3>\n<p>Geli\u015fmi\u015f EVA taban ile performans \u015f\u0131kl\u0131kla bulu\u015fuyor. Hafifli\u011fi ve \u00fcst\u00fcn \u015fok emici \u00f6zellikleriyle tan\u0131nan EVA taban, ola\u011fan\u00fcst\u00fc rahatl\u0131k ve esneklik sunarak g\u00fcn boyunca kolayl\u0131kla hareket etmenizi sa\u011flar. Geleneksel a\u011f\u0131r tabanlardan farkl\u0131 olarak bu yenilik\u00e7i tasar\u0131m, temel kavrama veya dayan\u0131kl\u0131l\u0131ktan \u00f6d\u00fcn vermeden daha hafif bir ad\u0131m atman\u0131z\u0131 sa\u011flar. \u00d6zenle tasarlanm\u0131\u015f taban\u0131 g\u00fcvenilir tutu\u015f sa\u011flayarak bu **Men's Classic Brown Loafer'lar\u0131** \u00e7e\u015fitli \u015fehir ortamlar\u0131nda gezinmek i\u00e7in pratik ve \u015f\u0131k bir se\u00e7im haline getirir. 40, 41, 42, 43 ve 44 dahil olmak \u00fczere kapsaml\u0131 bir AB beden yelpazesinde mevcut oldu\u011fundan, m\u00fckemmel uyumunuzu bulmak art\u0131k \u00e7ok kolay.<\/p>\n<h3>Kal\u0131c\u0131 Stil ve Kaliteye Yat\u0131r\u0131m Yap\u0131n<\/h3>\n<p>Bu **Men's Classic Brown Loafers** bir ayakkab\u0131dan \u00e7ok daha fazlas\u0131d\u0131r; kal\u0131c\u0131 stil ve kaliteden \u00f6d\u00fcn vermeyen ak\u0131ll\u0131ca bir yat\u0131r\u0131md\u0131r. Zengin kahverengi tonlar\u0131 inan\u0131lmaz bir \u00e7ok y\u00f6nl\u00fcl\u00fck sunarak hassas bir \u015fekilde tasarlanm\u0131\u015f tak\u0131m elbiselerden \u015f\u0131k chino pantolonlara ve elbise pantolonlar\u0131na kadar her \u015feyle g\u00fczel bir \u015fekilde e\u015fle\u015fir. Yap\u0131lar\u0131ndaki detaylara g\u00f6sterilen titizlik, ayakkab\u0131da m\u00fckemmelli\u011fe olan derin ba\u011fl\u0131l\u0131\u011f\u0131 yans\u0131tmaktad\u0131r. Y\u00fcksek kaliteli, talep g\u00f6ren ayakkab\u0131lar sunmak isteyen perakendeciler ve i\u015fletmeler i\u00e7in bu **Men's Classic Brown Loafers**, minimum 16 \u00e7ift sipari\u015f miktar\u0131yla toptan sat\u0131n al\u0131nmaya haz\u0131rd\u0131r. Koleksiyonunuzu geli\u015ftirin ve de\u011ferli m\u00fc\u015fterilerinize klasik esteti\u011fi modern konfor ve \u00fcst\u00fcn i\u015f\u00e7ilikle ustaca birle\u015ftiren ayakkab\u0131lar sunun.<\/p>","protected":false},"excerpt":{"rendered":"<ul>\n<li>Zarif bir g\u00f6r\u00fcn\u00fcm i\u00e7in hakiki dana derisinden ustal\u0131kla \u00fcretilmi\u015ftir.<\/li>\n<li>L\u00fcks ke\u00e7i derisi i\u00e7 astar \u00fcst\u00fcn konfor ve nefes alabilirlik sa\u011flar.<\/li>\n<li>Hafif ve esnek EVA taban g\u00fcn boyu yast\u0131klama ve destek sa\u011flar.<\/li>\n<li>Ayak ucunda ve vampirde zarif delikli detaylara sahip zamans\u0131z klasik slip-on tasar\u0131m.<\/li>\n<li>M\u00fckemmel bir uyum sa\u011flamak i\u00e7in 40, 41, 42, 43 ve 44 AB bedenlerinde mevcuttur.<\/li>\n<li>Minimum sipari\u015f miktar\u0131 16 \u00e7ift olmak \u00fczere toptan sat\u0131\u015f talepleri kabul edilir.<\/li>\n<\/ul>","protected":false},"featured_media":7008,"template":"","meta":{"_acf_changed":false,"_uag_custom_page_level_css":"","site-sidebar-layout":"default","site-content-layout":"","ast-site-content-layout":"default","site-content-style":"default","site-sidebar-style":"default","ast-global-header-display":"","ast-banner-title-visibility":"","ast-main-header-display":"","ast-hfb-above-header-display":"","ast-hfb-below-header-display":"","ast-hfb-mobile-header-display":"","site-post-title":"","ast-breadcrumbs-content":"","ast-featured-img":"","footer-sml-layout":"","ast-disable-related-posts":"","theme-transparent-header-meta":"","adv-header-id-meta":"","stick-header-meta":"","header-above-stick-meta":"","header-main-stick-meta":"","header-below-stick-meta":"","astra-migrate-meta-layouts":"default","ast-page-background-enabled":"default","ast-page-background-meta":{"desktop":{"background-color":"var(--ast-global-color-4)","background-image":"","background-repeat":"repeat","background-position":"center center","background-size":"auto","background-attachment":"scroll","background-type":"","background-media":"","overlay-type":"","overlay-color":"","overlay-opacity":"","overlay-gradient":""},"tablet":{"background-color":"","background-image":"","background-repeat":"repeat","background-position":"center center","background-size":"auto","background-attachment":"scroll","background-type":"","background-media":"","overlay-type":"","overlay-color":"","overlay-opacity":"","overlay-gradient":""},"mobile":{"background-color":"","background-image":"","background-repeat":"repeat","background-position":"center center","background-size":"auto","background-attachment":"scroll","background-type":"","background-media":"","overlay-type":"","overlay-color":"","overlay-opacity":"","overlay-gradient":""}},"ast-content-background-meta":{"desktop":{"background-color":"var(--ast-global-color-5)","background-image":"","background-repeat":"repeat","background-position":"center center","background-size":"auto","background-attachment":"scroll","background-type":"","background-media":"","overlay-type":"","overlay-color":"","overlay-opacity":"","overlay-gradient":""},"tablet":{"background-color":"var(--ast-global-color-5)","background-image":"","background-repeat":"repeat","background-position":"center center","background-size":"auto","background-attachment":"scroll","background-type":"","background-media":"","overlay-type":"","overlay-color":"","overlay-opacity":"","overlay-gradient":""},"mobile":{"background-color":"var(--ast-global-color-5)","background-image":"","background-repeat":"repeat","background-position":"center center","background-size":"auto","background-attachment":"scroll","background-type":"","background-media":"","overlay-type":"","overlay-color":"","overlay-opacity":"","overlay-gradient":""}}},"product_brand":[],"product_cat":[47,430,1200],"product_tag":[292,512,457,287,352,189,351,186,686,184],"class_list":{"0":"post-8118","1":"product","2":"type-product","3":"status-publish","4":"has-post-thumbnail","6":"product_cat-classic","7":"product_cat-men","8":"product_cat-mens-shoes-2","9":"product_tag-brown-leather-shoes","10":"product_tag-casual-loafers","11":"product_tag-classic-loafers","12":"product_tag-eva-sole-shoes","13":"product_tag-formal-loafers","14":"product_tag-goat-leather-lining","15":"product_tag-leather-footwear","16":"product_tag-mens-loafers","17":"product_tag-perforated-shoes","18":"product_tag-slip-on-shoes","19":"desktop-align-center","20":"tablet-align-center","21":"mobile-align-center","23":"first","24":"instock","25":"shipping-taxable","26":"purchasable","27":"product-type-variable","28":"has-default-attributes"},"acf":[],"uagb_featured_image_src":{"full":["https:\/\/turkishtrade.co\/wp-content\/uploads\/2026\/01\/2600NZTMN00020-BLACK.png",453,250,false],"thumbnail":["https:\/\/turkishtrade.co\/wp-content\/uploads\/2026\/01\/2600NZTMN00020-BLACK-150x150.png",150,150,true],"medium":["https:\/\/turkishtrade.co\/wp-content\/uploads\/2026\/01\/2600NZTMN00020-BLACK-300x166.png",300,166,true],"medium_large":["https:\/\/turkishtrade.co\/wp-content\/uploads\/2026\/01\/2600NZTMN00020-BLACK.png",453,250,false],"large":["https:\/\/turkishtrade.co\/wp-content\/uploads\/2026\/01\/2600NZTMN00020-BLACK.png",453,250,false],"1536x1536":["https:\/\/turkishtrade.co\/wp-content\/uploads\/2026\/01\/2600NZTMN00020-BLACK.png",453,250,false],"2048x2048":["https:\/\/turkishtrade.co\/wp-content\/uploads\/2026\/01\/2600NZTMN00020-BLACK.png",453,250,false],"trp-custom-language-flag":["https:\/\/turkishtrade.co\/wp-content\/uploads\/2026\/01\/2600NZTMN00020-BLACK-18x10.png",18,10,true],"woocommerce_thumbnail":["https:\/\/turkishtrade.co\/wp-content\/uploads\/2026\/01\/2600NZTMN00020-BLACK-400x250.png",400,250,true],"woocommerce_single":["https:\/\/turkishtrade.co\/wp-content\/uploads\/2026\/01\/2600NZTMN00020-BLACK.png",453,250,false],"woocommerce_gallery_thumbnail":["https:\/\/turkishtrade.co\/wp-content\/uploads\/2026\/01\/2600NZTMN00020-BLACK-100x100.png",100,100,true]},"uagb_author_info":{"display_name":"python python","author_link":"https:\/\/turkishtrade.co\/tr\/author\/"},"uagb_comment_info":0,"uagb_excerpt":"Expertly crafted from genuine calf leather for a refined look. Luxurious goat leather interior lining ensures superior comfort and breathability. Lightweight and flexible EVA sole provides all-day cushioning and support. Timeless classic slip-on design with elegant perforated detailing on the cap toe and vamp. Available in EU sizes 40, 41, 42, 43, and 44 to&hellip;","_links":{"self":[{"href":"https:\/\/turkishtrade.co\/tr\/wp-json\/wp\/v2\/product\/8118","targetHints":{"allow":["GET"]}}],"collection":[{"href":"https:\/\/turkishtrade.co\/tr\/wp-json\/wp\/v2\/product"}],"about":[{"href":"https:\/\/turkishtrade.co\/tr\/wp-json\/wp\/v2\/types\/product"}],"wp:featuredmedia":[{"embeddable":true,"href":"https:\/\/turkishtrade.co\/tr\/wp-json\/wp\/v2\/media\/7008"}],"wp:attachment":[{"href":"https:\/\/turkishtrade.co\/tr\/wp-json\/wp\/v2\/media?parent=8118"}],"wp:term":[{"taxonomy":"product_brand","embeddable":true,"href":"https:\/\/turkishtrade.co\/tr\/wp-json\/wp\/v2\/product_brand?post=8118"},{"taxonomy":"product_cat","embeddable":true,"href":"https:\/\/turkishtrade.co\/tr\/wp-json\/wp\/v2\/product_cat?post=8118"},{"taxonomy":"product_tag","embeddable":true,"href":"https:\/\/turkishtrade.co\/tr\/wp-json\/wp\/v2\/product_tag?post=8118"}],"curies":[{"name":"wp","href":"https:\/\/api.w.org\/{rel}","templated":true}]}}