{"id":8117,"date":"2026-01-29T14:47:41","date_gmt":"2026-01-29T14:47:41","guid":{"rendered":"https:\/\/turkishtrade.co\/?post_type=product&#038;p=8117"},"modified":"2026-04-09T20:35:36","modified_gmt":"2026-04-09T20:35:36","slug":"mens-brown-leather-tassel-loafers","status":"publish","type":"product","link":"https:\/\/turkishtrade.co\/tr\/shop\/mens-brown-leather-tassel-loafers\/","title":{"rendered":"Erkek Kahverengi Deri P\u00fcsk\u00fcll\u00fc Loaferlar Rakipsiz | Erkek Klasik Kahverengi Deri P\u00fcsk\u00fcll\u00fc"},"content":{"rendered":"<h3>Erkek Kahverengi Deri P\u00fcsk\u00fcll\u00fc Loafer ile Sofistike Bir Ad\u0131m At\u0131n<\/h3>\n<p>Enfes koleksiyonumuzla tan\u0131\u015f\u0131n <strong>Erkek Kahverengi Deri P\u00fcsk\u00fcll\u00fc Loafer<\/strong>, modern beyefendiler i\u00e7in en iyi ayakkab\u0131 se\u00e7imidir. Zamans\u0131z \u015f\u0131kl\u0131\u011f\u0131 benzersiz konforla harmanlamak \u00fczere tasarlanan bu klasik mokasen ayakkab\u0131lar, \u00fcst\u00fcn i\u015f\u00e7ili\u011fin bir kan\u0131t\u0131d\u0131r. Her bir \u00e7ift, hem dayan\u0131kl\u0131l\u0131k hem de zarif bir estetik sa\u011flamak i\u00e7in titizlikle \u00fcretilmi\u015ftir ve her gard\u0131rop i\u00e7in \u00e7ok y\u00f6nl\u00fc bir ektir. G\u00fcnl\u00fck i\u015f ortamlar\u0131ndan sofistike ak\u015fam etkinliklerine kadar, bu l\u00fcks mokasen ayakkab\u0131lar stil katsay\u0131n\u0131z\u0131 zahmetsizce y\u00fckseltmeyi vaat ediyor.<\/p>\n<h3>Premium Malzemeler ve Her Ad\u0131mda E\u015fsiz Konfor<\/h3>\n<p>Birinci s\u0131n\u0131f malzemelerin yaratt\u0131\u011f\u0131 fark\u0131 deneyimleyin. Bizim <strong>Erkek Kahverengi Deri P\u00fcsk\u00fcll\u00fc Loafer<\/strong> esnek dokusu, do\u011fal parlakl\u0131\u011f\u0131 ve uzun \u00f6m\u00fcrl\u00fc esnekli\u011fi ile bilinen y\u00fcksek kaliteli dana derisi sayaya sahiptir. Bu \u00fcst\u00fcn deri, zaman i\u00e7inde aya\u011f\u0131n\u0131za g\u00fczel bir \u015fekilde uyum sa\u011flayarak ki\u015fiye \u00f6zel bir uyum sunar. Zengin dana derisini tamamlayan i\u00e7 k\u0131s\u0131m, son derece yumu\u015fak ke\u00e7i derisi astara sahiptir. Bu do\u011fal astar, ola\u011fan\u00fcst\u00fc nefes alabilirlik ve nem emme \u00f6zellikleri sa\u011flayarak ayaklar\u0131n\u0131z\u0131 g\u00fcn boyunca rahat ve ferah tutar. Rahats\u0131zl\u0131\u011fa elveda deyin ve hakiki derinin l\u00fcks hissini teninizde hissedin.<\/p>\n<p>Zarif saya ve astar\u0131n \u00f6tesinde, bu mokasen ayakkab\u0131lar geli\u015fmi\u015f EVA taban\u0131 ile y\u00fcr\u00fcme konforu i\u00e7in \u00fcretilmi\u015ftir. EVA (Etilen-vinil asetat) taban son derece hafif, esnektir ve m\u00fckemmel \u015fok emilimi sa\u011flar. \u0130ster \u015fehir sokaklar\u0131nda geziniyor ister uzun s\u00fcre ayakta duruyor olun, EVA taban yorgunlu\u011fu en aza indirir, yayl\u0131 bir ad\u0131m ve g\u00fcvenilir \u00e7eki\u015f g\u00fcc\u00fc sunar. Klasik tasar\u0131m, se\u00e7kin bir g\u00f6r\u00fcn\u00fcm i\u00e7in cilal\u0131 ve ince dokulu kahverengi deriyi harmanlayan zevkli p\u00fcsk\u00fcller ve uyumlu iki tonlu kaplama ile zenginle\u015ftirilmi\u015ftir. Bu detaylar ayakkab\u0131m\u0131z\u0131n kendine \u00f6zg\u00fc cazibesine katk\u0131da bulunur. <strong>Erkek Kahverengi Deri P\u00fcsk\u00fcll\u00fc Loafer<\/strong>, Bu da onlar\u0131 s\u0131radan ayakkab\u0131lardan ay\u0131r\u0131yor.<\/p>\n<h3>Yeni P\u00fcsk\u00fcll\u00fc Loafer'lar\u0131n\u0131zla Her Duruma Uygun \u00c7ok Y\u00f6nl\u00fcl\u00fck<\/h3>\n<p>Bu klasik kahverengi mokasen ayakkab\u0131lar inan\u0131lmaz derecede \u00e7ok y\u00f6nl\u00fcd\u00fcr, bu da onlar\u0131 her se\u00e7ici erkek i\u00e7in temel bir elyaf haline getirir. Keskin ve profesyonel bir g\u00f6r\u00fcn\u00fcm i\u00e7in \u00f6zel dikim tak\u0131m elbiselerle e\u015fle\u015ftirin ya da smart-casual bir \u015f\u0131kl\u0131k i\u00e7in chino pantolon ve blazer ceketle kombinleyin. Zengin kahverengi tonu, mevcut gard\u0131robunuzdaki \u00e7ok \u00e7e\u015fitli renk ve stilleri kolayca tamamlayarak s\u0131cakl\u0131k ve sofistike bir g\u00f6r\u00fcn\u00fcm katar. 40-44 Avrupa bedenlerinde mevcut olan bu mokasen ayakkab\u0131lar, geni\u015f bir m\u00fc\u015fteri kitlesi i\u00e7in m\u00fckemmel bir uyum sunar. Birinci s\u0131n\u0131f ayakkab\u0131lar sunmak isteyen perakendeciler ve i\u015fletmeler i\u00e7in bu zarif p\u00fcsk\u00fcll\u00fc mokasen ayakkab\u0131lar, minimum 16 \u00e7ift sipari\u015fle toptan sat\u0131n al\u0131nabilir. Ola\u011fan\u00fcst\u00fc \u00fcr\u00fcnlerimizle kaliteye, konfora ve zamans\u0131z stile yat\u0131r\u0131m yap\u0131n <strong>Erkek Kahverengi Deri P\u00fcsk\u00fcll\u00fc Loafer<\/strong>.<\/p>","protected":false},"excerpt":{"rendered":"<ul>\n<li>L\u00fcks bir his i\u00e7in birinci s\u0131n\u0131f dana derisi saya<\/li>\n<li>Yumu\u015fak, nefes alabilen ke\u00e7i derisi astar g\u00fcn boyu konfor sa\u011flar<\/li>\n<li>\u00dcst\u00fcn \u00e7eki\u015f g\u00fcc\u00fc ve dayan\u0131kl\u0131l\u0131k i\u00e7in hafif ve esnek EVA taban<\/li>\n<li>Zarif p\u00fcsk\u00fcl tasar\u0131m\u0131 klasik sofistike bir dokunu\u015f katar<\/li>\n<li>40, 41, 42, 43, 44 Avrupa bedenlerinde mevcuttur<\/li>\n<li>Toptan sat\u0131\u015f talepleri kabul edilir: Minimum sipari\u015f miktar\u0131 16 \u00e7ift<\/li>\n<\/ul>","protected":false},"featured_media":6989,"template":"","meta":{"_acf_changed":false,"_uag_custom_page_level_css":"","site-sidebar-layout":"default","site-content-layout":"","ast-site-content-layout":"default","site-content-style":"default","site-sidebar-style":"default","ast-global-header-display":"","ast-banner-title-visibility":"","ast-main-header-display":"","ast-hfb-above-header-display":"","ast-hfb-below-header-display":"","ast-hfb-mobile-header-display":"","site-post-title":"","ast-breadcrumbs-content":"","ast-featured-img":"","footer-sml-layout":"","ast-disable-related-posts":"","theme-transparent-header-meta":"","adv-header-id-meta":"","stick-header-meta":"","header-above-stick-meta":"","header-main-stick-meta":"","header-below-stick-meta":"","astra-migrate-meta-layouts":"default","ast-page-background-enabled":"default","ast-page-background-meta":{"desktop":{"background-color":"var(--ast-global-color-4)","background-image":"","background-repeat":"repeat","background-position":"center center","background-size":"auto","background-attachment":"scroll","background-type":"","background-media":"","overlay-type":"","overlay-color":"","overlay-opacity":"","overlay-gradient":""},"tablet":{"background-color":"","background-image":"","background-repeat":"repeat","background-position":"center center","background-size":"auto","background-attachment":"scroll","background-type":"","background-media":"","overlay-type":"","overlay-color":"","overlay-opacity":"","overlay-gradient":""},"mobile":{"background-color":"","background-image":"","background-repeat":"repeat","background-position":"center center","background-size":"auto","background-attachment":"scroll","background-type":"","background-media":"","overlay-type":"","overlay-color":"","overlay-opacity":"","overlay-gradient":""}},"ast-content-background-meta":{"desktop":{"background-color":"var(--ast-global-color-5)","background-image":"","background-repeat":"repeat","background-position":"center center","background-size":"auto","background-attachment":"scroll","background-type":"","background-media":"","overlay-type":"","overlay-color":"","overlay-opacity":"","overlay-gradient":""},"tablet":{"background-color":"var(--ast-global-color-5)","background-image":"","background-repeat":"repeat","background-position":"center center","background-size":"auto","background-attachment":"scroll","background-type":"","background-media":"","overlay-type":"","overlay-color":"","overlay-opacity":"","overlay-gradient":""},"mobile":{"background-color":"var(--ast-global-color-5)","background-image":"","background-repeat":"repeat","background-position":"center center","background-size":"auto","background-attachment":"scroll","background-type":"","background-media":"","overlay-type":"","overlay-color":"","overlay-opacity":"","overlay-gradient":""}}},"product_brand":[],"product_cat":[47,430,1200],"product_tag":[147,185,754,220,737,287,189,1404,186,456],"class_list":{"0":"post-8117","1":"product","2":"type-product","3":"status-publish","4":"has-post-thumbnail","6":"product_cat-classic","7":"product_cat-men","8":"product_cat-mens-shoes-2","9":"product_tag-brown-loafers","10":"product_tag-calf-leather-shoes","11":"product_tag-classic-mens-shoes","12":"product_tag-comfortable-loafers","13":"product_tag-dress-loafers","14":"product_tag-eva-sole-shoes","15":"product_tag-goat-leather-lining","16":"product_tag-leather-tassel-loafers","17":"product_tag-mens-loafers","18":"product_tag-wholesale-loafers","19":"desktop-align-center","20":"tablet-align-center","21":"mobile-align-center","23":"first","24":"instock","25":"shipping-taxable","26":"purchasable","27":"product-type-variable","28":"has-default-attributes"},"acf":[],"uagb_featured_image_src":{"full":["https:\/\/turkishtrade.co\/wp-content\/uploads\/2026\/01\/2600NZTMN00019-BROWN.png",453,250,false],"thumbnail":["https:\/\/turkishtrade.co\/wp-content\/uploads\/2026\/01\/2600NZTMN00019-BROWN-150x150.png",150,150,true],"medium":["https:\/\/turkishtrade.co\/wp-content\/uploads\/2026\/01\/2600NZTMN00019-BROWN-300x166.png",300,166,true],"medium_large":["https:\/\/turkishtrade.co\/wp-content\/uploads\/2026\/01\/2600NZTMN00019-BROWN.png",453,250,false],"large":["https:\/\/turkishtrade.co\/wp-content\/uploads\/2026\/01\/2600NZTMN00019-BROWN.png",453,250,false],"1536x1536":["https:\/\/turkishtrade.co\/wp-content\/uploads\/2026\/01\/2600NZTMN00019-BROWN.png",453,250,false],"2048x2048":["https:\/\/turkishtrade.co\/wp-content\/uploads\/2026\/01\/2600NZTMN00019-BROWN.png",453,250,false],"trp-custom-language-flag":["https:\/\/turkishtrade.co\/wp-content\/uploads\/2026\/01\/2600NZTMN00019-BROWN-18x10.png",18,10,true],"woocommerce_thumbnail":["https:\/\/turkishtrade.co\/wp-content\/uploads\/2026\/01\/2600NZTMN00019-BROWN-400x250.png",400,250,true],"woocommerce_single":["https:\/\/turkishtrade.co\/wp-content\/uploads\/2026\/01\/2600NZTMN00019-BROWN.png",453,250,false],"woocommerce_gallery_thumbnail":["https:\/\/turkishtrade.co\/wp-content\/uploads\/2026\/01\/2600NZTMN00019-BROWN-100x100.png",100,100,true]},"uagb_author_info":{"display_name":"python python","author_link":"https:\/\/turkishtrade.co\/tr\/author\/"},"uagb_comment_info":0,"uagb_excerpt":"Premium calf leather upper for a luxurious feel Soft, breathable goat leather lining ensures all-day comfort Lightweight and flexible EVA sole for superior traction and durability Elegant tassel design adds a touch of classic sophistication Available in European sizes 40, 41, 42, 43, 44 Wholesale inquiries welcome: Minimum order quantity of 16 pairs","_links":{"self":[{"href":"https:\/\/turkishtrade.co\/tr\/wp-json\/wp\/v2\/product\/8117","targetHints":{"allow":["GET"]}}],"collection":[{"href":"https:\/\/turkishtrade.co\/tr\/wp-json\/wp\/v2\/product"}],"about":[{"href":"https:\/\/turkishtrade.co\/tr\/wp-json\/wp\/v2\/types\/product"}],"wp:featuredmedia":[{"embeddable":true,"href":"https:\/\/turkishtrade.co\/tr\/wp-json\/wp\/v2\/media\/6989"}],"wp:attachment":[{"href":"https:\/\/turkishtrade.co\/tr\/wp-json\/wp\/v2\/media?parent=8117"}],"wp:term":[{"taxonomy":"product_brand","embeddable":true,"href":"https:\/\/turkishtrade.co\/tr\/wp-json\/wp\/v2\/product_brand?post=8117"},{"taxonomy":"product_cat","embeddable":true,"href":"https:\/\/turkishtrade.co\/tr\/wp-json\/wp\/v2\/product_cat?post=8117"},{"taxonomy":"product_tag","embeddable":true,"href":"https:\/\/turkishtrade.co\/tr\/wp-json\/wp\/v2\/product_tag?post=8117"}],"curies":[{"name":"wp","href":"https:\/\/api.w.org\/{rel}","templated":true}]}}