{"id":8116,"date":"2026-01-29T14:47:41","date_gmt":"2026-01-29T14:47:41","guid":{"rendered":"https:\/\/turkishtrade.co\/?post_type=product&#038;p=8116"},"modified":"2026-04-09T20:35:38","modified_gmt":"2026-04-09T20:35:38","slug":"mens-classic-calf-leather-loafers-2","status":"publish","type":"product","link":"https:\/\/turkishtrade.co\/tr\/shop\/mens-classic-calf-leather-loafers-2\/","title":{"rendered":"Erkek Klasik Dana Derisi Loafer L\u00fcks | Erkek Klasik Taba Dana Derisi"},"content":{"rendered":"<p><strong>Erkek Klasik Dana Derisi Loafer<\/strong>. L\u00fcks kalite ve tasar\u0131m.<\/p>\n<p>Enfes tasar\u0131m\u0131m\u0131zla benzersiz bir sofistike ve konforlu ortama ad\u0131m at\u0131n <b>Erkek Klasik Dana Derisi Loafer<\/b>. Zamans\u0131z stili ve \u00fcst\u00fcn i\u015f\u00e7ili\u011fi takdir eden modern beyefendiler i\u00e7in tasarlanan bu taba rengi penny loafer'lar, se\u00e7kin gard\u0131roplar i\u00e7in m\u00fckemmel bir eklentidir. En iyi dana derisinden \u00fcretilen bu ayakkab\u0131lar, l\u00fcks bir his ve sadece ya\u015fland\u0131k\u00e7a geli\u015fen bir g\u00f6r\u00fcn\u00fcm sunarak gitti\u011finiz her yerde fark yaratman\u0131z\u0131 sa\u011flar. Geleneksel \u015f\u0131kl\u0131\u011f\u0131 \u00e7a\u011fda\u015f konforla kusursuz bir \u015fekilde harmanlayan bu mokasen ayakkab\u0131lar, \u00e7e\u015fitli durumlar i\u00e7in m\u00fckemmeldir.<\/p>\n<h3>Rakipsiz Konfor ve Birinci S\u0131n\u0131f Malzemeler<\/h3>\n<p>Bu ayakkab\u0131lar\u0131n \u00f6zenli yap\u0131s\u0131 sayesinde g\u00fcn boyu konforu ya\u015fay\u0131n <b>Erkek Klasik Dana Derisi Loafer<\/b>. \u00dcst k\u0131s\u0131m, ola\u011fan\u00fcst\u00fc dayan\u0131kl\u0131l\u0131\u011f\u0131, zarif dokusu ve zaman i\u00e7inde zengin patina geli\u015fimi ile bilinen y\u00fcksek kaliteli, esnek dana derisinden \u00fcretilmi\u015ftir. \u0130\u00e7 k\u0131s\u0131mda, ayaklar\u0131n\u0131z nemi do\u011fal olarak uzakla\u015ft\u0131ran ve pel\u00fc\u015f, l\u00fcks bir i\u00e7 his sa\u011flayan yumu\u015fak ve nefes alabilen ke\u00e7i derisi astarla sar\u0131l\u0131r. Birinci s\u0131n\u0131f malzemelerin bu \u00f6zenli kombinasyonu, ilk giyimden itibaren rahat, eldiven benzeri bir uyum sa\u011flar ve bu ayakkab\u0131lar\u0131, stilden \u00f6d\u00fcn vermeden rahatl\u0131\u011f\u0131n \u00e7ok \u00f6nemli oldu\u011fu uzun g\u00fcnler veya uzun s\u00fcreli sosyal etkinlikler i\u00e7in ideal k\u0131lar.<\/p>\n<h3>Ola\u011fan\u00fcst\u00fc Dayan\u0131kl\u0131l\u0131\u011fa Sahip Hafif Tasar\u0131m<\/h3>\n<p>Bu ola\u011fan\u00fcst\u00fc mokasen ayakkab\u0131lar\u0131n temeli, yenilik\u00e7i EVA taban\u0131nda yatmaktad\u0131r. Geleneksel a\u011f\u0131r tabanlardan farkl\u0131 olarak, EVA malzeme ola\u011fan\u00fcst\u00fc hafiflik ve esneklik sunarak do\u011fal harekete olanak tan\u0131r ve ayak yorgunlu\u011funu \u00f6nemli \u00f6l\u00e7\u00fcde azalt\u0131r. Hafifli\u011fine ra\u011fmen EVA taban son derece dayan\u0131kl\u0131d\u0131r ve m\u00fckemmel \u015fok emilimi sa\u011flayarak \u00e7e\u015fitli y\u00fczeylerde rahat bir y\u00fcr\u00fcy\u00fc\u015f sa\u011flar. Tabandaki ince, kaymaz s\u0131rt deseni g\u00fcvenilir tutu\u015f sa\u011flar ve g\u00fcvenli\u011fi \u015f\u0131k, abart\u0131s\u0131z bir tasar\u0131mla birle\u015ftirir. \u0130ster \u015fehrin kalabal\u0131k caddelerinde geziniyor, ister ofise gidip geliyor ya da hafta sonu dinleniyor olun, bu mokasen ayakkab\u0131lar zahmetsiz bir stil i\u00e7in destek, dayan\u0131kl\u0131l\u0131k ve \u00f6zg\u00fcrl\u00fc\u011f\u00fcn m\u00fckemmel kar\u0131\u015f\u0131m\u0131n\u0131 sunar.<\/p>\n<h3>Her Durum i\u00e7in \u00c7ok Y\u00f6nl\u00fc Stil<\/h3>\n<p>Bizim <b>Erkek Klasik Dana Derisi Loafer<\/b> ger\u00e7ek \u00e7ok y\u00f6nl\u00fcl\u00fc\u011f\u00fc temsil eder. Zamans\u0131z taba rengi ve ikonik penny loafer sil\u00fceti, bu ayakkab\u0131lar\u0131 resmi ortamlardan g\u00fcndelik ortamlara zahmetsizce ge\u00e7i\u015f yaparak \u00e7ok \u00e7e\u015fitli durumlar i\u00e7in uygun hale getirir. Zarif bir i\u015f-g\u00fcndelik g\u00f6r\u00fcn\u00fcm\u00fc i\u00e7in \u00f6zel dikim pantolon ve net bir g\u00f6mlekle e\u015fle\u015ftirin, daha az resmi ancak g\u00f6steri\u015fli bir topluluk i\u00e7in keskin bir tak\u0131m elbiseyi tamamlay\u0131n veya y\u00fcksek bir hafta sonu k\u0131yafeti i\u00e7in chino pantolon ve polo ile giydirin. Bu slip-on ayakkab\u0131lar sadece bir ayakkab\u0131 de\u011fil; kal\u0131c\u0131 stil ve kaliteli i\u015f\u00e7ili\u011fe yap\u0131lan bir yat\u0131r\u0131md\u0131r. 40-44 AB numaralar\u0131nda mevcut olan bu ayakkab\u0131lar, \u00fczerinize tam oturacak ve ki\u015fisel moda anlay\u0131\u015f\u0131n\u0131z\u0131 tamamlayacak \u015fekilde titizlikle tasarlanm\u0131\u015ft\u0131r. Ayakkab\u0131 koleksiyonunuzu, zaman\u0131n testine ger\u00e7ekten dayanan ve benzersiz bir \u015f\u0131kl\u0131k sunan bir \u00e7ift ile y\u00fckseltin.<\/p>","protected":false},"excerpt":{"rendered":"<ul>\n<li>\u00dcst Malzeme: Premium Dana Derisi<\/li>\n<li>Astar: \u00dcst\u00fcn konfor ve nefes alabilirlik i\u00e7in Yumu\u015fak Ke\u00e7i Derisi<\/li>\n<li>Taban: T\u00fcm g\u00fcn kullan\u0131m i\u00e7in hafif ve esnek EVA<\/li>\n<li>Zamans\u0131z \u00e7ekicilik i\u00e7in klasik penny loafer tasar\u0131m\u0131<\/li>\n<li>40, 41, 42, 43, 44 AB bedenlerinde mevcuttur<\/li>\n<li>Toptan sat\u0131\u015f talepleri kabul edilir (Minimum Sipari\u015f: 16 \u00c7ift)<\/li>\n<\/ul>","protected":false},"featured_media":7007,"template":"","meta":{"_acf_changed":false,"_uag_custom_page_level_css":"","site-sidebar-layout":"default","site-content-layout":"","ast-site-content-layout":"default","site-content-style":"default","site-sidebar-style":"default","ast-global-header-display":"","ast-banner-title-visibility":"","ast-main-header-display":"","ast-hfb-above-header-display":"","ast-hfb-below-header-display":"","ast-hfb-mobile-header-display":"","site-post-title":"","ast-breadcrumbs-content":"","ast-featured-img":"","footer-sml-layout":"","ast-disable-related-posts":"","theme-transparent-header-meta":"","adv-header-id-meta":"","stick-header-meta":"","header-above-stick-meta":"","header-main-stick-meta":"","header-below-stick-meta":"","astra-migrate-meta-layouts":"default","ast-page-background-enabled":"default","ast-page-background-meta":{"desktop":{"background-color":"var(--ast-global-color-4)","background-image":"","background-repeat":"repeat","background-position":"center center","background-size":"auto","background-attachment":"scroll","background-type":"","background-media":"","overlay-type":"","overlay-color":"","overlay-opacity":"","overlay-gradient":""},"tablet":{"background-color":"","background-image":"","background-repeat":"repeat","background-position":"center center","background-size":"auto","background-attachment":"scroll","background-type":"","background-media":"","overlay-type":"","overlay-color":"","overlay-opacity":"","overlay-gradient":""},"mobile":{"background-color":"","background-image":"","background-repeat":"repeat","background-position":"center center","background-size":"auto","background-attachment":"scroll","background-type":"","background-media":"","overlay-type":"","overlay-color":"","overlay-opacity":"","overlay-gradient":""}},"ast-content-background-meta":{"desktop":{"background-color":"var(--ast-global-color-5)","background-image":"","background-repeat":"repeat","background-position":"center center","background-size":"auto","background-attachment":"scroll","background-type":"","background-media":"","overlay-type":"","overlay-color":"","overlay-opacity":"","overlay-gradient":""},"tablet":{"background-color":"var(--ast-global-color-5)","background-image":"","background-repeat":"repeat","background-position":"center center","background-size":"auto","background-attachment":"scroll","background-type":"","background-media":"","overlay-type":"","overlay-color":"","overlay-opacity":"","overlay-gradient":""},"mobile":{"background-color":"var(--ast-global-color-5)","background-image":"","background-repeat":"repeat","background-position":"center center","background-size":"auto","background-attachment":"scroll","background-type":"","background-media":"","overlay-type":"","overlay-color":"","overlay-opacity":"","overlay-gradient":""}}},"product_brand":[],"product_cat":[48,47,430,1200],"product_tag":[185,457,220,287,189,746,324,186,279,1311],"class_list":{"0":"post-8116","1":"product","2":"type-product","3":"status-publish","4":"has-post-thumbnail","6":"product_cat-casual","7":"product_cat-classic","8":"product_cat-men","9":"product_cat-mens-shoes-2","10":"product_tag-calf-leather-shoes","11":"product_tag-classic-loafers","12":"product_tag-comfortable-loafers","13":"product_tag-eva-sole-shoes","14":"product_tag-goat-leather-lining","15":"product_tag-leather-slip-ons","16":"product_tag-mens-dress-shoes","17":"product_tag-mens-loafers","18":"product_tag-penny-loafers","19":"product_tag-tan-leather-loafers","20":"desktop-align-center","21":"tablet-align-center","22":"mobile-align-center","24":"first","25":"instock","26":"shipping-taxable","27":"purchasable","28":"product-type-variable","29":"has-default-attributes"},"acf":[],"uagb_featured_image_src":{"full":["https:\/\/turkishtrade.co\/wp-content\/uploads\/2026\/01\/2600NZTMN00018-BEIGE.png",453,250,false],"thumbnail":["https:\/\/turkishtrade.co\/wp-content\/uploads\/2026\/01\/2600NZTMN00018-BEIGE-150x150.png",150,150,true],"medium":["https:\/\/turkishtrade.co\/wp-content\/uploads\/2026\/01\/2600NZTMN00018-BEIGE-300x166.png",300,166,true],"medium_large":["https:\/\/turkishtrade.co\/wp-content\/uploads\/2026\/01\/2600NZTMN00018-BEIGE.png",453,250,false],"large":["https:\/\/turkishtrade.co\/wp-content\/uploads\/2026\/01\/2600NZTMN00018-BEIGE.png",453,250,false],"1536x1536":["https:\/\/turkishtrade.co\/wp-content\/uploads\/2026\/01\/2600NZTMN00018-BEIGE.png",453,250,false],"2048x2048":["https:\/\/turkishtrade.co\/wp-content\/uploads\/2026\/01\/2600NZTMN00018-BEIGE.png",453,250,false],"trp-custom-language-flag":["https:\/\/turkishtrade.co\/wp-content\/uploads\/2026\/01\/2600NZTMN00018-BEIGE-18x10.png",18,10,true],"woocommerce_thumbnail":["https:\/\/turkishtrade.co\/wp-content\/uploads\/2026\/01\/2600NZTMN00018-BEIGE-400x250.png",400,250,true],"woocommerce_single":["https:\/\/turkishtrade.co\/wp-content\/uploads\/2026\/01\/2600NZTMN00018-BEIGE.png",453,250,false],"woocommerce_gallery_thumbnail":["https:\/\/turkishtrade.co\/wp-content\/uploads\/2026\/01\/2600NZTMN00018-BEIGE-100x100.png",100,100,true]},"uagb_author_info":{"display_name":"python python","author_link":"https:\/\/turkishtrade.co\/tr\/author\/"},"uagb_comment_info":0,"uagb_excerpt":"Upper Material: Premium Calf Leather Lining: Soft Goat Leather for ultimate comfort and breathability Sole: Lightweight and Flexible EVA for all-day wear Classic penny loafer design for timeless appeal Available in EU sizes 40, 41, 42, 43, 44 Wholesale inquiries welcome (Minimum Order: 16 Pairs)","_links":{"self":[{"href":"https:\/\/turkishtrade.co\/tr\/wp-json\/wp\/v2\/product\/8116","targetHints":{"allow":["GET"]}}],"collection":[{"href":"https:\/\/turkishtrade.co\/tr\/wp-json\/wp\/v2\/product"}],"about":[{"href":"https:\/\/turkishtrade.co\/tr\/wp-json\/wp\/v2\/types\/product"}],"wp:featuredmedia":[{"embeddable":true,"href":"https:\/\/turkishtrade.co\/tr\/wp-json\/wp\/v2\/media\/7007"}],"wp:attachment":[{"href":"https:\/\/turkishtrade.co\/tr\/wp-json\/wp\/v2\/media?parent=8116"}],"wp:term":[{"taxonomy":"product_brand","embeddable":true,"href":"https:\/\/turkishtrade.co\/tr\/wp-json\/wp\/v2\/product_brand?post=8116"},{"taxonomy":"product_cat","embeddable":true,"href":"https:\/\/turkishtrade.co\/tr\/wp-json\/wp\/v2\/product_cat?post=8116"},{"taxonomy":"product_tag","embeddable":true,"href":"https:\/\/turkishtrade.co\/tr\/wp-json\/wp\/v2\/product_tag?post=8116"}],"curies":[{"name":"wp","href":"https:\/\/api.w.org\/{rel}","templated":true}]}}