{"id":8115,"date":"2026-01-29T14:47:41","date_gmt":"2026-01-29T14:47:41","guid":{"rendered":"https:\/\/turkishtrade.co\/?post_type=product&#038;p=8115"},"modified":"2026-04-09T20:35:48","modified_gmt":"2026-04-09T20:35:48","slug":"mens-classic-brown-leather-shoes-2","status":"publish","type":"product","link":"https:\/\/turkishtrade.co\/tr\/shop\/mens-classic-brown-leather-shoes-2\/","title":{"rendered":"Erkek Klasik Kahverengi Deri Ayakkab\u0131 Authentic | Erkek Klasik Kahverengi Deri Derby"},"content":{"rendered":"<p>Enfes tasar\u0131m\u0131m\u0131zla zamans\u0131z \u015f\u0131kl\u0131\u011fa ad\u0131m at\u0131n <strong>Erkek Klasik Kahverengi Deri Ayakkab\u0131<\/strong>. Hem sofistike hem de benzersiz bir konfor sunmak i\u00e7in titizlikle \u00fcretilen bu ayakkab\u0131lar, her se\u00e7kin beyefendinin gard\u0131robuna vazge\u00e7ilmez bir ektir. Kalite ve stile de\u011fer veren modern erkekler i\u00e7in tasarlanan bu <strong>erkek klasik kahverengi deri ayakkab\u0131<\/strong> Toplant\u0131 odas\u0131ndan ak\u015fam etkinliklerine sorunsuz bir \u015fekilde ge\u00e7i\u015f yaparak her zaman se\u00e7kin bir izlenim b\u0131rakman\u0131z\u0131 sa\u011flar.<\/p>\n<h3>E\u015fsiz Konfor ve Kalite<\/h3>\n<p>Bu birinci s\u0131n\u0131f \u00fcr\u00fcnlerin \u00fcst\u00fcn i\u015f\u00e7ili\u011fini deneyimleyin <strong>erkek klasik kahverengi deri ayakkab\u0131<\/strong>. \u00dcst k\u0131s\u0131m, dayan\u0131kl\u0131l\u0131\u011f\u0131, p\u00fcr\u00fczs\u00fcz dokusu ve zarif y\u00fczeyiyle tan\u0131nan y\u00fcksek kaliteli dana derisinden \u00fcretilmi\u015ftir. \u0130\u00e7 k\u0131s\u0131mda, ayaklar\u0131n\u0131z ola\u011fan\u00fcst\u00fc nefes alabilirlik ve cilde kar\u015f\u0131 yumu\u015fak, rahat bir his sa\u011flayan l\u00fcks ke\u00e7i derisi astarla sar\u0131l\u0131r. Sentetik alternatiflerin aksine, ke\u00e7i derisi astar\u0131m\u0131z zaman i\u00e7inde aya\u011f\u0131n\u0131za uyum sa\u011flayarak ki\u015fiselle\u015ftirilmi\u015f bir uyum yarat\u0131r. Bu ola\u011fan\u00fcst\u00fc ayakkab\u0131n\u0131n temeli <strong>erkek klasik kahverengi deri ayakkab\u0131<\/strong> hafif ama sa\u011flam bir EVA taband\u0131r. Bu geli\u015fmi\u015f taban malzemesi m\u00fckemmel esneklik ve \u00fcst\u00fcn \u015fok emilimi sunarak uzun s\u00fcreli kullan\u0131mlarda bile her ad\u0131m\u0131 zahmetsiz ve konforlu hale getirir.<\/p>\n<h3>Her Durum i\u00e7in \u00c7ok Y\u00f6nl\u00fc Stil<\/h3>\n<p>Bizim <strong>Erkek Klasik Kahverengi Deri Ayakkab\u0131<\/strong> \u00e7ok \u00e7e\u015fitli k\u0131yafetleri tamamlayan \u00e7ok y\u00f6nl\u00fc bir estetik sunan a\u00e7\u0131k ba\u011fc\u0131k sistemi ile karakterize edilen zamans\u0131z bir Derby tasar\u0131m\u0131na sahiptir. Zengin kahverengi tonu, s\u0131cakl\u0131k ve sofistike bir dokunu\u015f katarak bu ayakkab\u0131lar\u0131 inan\u0131lmaz derecede uyarlanabilir hale getirir. Profesyonel bir g\u00f6r\u00fcn\u00fcm i\u00e7in keskin bir i\u015f tak\u0131m\u0131yla e\u015fle\u015ftirin veya zarif bir smart-casual topluluk i\u00e7in chino pantolon ve ak\u0131ll\u0131 bir blazer ile giydirin. Bunlar <strong>erkek klasik kahverengi deri ayakkab\u0131<\/strong> i\u015f toplant\u0131lar\u0131, d\u00fc\u011f\u00fcnler, resmi toplant\u0131lar veya sadece g\u00fcnl\u00fck stilinizi y\u00fckseltmek i\u00e7in m\u00fckemmeldir. Klasik \u00e7ekicilikleri, y\u0131llarca koleksiyonunuzda temel bir par\u00e7a olarak kalmalar\u0131n\u0131 sa\u011flar.<\/p>\n<h3>Toptan Sat\u0131\u015f F\u0131rsatlar\u0131<\/h3>\n<p>Y\u00fcksek kaliteli ayakkab\u0131 arayan perakendeciler ve i\u015fletmeler i\u00e7in <strong>Erkek Klasik Kahverengi Deri Ayakkab\u0131<\/strong> toptan sat\u0131n al\u0131nabilir. Minimum 16 \u00e7ift sipari\u015f miktar\u0131yla cazip ko\u015fullar sunarak bu pop\u00fcler ve \u015f\u0131k ayakkab\u0131lar\u0131n stoklanmas\u0131n\u0131 kolayla\u015ft\u0131r\u0131yoruz. Kalite ve klasik tasar\u0131ma sars\u0131lmaz bir ba\u011fl\u0131l\u0131kla \u00fcretilen bu ayakkab\u0131lar m\u00fckemmel bir de\u011feri temsil eder ve geni\u015f bir m\u00fc\u015fteri taban\u0131na hitap eder. Bu kusursuz tasar\u0131ml\u0131 ayakkab\u0131larla envanterinizi geni\u015fletin <strong>erkek klasik kahverengi deri ayakkab\u0131<\/strong> ve m\u00fc\u015fterilerinize l\u00fcks, konfor ve kal\u0131c\u0131 stili bir araya getiren ayakkab\u0131lar sunun. Bu ola\u011fan\u00fcst\u00fc ayakkab\u0131lara y\u00f6nelik toptan sat\u0131\u015f gereksinimlerinizi g\u00f6r\u00fc\u015fmek i\u00e7in bug\u00fcn bize ula\u015f\u0131n <strong>erkek klasik kahverengi deri ayakkab\u0131<\/strong>.<\/p>","protected":false},"excerpt":{"rendered":"<ul>\n<li>L\u00fcks bir g\u00f6r\u00fcn\u00fcm ve his i\u00e7in birinci s\u0131n\u0131f dana derisi saya.<\/li>\n<li>Yumu\u015fak ve nefes alabilen ke\u00e7i derisi astar g\u00fcn boyu konfor sa\u011flar.<\/li>\n<li>Hafif ve esnek EVA taban \u00fcst\u00fcn \u015fok emilimi sa\u011flar.<\/li>\n<li>Klasik Derby tasar\u0131m\u0131, hem resmi hem de \u015f\u0131k g\u00fcndelik k\u0131yafetler i\u00e7in \u00e7ok y\u00f6nl\u00fcd\u00fcr.<\/li>\n<li>40, 41, 42, 43, 44 bedenleri mevcuttur.<\/li>\n<li>Toptan sipari\u015fler kabul edilir, minimum sipari\u015f miktar\u0131 16 \u00e7ifttir.<\/li>\n<\/ul>","protected":false},"featured_media":7006,"template":"","meta":{"_acf_changed":false,"_uag_custom_page_level_css":"","site-sidebar-layout":"default","site-content-layout":"","ast-site-content-layout":"default","site-content-style":"default","site-sidebar-style":"default","ast-global-header-display":"","ast-banner-title-visibility":"","ast-main-header-display":"","ast-hfb-above-header-display":"","ast-hfb-below-header-display":"","ast-hfb-mobile-header-display":"","site-post-title":"","ast-breadcrumbs-content":"","ast-featured-img":"","footer-sml-layout":"","ast-disable-related-posts":"","theme-transparent-header-meta":"","adv-header-id-meta":"","stick-header-meta":"","header-above-stick-meta":"","header-main-stick-meta":"","header-below-stick-meta":"","astra-migrate-meta-layouts":"default","ast-page-background-enabled":"default","ast-page-background-meta":{"desktop":{"background-color":"var(--ast-global-color-4)","background-image":"","background-repeat":"repeat","background-position":"center center","background-size":"auto","background-attachment":"scroll","background-type":"","background-media":"","overlay-type":"","overlay-color":"","overlay-opacity":"","overlay-gradient":""},"tablet":{"background-color":"","background-image":"","background-repeat":"repeat","background-position":"center center","background-size":"auto","background-attachment":"scroll","background-type":"","background-media":"","overlay-type":"","overlay-color":"","overlay-opacity":"","overlay-gradient":""},"mobile":{"background-color":"","background-image":"","background-repeat":"repeat","background-position":"center center","background-size":"auto","background-attachment":"scroll","background-type":"","background-media":"","overlay-type":"","overlay-color":"","overlay-opacity":"","overlay-gradient":""}},"ast-content-background-meta":{"desktop":{"background-color":"var(--ast-global-color-5)","background-image":"","background-repeat":"repeat","background-position":"center center","background-size":"auto","background-attachment":"scroll","background-type":"","background-media":"","overlay-type":"","overlay-color":"","overlay-opacity":"","overlay-gradient":""},"tablet":{"background-color":"var(--ast-global-color-5)","background-image":"","background-repeat":"repeat","background-position":"center center","background-size":"auto","background-attachment":"scroll","background-type":"","background-media":"","overlay-type":"","overlay-color":"","overlay-opacity":"","overlay-gradient":""},"mobile":{"background-color":"var(--ast-global-color-5)","background-image":"","background-repeat":"repeat","background-position":"center center","background-size":"auto","background-attachment":"scroll","background-type":"","background-media":"","overlay-type":"","overlay-color":"","overlay-opacity":"","overlay-gradient":""}}},"product_brand":[],"product_cat":[47,430,1200],"product_tag":[292,185,754,319,287,201,189,1365,324,281],"class_list":{"0":"post-8115","1":"product","2":"type-product","3":"status-publish","4":"has-post-thumbnail","6":"product_cat-classic","7":"product_cat-men","8":"product_cat-mens-shoes-2","9":"product_tag-brown-leather-shoes","10":"product_tag-calf-leather-shoes","11":"product_tag-classic-mens-shoes","12":"product_tag-comfortable-leather-shoes","13":"product_tag-eva-sole-shoes","14":"product_tag-formal-footwear","15":"product_tag-goat-leather-lining","16":"product_tag-mens-classic-brown-leather-shoes","17":"product_tag-mens-dress-shoes","18":"product_tag-wholesale-shoes","19":"desktop-align-center","20":"tablet-align-center","21":"mobile-align-center","23":"first","24":"instock","25":"shipping-taxable","26":"purchasable","27":"product-type-variable","28":"has-default-attributes"},"acf":[],"uagb_featured_image_src":{"full":["https:\/\/turkishtrade.co\/wp-content\/uploads\/2026\/01\/2600NZTMN00017-BROWN.png",453,250,false],"thumbnail":["https:\/\/turkishtrade.co\/wp-content\/uploads\/2026\/01\/2600NZTMN00017-BROWN-150x150.png",150,150,true],"medium":["https:\/\/turkishtrade.co\/wp-content\/uploads\/2026\/01\/2600NZTMN00017-BROWN-300x166.png",300,166,true],"medium_large":["https:\/\/turkishtrade.co\/wp-content\/uploads\/2026\/01\/2600NZTMN00017-BROWN.png",453,250,false],"large":["https:\/\/turkishtrade.co\/wp-content\/uploads\/2026\/01\/2600NZTMN00017-BROWN.png",453,250,false],"1536x1536":["https:\/\/turkishtrade.co\/wp-content\/uploads\/2026\/01\/2600NZTMN00017-BROWN.png",453,250,false],"2048x2048":["https:\/\/turkishtrade.co\/wp-content\/uploads\/2026\/01\/2600NZTMN00017-BROWN.png",453,250,false],"trp-custom-language-flag":["https:\/\/turkishtrade.co\/wp-content\/uploads\/2026\/01\/2600NZTMN00017-BROWN-18x10.png",18,10,true],"woocommerce_thumbnail":["https:\/\/turkishtrade.co\/wp-content\/uploads\/2026\/01\/2600NZTMN00017-BROWN-400x250.png",400,250,true],"woocommerce_single":["https:\/\/turkishtrade.co\/wp-content\/uploads\/2026\/01\/2600NZTMN00017-BROWN.png",453,250,false],"woocommerce_gallery_thumbnail":["https:\/\/turkishtrade.co\/wp-content\/uploads\/2026\/01\/2600NZTMN00017-BROWN-100x100.png",100,100,true]},"uagb_author_info":{"display_name":"python python","author_link":"https:\/\/turkishtrade.co\/tr\/author\/"},"uagb_comment_info":0,"uagb_excerpt":"Premium calf leather upper for a luxurious look and feel. Soft and breathable goat leather lining ensures all-day comfort. Lightweight and flexible EVA sole provides superior shock absorption. Classic Derby design, versatile for both formal and smart-casual attire. Available in sizes 40, 41, 42, 43, 44. Wholesale orders are welcome, with a minimum order quantity&hellip;","_links":{"self":[{"href":"https:\/\/turkishtrade.co\/tr\/wp-json\/wp\/v2\/product\/8115","targetHints":{"allow":["GET"]}}],"collection":[{"href":"https:\/\/turkishtrade.co\/tr\/wp-json\/wp\/v2\/product"}],"about":[{"href":"https:\/\/turkishtrade.co\/tr\/wp-json\/wp\/v2\/types\/product"}],"wp:featuredmedia":[{"embeddable":true,"href":"https:\/\/turkishtrade.co\/tr\/wp-json\/wp\/v2\/media\/7006"}],"wp:attachment":[{"href":"https:\/\/turkishtrade.co\/tr\/wp-json\/wp\/v2\/media?parent=8115"}],"wp:term":[{"taxonomy":"product_brand","embeddable":true,"href":"https:\/\/turkishtrade.co\/tr\/wp-json\/wp\/v2\/product_brand?post=8115"},{"taxonomy":"product_cat","embeddable":true,"href":"https:\/\/turkishtrade.co\/tr\/wp-json\/wp\/v2\/product_cat?post=8115"},{"taxonomy":"product_tag","embeddable":true,"href":"https:\/\/turkishtrade.co\/tr\/wp-json\/wp\/v2\/product_tag?post=8115"}],"curies":[{"name":"wp","href":"https:\/\/api.w.org\/{rel}","templated":true}]}}