{"id":8113,"date":"2026-01-29T14:47:41","date_gmt":"2026-01-29T14:47:41","guid":{"rendered":"https:\/\/turkishtrade.co\/?post_type=product&#038;p=8113"},"modified":"2026-04-09T20:35:53","modified_gmt":"2026-04-09T20:35:53","slug":"navy-leather-brogue-oxfords","status":"publish","type":"product","link":"https:\/\/turkishtrade.co\/tr\/shop\/navy-leather-brogue-oxfords\/","title":{"rendered":"Lacivert Deri Brogue Oxfords Incredible | Erkek Klasik Lacivert Dana Derisi"},"content":{"rendered":"<p>Zarif tasar\u0131m\u0131m\u0131zla sofistike bir stile ad\u0131m at\u0131n <strong>Lacivert Deri Brogue Oxfords<\/strong>. Zamans\u0131z \u015f\u0131kl\u0131\u011f\u0131 ve benzersiz konforu takdir eden modern beyefendiler i\u00e7in tasarlanan bu ayakkab\u0131lar, \u00fcst\u00fcn i\u015f\u00e7ili\u011fin bir kan\u0131t\u0131d\u0131r. Zengin lacivert tonu, geleneksel tasar\u0131ma \u00e7a\u011fda\u015f bir dokunu\u015f katarak bu ayakkab\u0131lar\u0131 her se\u00e7kin gard\u0131rop i\u00e7in \u00e7ok y\u00f6nl\u00fc bir eklenti haline getiriyor. \u0130ster \u00f6nemli bir i\u015f toplant\u0131s\u0131na, ister resmi bir etkinli\u011fe kat\u0131l\u0131yor olun, ister g\u00fcnl\u00fck \u015f\u0131k k\u0131yafetlerinizi \u00f6ne \u00e7\u0131kar\u0131n, bu klasik lacivert brogue Oxfords her ad\u0131mda fark yaratman\u0131z\u0131 sa\u011flar.<\/p>\n<h3>E\u015fsiz Kalite ve \u0130\u015f\u00e7ilik<\/h3>\n<p>Bu birinci s\u0131n\u0131f erkek ayakkab\u0131lar\u0131n\u0131n her bir \u00e7ifti yaln\u0131zca en iyi malzemeler kullan\u0131larak titizlikle \u00fcretilmi\u015ftir. \u00dcst k\u0131s\u0131m, ola\u011fan\u00fcst\u00fc dayan\u0131kl\u0131l\u0131\u011f\u0131, l\u00fcks hissi ve zamanla benzersiz bir patine geli\u015ftirerek g\u00fczel bir \u015fekilde ya\u015flanma yetene\u011fi ile bilinen esnek dana derisinden yap\u0131lm\u0131\u015ft\u0131r. \u0130\u00e7 k\u0131s\u0131mda, ayaklar\u0131n\u0131z yumu\u015fak ve nefes alabilen ke\u00e7i derisi astarla sar\u0131l\u0131r ve uzun s\u00fcreli kullan\u0131mlarda bile g\u00fcn boyunca maksimum konfor sa\u011flar. Bu do\u011fal astar nemi uzakla\u015ft\u0131rarak ayaklar\u0131n\u0131z\u0131n kuru ve ferah kalmas\u0131n\u0131 sa\u011flar. Bu ola\u011fan\u00fcst\u00fc ayakkab\u0131lar\u0131n temelini olu\u015fturan hafif ama sa\u011flam EVA taban, ayakkab\u0131n\u0131n \u015f\u0131k profilinden \u00f6d\u00fcn vermeden \u00fcst\u00fcn yast\u0131klama ve m\u00fckemmel tutu\u015f sa\u011flar. Bu malzeme kombinasyonu sadece \u015f\u0131k bir g\u00f6r\u00fcn\u00fcm de\u011fil, ayn\u0131 zamanda uzun s\u00fcreli konfor ve performans\u0131 da garanti ederek bu ayakkab\u0131lar\u0131 ideal hale getirir. <strong>Lacivert Deri Brogue Oxfords<\/strong> her durum i\u00e7in.<\/p>\n<h3>Zarif Tasar\u0131m ve \u00c7ok Y\u00f6nl\u00fcl\u00fck<\/h3>\n<p>Bu erkek klasik Oxfords'un burun kapa\u011f\u0131ndaki se\u00e7kin brogue detaylar, ince ayakkab\u0131c\u0131l\u0131k miras\u0131n\u0131 yans\u0131tarak sofistike bir dokunu\u015f katar. Oxford ayakkab\u0131lar\u0131n karakteristik \u00f6zelli\u011fi olan kapal\u0131 ba\u011fc\u0131k sistemi, \u015f\u0131k ve resmi sil\u00fcetine katk\u0131da bulunarak bu ayakkab\u0131lar\u0131 \u00e7e\u015fitli resmi ve yar\u0131 resmi durumlar i\u00e7in ideal bir se\u00e7im haline getirir. Koyu lacivert rengi, geleneksel siyah veya kahverengiye ferahlat\u0131c\u0131 bir alternatif sunarak gri, k\u00f6m\u00fcr rengi ve hatta daha a\u00e7\u0131k mavilerdeki tak\u0131m elbiselerin yan\u0131 s\u0131ra \u015f\u0131k pantolonlar ve chino pantolonlar ile g\u00f6steri\u015fli bir g\u00fcndelik g\u00f6r\u00fcn\u00fcm i\u00e7in zahmetsizce e\u015fle\u015fir. Derideki ince dokusal varyasyon, g\u00f6rsel \u00e7ekicili\u011fi daha da art\u0131rarak bu ayakkab\u0131lar\u0131 ger\u00e7ekten benzersiz k\u0131l\u0131yor.<\/p>\n<h3>T\u00fcm G\u00fcn S\u00fcren Konfor<\/h3>\n<p>Sabahtan ak\u015fama kadar ger\u00e7ek konforu ya\u015fay\u0131n. Ergonomik tasar\u0131m, esnek EVA taban ve yumu\u015fak ke\u00e7i derisi astar ile birle\u015ferek aya\u011f\u0131n\u0131za uyum sa\u011flayan rahat bir uyum sa\u011flar. Yorgun ayaklara elveda deyin; bu ayakkab\u0131lar her ad\u0131mda destek ve kolayl\u0131k sa\u011flamak i\u00e7in \u00fcretilmi\u015ftir. Birinci s\u0131n\u0131f ayakkab\u0131lar\u0131m\u0131za yat\u0131r\u0131m yapmak, y\u0131llarca s\u00fcrecek kalite, stil ve konfora yat\u0131r\u0131m yapmak anlam\u0131na gelir.<\/p>\n<h3>Toptan Sat\u0131\u015f F\u0131rsatlar\u0131<\/h3>\n<p>Birinci s\u0131n\u0131f ayakkab\u0131lar sunmak isteyen perakendeciler ve i\u015fletmeler i\u00e7in bu zarif <strong>Lacivert Deri Brogue Oxfords<\/strong> toptan sat\u0131n al\u0131nabilir. Envanterinizi y\u00fcksek kaliteli, talep g\u00f6ren ayakkab\u0131larla doldurabilmenizi sa\u011flamak i\u00e7in minimum 16 \u00e7ift sipari\u015f istiyoruz. M\u00fc\u015fterilerinize piyasada ger\u00e7ekten \u00f6ne \u00e7\u0131kan klasik stil ve modern konforun bir kar\u0131\u015f\u0131m\u0131n\u0131 sunun.<\/p>","protected":false},"excerpt":{"rendered":"<ul>\n<li>\u00dcst\u00fcn dayan\u0131kl\u0131l\u0131k ve stil i\u00e7in \u00e7arp\u0131c\u0131 lacivert renkte birinci s\u0131n\u0131f dana derisi saya<\/li>\n<li>\u00dcst\u00fcn konfor ve ferahl\u0131k i\u00e7in yumu\u015fak ve nefes alabilen ke\u00e7i derisi astar<\/li>\n<li>Hafif ve esnek EVA taban, bu klasik brogue Oxfords i\u00e7in m\u00fckemmel tutu\u015f sa\u011flar<\/li>\n<li>Zamans\u0131z Oxford ayakkab\u0131lar\u0131n ay\u0131rt edici \u00f6zelli\u011fi olan burun k\u0131sm\u0131nda zarif brogue detaylar<\/li>\n<li>40, 41, 42, 43, 44 Avrupa bedenlerinde mevcuttur<\/li>\n<li>Toplu sipari\u015fler i\u00e7in toptan fiyatland\u0131rma mevcuttur (minimum 16 \u00e7ift)<\/li>\n<\/ul>","protected":false},"featured_media":7004,"template":"","meta":{"_acf_changed":false,"_uag_custom_page_level_css":"","site-sidebar-layout":"default","site-content-layout":"","ast-site-content-layout":"default","site-content-style":"default","site-sidebar-style":"default","ast-global-header-display":"","ast-banner-title-visibility":"","ast-main-header-display":"","ast-hfb-above-header-display":"","ast-hfb-below-header-display":"","ast-hfb-mobile-header-display":"","site-post-title":"","ast-breadcrumbs-content":"","ast-featured-img":"","footer-sml-layout":"","ast-disable-related-posts":"","theme-transparent-header-meta":"","adv-header-id-meta":"","stick-header-meta":"","header-above-stick-meta":"","header-main-stick-meta":"","header-below-stick-meta":"","astra-migrate-meta-layouts":"default","ast-page-background-enabled":"default","ast-page-background-meta":{"desktop":{"background-color":"var(--ast-global-color-4)","background-image":"","background-repeat":"repeat","background-position":"center center","background-size":"auto","background-attachment":"scroll","background-type":"","background-media":"","overlay-type":"","overlay-color":"","overlay-opacity":"","overlay-gradient":""},"tablet":{"background-color":"","background-image":"","background-repeat":"repeat","background-position":"center center","background-size":"auto","background-attachment":"scroll","background-type":"","background-media":"","overlay-type":"","overlay-color":"","overlay-opacity":"","overlay-gradient":""},"mobile":{"background-color":"","background-image":"","background-repeat":"repeat","background-position":"center center","background-size":"auto","background-attachment":"scroll","background-type":"","background-media":"","overlay-type":"","overlay-color":"","overlay-opacity":"","overlay-gradient":""}},"ast-content-background-meta":{"desktop":{"background-color":"var(--ast-global-color-5)","background-image":"","background-repeat":"repeat","background-position":"center center","background-size":"auto","background-attachment":"scroll","background-type":"","background-media":"","overlay-type":"","overlay-color":"","overlay-opacity":"","overlay-gradient":""},"tablet":{"background-color":"var(--ast-global-color-5)","background-image":"","background-repeat":"repeat","background-position":"center center","background-size":"auto","background-attachment":"scroll","background-type":"","background-media":"","overlay-type":"","overlay-color":"","overlay-opacity":"","overlay-gradient":""},"mobile":{"background-color":"var(--ast-global-color-5)","background-image":"","background-repeat":"repeat","background-position":"center center","background-size":"auto","background-attachment":"scroll","background-type":"","background-media":"","overlay-type":"","overlay-color":"","overlay-opacity":"","overlay-gradient":""}}},"product_brand":[],"product_cat":[47,430,1200],"product_tag":[776,654,185,754,287,201,1364,535,549,1363],"class_list":{"0":"post-8113","1":"product","2":"type-product","3":"status-publish","4":"has-post-thumbnail","6":"product_cat-classic","7":"product_cat-men","8":"product_cat-mens-shoes-2","9":"product_tag-blue-oxfords","10":"product_tag-brogue-shoes","11":"product_tag-calf-leather-shoes","12":"product_tag-classic-mens-shoes","13":"product_tag-eva-sole-shoes","14":"product_tag-formal-footwear","15":"product_tag-lace-up-dress-shoes","16":"product_tag-leather-dress-shoes","17":"product_tag-mens-oxfords","18":"product_tag-navy-leather-brogue-oxfords","19":"desktop-align-center","20":"tablet-align-center","21":"mobile-align-center","23":"first","24":"instock","25":"shipping-taxable","26":"purchasable","27":"product-type-variable","28":"has-default-attributes"},"acf":[],"uagb_featured_image_src":{"full":["https:\/\/turkishtrade.co\/wp-content\/uploads\/2026\/01\/2600NZTMN00015-DARK-BLUE.png",453,250,false],"thumbnail":["https:\/\/turkishtrade.co\/wp-content\/uploads\/2026\/01\/2600NZTMN00015-DARK-BLUE-150x150.png",150,150,true],"medium":["https:\/\/turkishtrade.co\/wp-content\/uploads\/2026\/01\/2600NZTMN00015-DARK-BLUE-300x166.png",300,166,true],"medium_large":["https:\/\/turkishtrade.co\/wp-content\/uploads\/2026\/01\/2600NZTMN00015-DARK-BLUE.png",453,250,false],"large":["https:\/\/turkishtrade.co\/wp-content\/uploads\/2026\/01\/2600NZTMN00015-DARK-BLUE.png",453,250,false],"1536x1536":["https:\/\/turkishtrade.co\/wp-content\/uploads\/2026\/01\/2600NZTMN00015-DARK-BLUE.png",453,250,false],"2048x2048":["https:\/\/turkishtrade.co\/wp-content\/uploads\/2026\/01\/2600NZTMN00015-DARK-BLUE.png",453,250,false],"trp-custom-language-flag":["https:\/\/turkishtrade.co\/wp-content\/uploads\/2026\/01\/2600NZTMN00015-DARK-BLUE-18x10.png",18,10,true],"woocommerce_thumbnail":["https:\/\/turkishtrade.co\/wp-content\/uploads\/2026\/01\/2600NZTMN00015-DARK-BLUE-400x250.png",400,250,true],"woocommerce_single":["https:\/\/turkishtrade.co\/wp-content\/uploads\/2026\/01\/2600NZTMN00015-DARK-BLUE.png",453,250,false],"woocommerce_gallery_thumbnail":["https:\/\/turkishtrade.co\/wp-content\/uploads\/2026\/01\/2600NZTMN00015-DARK-BLUE-100x100.png",100,100,true]},"uagb_author_info":{"display_name":"python python","author_link":"https:\/\/turkishtrade.co\/tr\/author\/"},"uagb_comment_info":0,"uagb_excerpt":"Premium calf leather upper in a striking navy hue for exquisite durability and style Soft and breathable goat leather lining for superior comfort and freshness Lightweight and flexible EVA sole provides excellent traction for these classic brogue Oxfords Elegant brogue detailing on the toe, a hallmark of timeless Oxford shoes Available in European sizes 40,&hellip;","_links":{"self":[{"href":"https:\/\/turkishtrade.co\/tr\/wp-json\/wp\/v2\/product\/8113","targetHints":{"allow":["GET"]}}],"collection":[{"href":"https:\/\/turkishtrade.co\/tr\/wp-json\/wp\/v2\/product"}],"about":[{"href":"https:\/\/turkishtrade.co\/tr\/wp-json\/wp\/v2\/types\/product"}],"wp:featuredmedia":[{"embeddable":true,"href":"https:\/\/turkishtrade.co\/tr\/wp-json\/wp\/v2\/media\/7004"}],"wp:attachment":[{"href":"https:\/\/turkishtrade.co\/tr\/wp-json\/wp\/v2\/media?parent=8113"}],"wp:term":[{"taxonomy":"product_brand","embeddable":true,"href":"https:\/\/turkishtrade.co\/tr\/wp-json\/wp\/v2\/product_brand?post=8113"},{"taxonomy":"product_cat","embeddable":true,"href":"https:\/\/turkishtrade.co\/tr\/wp-json\/wp\/v2\/product_cat?post=8113"},{"taxonomy":"product_tag","embeddable":true,"href":"https:\/\/turkishtrade.co\/tr\/wp-json\/wp\/v2\/product_tag?post=8113"}],"curies":[{"name":"wp","href":"https:\/\/api.w.org\/{rel}","templated":true}]}}