{"id":8112,"date":"2026-01-29T14:47:41","date_gmt":"2026-01-29T14:47:41","guid":{"rendered":"https:\/\/turkishtrade.co\/?post_type=product&#038;p=8112"},"modified":"2026-04-09T20:35:56","modified_gmt":"2026-04-09T20:35:56","slug":"mens-classic-blue-leather-loafers","status":"publish","type":"product","link":"https:\/\/turkishtrade.co\/tr\/shop\/mens-classic-blue-leather-loafers\/","title":{"rendered":"Erkek Klasik Mavi Deri Loafer Elite | Erkek Klasik Mavi Dana Derisi"},"content":{"rendered":"<p><strong>Erkek Klasik Mavi Deri Loafer'lar<\/strong>. Elit kalite ve tasar\u0131m.<\/p>\n<p>Bu zarif ayakkab\u0131larla ayakkab\u0131 koleksiyonunuzu geli\u015ftirin <strong>Erkek Klasik Mavi Deri Loafer'lar<\/strong>, hem stile hem de \u00f6ze de\u011fer veren modern beyefendiler i\u00e7in tasarland\u0131. Geleneksel \u015f\u0131kl\u0131\u011f\u0131 \u00e7a\u011fda\u015f konforla m\u00fckemmel bir \u015fekilde harmanlayan bu mokasen ayakkab\u0131lar, \u00fcst\u00fcn i\u015f\u00e7ili\u011fin bir kan\u0131t\u0131d\u0131r. Sofistike mavi tonu, standart siyah veya kahverengiye \u00e7ok y\u00f6nl\u00fc bir alternatif sunarak her ortamda rafine bir g\u00fcvenle \u00f6ne \u00e7\u0131kman\u0131z\u0131 sa\u011flar. \u0130ster i\u015f toplant\u0131lar\u0131, ister sosyal etkinlikler ya da \u015f\u0131k g\u00fcndelik giyim i\u00e7in olsun, bu mokasen ayakkab\u0131lar etkilemek ve kal\u0131c\u0131 konfor sa\u011flamak i\u00e7in tasarlanm\u0131\u015ft\u0131r.<\/p>\n<h3>E\u015fsiz \u0130\u015f\u00e7ilik ve Birinci S\u0131n\u0131f Malzemeler<\/h3>\n<p>Bizim <strong>Erkek Klasik Mavi Deri Loafer'lar<\/strong> sadece en iyi malzemeler kullan\u0131larak titizlikle \u00fcretilmi\u015ftir. \u00dcst k\u0131s\u0131m, p\u00fcr\u00fczs\u00fcz dokusu, esnekli\u011fi ve zaman i\u00e7inde g\u00fczel bir patina geli\u015ftirme yetene\u011fi ile \u00fcnl\u00fc y\u00fcksek kaliteli dana derisinden (\u201cdana deri\u201d) \u00fcretilmi\u015ftir. \u0130\u00e7 k\u0131s\u0131mda, ayaklar\u0131n\u0131z, uzun s\u00fcreli kullan\u0131mdan sonra bile rahatl\u0131k sa\u011flayan ola\u011fan\u00fcst\u00fc nefes alabilirlik ve nem emme \u00f6zellikleri sunan ke\u00e7i derisi astar\u0131n (\u201ckeci astar\u201d) c\u00f6mert yumu\u015fakl\u0131\u011f\u0131yla sar\u0131lacakt\u0131r. Hafif ve esnek EVA taban m\u00fckemmel yast\u0131klama ve destek sa\u011flayarak her ad\u0131m\u0131 bir zevk haline getirir. Bu birinci s\u0131n\u0131f malzeme kombinasyonu, sadece \u015f\u0131k de\u011fil ayn\u0131 zamanda son derece dayan\u0131kl\u0131 ve rahat bir ayakkab\u0131y\u0131 garanti eder.<\/p>\n<h3>Sofistike Tasar\u0131m ve \u00c7ok Y\u00f6nl\u00fc Cazibe<\/h3>\n<p>Bunlar <strong>Erkek Klasik Mavi Deri Loafer'lar<\/strong> ince modern dokunu\u015flarla yeniden tasarlanan zamans\u0131z bir klasik silueti temsil eder. \u00c7arp\u0131c\u0131 mavi dana derisi, klasik cazibesinden \u00f6d\u00fcn vermeden bir doku unsuru ve g\u00f6rsel ilgi katan, vampirdeki ay\u0131rt edici delikli bir detayla tamamlanmaktad\u0131r. Slip-on tasar\u0131m\u0131 rahatl\u0131k ve \u015f\u0131k bir profil sunarak bu ayakkab\u0131lar\u0131 \u00e7e\u015fitli durumlar i\u00e7in ideal bir se\u00e7im haline getirir. Zarif bir i\u015f g\u00f6r\u00fcn\u00fcm\u00fc i\u00e7in \u00f6zel dikim tak\u0131m elbiselerle e\u015fle\u015ftirebilir, smart casual \u015f\u0131kl\u0131k i\u00e7in chino pantolonlarla giyebilir ya da sofistike bir hafta sonu kombini i\u00e7in tasar\u0131mc\u0131 denimleriyle birlikte kullanabilirsiniz. Do\u011fas\u0131nda var olan \u00e7ok y\u00f6nl\u00fcl\u00fc\u011f\u00fc sayesinde k\u0131sa s\u00fcrede gard\u0131robunuzun vazge\u00e7ilmez bir par\u00e7as\u0131 haline gelecektir.<\/p>\n<p>L\u00fcks, konfor ve kal\u0131c\u0131 stilin m\u00fckemmel birle\u015fimini bu ola\u011fan\u00fcst\u00fc \u00fcr\u00fcnlerle ya\u015fay\u0131n <strong>Erkek Klasik Mavi Deri Loafer'lar<\/strong>. Onlar sadece ayakkab\u0131 de\u011fildir; onlar kaliteye yap\u0131lan bir yat\u0131r\u0131m ve kusursuz bir zevkin ifadesidir. Birinci s\u0131n\u0131f ayakkab\u0131 stoklamak isteyen i\u015fletmeler i\u00e7in, minimum 16 \u00e7ift sipari\u015f miktar\u0131 ile cazip toptan sat\u0131\u015f se\u00e7enekleri sunuyoruz. Bu klasik mavi mokasen ayakkab\u0131lar\u0131n \u00fcr\u00fcn teklifinizi nas\u0131l geli\u015ftirebilece\u011fini g\u00f6r\u00fc\u015fmek i\u00e7in bug\u00fcn bize ula\u015f\u0131n.<\/p>","protected":false},"excerpt":{"rendered":"<ul>\n<li>\u00dcst\u00fcn dayan\u0131kl\u0131l\u0131k ve stil i\u00e7in birinci s\u0131n\u0131f dana derisinden \u00fcretilmi\u015ftir.<\/li>\n<li>L\u00fcks ke\u00e7i derisi i\u00e7 astar ola\u011fan\u00fcst\u00fc konfor sa\u011flar.<\/li>\n<li>Hafif ve esnek EVA taban t\u00fcm g\u00fcn destek sa\u011flar.<\/li>\n<li>Zarif delikli detaylara sahip zamans\u0131z klasik loafer tasar\u0131m\u0131.<\/li>\n<li>40, 41, 42, 43 ve 44 Avrupa bedenlerinde mevcuttur.<\/li>\n<li>Toptan sat\u0131\u015f talepleri 16 \u00e7ift veya daha fazla sipari\u015f i\u00e7in kabul edilir.<\/li>\n<\/ul>","protected":false},"featured_media":6988,"template":"","meta":{"_acf_changed":false,"_uag_custom_page_level_css":"","site-sidebar-layout":"default","site-content-layout":"","ast-site-content-layout":"default","site-content-style":"default","site-sidebar-style":"default","ast-global-header-display":"","ast-banner-title-visibility":"","ast-main-header-display":"","ast-hfb-above-header-display":"","ast-hfb-below-header-display":"","ast-hfb-mobile-header-display":"","site-post-title":"","ast-breadcrumbs-content":"","ast-featured-img":"","footer-sml-layout":"","ast-disable-related-posts":"","theme-transparent-header-meta":"","adv-header-id-meta":"","stick-header-meta":"","header-above-stick-meta":"","header-main-stick-meta":"","header-below-stick-meta":"","astra-migrate-meta-layouts":"default","ast-page-background-enabled":"default","ast-page-background-meta":{"desktop":{"background-color":"var(--ast-global-color-4)","background-image":"","background-repeat":"repeat","background-position":"center center","background-size":"auto","background-attachment":"scroll","background-type":"","background-media":"","overlay-type":"","overlay-color":"","overlay-opacity":"","overlay-gradient":""},"tablet":{"background-color":"","background-image":"","background-repeat":"repeat","background-position":"center center","background-size":"auto","background-attachment":"scroll","background-type":"","background-media":"","overlay-type":"","overlay-color":"","overlay-opacity":"","overlay-gradient":""},"mobile":{"background-color":"","background-image":"","background-repeat":"repeat","background-position":"center center","background-size":"auto","background-attachment":"scroll","background-type":"","background-media":"","overlay-type":"","overlay-color":"","overlay-opacity":"","overlay-gradient":""}},"ast-content-background-meta":{"desktop":{"background-color":"var(--ast-global-color-5)","background-image":"","background-repeat":"repeat","background-position":"center center","background-size":"auto","background-attachment":"scroll","background-type":"","background-media":"","overlay-type":"","overlay-color":"","overlay-opacity":"","overlay-gradient":""},"tablet":{"background-color":"var(--ast-global-color-5)","background-image":"","background-repeat":"repeat","background-position":"center center","background-size":"auto","background-attachment":"scroll","background-type":"","background-media":"","overlay-type":"","overlay-color":"","overlay-opacity":"","overlay-gradient":""},"mobile":{"background-color":"var(--ast-global-color-5)","background-image":"","background-repeat":"repeat","background-position":"center center","background-size":"auto","background-attachment":"scroll","background-type":"","background-media":"","overlay-type":"","overlay-color":"","overlay-opacity":"","overlay-gradient":""}}},"product_brand":[],"product_cat":[47,430,1200],"product_tag":[322,200,202,457,438,1249,565,186,362,184],"class_list":{"0":"post-8112","1":"product","2":"type-product","3":"status-publish","4":"has-post-thumbnail","6":"product_cat-classic","7":"product_cat-men","8":"product_cat-mens-shoes-2","9":"product_tag-blue-leather-shoes","10":"product_tag-business-casual","11":"product_tag-calf-leather","12":"product_tag-classic-loafers","13":"product_tag-eva-sole","14":"product_tag-goat-lining","15":"product_tag-mens-formal-shoes","16":"product_tag-mens-loafers","17":"product_tag-premium-footwear","18":"product_tag-slip-on-shoes","19":"desktop-align-center","20":"tablet-align-center","21":"mobile-align-center","23":"first","24":"instock","25":"shipping-taxable","26":"purchasable","27":"product-type-variable","28":"has-default-attributes"},"acf":[],"uagb_featured_image_src":{"full":["https:\/\/turkishtrade.co\/wp-content\/uploads\/2026\/01\/2600NZTMN00014-DARK-BLUE.png",453,250,false],"thumbnail":["https:\/\/turkishtrade.co\/wp-content\/uploads\/2026\/01\/2600NZTMN00014-DARK-BLUE-150x150.png",150,150,true],"medium":["https:\/\/turkishtrade.co\/wp-content\/uploads\/2026\/01\/2600NZTMN00014-DARK-BLUE-300x166.png",300,166,true],"medium_large":["https:\/\/turkishtrade.co\/wp-content\/uploads\/2026\/01\/2600NZTMN00014-DARK-BLUE.png",453,250,false],"large":["https:\/\/turkishtrade.co\/wp-content\/uploads\/2026\/01\/2600NZTMN00014-DARK-BLUE.png",453,250,false],"1536x1536":["https:\/\/turkishtrade.co\/wp-content\/uploads\/2026\/01\/2600NZTMN00014-DARK-BLUE.png",453,250,false],"2048x2048":["https:\/\/turkishtrade.co\/wp-content\/uploads\/2026\/01\/2600NZTMN00014-DARK-BLUE.png",453,250,false],"trp-custom-language-flag":["https:\/\/turkishtrade.co\/wp-content\/uploads\/2026\/01\/2600NZTMN00014-DARK-BLUE-18x10.png",18,10,true],"woocommerce_thumbnail":["https:\/\/turkishtrade.co\/wp-content\/uploads\/2026\/01\/2600NZTMN00014-DARK-BLUE-400x250.png",400,250,true],"woocommerce_single":["https:\/\/turkishtrade.co\/wp-content\/uploads\/2026\/01\/2600NZTMN00014-DARK-BLUE.png",453,250,false],"woocommerce_gallery_thumbnail":["https:\/\/turkishtrade.co\/wp-content\/uploads\/2026\/01\/2600NZTMN00014-DARK-BLUE-100x100.png",100,100,true]},"uagb_author_info":{"display_name":"python python","author_link":"https:\/\/turkishtrade.co\/tr\/author\/"},"uagb_comment_info":0,"uagb_excerpt":"Crafted from premium calf leather for superior durability and style. Luxurious goat leather interior lining ensures exceptional comfort. Lightweight and flexible EVA sole provides all-day support. Timeless classic loafer design with elegant perforated detailing. Available in European sizes 40, 41, 42, 43, and 44. Wholesale inquiries welcome for orders of 16 pairs or more.","_links":{"self":[{"href":"https:\/\/turkishtrade.co\/tr\/wp-json\/wp\/v2\/product\/8112","targetHints":{"allow":["GET"]}}],"collection":[{"href":"https:\/\/turkishtrade.co\/tr\/wp-json\/wp\/v2\/product"}],"about":[{"href":"https:\/\/turkishtrade.co\/tr\/wp-json\/wp\/v2\/types\/product"}],"wp:featuredmedia":[{"embeddable":true,"href":"https:\/\/turkishtrade.co\/tr\/wp-json\/wp\/v2\/media\/6988"}],"wp:attachment":[{"href":"https:\/\/turkishtrade.co\/tr\/wp-json\/wp\/v2\/media?parent=8112"}],"wp:term":[{"taxonomy":"product_brand","embeddable":true,"href":"https:\/\/turkishtrade.co\/tr\/wp-json\/wp\/v2\/product_brand?post=8112"},{"taxonomy":"product_cat","embeddable":true,"href":"https:\/\/turkishtrade.co\/tr\/wp-json\/wp\/v2\/product_cat?post=8112"},{"taxonomy":"product_tag","embeddable":true,"href":"https:\/\/turkishtrade.co\/tr\/wp-json\/wp\/v2\/product_tag?post=8112"}],"curies":[{"name":"wp","href":"https:\/\/api.w.org\/{rel}","templated":true}]}}