{"id":8111,"date":"2026-01-29T14:47:41","date_gmt":"2026-01-29T14:47:41","guid":{"rendered":"https:\/\/turkishtrade.co\/?post_type=product&#038;p=8111"},"modified":"2026-04-09T20:36:02","modified_gmt":"2026-04-09T20:36:02","slug":"mens-classic-tassel-loafers-2","status":"publish","type":"product","link":"https:\/\/turkishtrade.co\/tr\/shop\/mens-classic-tassel-loafers-2\/","title":{"rendered":"Erkek Klasik P\u00fcsk\u00fcll\u00fc Loafer L\u00fcks | Erkek Klasik Siyah Dana Derisi"},"content":{"rendered":"<h3>Erkek Klasik P\u00fcsk\u00fcll\u00fc Loafer'lar\u0131m\u0131zla Stilinizi Y\u00fckseltin<\/h3>\n<p>Enfes tasar\u0131m\u0131m\u0131zla rafine \u015f\u0131kl\u0131\u011fa ad\u0131m at\u0131n <strong>Erkek Klasik P\u00fcsk\u00fcll\u00fc Loafer<\/strong>, Hem zamans\u0131z bir stil hem de benzersiz bir konfor sunmak i\u00e7in titizlikle \u00fcretilmi\u015ftir. Modern beyefendiler i\u00e7in tasarlanan bu mokasen ayakkab\u0131lar bir ayakkab\u0131dan \u00e7ok daha fazlas\u0131d\u0131r; sofistike ve klas bir ifadedir. \u0130\u015f toplant\u0131lar\u0131, resmi etkinlikler veya \u015f\u0131k g\u00fcndelik g\u00f6r\u00fcn\u00fcm\u00fcn\u00fcz\u00fc y\u00fckseltmek i\u00e7in m\u00fckemmel olan bu <strong>klasik p\u00fcsk\u00fcll\u00fc mokasen ayakkab\u0131lar<\/strong> k\u0131sa s\u00fcrede gard\u0131robunuzun de\u011ferli bir par\u00e7as\u0131 haline gelecektir.<\/p>\n<p>Bu birinci s\u0131n\u0131f mokasenlerin her bir \u00e7ifti, p\u00fcr\u00fczs\u00fcz dokusu, dayan\u0131kl\u0131l\u0131\u011f\u0131 ve zarif bir \u015fekilde eskime kabiliyetiyle tan\u0131nan l\u00fcks \u2018dana derisinden\u2019 (dana derisi) yap\u0131lm\u0131\u015f bir sayaya sahiptir. Ana g\u00f6vdenin zengin siyah kaplamas\u0131, s\u0131cak, antika kahverengi tonda \u015f\u0131k bir kabartma desene sahip ay\u0131rt edici, dokulu \u00f6n paneli m\u00fckemmel bir \u015fekilde tamamlar. Bu benzersiz detay, geleneksel p\u00fcsk\u00fcllerle birlikte, bu \u00fcr\u00fcnlere \u0131smarlama bir sanat dokunu\u015fu kat\u0131yor. <strong>Erkek Klasik P\u00fcsk\u00fcll\u00fc Loafer<\/strong> S\u0131radan ayakkab\u0131lardan ayr\u0131 olarak.<\/p>\n<p>Konfor her \u015feyden \u00f6nemlidir ve bu <strong>Erkek Klasik P\u00fcsk\u00fcll\u00fc Loafer<\/strong> teslim edin. \u0130\u00e7 k\u0131sm\u0131 yumu\u015fak \u2018keci astar\u2019 (ke\u00e7i derisi) ile astarlanm\u0131\u015ft\u0131r, ayaklar\u0131n\u0131z i\u00e7in nefes alabilen ve esnek bir ortam sa\u011flayarak uzun s\u00fcreli kullan\u0131mdan sonra bile rahatl\u0131k sa\u011flar. Dayan\u0131kl\u0131 \u2018eva taban\u2019 (EVA taban) hafif yast\u0131klama ve m\u00fckemmel \u015fok emiliminin yan\u0131 s\u0131ra \u00e7e\u015fitli y\u00fczeylerde g\u00fcvenli ad\u0131mlar i\u00e7in g\u00fcvenilir bir kaymaz kavrama sunar. 40'tan 44'e kadar \u00e7e\u015fitli bedenlerde mevcuttur, m\u00fckemmel uyumunuzu bulmak zahmetsizdir.<\/p>\n<p>Kaliteye olan ba\u011fl\u0131l\u0131\u011f\u0131m\u0131z, her diki\u015f ve kesimin \u00fcst\u00fcn i\u015f\u00e7ili\u011fi yans\u0131tmas\u0131n\u0131 sa\u011flar. Bu klasik ayakkab\u0131lar, uzun \u00f6m\u00fcrl\u00fcl\u00fck ve kal\u0131c\u0131 \u00e7ekicilik vaat eden m\u00fckemmel bir ayakkab\u0131c\u0131l\u0131k miras\u0131n\u0131 temsil eder. Bu mokasen ayakkab\u0131lar\u0131n \u00e7ok y\u00f6nl\u00fc tasar\u0131m\u0131, onlar\u0131 ofis k\u0131yafetlerinden ak\u015fam toplant\u0131lar\u0131na sorunsuz bir \u015fekilde ge\u00e7i\u015f yaparak \u00e7ok \u00e7e\u015fitli durumlar i\u00e7in uygun hale getirir. \u0130ster \u00f6zel dikim tak\u0131m elbiseler, ister \u015f\u0131k chino pantolonlar veya sofistike denimlerle e\u015fle\u015ftirilsin, bu birinci s\u0131n\u0131f dana derisi mokasen ayakkab\u0131lar \u00e7ok say\u0131da k\u0131yafet i\u00e7in \u00e7ok y\u00f6nl\u00fc bir temel sa\u011flar. Se\u00e7kin zevkinizi, birinci s\u0131n\u0131f malzemelere ve klasik stile verdi\u011finiz de\u011feri g\u00f6steren bir \u00e7ifte yat\u0131r\u0131m yap\u0131n. S\u0131ra d\u0131\u015f\u0131 ayakkab\u0131lar sunmak isteyen perakendeciler ve i\u015fletmeler i\u00e7in bu sofistike <strong>Erkek Klasik P\u00fcsk\u00fcll\u00fc Loafer<\/strong> minimum 16 \u00e7ift sipari\u015f miktar\u0131 ile toptan sat\u0131n al\u0131nabilir, bu da onlar\u0131 premium koleksiyonunuzu geni\u015fletmek i\u00e7in ideal bir se\u00e7im haline getirir.<\/p>","protected":false},"excerpt":{"rendered":"<ul>\n<li>Kal\u0131c\u0131 kalite i\u00e7in birinci s\u0131n\u0131f \u2018dana derisi\u2019 saya<\/li>\n<li>T\u00fcm g\u00fcn kullan\u0131m i\u00e7in rahat \u2018keci astar\u2019 (ke\u00e7i derisi) astar<\/li>\n<li>Kaymaz tutu\u015flu dayan\u0131kl\u0131 \u2018eva taban\u2019 (EVA taban)<\/li>\n<li>Klasik p\u00fcsk\u00fcl detaylar\u0131 ile sofistike kabartmal\u0131 \u00f6n panel<\/li>\n<li>40, 41, 42, 43, 44 bedenlerde mevcuttur<\/li>\n<li>Toptan sat\u0131\u015f imkan\u0131: Minimum sipari\u015f miktar\u0131 16 \u00e7ift<\/li>\n<\/ul>","protected":false},"featured_media":6986,"template":"","meta":{"_acf_changed":false,"_uag_custom_page_level_css":"","site-sidebar-layout":"default","site-content-layout":"","ast-site-content-layout":"default","site-content-style":"default","site-sidebar-style":"default","ast-global-header-display":"","ast-banner-title-visibility":"","ast-main-header-display":"","ast-hfb-above-header-display":"","ast-hfb-below-header-display":"","ast-hfb-mobile-header-display":"","site-post-title":"","ast-breadcrumbs-content":"","ast-featured-img":"","footer-sml-layout":"","ast-disable-related-posts":"","theme-transparent-header-meta":"","adv-header-id-meta":"","stick-header-meta":"","header-above-stick-meta":"","header-main-stick-meta":"","header-below-stick-meta":"","astra-migrate-meta-layouts":"default","ast-page-background-enabled":"default","ast-page-background-meta":{"desktop":{"background-color":"var(--ast-global-color-4)","background-image":"","background-repeat":"repeat","background-position":"center center","background-size":"auto","background-attachment":"scroll","background-type":"","background-media":"","overlay-type":"","overlay-color":"","overlay-opacity":"","overlay-gradient":""},"tablet":{"background-color":"","background-image":"","background-repeat":"repeat","background-position":"center center","background-size":"auto","background-attachment":"scroll","background-type":"","background-media":"","overlay-type":"","overlay-color":"","overlay-opacity":"","overlay-gradient":""},"mobile":{"background-color":"","background-image":"","background-repeat":"repeat","background-position":"center center","background-size":"auto","background-attachment":"scroll","background-type":"","background-media":"","overlay-type":"","overlay-color":"","overlay-opacity":"","overlay-gradient":""}},"ast-content-background-meta":{"desktop":{"background-color":"var(--ast-global-color-5)","background-image":"","background-repeat":"repeat","background-position":"center center","background-size":"auto","background-attachment":"scroll","background-type":"","background-media":"","overlay-type":"","overlay-color":"","overlay-opacity":"","overlay-gradient":""},"tablet":{"background-color":"var(--ast-global-color-5)","background-image":"","background-repeat":"repeat","background-position":"center center","background-size":"auto","background-attachment":"scroll","background-type":"","background-media":"","overlay-type":"","overlay-color":"","overlay-opacity":"","overlay-gradient":""},"mobile":{"background-color":"var(--ast-global-color-5)","background-image":"","background-repeat":"repeat","background-position":"center center","background-size":"auto","background-attachment":"scroll","background-type":"","background-media":"","overlay-type":"","overlay-color":"","overlay-opacity":"","overlay-gradient":""}}},"product_brand":[],"product_cat":[47,430,1200],"product_tag":[370,513,185,457,418,438,251,189,186,349],"class_list":{"0":"post-8111","1":"product","2":"type-product","3":"status-publish","4":"has-post-thumbnail","6":"product_cat-classic","7":"product_cat-men","8":"product_cat-mens-shoes-2","9":"product_tag-black-loafers","10":"product_tag-business-casual-shoes","11":"product_tag-calf-leather-shoes","12":"product_tag-classic-loafers","13":"product_tag-embossed-leather","14":"product_tag-eva-sole","15":"product_tag-formal-shoes","16":"product_tag-goat-leather-lining","17":"product_tag-mens-loafers","18":"product_tag-tassel-loafers","19":"desktop-align-center","20":"tablet-align-center","21":"mobile-align-center","23":"first","24":"instock","25":"shipping-taxable","26":"purchasable","27":"product-type-variable","28":"has-default-attributes"},"acf":[],"uagb_featured_image_src":{"full":["https:\/\/turkishtrade.co\/wp-content\/uploads\/2026\/01\/2600NZTMN00013-BROWN.png",453,250,false],"thumbnail":["https:\/\/turkishtrade.co\/wp-content\/uploads\/2026\/01\/2600NZTMN00013-BROWN-150x150.png",150,150,true],"medium":["https:\/\/turkishtrade.co\/wp-content\/uploads\/2026\/01\/2600NZTMN00013-BROWN-300x166.png",300,166,true],"medium_large":["https:\/\/turkishtrade.co\/wp-content\/uploads\/2026\/01\/2600NZTMN00013-BROWN.png",453,250,false],"large":["https:\/\/turkishtrade.co\/wp-content\/uploads\/2026\/01\/2600NZTMN00013-BROWN.png",453,250,false],"1536x1536":["https:\/\/turkishtrade.co\/wp-content\/uploads\/2026\/01\/2600NZTMN00013-BROWN.png",453,250,false],"2048x2048":["https:\/\/turkishtrade.co\/wp-content\/uploads\/2026\/01\/2600NZTMN00013-BROWN.png",453,250,false],"trp-custom-language-flag":["https:\/\/turkishtrade.co\/wp-content\/uploads\/2026\/01\/2600NZTMN00013-BROWN-18x10.png",18,10,true],"woocommerce_thumbnail":["https:\/\/turkishtrade.co\/wp-content\/uploads\/2026\/01\/2600NZTMN00013-BROWN-400x250.png",400,250,true],"woocommerce_single":["https:\/\/turkishtrade.co\/wp-content\/uploads\/2026\/01\/2600NZTMN00013-BROWN.png",453,250,false],"woocommerce_gallery_thumbnail":["https:\/\/turkishtrade.co\/wp-content\/uploads\/2026\/01\/2600NZTMN00013-BROWN-100x100.png",100,100,true]},"uagb_author_info":{"display_name":"python python","author_link":"https:\/\/turkishtrade.co\/tr\/author\/"},"uagb_comment_info":0,"uagb_excerpt":"Premium 'dana deri' (calf leather) upper for lasting quality Comfortable 'keci astar' (goat leather) lining for all-day wear Durable 'eva taban' (EVA sole) with anti-slip grip Sophisticated embossed front panel with classic tassel details Available in sizes 40, 41, 42, 43, 44 Wholesale availability: Minimum order quantity of 16 pairs","_links":{"self":[{"href":"https:\/\/turkishtrade.co\/tr\/wp-json\/wp\/v2\/product\/8111","targetHints":{"allow":["GET"]}}],"collection":[{"href":"https:\/\/turkishtrade.co\/tr\/wp-json\/wp\/v2\/product"}],"about":[{"href":"https:\/\/turkishtrade.co\/tr\/wp-json\/wp\/v2\/types\/product"}],"wp:featuredmedia":[{"embeddable":true,"href":"https:\/\/turkishtrade.co\/tr\/wp-json\/wp\/v2\/media\/6986"}],"wp:attachment":[{"href":"https:\/\/turkishtrade.co\/tr\/wp-json\/wp\/v2\/media?parent=8111"}],"wp:term":[{"taxonomy":"product_brand","embeddable":true,"href":"https:\/\/turkishtrade.co\/tr\/wp-json\/wp\/v2\/product_brand?post=8111"},{"taxonomy":"product_cat","embeddable":true,"href":"https:\/\/turkishtrade.co\/tr\/wp-json\/wp\/v2\/product_cat?post=8111"},{"taxonomy":"product_tag","embeddable":true,"href":"https:\/\/turkishtrade.co\/tr\/wp-json\/wp\/v2\/product_tag?post=8111"}],"curies":[{"name":"wp","href":"https:\/\/api.w.org\/{rel}","templated":true}]}}