{"id":8110,"date":"2026-01-29T14:47:41","date_gmt":"2026-01-29T14:47:41","guid":{"rendered":"https:\/\/turkishtrade.co\/?post_type=product&#038;p=8110"},"modified":"2026-04-09T20:36:05","modified_gmt":"2026-04-09T20:36:05","slug":"mens-textured-calf-leather-loafers","status":"publish","type":"product","link":"https:\/\/turkishtrade.co\/tr\/shop\/mens-textured-calf-leather-loafers\/","title":{"rendered":"Erkek Dokulu Dana Derisi Loafer Garantili | Erkek Klasik Dokulu Vamp Dana"},"content":{"rendered":"<h3>Premium Erkek Dokulu Dana Derisi Loafer'lar ile Ayakkab\u0131 Koleksiyonunuzu Geli\u015ftirin<\/h3>\n<p>Se\u00e7kin \u00fcr\u00fcnlerimizle benzersiz bir stil ve konfora ad\u0131m at\u0131n <strong>Erkek Dokulu Dana Derisi Loafer<\/strong>. \u0130nce i\u015f\u00e7ili\u011fi ve benzersiz zarafeti takdir eden modern beyefendiler i\u00e7in tasarlanan bu mokasen ayakkab\u0131lar, \u00fcst\u00fcn kalitenin ve zamans\u0131z tasar\u0131m\u0131n bir kan\u0131t\u0131d\u0131r. P\u00fcr\u00fczs\u00fcz siyah dana derisi ve kendine \u00f6zg\u00fc dokulu vampirin \u00e7arp\u0131c\u0131 kombinasyonu, bu ayakkab\u0131lar\u0131 farkl\u0131 k\u0131lar ve her se\u00e7kin gard\u0131rop i\u00e7in olmazsa olmaz hale getirir.<\/p>\n<h3>Rakipsiz \u0130\u015f\u00e7ilik ve L\u00fcks Malzemeler<\/h3>\n<p>Bu klasik slip-on ayakkab\u0131lar\u0131n her bir \u00e7ifti, detaylara ve dayan\u0131kl\u0131l\u0131\u011fa ola\u011fan\u00fcst\u00fc \u00f6zen g\u00f6sterilerek titizlikle elde \u00fcretilmi\u015ftir. \u00dcst k\u0131s\u0131m, p\u00fcr\u00fczs\u00fcz dokusu, esnekli\u011fi ve sofistike \u00e7ekicili\u011fiyle tan\u0131nan hakiki dana derisinden \u00fcretilmi\u015ftir. Bu birinci s\u0131n\u0131f d\u0131\u015f y\u00fczeyi tamamlayan ke\u00e7i derisi astar, her ad\u0131mda aya\u011f\u0131n\u0131z\u0131 saran inan\u0131lmaz yumu\u015fak, nefes alabilen ve rahat bir i\u00e7 k\u0131s\u0131m sa\u011flar. Yaln\u0131zca en iyi malzemelerin kullan\u0131lmas\u0131na y\u00f6nelik bu taahh\u00fct, ayakkab\u0131y\u0131 giydi\u011finiz andan itibaren l\u00fcks bir deneyim ya\u015faman\u0131z\u0131 garanti eder.<\/p>\n<p>Bunlar\u0131n \u00f6ne \u00e7\u0131kan \u00f6zelli\u011fi <strong>Erkek Dokulu Dana Derisi Loafer<\/strong> hi\u00e7 \u015f\u00fcphesiz b\u00fcy\u00fcleyici dokulu vampirdir. Zengin, derin deniz mavisi tonundaki bu karma\u015f\u0131k, \u00f6l\u00e7ek benzeri desen, ayakkab\u0131n\u0131n \u015f\u0131k siyah g\u00f6vdesiyle b\u00fcy\u00fcleyici bir g\u00f6rsel kontrast sunar. \u00d6zg\u00fcven ve bireysellik yans\u0131tan bu cesur ama zarif detay, klasik zarafetten \u00f6d\u00fcn vermeden ince bir a\u00e7\u0131klama yapman\u0131za olanak tan\u0131r. Ayakkab\u0131lar 40 ila 44 numara aral\u0131\u011f\u0131nda mevcuttur ve farkl\u0131 m\u00fc\u015fteri kitleleri i\u00e7in m\u00fckemmel bir uyum sa\u011flar.<\/p>\n<h3>Modern \u0130nsan i\u00e7in Konfor ve Dayan\u0131kl\u0131l\u0131k<\/h3>\n<p>Sofistike d\u0131\u015f g\u00f6r\u00fcn\u00fcm\u00fcn alt\u0131nda yenilik\u00e7i bir EVA taban yatar. Bu hafif ve esnek taban, m\u00fckemmel yast\u0131klama ve \u015fok emilimi sa\u011flayarak ister \u015fehir sokaklar\u0131nda geziniyor ister uzun bir etkinli\u011fe kat\u0131l\u0131yor olun, bu mokasenleri uzun s\u00fcreli kullan\u0131m i\u00e7in rahat hale getirir. EVA taban ayr\u0131ca \u00fcst\u00fcn dayan\u0131kl\u0131l\u0131k ve kavrama sunarak denge ve uzun \u00f6m\u00fcrl\u00fcl\u00fck sa\u011flar. Bu mokasen ayakkab\u0131lar sadece estetikten ibaret de\u011fildir; stil ve pratikli\u011fin m\u00fckemmel kar\u0131\u015f\u0131m\u0131n\u0131 somutla\u015ft\u0131rarak kal\u0131c\u0131 konfor ve performans sa\u011flamak i\u00e7in \u00fcretilmi\u015ftir.<\/p>\n<h3>Her Durum i\u00e7in \u00c7ok Y\u00f6nl\u00fc Stil<\/h3>\n<p>Bizim <strong>Erkek Dokulu Dana Derisi Loafer<\/strong> inan\u0131lmaz derecede \u00e7ok y\u00f6nl\u00fcd\u00fcr, resmi i\u015f toplant\u0131lar\u0131ndan \u015f\u0131k ak\u015fam etkinliklerine veya sofistike g\u00fcndelik gezilere zahmetsizce ge\u00e7i\u015f yapar. Keskin ve profesyonel bir g\u00f6r\u00fcn\u00fcm i\u00e7in \u00f6zel dikim tak\u0131m elbiselerle e\u015fle\u015ftirin ya da zarif bir hafta sonu kombini i\u00e7in \u015f\u0131k bir chino pantolon ve blazer ceketle kombinleyin. Klasik siluetine \u00e7a\u011fda\u015f bir dokunu\u015f katan bu ayakkab\u0131lar, \u00e7ok \u00e7e\u015fitli moda se\u00e7eneklerine uygundur ve hem gelene\u011fe hem de modern yetene\u011fe de\u011fer veren erkekler i\u00e7in sonsuz stil olanaklar\u0131 sunar.<\/p>\n<h3>Toptan Sat\u0131\u015f F\u0131rsat\u0131<\/h3>\n<p>M\u00fc\u015fterilerine birinci s\u0131n\u0131f erkek ayakkab\u0131s\u0131 sunmak isteyen perakendeciler i\u00e7in bu zarif mokasen ayakkab\u0131lar toptan sat\u0131n al\u0131nabilir. Minimum 16 \u00e7ift sipari\u015f miktar\u0131yla, y\u00fcksek talep g\u00f6ren bu ayakkab\u0131lar\u0131 kolayca stoklayabilir, kalite, stil ve konfor arayan m\u00fc\u015fterilere hitap edebilirsiniz. Memnuniyet ve sofistike \u00e7ekicilik vaat eden l\u00fcks ayakkab\u0131 koleksiyonumuzla envanterinizi y\u00fckseltin.<\/p>","protected":false},"excerpt":{"rendered":"<ul>\n<li>Benzersiz dokulu vampire sahip zarif dana derisi saya<\/li>\n<li>\u00dcst\u00fcn konfor i\u00e7in l\u00fcks ke\u00e7i derisi astar<\/li>\n<li>Daha fazla giyilebilirlik i\u00e7in hafif ve dayan\u0131kl\u0131 EVA taban<\/li>\n<li>Klasik slip-on tasar\u0131m 40-44 bedenlerde mevcuttur<\/li>\n<li>Minimum 16 \u00e7ift sipari\u015f ile toptan sat\u0131\u015f f\u0131rsatlar\u0131 mevcuttur<\/li>\n<\/ul>","protected":false},"featured_media":6985,"template":"","meta":{"_acf_changed":false,"_uag_custom_page_level_css":"","site-sidebar-layout":"default","site-content-layout":"","ast-site-content-layout":"default","site-content-style":"default","site-sidebar-style":"default","ast-global-header-display":"","ast-banner-title-visibility":"","ast-main-header-display":"","ast-hfb-above-header-display":"","ast-hfb-below-header-display":"","ast-hfb-mobile-header-display":"","site-post-title":"","ast-breadcrumbs-content":"","ast-featured-img":"","footer-sml-layout":"","ast-disable-related-posts":"","theme-transparent-header-meta":"","adv-header-id-meta":"","stick-header-meta":"","header-above-stick-meta":"","header-main-stick-meta":"","header-below-stick-meta":"","astra-migrate-meta-layouts":"default","ast-page-background-enabled":"default","ast-page-background-meta":{"desktop":{"background-color":"var(--ast-global-color-4)","background-image":"","background-repeat":"repeat","background-position":"center center","background-size":"auto","background-attachment":"scroll","background-type":"","background-media":"","overlay-type":"","overlay-color":"","overlay-opacity":"","overlay-gradient":""},"tablet":{"background-color":"","background-image":"","background-repeat":"repeat","background-position":"center center","background-size":"auto","background-attachment":"scroll","background-type":"","background-media":"","overlay-type":"","overlay-color":"","overlay-opacity":"","overlay-gradient":""},"mobile":{"background-color":"","background-image":"","background-repeat":"repeat","background-position":"center center","background-size":"auto","background-attachment":"scroll","background-type":"","background-media":"","overlay-type":"","overlay-color":"","overlay-opacity":"","overlay-gradient":""}},"ast-content-background-meta":{"desktop":{"background-color":"var(--ast-global-color-5)","background-image":"","background-repeat":"repeat","background-position":"center center","background-size":"auto","background-attachment":"scroll","background-type":"","background-media":"","overlay-type":"","overlay-color":"","overlay-opacity":"","overlay-gradient":""},"tablet":{"background-color":"var(--ast-global-color-5)","background-image":"","background-repeat":"repeat","background-position":"center center","background-size":"auto","background-attachment":"scroll","background-type":"","background-media":"","overlay-type":"","overlay-color":"","overlay-opacity":"","overlay-gradient":""},"mobile":{"background-color":"var(--ast-global-color-5)","background-image":"","background-repeat":"repeat","background-position":"center center","background-size":"auto","background-attachment":"scroll","background-type":"","background-media":"","overlay-type":"","overlay-color":"","overlay-opacity":"","overlay-gradient":""}}},"product_brand":[],"product_cat":[47,430,1200],"product_tag":[185,457,438,959,189,786,186,184,1403],"class_list":{"0":"post-8110","1":"product","2":"type-product","3":"status-publish","4":"has-post-thumbnail","6":"product_cat-classic","7":"product_cat-men","8":"product_cat-mens-shoes-2","9":"product_tag-calf-leather-shoes","10":"product_tag-classic-loafers","11":"product_tag-eva-sole","12":"product_tag-formal-casual-shoes","13":"product_tag-goat-leather-lining","14":"product_tag-handcrafted-footwear","15":"product_tag-mens-loafers","16":"product_tag-slip-on-shoes","17":"product_tag-textured-vamp","18":"desktop-align-center","19":"tablet-align-center","20":"mobile-align-center","22":"first","23":"instock","24":"shipping-taxable","25":"purchasable","26":"product-type-variable","27":"has-default-attributes"},"acf":[],"uagb_featured_image_src":{"full":["https:\/\/turkishtrade.co\/wp-content\/uploads\/2026\/01\/2600NZTMN00012-BLACK.png",453,250,false],"thumbnail":["https:\/\/turkishtrade.co\/wp-content\/uploads\/2026\/01\/2600NZTMN00012-BLACK-150x150.png",150,150,true],"medium":["https:\/\/turkishtrade.co\/wp-content\/uploads\/2026\/01\/2600NZTMN00012-BLACK-300x166.png",300,166,true],"medium_large":["https:\/\/turkishtrade.co\/wp-content\/uploads\/2026\/01\/2600NZTMN00012-BLACK.png",453,250,false],"large":["https:\/\/turkishtrade.co\/wp-content\/uploads\/2026\/01\/2600NZTMN00012-BLACK.png",453,250,false],"1536x1536":["https:\/\/turkishtrade.co\/wp-content\/uploads\/2026\/01\/2600NZTMN00012-BLACK.png",453,250,false],"2048x2048":["https:\/\/turkishtrade.co\/wp-content\/uploads\/2026\/01\/2600NZTMN00012-BLACK.png",453,250,false],"trp-custom-language-flag":["https:\/\/turkishtrade.co\/wp-content\/uploads\/2026\/01\/2600NZTMN00012-BLACK-18x10.png",18,10,true],"woocommerce_thumbnail":["https:\/\/turkishtrade.co\/wp-content\/uploads\/2026\/01\/2600NZTMN00012-BLACK-400x250.png",400,250,true],"woocommerce_single":["https:\/\/turkishtrade.co\/wp-content\/uploads\/2026\/01\/2600NZTMN00012-BLACK.png",453,250,false],"woocommerce_gallery_thumbnail":["https:\/\/turkishtrade.co\/wp-content\/uploads\/2026\/01\/2600NZTMN00012-BLACK-100x100.png",100,100,true]},"uagb_author_info":{"display_name":"python python","author_link":"https:\/\/turkishtrade.co\/tr\/author\/"},"uagb_comment_info":0,"uagb_excerpt":"Exquisite calf leather upper with unique textured vamp Luxurious goat leather lining for supreme comfort Lightweight and durable EVA sole for enhanced wearability Classic slip-on design available in sizes 40-44 Wholesale opportunities available with a minimum order of 16 pairs","_links":{"self":[{"href":"https:\/\/turkishtrade.co\/tr\/wp-json\/wp\/v2\/product\/8110","targetHints":{"allow":["GET"]}}],"collection":[{"href":"https:\/\/turkishtrade.co\/tr\/wp-json\/wp\/v2\/product"}],"about":[{"href":"https:\/\/turkishtrade.co\/tr\/wp-json\/wp\/v2\/types\/product"}],"wp:featuredmedia":[{"embeddable":true,"href":"https:\/\/turkishtrade.co\/tr\/wp-json\/wp\/v2\/media\/6985"}],"wp:attachment":[{"href":"https:\/\/turkishtrade.co\/tr\/wp-json\/wp\/v2\/media?parent=8110"}],"wp:term":[{"taxonomy":"product_brand","embeddable":true,"href":"https:\/\/turkishtrade.co\/tr\/wp-json\/wp\/v2\/product_brand?post=8110"},{"taxonomy":"product_cat","embeddable":true,"href":"https:\/\/turkishtrade.co\/tr\/wp-json\/wp\/v2\/product_cat?post=8110"},{"taxonomy":"product_tag","embeddable":true,"href":"https:\/\/turkishtrade.co\/tr\/wp-json\/wp\/v2\/product_tag?post=8110"}],"curies":[{"name":"wp","href":"https:\/\/api.w.org\/{rel}","templated":true}]}}