{"id":8109,"date":"2026-01-29T14:47:41","date_gmt":"2026-01-29T14:47:41","guid":{"rendered":"https:\/\/turkishtrade.co\/?post_type=product&#038;p=8109"},"modified":"2026-04-09T20:36:09","modified_gmt":"2026-04-09T20:36:09","slug":"classic-mens-suede-loafers","status":"publish","type":"product","link":"https:\/\/turkishtrade.co\/tr\/shop\/classic-mens-suede-loafers\/","title":{"rendered":"Klasik Erkek S\u00fcet Loafer Elite | Erkek Klasik Siyah S\u00fcet Loafer"},"content":{"rendered":"<p><strong>Klasik Erkek S\u00fcet Loafer'lar<\/strong>. Elit kalite ve tasar\u0131m.<\/p>\n<p>Zarif \u00fcr\u00fcnlerimizle zamans\u0131z \u015f\u0131kl\u0131\u011f\u0131n \u00e7a\u011fda\u015f yetenekle bulu\u015ftu\u011fu bir d\u00fcnyaya ad\u0131m at\u0131n <strong>Klasik Erkek S\u00fcet Loafer'lar<\/strong>. Se\u00e7kin beyefendiler i\u00e7in tasarlanan bu mokasen ayakkab\u0131lar bir ayakkab\u0131dan \u00e7ok daha fazlas\u0131d\u0131r; sofistike bir stilin ve benzersiz bir konforun ifadesidir. Her bir \u00e7ift, geleneksel tasar\u0131m\u0131 b\u00fcy\u00fcleyici bir modern dokunu\u015fla harmanlayan titiz bir i\u015f\u00e7ilik sergiliyor. Bu ola\u011fan\u00fcst\u00fc ayakkab\u0131larla klasik cazibe ve modern l\u00fcks\u00fcn m\u00fckemmel birle\u015fimini deneyimleyin. <strong>Klasik Erkek S\u00fcet Loafer'lar<\/strong>.<\/p>\n<h3>Rakipsiz \u0130\u015f\u00e7ilik ve Birinci S\u0131n\u0131f Malzemeler<\/h3>\n<p>Kaliteye olan ba\u011fl\u0131l\u0131\u011f\u0131m\u0131z her diki\u015fte ve malzeme se\u00e7iminde kendini g\u00f6sterir. Bu s\u0131ra d\u0131\u015f\u0131 mokasen ayakkab\u0131lar\u0131n ana g\u00f6vdesi l\u00fcks siyah s\u00fcetten \u00fcretilmi\u015ftir ve hem g\u00f6rsel olarak \u00e7ekici hem de dokunu\u015fu ho\u015f olan yumu\u015fak, zarif bir doku sunar. Bu ayakkab\u0131lar\u0131 di\u011ferlerinden ay\u0131ran <strong>Klasik Erkek S\u00fcet Loafer'lar<\/strong> egzotik, y\u0131lan derisi benzeri bir desenle kabart\u0131lm\u0131\u015f birinci s\u0131n\u0131f dana derisine sahip \u00e7arp\u0131c\u0131 vampirdir. Bu benzersiz detay, klasik bir silueti giyilebilir bir sanat eserine d\u00f6n\u00fc\u015ft\u00fcrerek farkl\u0131 bir karakter katar. \u0130\u00e7 k\u0131s\u0131mda, ayaklar\u0131n\u0131z nefes alabilirli\u011fi ve inan\u0131lmaz yumu\u015fakl\u0131\u011f\u0131yla \u00fcnl\u00fc ke\u00e7i derisi astarla sar\u0131lacak ve g\u00fcn boyunca en \u00fcst d\u00fczeyde konfor sa\u011flayacakt\u0131r. Bunlar ger\u00e7ekten birinci s\u0131n\u0131f <strong>Klasik Erkek S\u00fcet Loafer'lar<\/strong>.<\/p>\n<h3>Konfor ve Dayan\u0131kl\u0131l\u0131k i\u00e7in Tasarland\u0131<\/h3>\n<p>\u00c7arp\u0131c\u0131 esteti\u011finin \u00f6tesinde, bu <strong>Klasik Erkek S\u00fcet Loafer'lar<\/strong> uzun s\u00fcreli konfor ve dayan\u0131kl\u0131l\u0131k i\u00e7in \u00fcretilmi\u015ftir. Hafif ancak sa\u011flam EVA taban\u0131 m\u00fckemmel yast\u0131klama ve destek sa\u011flayarak stilden \u00f6d\u00fcn vermeden uzun s\u00fcreli kullan\u0131m i\u00e7in idealdir. \u0130ster \u015fehir manzaralar\u0131nda geziniyor ister sofistike bir etkinli\u011fe kat\u0131l\u0131yor olun, EVA taban \u00fcst\u00fcn \u015fok emilimi ve esneklik sunar. 40, 41, 42, 43 ve 44 gibi bir dizi pop\u00fcler bedende mevcut olup, birinci s\u0131n\u0131f ayakkab\u0131 arayan \u00e7ok \u00e7e\u015fitli m\u00fc\u015fteriler i\u00e7in m\u00fckemmel bir uyum sa\u011fl\u0131yoruz. Kal\u0131c\u0131 kalitemize yat\u0131r\u0131m yap\u0131n <strong>Klasik Erkek S\u00fcet Loafer'lar<\/strong>.<\/p>\n<h3>Her Durum i\u00e7in \u00c7ok Y\u00f6nl\u00fcl\u00fck<\/h3>\n<p>Bu \u00e7ok y\u00f6nl\u00fc <strong>Klasik Erkek S\u00fcet Loafer'lar<\/strong> Resmi toplant\u0131lardan \u015f\u0131k ve g\u00fcndelik gezilere zahmetsizce ge\u00e7i\u015f yapar. Keskin, y\u00f6netici bir g\u00f6r\u00fcn\u00fcm i\u00e7in \u00f6zel dikim tak\u0131m elbiselerle e\u015fle\u015ftirin veya y\u00fcksek bir hafta sonu toplulu\u011fu i\u00e7in chino pantolon ve spor ceketle giydirin. Siyah s\u00fcet \u015f\u0131k bir temel sa\u011flarken, egzotik desenli vamp, fark edilmeyecek bir bireysellik dokunu\u015fu ekler. Bu ola\u011fan\u00fcst\u00fc ayakkab\u0131larla ayakkab\u0131 koleksiyonunuzu y\u00fckseltin <strong>Klasik Erkek S\u00fcet Loafer'lar<\/strong> gelenek ve trendi m\u00fckemmel bir \u015fekilde dengeliyor.<\/p>\n<h3>\u0130\u015fletmeler i\u00e7in Toptan Sat\u0131\u015f F\u0131rsat\u0131<\/h3>\n<p>Y\u00fcksek kaliteli, farkl\u0131 erkek ayakkab\u0131s\u0131 sunmak isteyen perakendeciler ve i\u015fletmeler i\u00e7in <strong>Klasik Erkek S\u00fcet Loafer'lar<\/strong> m\u00fckemmel bir yat\u0131r\u0131m\u0131 temsil eder. Bu birinci s\u0131n\u0131f mokasen ayakkab\u0131lar\u0131, minimum 16 \u00e7ift sipari\u015f miktar\u0131yla toptan sat\u0131n al\u0131m i\u00e7in gururla sunuyoruz. L\u00fcks, konfor ve benzersiz tasar\u0131m\u0131 takdir eden m\u00fc\u015fterilere hitap eden, hem stil hem de i\u00e7erik vaat eden bir \u00fcr\u00fcnle envanterinizi geni\u015fletin. Bu aranan \u00fcr\u00fcnleri m\u00fc\u015fterilerinize sunmak i\u00e7in bizimle <strong>Klasik Erkek S\u00fcet Loafer'lar<\/strong> m\u00fc\u015fterilerinize sunun ve sat\u0131\u015flar\u0131n\u0131z\u0131n artmas\u0131n\u0131 izleyin. Toptan sat\u0131\u015f program\u0131m\u0131z <strong>Klasik Erkek S\u00fcet Loafer'lar<\/strong> i\u015fletmenizin b\u00fcy\u00fcmesini desteklemek i\u00e7in tasarlanm\u0131\u015ft\u0131r.<\/p>","protected":false},"excerpt":{"rendered":"<ul>\n<li>Egzotik desenli dana derisi vampir ile birinci s\u0131n\u0131f siyah s\u00fcet d\u0131\u015f y\u00fczey<\/li>\n<li>T\u00fcm g\u00fcn kullan\u0131m i\u00e7in rahat ke\u00e7i derisi astar<\/li>\n<li>Hafif ve dayan\u0131kl\u0131 EVA taban<\/li>\n<li>40, 41, 42, 43, 44 bedenlerde mevcuttur<\/li>\n<li><strong>Toptan sipari\u015fler mevcuttur: Minimum 16 \u00e7ift<\/strong><\/li>\n<\/ul>","protected":false},"featured_media":6983,"template":"","meta":{"_acf_changed":false,"_uag_custom_page_level_css":"","site-sidebar-layout":"default","site-content-layout":"","ast-site-content-layout":"default","site-content-style":"default","site-sidebar-style":"default","ast-global-header-display":"","ast-banner-title-visibility":"","ast-main-header-display":"","ast-hfb-above-header-display":"","ast-hfb-below-header-display":"","ast-hfb-mobile-header-display":"","site-post-title":"","ast-breadcrumbs-content":"","ast-featured-img":"","footer-sml-layout":"","ast-disable-related-posts":"","theme-transparent-header-meta":"","adv-header-id-meta":"","stick-header-meta":"","header-above-stick-meta":"","header-main-stick-meta":"","header-below-stick-meta":"","astra-migrate-meta-layouts":"default","ast-page-background-enabled":"default","ast-page-background-meta":{"desktop":{"background-color":"var(--ast-global-color-4)","background-image":"","background-repeat":"repeat","background-position":"center center","background-size":"auto","background-attachment":"scroll","background-type":"","background-media":"","overlay-type":"","overlay-color":"","overlay-opacity":"","overlay-gradient":""},"tablet":{"background-color":"","background-image":"","background-repeat":"repeat","background-position":"center center","background-size":"auto","background-attachment":"scroll","background-type":"","background-media":"","overlay-type":"","overlay-color":"","overlay-opacity":"","overlay-gradient":""},"mobile":{"background-color":"","background-image":"","background-repeat":"repeat","background-position":"center center","background-size":"auto","background-attachment":"scroll","background-type":"","background-media":"","overlay-type":"","overlay-color":"","overlay-opacity":"","overlay-gradient":""}},"ast-content-background-meta":{"desktop":{"background-color":"var(--ast-global-color-5)","background-image":"","background-repeat":"repeat","background-position":"center center","background-size":"auto","background-attachment":"scroll","background-type":"","background-media":"","overlay-type":"","overlay-color":"","overlay-opacity":"","overlay-gradient":""},"tablet":{"background-color":"var(--ast-global-color-5)","background-image":"","background-repeat":"repeat","background-position":"center center","background-size":"auto","background-attachment":"scroll","background-type":"","background-media":"","overlay-type":"","overlay-color":"","overlay-opacity":"","overlay-gradient":""},"mobile":{"background-color":"var(--ast-global-color-5)","background-image":"","background-repeat":"repeat","background-position":"center center","background-size":"auto","background-attachment":"scroll","background-type":"","background-media":"","overlay-type":"","overlay-color":"","overlay-opacity":"","overlay-gradient":""}}},"product_brand":[],"product_cat":[47,430,1200],"product_tag":[299,1400,326,1402,1278,517,380,1401,456],"class_list":{"0":"post-8109","1":"product","2":"type-product","3":"status-publish","4":"has-post-thumbnail","6":"product_cat-classic","7":"product_cat-men","8":"product_cat-mens-shoes-2","9":"product_tag-calf-leather-footwear","10":"product_tag-classic-mens-suede-loafers","11":"product_tag-eva-sole-loafers","12":"product_tag-exotic-pattern-loafers","13":"product_tag-goat-lining-shoes","14":"product_tag-mens-black-loafers","15":"product_tag-smart-casual-footwear","16":"product_tag-suede-dress-shoes","17":"product_tag-wholesale-loafers","18":"desktop-align-center","19":"tablet-align-center","20":"mobile-align-center","22":"first","23":"instock","24":"shipping-taxable","25":"purchasable","26":"product-type-variable","27":"has-default-attributes"},"acf":[],"uagb_featured_image_src":{"full":["https:\/\/turkishtrade.co\/wp-content\/uploads\/2026\/01\/2600NZTMN00011-BLACK.png",453,250,false],"thumbnail":["https:\/\/turkishtrade.co\/wp-content\/uploads\/2026\/01\/2600NZTMN00011-BLACK-150x150.png",150,150,true],"medium":["https:\/\/turkishtrade.co\/wp-content\/uploads\/2026\/01\/2600NZTMN00011-BLACK-300x166.png",300,166,true],"medium_large":["https:\/\/turkishtrade.co\/wp-content\/uploads\/2026\/01\/2600NZTMN00011-BLACK.png",453,250,false],"large":["https:\/\/turkishtrade.co\/wp-content\/uploads\/2026\/01\/2600NZTMN00011-BLACK.png",453,250,false],"1536x1536":["https:\/\/turkishtrade.co\/wp-content\/uploads\/2026\/01\/2600NZTMN00011-BLACK.png",453,250,false],"2048x2048":["https:\/\/turkishtrade.co\/wp-content\/uploads\/2026\/01\/2600NZTMN00011-BLACK.png",453,250,false],"trp-custom-language-flag":["https:\/\/turkishtrade.co\/wp-content\/uploads\/2026\/01\/2600NZTMN00011-BLACK-18x10.png",18,10,true],"woocommerce_thumbnail":["https:\/\/turkishtrade.co\/wp-content\/uploads\/2026\/01\/2600NZTMN00011-BLACK-400x250.png",400,250,true],"woocommerce_single":["https:\/\/turkishtrade.co\/wp-content\/uploads\/2026\/01\/2600NZTMN00011-BLACK.png",453,250,false],"woocommerce_gallery_thumbnail":["https:\/\/turkishtrade.co\/wp-content\/uploads\/2026\/01\/2600NZTMN00011-BLACK-100x100.png",100,100,true]},"uagb_author_info":{"display_name":"python python","author_link":"https:\/\/turkishtrade.co\/tr\/author\/"},"uagb_comment_info":0,"uagb_excerpt":"Premium black suede exterior with exotic patterned calf leather vamp Comfortable goat leather lining for all-day wear Lightweight and durable EVA sole Available in sizes 40, 41, 42, 43, 44 Wholesale orders available: Minimum 16 pairs","_links":{"self":[{"href":"https:\/\/turkishtrade.co\/tr\/wp-json\/wp\/v2\/product\/8109","targetHints":{"allow":["GET"]}}],"collection":[{"href":"https:\/\/turkishtrade.co\/tr\/wp-json\/wp\/v2\/product"}],"about":[{"href":"https:\/\/turkishtrade.co\/tr\/wp-json\/wp\/v2\/types\/product"}],"wp:featuredmedia":[{"embeddable":true,"href":"https:\/\/turkishtrade.co\/tr\/wp-json\/wp\/v2\/media\/6983"}],"wp:attachment":[{"href":"https:\/\/turkishtrade.co\/tr\/wp-json\/wp\/v2\/media?parent=8109"}],"wp:term":[{"taxonomy":"product_brand","embeddable":true,"href":"https:\/\/turkishtrade.co\/tr\/wp-json\/wp\/v2\/product_brand?post=8109"},{"taxonomy":"product_cat","embeddable":true,"href":"https:\/\/turkishtrade.co\/tr\/wp-json\/wp\/v2\/product_cat?post=8109"},{"taxonomy":"product_tag","embeddable":true,"href":"https:\/\/turkishtrade.co\/tr\/wp-json\/wp\/v2\/product_tag?post=8109"}],"curies":[{"name":"wp","href":"https:\/\/api.w.org\/{rel}","templated":true}]}}