{"id":8108,"date":"2026-01-29T14:47:41","date_gmt":"2026-01-29T14:47:41","guid":{"rendered":"https:\/\/turkishtrade.co\/?post_type=product&#038;p=8108"},"modified":"2026-04-09T20:36:11","modified_gmt":"2026-04-09T20:36:11","slug":"mens-black-leather-dress-shoes-4","status":"publish","type":"product","link":"https:\/\/turkishtrade.co\/tr\/shop\/mens-black-leather-dress-shoes-4\/","title":{"rendered":"Erkek Siyah Deri Elbise Ayakkab\u0131s\u0131 Authentic | Klasik Siyah Dana Derisi Erkek"},"content":{"rendered":"<p><strong>Erkek Siyah Deri Elbise Ayakkab\u0131s\u0131<\/strong>. Otantik kalite ve tasar\u0131m.<\/p>\n<p>Klasik Siyah Dana Derisi Erkek Elbise Ayakkab\u0131lar\u0131m\u0131z ile zamans\u0131z \u015f\u0131kl\u0131\u011f\u0131n ve benzersiz konforun \u00f6z\u00fcn\u00fc ke\u015ffedin. Se\u00e7ici beyefendiler i\u00e7in titizlikle haz\u0131rlanm\u0131\u015f bu zarif <\/p>\n<p>Erkek Siyah Deri Elbise Ayakkab\u0131s\u0131<\/p>\n<p> ister \u00f6nemli bir i\u015f toplant\u0131s\u0131na, ister resmi bir etkinli\u011fe veya \u00f6zel bir kutlamaya gidiyor olun, fark yaratmak i\u00e7in tasarlanm\u0131\u015ft\u0131r. Her bir \u00e7ift, geleneksel i\u015f\u00e7ilik ve modern konforun m\u00fckemmel kar\u0131\u015f\u0131m\u0131n\u0131 b\u00fcnyesinde bar\u0131nd\u0131rarak en iyi \u015fekilde g\u00f6r\u00fcnmenizi ve hissetmenizi sa\u011flar.<\/p>\n<h3>\u00dcst\u00fcn Kalite i\u00e7in Premium Malzemeler<\/h3>\n<p>Bu istisnai \u00e7al\u0131\u015fmalar\u0131n merkezinde <\/p>\n<p>Erkek Siyah Deri Elbise Ayakkab\u0131s\u0131<\/p>\n<p> \u00fcst\u00fcn malzeme se\u00e7imidir. \u00dcst k\u0131s\u0131m, p\u00fcr\u00fczs\u00fcz dokusu, dayan\u0131kl\u0131l\u0131\u011f\u0131 ve zaman i\u00e7inde zengin bir patine geli\u015ftirme yetene\u011fi ile tan\u0131nan y\u00fcksek kaliteli dana derisinden \u00fcretilmi\u015ftir. \u00c7eyrek k\u0131s\u0131mdaki ince dokulu desenle tamamlanan \u015f\u0131k siyah kaplama, hem \u00e7ok y\u00f6nl\u00fc hem de kal\u0131c\u0131 olan sofistike bir estetik sa\u011flar. \u0130\u00e7 k\u0131s\u0131mda, ayaklar\u0131n\u0131z yumu\u015fak ve nefes alabilen ke\u00e7i derisi astarla sar\u0131lacak, l\u00fcks bir his sunacak ve g\u00fcn boyunca rahat etmenizi sa\u011flamak i\u00e7in uygun hava dola\u015f\u0131m\u0131n\u0131 te\u015fvik edecektir.<\/p>\n<h3>Rakipsiz Konfor ve Klasik Tasar\u0131m<\/h3>\n<p>\u00c7arp\u0131c\u0131 g\u00f6r\u00fcn\u00fcmlerinin \u00f6tesinde, bu <\/p>\n<p>Erkek Siyah Deri Elbise Ayakkab\u0131s\u0131<\/p>\n<p> rahatli\u011finiza \u00f6nceli\u0307k veri\u0307n. Hafif ve esnek EVA taban, her ad\u0131mda darbeyi emerek m\u00fckemmel yast\u0131klama ve destek sa\u011flar. Bu modern taban teknolojisi, yorulmadan saatlerce ayakta kalabilmenizi sa\u011flayarak bu ayakkab\u0131lar\u0131 ofiste uzun g\u00fcnler veya uzun ak\u015fam etkinlikleri i\u00e7in ideal hale getirir. Klasik ba\u011fc\u0131kl\u0131 tasar\u0131m g\u00fcvenli ve ayarlanabilir bir uyum sa\u011flarken, zarif silueti bu ayakkab\u0131lar\u0131 her t\u00fcrl\u00fc resmi gard\u0131rop i\u00e7in m\u00fckemmel bir eklenti haline getirir. 40 ila 44 numara aras\u0131nda mevcut oldu\u011fundan, m\u00fckemmel uyumunuzu bulmak zahmetsizdir.<\/p>\n<h3>Her Durum i\u00e7in \u00c7ok Y\u00f6nl\u00fcl\u00fck<\/h3>\n<p>Klasik Siyah Dana Derisi Erkek Elbise Ayakkab\u0131lar\u0131m\u0131z bir ayakkab\u0131dan \u00e7ok daha fazlas\u0131d\u0131r; stil ve \u00e7ok y\u00f6nl\u00fcl\u00fc\u011fe yap\u0131lan bir yat\u0131r\u0131md\u0131r. Klasik tasar\u0131mlar\u0131, onlar\u0131 tak\u0131m elbiseler, smokinler ve hatta \u015f\u0131k g\u00fcndelik k\u0131yafetlerle sorunsuz bir \u015fekilde e\u015fle\u015ftirerek \u00e7ok \u00e7e\u015fitli durumlar i\u00e7in uygun hale getirir. Profesyonel k\u0131yafetlerinizi y\u00fckseltin, sosyal toplant\u0131larda dikkatleri \u00fczerinize \u00e7ekin veya sadece ustal\u0131kla haz\u0131rlanm\u0131\u015f ayakkab\u0131lar\u0131n zarif konforunun tad\u0131n\u0131 \u00e7\u0131kar\u0131n. Birinci s\u0131n\u0131f \u00fcr\u00fcnler sunmak isteyen i\u015fletmeler i\u00e7in bu <\/p>\n<p>Erkek Siyah Deri Elbise Ayakkab\u0131s\u0131<\/p>\n<p> minimum 16 \u00e7ift sipari\u015f miktar\u0131 ile toptan sat\u0131n al\u0131nabilir, bu da onlar\u0131 y\u00fcksek kaliteli erkek ayakkab\u0131s\u0131 arayan perakendeciler i\u00e7in m\u00fckemmel bir se\u00e7im haline getirir.<\/p>","protected":false},"excerpt":{"rendered":"<ul>\n<li>Sofistike bir g\u00f6r\u00fcn\u00fcm i\u00e7in zarif dana derisi saya<\/li>\n<li>L\u00fcks ke\u00e7i derisi astar ola\u011fan\u00fcst\u00fc konfor sa\u011flar<\/li>\n<li>T\u00fcm g\u00fcn kullan\u0131m i\u00e7in hafif ve esnek EVA taban<\/li>\n<li>Zamans\u0131z klasik tasar\u0131m, resmi ve i\u015f ortamlar\u0131 i\u00e7in m\u00fckemmel<\/li>\n<li>Minimum 16 \u00e7ift sipari\u015f ile toptan sat\u0131\u015f mevcuttur<\/li>\n<\/ul>","protected":false},"featured_media":6982,"template":"","meta":{"_acf_changed":false,"_uag_custom_page_level_css":"","site-sidebar-layout":"default","site-content-layout":"","ast-site-content-layout":"default","site-content-style":"default","site-sidebar-style":"default","ast-global-header-display":"","ast-banner-title-visibility":"","ast-main-header-display":"","ast-hfb-above-header-display":"","ast-hfb-below-header-display":"","ast-hfb-mobile-header-display":"","site-post-title":"","ast-breadcrumbs-content":"","ast-featured-img":"","footer-sml-layout":"","ast-disable-related-posts":"","theme-transparent-header-meta":"","adv-header-id-meta":"","stick-header-meta":"","header-above-stick-meta":"","header-main-stick-meta":"","header-below-stick-meta":"","astra-migrate-meta-layouts":"default","ast-page-background-enabled":"default","ast-page-background-meta":{"desktop":{"background-color":"var(--ast-global-color-4)","background-image":"","background-repeat":"repeat","background-position":"center center","background-size":"auto","background-attachment":"scroll","background-type":"","background-media":"","overlay-type":"","overlay-color":"","overlay-opacity":"","overlay-gradient":""},"tablet":{"background-color":"","background-image":"","background-repeat":"repeat","background-position":"center center","background-size":"auto","background-attachment":"scroll","background-type":"","background-media":"","overlay-type":"","overlay-color":"","overlay-opacity":"","overlay-gradient":""},"mobile":{"background-color":"","background-image":"","background-repeat":"repeat","background-position":"center center","background-size":"auto","background-attachment":"scroll","background-type":"","background-media":"","overlay-type":"","overlay-color":"","overlay-opacity":"","overlay-gradient":""}},"ast-content-background-meta":{"desktop":{"background-color":"var(--ast-global-color-5)","background-image":"","background-repeat":"repeat","background-position":"center center","background-size":"auto","background-attachment":"scroll","background-type":"","background-media":"","overlay-type":"","overlay-color":"","overlay-opacity":"","overlay-gradient":""},"tablet":{"background-color":"var(--ast-global-color-5)","background-image":"","background-repeat":"repeat","background-position":"center center","background-size":"auto","background-attachment":"scroll","background-type":"","background-media":"","overlay-type":"","overlay-color":"","overlay-opacity":"","overlay-gradient":""},"mobile":{"background-color":"var(--ast-global-color-5)","background-image":"","background-repeat":"repeat","background-position":"center center","background-size":"auto","background-attachment":"scroll","background-type":"","background-media":"","overlay-type":"","overlay-color":"","overlay-opacity":"","overlay-gradient":""}}},"product_brand":[],"product_cat":[47,430,1200],"product_tag":[196,405,202,754,438,251,189,324,254],"class_list":{"0":"post-8108","1":"product","2":"type-product","3":"status-publish","4":"has-post-thumbnail","6":"product_cat-classic","7":"product_cat-men","8":"product_cat-mens-shoes-2","9":"product_tag-black-leather-shoes","10":"product_tag-business-shoes","11":"product_tag-calf-leather","12":"product_tag-classic-mens-shoes","13":"product_tag-eva-sole","14":"product_tag-formal-shoes","15":"product_tag-goat-leather-lining","16":"product_tag-mens-dress-shoes","17":"product_tag-wholesale-footwear","18":"desktop-align-center","19":"tablet-align-center","20":"mobile-align-center","22":"first","23":"instock","24":"shipping-taxable","25":"purchasable","26":"product-type-variable","27":"has-default-attributes"},"acf":[],"uagb_featured_image_src":{"full":["https:\/\/turkishtrade.co\/wp-content\/uploads\/2026\/01\/2600NZTMN00010-BLACK.png",453,250,false],"thumbnail":["https:\/\/turkishtrade.co\/wp-content\/uploads\/2026\/01\/2600NZTMN00010-BLACK-150x150.png",150,150,true],"medium":["https:\/\/turkishtrade.co\/wp-content\/uploads\/2026\/01\/2600NZTMN00010-BLACK-300x166.png",300,166,true],"medium_large":["https:\/\/turkishtrade.co\/wp-content\/uploads\/2026\/01\/2600NZTMN00010-BLACK.png",453,250,false],"large":["https:\/\/turkishtrade.co\/wp-content\/uploads\/2026\/01\/2600NZTMN00010-BLACK.png",453,250,false],"1536x1536":["https:\/\/turkishtrade.co\/wp-content\/uploads\/2026\/01\/2600NZTMN00010-BLACK.png",453,250,false],"2048x2048":["https:\/\/turkishtrade.co\/wp-content\/uploads\/2026\/01\/2600NZTMN00010-BLACK.png",453,250,false],"trp-custom-language-flag":["https:\/\/turkishtrade.co\/wp-content\/uploads\/2026\/01\/2600NZTMN00010-BLACK-18x10.png",18,10,true],"woocommerce_thumbnail":["https:\/\/turkishtrade.co\/wp-content\/uploads\/2026\/01\/2600NZTMN00010-BLACK-400x250.png",400,250,true],"woocommerce_single":["https:\/\/turkishtrade.co\/wp-content\/uploads\/2026\/01\/2600NZTMN00010-BLACK.png",453,250,false],"woocommerce_gallery_thumbnail":["https:\/\/turkishtrade.co\/wp-content\/uploads\/2026\/01\/2600NZTMN00010-BLACK-100x100.png",100,100,true]},"uagb_author_info":{"display_name":"python python","author_link":"https:\/\/turkishtrade.co\/tr\/author\/"},"uagb_comment_info":0,"uagb_excerpt":"Exquisite calf leather upper for a sophisticated finish Luxurious goat leather lining ensures exceptional comfort Lightweight and flexible EVA sole for all-day wear Timeless classic design, perfect for formal and business occasions Wholesale available with a minimum order of 16 pairs","_links":{"self":[{"href":"https:\/\/turkishtrade.co\/tr\/wp-json\/wp\/v2\/product\/8108","targetHints":{"allow":["GET"]}}],"collection":[{"href":"https:\/\/turkishtrade.co\/tr\/wp-json\/wp\/v2\/product"}],"about":[{"href":"https:\/\/turkishtrade.co\/tr\/wp-json\/wp\/v2\/types\/product"}],"wp:featuredmedia":[{"embeddable":true,"href":"https:\/\/turkishtrade.co\/tr\/wp-json\/wp\/v2\/media\/6982"}],"wp:attachment":[{"href":"https:\/\/turkishtrade.co\/tr\/wp-json\/wp\/v2\/media?parent=8108"}],"wp:term":[{"taxonomy":"product_brand","embeddable":true,"href":"https:\/\/turkishtrade.co\/tr\/wp-json\/wp\/v2\/product_brand?post=8108"},{"taxonomy":"product_cat","embeddable":true,"href":"https:\/\/turkishtrade.co\/tr\/wp-json\/wp\/v2\/product_cat?post=8108"},{"taxonomy":"product_tag","embeddable":true,"href":"https:\/\/turkishtrade.co\/tr\/wp-json\/wp\/v2\/product_tag?post=8108"}],"curies":[{"name":"wp","href":"https:\/\/api.w.org\/{rel}","templated":true}]}}