{"id":8091,"date":"2026-01-29T14:47:27","date_gmt":"2026-01-29T14:47:27","guid":{"rendered":"https:\/\/turkishtrade.co\/?post_type=product&#038;p=8091"},"modified":"2026-04-09T20:36:17","modified_gmt":"2026-04-09T20:36:17","slug":"mens-leather-classic-loafers","status":"publish","type":"product","link":"https:\/\/turkishtrade.co\/tr\/shop\/mens-leather-classic-loafers\/","title":{"rendered":"Erkek Deri Klasik Loaferlar Rakipsiz | Erkek Klasik Dana Derisi Slip-On"},"content":{"rendered":"<p><strong>Erkek Deri Klasik Loafer'lar<\/strong>. Rakipsiz kalite ve tasar\u0131m.<\/p>\n<p>Enfes tasar\u0131m\u0131m\u0131zla benzersiz bir stil ve konfora ad\u0131m at\u0131n <strong>Erkek Deri Klasik Loafer'lar<\/strong>. En iyi malzemelerden titizlikle \u00fcretilen bu mokasen ayakkab\u0131lar, hem \u015f\u0131kl\u0131\u011fa hem de g\u00fcnl\u00fck giyilebilirli\u011fe de\u011fer veren se\u00e7ici beyefendiler i\u00e7in tasarlanm\u0131\u015ft\u0131r. Zengin, perdahlanm\u0131\u015f kahverengi dana derisi saya, zamans\u0131z bir sofistike g\u00f6r\u00fcn\u00fcm sergileyerek bu ayakkab\u0131lar\u0131 toplant\u0131 odalar\u0131ndan rahat hafta sonu gezmelerine kadar her gard\u0131rop i\u00e7in \u00e7ok y\u00f6nl\u00fc bir eklenti haline getirir. S\u0131rt k\u0131sm\u0131ndaki ince delikli detaylar, bu mokasen ayakkab\u0131lar\u0131 s\u0131radanl\u0131ktan ay\u0131rarak benzersiz bir karakter katar.<\/p>\n<h3>Rakipsiz Konfor ve Birinci S\u0131n\u0131f Malzemeler<\/h3>\n<p>Bunlar\u0131 ger\u00e7ekten ay\u0131ran \u015fey <strong>Erkek Deri Klasik Loafer'lar<\/strong> kaliteden \u00f6d\u00fcn vermeden konfora olan ba\u011fl\u0131l\u0131klar\u0131d\u0131r. \u00dcst k\u0131s\u0131m, ola\u011fan\u00fcst\u00fc yumu\u015fakl\u0131\u011f\u0131, dayan\u0131kl\u0131l\u0131\u011f\u0131 ve zaman i\u00e7inde aya\u011f\u0131n\u0131za uyum sa\u011flayarak ki\u015fiselle\u015ftirilmi\u015f bir uyum sa\u011flamas\u0131yla bilinen esnek dana derisinden yap\u0131lm\u0131\u015ft\u0131r. \u0130\u00e7 k\u0131s\u0131mda ayaklar\u0131n\u0131z, uzun s\u00fcreli kullan\u0131mdan sonra bile rahats\u0131zl\u0131\u011f\u0131 \u00f6nleyen, \u00fcst\u00fcn nefes alabilirlik ve p\u00fcr\u00fczs\u00fcz, yumu\u015fak bir dokunu\u015f sunan l\u00fcks ke\u00e7i derisi astarla sar\u0131l\u0131r. Birinci s\u0131n\u0131f derilerin bu kombinasyonu, her ad\u0131mda takdir edece\u011finiz zengin bir his sa\u011flar.<\/p>\n<h3>T\u00fcm G\u00fcn Kullan\u0131m i\u00e7in Hafif Tasar\u0131m<\/h3>\n<p>Geli\u015fmi\u015f EVA taban sayesinde en \u00fcst d\u00fczeyde hafif esnekli\u011fi deneyimleyin. Geleneksel a\u011f\u0131r tabanlardan farkl\u0131 olarak EVA taban m\u00fckemmel \u015fok emilimi ve yast\u0131klama sa\u011flayarak bu <strong>Erkek Deri Klasik Loafer'lar<\/strong> t\u00fcm g\u00fcn kullan\u0131m i\u00e7in inan\u0131lmaz derecede rahat. \u0130ster \u015fehir sokaklar\u0131nda geziniyor ister uzun s\u00fcre ayakta duruyor olun, EVA taban yorgunlu\u011fu en aza indirerek kolayl\u0131kla ve g\u00fcvenle hareket etmenizi sa\u011flar. Sa\u011flam ancak esnek taban ayn\u0131 zamanda g\u00fcvenilir \u00e7eki\u015f g\u00fcc\u00fc sunarak \u00e7e\u015fitli y\u00fczeylerde denge sa\u011flar.<\/p>\n<h3>\u00c7ok Y\u00f6nl\u00fc Stil ve Toptan Sat\u0131\u015f F\u0131rsat\u0131<\/h3>\n<p>Klasik Buza\u011f\u0131 Derisi Slip-On Loafer'lar\u0131m\u0131z \u00e7ok y\u00f6nl\u00fc ayakkab\u0131lar\u0131n \u00f6z\u00fcd\u00fcr. Zarif tasar\u0131mlar\u0131, \u015f\u0131k bir i\u015f g\u00fcndelik g\u00f6r\u00fcn\u00fcm\u00fc i\u00e7in \u00f6zel dikim pantolonlarla e\u015fle\u015ftirmekten, sofistike bir ak\u0131ll\u0131 g\u00fcndelik topluluk i\u00e7in chino pantolonlar\u0131 veya kot pantolonlar\u0131 tamamlamaya kadar \u00e7e\u015fitli durumlar i\u00e7in m\u00fckemmel \u015fekilde uygundur. Geleneksel i\u015f\u00e7ili\u011fi modern konforla harmanlayan bir ayakkab\u0131yla ki\u015fisel tarz\u0131n\u0131z\u0131 y\u00fckseltin. Birinci s\u0131n\u0131f ayakkab\u0131lar sunmak isteyen i\u015fletmeler i\u00e7in bu ola\u011fan\u00fcst\u00fc mokasen ayakkab\u0131lar, minimum 16 \u00e7iftlik toptan sipari\u015fler i\u00e7in mevcuttur ve bu da onlar\u0131 y\u00fcksek kaliteli erkek ayakkab\u0131lar\u0131 arayan perakendeciler i\u00e7in m\u00fckemmel bir se\u00e7im haline getirir.<\/p>","protected":false},"excerpt":{"rendered":"<ul>\n<li>Sofistike bir g\u00f6r\u00fcn\u00fcm ve uzun s\u00fcreli dayan\u0131kl\u0131l\u0131k i\u00e7in birinci s\u0131n\u0131f dana derisi saya.<\/li>\n<li>L\u00fcks ke\u00e7i derisi astar ola\u011fan\u00fcst\u00fc nefes alabilirlik ve konfor sa\u011flar.<\/li>\n<li>Hafif ve esnek EVA taban g\u00fcn boyu yast\u0131klama ve destek sa\u011flar.<\/li>\n<li>S\u0131rt k\u0131sm\u0131nda zarif delikli detaylara sahip zamans\u0131z slip-on tasar\u0131m.<\/li>\n<li>Smart casual, business casual veya resmi davetler i\u00e7in idealdir.<\/li>\n<li>Minimum 16 \u00e7ift sipari\u015f miktar\u0131 ile toptan sat\u0131n al\u0131nabilir.<\/li>\n<\/ul>","protected":false},"featured_media":7003,"template":"","meta":{"_acf_changed":false,"_uag_custom_page_level_css":"","site-sidebar-layout":"default","site-content-layout":"","ast-site-content-layout":"default","site-content-style":"default","site-sidebar-style":"default","ast-global-header-display":"","ast-banner-title-visibility":"","ast-main-header-display":"","ast-hfb-above-header-display":"","ast-hfb-below-header-display":"","ast-hfb-mobile-header-display":"","site-post-title":"","ast-breadcrumbs-content":"","ast-featured-img":"","footer-sml-layout":"","ast-disable-related-posts":"","theme-transparent-header-meta":"","adv-header-id-meta":"","stick-header-meta":"","header-above-stick-meta":"","header-main-stick-meta":"","header-below-stick-meta":"","astra-migrate-meta-layouts":"default","ast-page-background-enabled":"default","ast-page-background-meta":{"desktop":{"background-color":"var(--ast-global-color-4)","background-image":"","background-repeat":"repeat","background-position":"center center","background-size":"auto","background-attachment":"scroll","background-type":"","background-media":"","overlay-type":"","overlay-color":"","overlay-opacity":"","overlay-gradient":""},"tablet":{"background-color":"","background-image":"","background-repeat":"repeat","background-position":"center center","background-size":"auto","background-attachment":"scroll","background-type":"","background-media":"","overlay-type":"","overlay-color":"","overlay-opacity":"","overlay-gradient":""},"mobile":{"background-color":"","background-image":"","background-repeat":"repeat","background-position":"center center","background-size":"auto","background-attachment":"scroll","background-type":"","background-media":"","overlay-type":"","overlay-color":"","overlay-opacity":"","overlay-gradient":""}},"ast-content-background-meta":{"desktop":{"background-color":"var(--ast-global-color-5)","background-image":"","background-repeat":"repeat","background-position":"center center","background-size":"auto","background-attachment":"scroll","background-type":"","background-media":"","overlay-type":"","overlay-color":"","overlay-opacity":"","overlay-gradient":""},"tablet":{"background-color":"var(--ast-global-color-5)","background-image":"","background-repeat":"repeat","background-position":"center center","background-size":"auto","background-attachment":"scroll","background-type":"","background-media":"","overlay-type":"","overlay-color":"","overlay-opacity":"","overlay-gradient":""},"mobile":{"background-color":"var(--ast-global-color-5)","background-image":"","background-repeat":"repeat","background-position":"center center","background-size":"auto","background-attachment":"scroll","background-type":"","background-media":"","overlay-type":"","overlay-color":"","overlay-opacity":"","overlay-gradient":""}}},"product_brand":[],"product_cat":[47,430,1200],"product_tag":[147,185,213,457,438,1249,215,186,184,281],"class_list":{"0":"post-8091","1":"product","2":"type-product","3":"status-publish","4":"has-post-thumbnail","6":"product_cat-classic","7":"product_cat-men","8":"product_cat-mens-shoes-2","9":"product_tag-brown-loafers","10":"product_tag-calf-leather-shoes","11":"product_tag-casual-dress-shoes","12":"product_tag-classic-loafers","13":"product_tag-eva-sole","14":"product_tag-goat-lining","15":"product_tag-leather-loafers","16":"product_tag-mens-loafers","17":"product_tag-slip-on-shoes","18":"product_tag-wholesale-shoes","19":"desktop-align-center","20":"tablet-align-center","21":"mobile-align-center","23":"first","24":"instock","25":"shipping-taxable","26":"purchasable","27":"product-type-variable","28":"has-default-attributes"},"acf":[],"uagb_featured_image_src":{"full":["https:\/\/turkishtrade.co\/wp-content\/uploads\/2026\/01\/2600NZTMN00009-BLACK.png",453,250,false],"thumbnail":["https:\/\/turkishtrade.co\/wp-content\/uploads\/2026\/01\/2600NZTMN00009-BLACK-150x150.png",150,150,true],"medium":["https:\/\/turkishtrade.co\/wp-content\/uploads\/2026\/01\/2600NZTMN00009-BLACK-300x166.png",300,166,true],"medium_large":["https:\/\/turkishtrade.co\/wp-content\/uploads\/2026\/01\/2600NZTMN00009-BLACK.png",453,250,false],"large":["https:\/\/turkishtrade.co\/wp-content\/uploads\/2026\/01\/2600NZTMN00009-BLACK.png",453,250,false],"1536x1536":["https:\/\/turkishtrade.co\/wp-content\/uploads\/2026\/01\/2600NZTMN00009-BLACK.png",453,250,false],"2048x2048":["https:\/\/turkishtrade.co\/wp-content\/uploads\/2026\/01\/2600NZTMN00009-BLACK.png",453,250,false],"trp-custom-language-flag":["https:\/\/turkishtrade.co\/wp-content\/uploads\/2026\/01\/2600NZTMN00009-BLACK-18x10.png",18,10,true],"woocommerce_thumbnail":["https:\/\/turkishtrade.co\/wp-content\/uploads\/2026\/01\/2600NZTMN00009-BLACK-400x250.png",400,250,true],"woocommerce_single":["https:\/\/turkishtrade.co\/wp-content\/uploads\/2026\/01\/2600NZTMN00009-BLACK.png",453,250,false],"woocommerce_gallery_thumbnail":["https:\/\/turkishtrade.co\/wp-content\/uploads\/2026\/01\/2600NZTMN00009-BLACK-100x100.png",100,100,true]},"uagb_author_info":{"display_name":"python python","author_link":"https:\/\/turkishtrade.co\/tr\/author\/"},"uagb_comment_info":0,"uagb_excerpt":"Premium calf leather upper for a sophisticated look and lasting durability. Luxurious goat leather lining provides exceptional breathability and comfort. Lightweight and flexible EVA sole ensures all-day cushioning and support. Timeless slip-on design with elegant perforated detailing on the vamp. Ideal for smart casual, business casual, or formal occasions. Available for wholesale purchase with a&hellip;","_links":{"self":[{"href":"https:\/\/turkishtrade.co\/tr\/wp-json\/wp\/v2\/product\/8091","targetHints":{"allow":["GET"]}}],"collection":[{"href":"https:\/\/turkishtrade.co\/tr\/wp-json\/wp\/v2\/product"}],"about":[{"href":"https:\/\/turkishtrade.co\/tr\/wp-json\/wp\/v2\/types\/product"}],"wp:featuredmedia":[{"embeddable":true,"href":"https:\/\/turkishtrade.co\/tr\/wp-json\/wp\/v2\/media\/7003"}],"wp:attachment":[{"href":"https:\/\/turkishtrade.co\/tr\/wp-json\/wp\/v2\/media?parent=8091"}],"wp:term":[{"taxonomy":"product_brand","embeddable":true,"href":"https:\/\/turkishtrade.co\/tr\/wp-json\/wp\/v2\/product_brand?post=8091"},{"taxonomy":"product_cat","embeddable":true,"href":"https:\/\/turkishtrade.co\/tr\/wp-json\/wp\/v2\/product_cat?post=8091"},{"taxonomy":"product_tag","embeddable":true,"href":"https:\/\/turkishtrade.co\/tr\/wp-json\/wp\/v2\/product_tag?post=8091"}],"curies":[{"name":"wp","href":"https:\/\/api.w.org\/{rel}","templated":true}]}}