{"id":8090,"date":"2026-01-29T14:47:27","date_gmt":"2026-01-29T14:47:27","guid":{"rendered":"https:\/\/turkishtrade.co\/?post_type=product&#038;p=8090"},"modified":"2026-04-09T20:36:19","modified_gmt":"2026-04-09T20:36:19","slug":"classic-brown-leather-oxford-shoes","status":"publish","type":"product","link":"https:\/\/turkishtrade.co\/tr\/shop\/classic-brown-leather-oxford-shoes\/","title":{"rendered":"Klasik Kahverengi Deri Oxford Ayakkab\u0131 \u0130nan\u0131lmaz | Klasik Kahverengi Dana Derisi Oxford"},"content":{"rendered":"<p><strong>Klasik Kahverengi Deri Oxford Ayakkab\u0131<\/strong>. \u0130nan\u0131lmaz kalite ve tasar\u0131m.<\/p>\n<p>Resmi ve \u015f\u0131k g\u00fcnl\u00fck gard\u0131robunuzu se\u00e7kin \u00fcr\u00fcnlerimizle geli\u015ftirin <strong>Klasik Kahverengi Deri Oxford Ayakkab\u0131<\/strong>. \u00d6zenle haz\u0131rlanm\u0131\u015f bu ayakkab\u0131lar, hem geleneksel tarz\u0131 hem de modern konforu takdir eden se\u00e7ici beyefendiler i\u00e7in tasarlanm\u0131\u015ft\u0131r. Y\u00fcksek kaliteli dana derisinden \u00fcretilen zengin kahverengi tonu \u00e7ok y\u00f6nl\u00fcl\u00fck sunarak bu ayakkab\u0131lar\u0131 i\u015f toplant\u0131lar\u0131, d\u00fc\u011f\u00fcnler veya herhangi bir sofistike etkinlik i\u00e7in m\u00fckemmel bir arkada\u015f haline getirir.<\/p>\n<h3>Benzersiz \u0130\u015f\u00e7ilik ve \u00dcst\u00fcn Kaliteli Malzemeler<\/h3>\n<p>Bizim <strong>Klasik Kahverengi Deri Oxford Ayakkab\u0131<\/strong> \u00fcst\u00fcn ayakkab\u0131 i\u015f\u00e7ili\u011finin bir kan\u0131t\u0131d\u0131r. \u00dcst k\u0131s\u0131m, p\u00fcr\u00fczs\u00fcz dokusu, dayan\u0131kl\u0131l\u0131\u011f\u0131 ve zaman i\u00e7inde benzersiz bir patina geli\u015ftirerek zarif bir \u015fekilde ya\u015flanma kabiliyeti ile bilinen hakiki dana derisinden yap\u0131lm\u0131\u015ft\u0131r. \u0130\u00e7 k\u0131s\u0131mda, ayaklar\u0131n\u0131z yumu\u015fak ve nefes alabilen ke\u00e7i derisi astarla sar\u0131l\u0131r ve g\u00fcn boyunca maksimum konfor sa\u011flar. Bu birinci s\u0131n\u0131f astar, s\u0131cakl\u0131\u011f\u0131 d\u00fczenlemeye yard\u0131mc\u0131 olur ve nemi uzakla\u015ft\u0131rarak ayaklar\u0131n\u0131z\u0131n ferah kalmas\u0131n\u0131 sa\u011flar.<\/p>\n<p>Tasar\u0131m, burun k\u0131sm\u0131ndaki zarif brogue detay\u0131 ile zenginle\u015ftirilerek klasik \u015f\u0131kl\u0131\u011fa bir dokunu\u015f kat\u0131yor. \u00c7eyrek k\u0131s\u0131mdaki benzersiz dokulu desen, bu oxford ayakkab\u0131lar\u0131 s\u0131radan ayakkab\u0131lardan ay\u0131rarak daha da farkl\u0131la\u015ft\u0131r\u0131r. Her bir diki\u015fi kaliteye adanm\u0131\u015fl\u0131\u011f\u0131 yans\u0131t\u0131r ve \u015f\u0131k oldu\u011fu kadar sa\u011flam bir \u00e7ift ayakkab\u0131y\u0131 garanti eder. Bunlar sadece ayakkab\u0131 de\u011fil; kal\u0131c\u0131 stil ve konfora yap\u0131lan bir yat\u0131r\u0131md\u0131r.<\/p>\n<h3>Modern \u0130nsan i\u00e7in Konfor ve Dayan\u0131kl\u0131l\u0131k<\/h3>\n<p>\u00c7arp\u0131c\u0131 esteti\u011finin \u00f6tesinde, bu <strong>Klasik Kahverengi Deri Oxford Ayakkab\u0131<\/strong> konfor i\u00e7in tasarlanm\u0131\u015ft\u0131r. Hafif ancak sa\u011flam EVA taban, ola\u011fan\u00fcst\u00fc yast\u0131klama ve \u015fok emilimi sa\u011flayarak uzun saatler boyunca ayaklar\u0131n\u0131z\u0131n \u00fczerinde kalman\u0131z\u0131 kolayla\u015ft\u0131r\u0131r. Bu modern taban malzemesi \u00fcst\u00fcn esneklik ve kavrama sunarak klasik siluetten \u00f6d\u00fcn vermeden denge sa\u011flar ve yorgunlu\u011fu azalt\u0131r. Resmi toplant\u0131lardan g\u00fcnl\u00fck ofis giyimine kadar bu ayakkab\u0131lar sizi rahat ve \u00f6zg\u00fcvenli tutacak.<\/p>\n<p>\u0130ster ki\u015fisel koleksiyonunuzu yenilemek istiyor olun, ister perakende i\u015fletmeniz i\u00e7in y\u00fcksek kaliteli ayakkab\u0131lar ar\u0131yor olun <strong>Klasik Kahverengi Deri Oxford Ayakkab\u0131<\/strong> m\u00fckemmel bir se\u00e7imdir. Minimum 16 \u00e7ift sipari\u015fle toptan sat\u0131\u015fa sunulan bu ayakkab\u0131lar ola\u011fan\u00fcst\u00fc de\u011fer ve stili temsil eder. Bu ger\u00e7ekten klasik kahverengi deri oxford ayakkab\u0131lar\u0131n zamans\u0131z \u00e7ekicili\u011fini ve \u00fcst\u00fcn konforunu kucaklay\u0131n ve her ad\u0131mda bir a\u00e7\u0131klama yap\u0131n.<\/p>","protected":false},"excerpt":{"rendered":"<ul>\n<li>Bu Klasik Kahverengi Deri Oxford Ayakkab\u0131 ile zamans\u0131z stili deneyimleyin.<\/li>\n<li>Zarif bir g\u00f6r\u00fcn\u00fcm ve his i\u00e7in birinci s\u0131n\u0131f dana derisinden \u00fcretilmi\u015ftir.<\/li>\n<li>Nefes alabilirlik ve yumu\u015fakl\u0131k sa\u011flayan rahat ke\u00e7i derisi astara sahiptir.<\/li>\n<li>Dayan\u0131kl\u0131 ancak hafif EVA taban m\u00fckemmel konfor ve tutu\u015f sa\u011flar.<\/li>\n<li>\u015eapkal\u0131 burunda zarif brogue detaylar ve kendine \u00f6zg\u00fc dokulu bir vampir.<\/li>\n<li>40-44 bedenleri mevcuttur.<\/li>\n<li>Minimum 16 \u00e7ift sipari\u015f ile toptan sat\u0131\u015f f\u0131rsatlar\u0131 mevcuttur.<\/li>\n<\/ul>","protected":false},"featured_media":6980,"template":"","meta":{"_acf_changed":false,"_uag_custom_page_level_css":"","site-sidebar-layout":"default","site-content-layout":"","ast-site-content-layout":"default","site-content-style":"default","site-sidebar-style":"default","ast-global-header-display":"","ast-banner-title-visibility":"","ast-main-header-display":"","ast-hfb-above-header-display":"","ast-hfb-below-header-display":"","ast-hfb-mobile-header-display":"","site-post-title":"","ast-breadcrumbs-content":"","ast-featured-img":"","footer-sml-layout":"","ast-disable-related-posts":"","theme-transparent-header-meta":"","adv-header-id-meta":"","stick-header-meta":"","header-above-stick-meta":"","header-main-stick-meta":"","header-below-stick-meta":"","astra-migrate-meta-layouts":"default","ast-page-background-enabled":"default","ast-page-background-meta":{"desktop":{"background-color":"var(--ast-global-color-4)","background-image":"","background-repeat":"repeat","background-position":"center center","background-size":"auto","background-attachment":"scroll","background-type":"","background-media":"","overlay-type":"","overlay-color":"","overlay-opacity":"","overlay-gradient":""},"tablet":{"background-color":"","background-image":"","background-repeat":"repeat","background-position":"center center","background-size":"auto","background-attachment":"scroll","background-type":"","background-media":"","overlay-type":"","overlay-color":"","overlay-opacity":"","overlay-gradient":""},"mobile":{"background-color":"","background-image":"","background-repeat":"repeat","background-position":"center center","background-size":"auto","background-attachment":"scroll","background-type":"","background-media":"","overlay-type":"","overlay-color":"","overlay-opacity":"","overlay-gradient":""}},"ast-content-background-meta":{"desktop":{"background-color":"var(--ast-global-color-5)","background-image":"","background-repeat":"repeat","background-position":"center center","background-size":"auto","background-attachment":"scroll","background-type":"","background-media":"","overlay-type":"","overlay-color":"","overlay-opacity":"","overlay-gradient":""},"tablet":{"background-color":"var(--ast-global-color-5)","background-image":"","background-repeat":"repeat","background-position":"center center","background-size":"auto","background-attachment":"scroll","background-type":"","background-media":"","overlay-type":"","overlay-color":"","overlay-opacity":"","overlay-gradient":""},"mobile":{"background-color":"var(--ast-global-color-5)","background-image":"","background-repeat":"repeat","background-position":"center center","background-size":"auto","background-attachment":"scroll","background-type":"","background-media":"","overlay-type":"","overlay-color":"","overlay-opacity":"","overlay-gradient":""}}},"product_brand":[],"product_cat":[47,430,1200],"product_tag":[654,292,1399,1285,609,287,201,1255,359,262],"class_list":{"0":"post-8090","1":"product","2":"type-product","3":"status-publish","4":"has-post-thumbnail","6":"product_cat-classic","7":"product_cat-men","8":"product_cat-mens-shoes-2","9":"product_tag-brogue-shoes","10":"product_tag-brown-leather-shoes","11":"product_tag-calf-leather-oxfords","12":"product_tag-classic-dress-shoes","13":"product_tag-elegant-mens-shoes","14":"product_tag-eva-sole-shoes","15":"product_tag-formal-footwear","16":"product_tag-goat-leather-lined","17":"product_tag-mens-oxford-shoes","18":"product_tag-wholesale-mens-shoes","19":"desktop-align-center","20":"tablet-align-center","21":"mobile-align-center","23":"first","24":"instock","25":"shipping-taxable","26":"purchasable","27":"product-type-variable","28":"has-default-attributes"},"acf":[],"uagb_featured_image_src":{"full":["https:\/\/turkishtrade.co\/wp-content\/uploads\/2026\/01\/2600NZTMN00008-BROWN.png",453,250,false],"thumbnail":["https:\/\/turkishtrade.co\/wp-content\/uploads\/2026\/01\/2600NZTMN00008-BROWN-150x150.png",150,150,true],"medium":["https:\/\/turkishtrade.co\/wp-content\/uploads\/2026\/01\/2600NZTMN00008-BROWN-300x166.png",300,166,true],"medium_large":["https:\/\/turkishtrade.co\/wp-content\/uploads\/2026\/01\/2600NZTMN00008-BROWN.png",453,250,false],"large":["https:\/\/turkishtrade.co\/wp-content\/uploads\/2026\/01\/2600NZTMN00008-BROWN.png",453,250,false],"1536x1536":["https:\/\/turkishtrade.co\/wp-content\/uploads\/2026\/01\/2600NZTMN00008-BROWN.png",453,250,false],"2048x2048":["https:\/\/turkishtrade.co\/wp-content\/uploads\/2026\/01\/2600NZTMN00008-BROWN.png",453,250,false],"trp-custom-language-flag":["https:\/\/turkishtrade.co\/wp-content\/uploads\/2026\/01\/2600NZTMN00008-BROWN-18x10.png",18,10,true],"woocommerce_thumbnail":["https:\/\/turkishtrade.co\/wp-content\/uploads\/2026\/01\/2600NZTMN00008-BROWN-400x250.png",400,250,true],"woocommerce_single":["https:\/\/turkishtrade.co\/wp-content\/uploads\/2026\/01\/2600NZTMN00008-BROWN.png",453,250,false],"woocommerce_gallery_thumbnail":["https:\/\/turkishtrade.co\/wp-content\/uploads\/2026\/01\/2600NZTMN00008-BROWN-100x100.png",100,100,true]},"uagb_author_info":{"display_name":"python python","author_link":"https:\/\/turkishtrade.co\/tr\/author\/"},"uagb_comment_info":0,"uagb_excerpt":"Experience timeless style with these Classic Brown Leather Oxford Shoes. Crafted from premium calf leather for a refined look and feel. Features a comfortable goat leather lining, ensuring breathability and softness. Durable yet lightweight EVA sole provides excellent comfort and traction. Elegant brogue detailing on the cap toe and a distinctive textured vamp. Available in&hellip;","_links":{"self":[{"href":"https:\/\/turkishtrade.co\/tr\/wp-json\/wp\/v2\/product\/8090","targetHints":{"allow":["GET"]}}],"collection":[{"href":"https:\/\/turkishtrade.co\/tr\/wp-json\/wp\/v2\/product"}],"about":[{"href":"https:\/\/turkishtrade.co\/tr\/wp-json\/wp\/v2\/types\/product"}],"wp:featuredmedia":[{"embeddable":true,"href":"https:\/\/turkishtrade.co\/tr\/wp-json\/wp\/v2\/media\/6980"}],"wp:attachment":[{"href":"https:\/\/turkishtrade.co\/tr\/wp-json\/wp\/v2\/media?parent=8090"}],"wp:term":[{"taxonomy":"product_brand","embeddable":true,"href":"https:\/\/turkishtrade.co\/tr\/wp-json\/wp\/v2\/product_brand?post=8090"},{"taxonomy":"product_cat","embeddable":true,"href":"https:\/\/turkishtrade.co\/tr\/wp-json\/wp\/v2\/product_cat?post=8090"},{"taxonomy":"product_tag","embeddable":true,"href":"https:\/\/turkishtrade.co\/tr\/wp-json\/wp\/v2\/product_tag?post=8090"}],"curies":[{"name":"wp","href":"https:\/\/api.w.org\/{rel}","templated":true}]}}