{"id":8089,"date":"2026-01-29T14:47:27","date_gmt":"2026-01-29T14:47:27","guid":{"rendered":"https:\/\/turkishtrade.co\/?post_type=product&#038;p=8089"},"modified":"2026-04-09T20:36:22","modified_gmt":"2026-04-09T20:36:22","slug":"classic-brown-calf-leather-shoes","status":"publish","type":"product","link":"https:\/\/turkishtrade.co\/tr\/shop\/classic-brown-calf-leather-shoes\/","title":{"rendered":"Klasik Kahverengi Dana Derisi Ayakkab\u0131 Authentic | Erkek Klasik Kahverengi Dana Derisi"},"content":{"rendered":"<p><strong>Klasik Kahverengi Dana Derisi Ayakkab\u0131<\/strong>. Otantik kalite ve tasar\u0131m.<\/p>\n<p>Ayakkab\u0131 koleksiyonunuzu se\u00e7kin \u00fcr\u00fcnlerimizle geli\u015ftirin <strong>Klasik Kahverengi Dana Derisi Derby Ayakkab\u0131<\/strong>. Se\u00e7kin beyefendiler i\u00e7in titizlikle tasarlanan bu ayakkab\u0131lar, geleneksel zarafet ve modern konforun m\u00fckemmel bir kar\u0131\u015f\u0131m\u0131n\u0131 temsil eder. Her bir \u00e7ift, \u00fcst\u00fcn i\u015f\u00e7ili\u011fin bir kan\u0131t\u0131d\u0131r ve d\u0131\u015far\u0131ya stil, g\u00fcven ve benzersiz bir konforla \u00e7\u0131kman\u0131z\u0131 sa\u011flar.<\/p>\n<h3>Klasik Kahverengi Deri Ayakkab\u0131lar\u0131m\u0131zla Rakipsiz Kalite ve Konfor<\/h3>\n<p>Bu g\u00f6rkemli \u00fcst k\u0131s\u0131m <strong>klasik kahverengi dana derisi ayakkab\u0131<\/strong> mevcut en iyi dana derisi olan birinci s\u0131n\u0131f \u2018dana deri'den \u00fcretilmi\u015ftir. Bu malzeme se\u00e7imi sadece zengin, l\u00fcks bir g\u00f6r\u00fcn\u00fcm sa\u011flamakla kalmaz, ayn\u0131 zamanda ola\u011fan\u00fcst\u00fc dayan\u0131kl\u0131l\u0131k ve zaman i\u00e7inde geli\u015fen g\u00fczel bir patina vaat eder. Burnu incelikle perdahlanm\u0131\u015f zengin kahverengi tonu, bu derby ayakkab\u0131lar\u0131 resmi i\u015f k\u0131yafetlerinden \u015f\u0131k g\u00fcndelik tak\u0131mlara kadar \u00e7ok \u00e7e\u015fitli k\u0131yafetleri tamamlayabilen, her gard\u0131rop i\u00e7in vazge\u00e7ilmez bir eklenti haline getirerek ola\u011fan\u00fcst\u00fc bir \u00e7ok y\u00f6nl\u00fcl\u00fck sunar. Bizim ayakkab\u0131lar\u0131m\u0131za yat\u0131r\u0131m <strong>klasik kahverengi dana derisi ayakkab\u0131<\/strong> kal\u0131c\u0131 kalite ve stile yat\u0131r\u0131m yapmak anlam\u0131na gelir.<\/p>\n<p>Hafif bir EVA taban olan yenilik\u00e7i \u2018eva taban\u2019 sayesinde g\u00fcn boyu konforu ya\u015fay\u0131n. Bu geli\u015fmi\u015f taban teknolojisi m\u00fckemmel yast\u0131klama ve esneklik sa\u011flayarak ayak yorgunlu\u011funu azalt\u0131r ve bu <strong>klasik kahverengi dana derisi ayakkab\u0131<\/strong> uzun s\u00fcreli kullan\u0131m i\u00e7in idealdir. Bu konforlu ve \u015f\u0131k <strong>klasik kahverengi dana derisi ayakkab\u0131<\/strong> Bu ola\u011fan\u00fcst\u00fc derby ayakkab\u0131lar\u0131n sundu\u011fu destek ve konfor i\u00e7in ayaklar\u0131n\u0131z\u0131n size te\u015fekk\u00fcr edece\u011finden emin olun.<\/p>\n<p>\u0130\u00e7eride, bunlar <strong>klasik kahverengi dana derisi ayakkab\u0131<\/strong> \u2018ici keci astar\u2019 - son derece yumu\u015fak ke\u00e7i derisi ile astarlanm\u0131\u015ft\u0131r. Bu do\u011fal astar, nefes alabilirli\u011fi ve nemi emme \u00f6zellikleriyle \u00fcnl\u00fcd\u00fcr ve ayaklar\u0131n\u0131z i\u00e7in sa\u011fl\u0131kl\u0131 ve rahat bir ortam yarat\u0131r. Birinci s\u0131n\u0131f dana derisi d\u0131\u015f y\u00fczey ve l\u00fcks ke\u00e7i derisi i\u00e7 y\u00fczey kombinasyonu, erkek resmi ayakkab\u0131lar\u0131nda yeni bir standart belirleyerek di\u011ferlerinden ger\u00e7ekten \u00fcst\u00fcn bir deneyim sunuyor.<\/p>\n<h3>Her Durum i\u00e7in Zamans\u0131z Stil<\/h3>\n<p>Bunlar\u0131n \u2018KLAS\u0130K\u2019 tasar\u0131m\u0131 <strong>klasik kahverengi dana derisi ayakkab\u0131<\/strong> koleksiyonunuzda y\u0131llarca temel bir par\u00e7a olarak kalmas\u0131n\u0131 sa\u011flar. \u015e\u0131k silueti ve zarif detaylar\u0131 sayesinde \u00f6nemli i\u015f toplant\u0131lar\u0131 ve kurumsal etkinliklerden d\u00fc\u011f\u00fcnlere, galalara ve sofistike sosyal toplant\u0131lara kadar pek \u00e7ok durum i\u00e7in uygundur. Bunlar\u0131 se\u00e7ti\u011finizde <strong>klasik kahverengi dana derisi ayakkab\u0131<\/strong>, asla solmayan zamans\u0131z bir stile yat\u0131r\u0131m yap\u0131yorsunuz, bu da onlar\u0131 her modern erkek i\u00e7in m\u00fckemmel bir se\u00e7im haline getiriyor.<\/p>\n<p>M\u00fc\u015fterilerine birinci s\u0131n\u0131f erkek ayakkab\u0131s\u0131 sunmak isteyen perakendeciler i\u00e7in bu <strong>dana derisi derby ayakkab\u0131<\/strong> minimum 16 \u00e7ift sipari\u015fle toptan sat\u0131n al\u0131nabilir. \u015e\u0131kl\u0131k, rahatl\u0131k ve kal\u0131c\u0131 cazibeyi bir araya getiren y\u00fcksek kaliteli, aranan elbise ayakkab\u0131lar\u0131 ile envanterinizi geni\u015fletin. Bunlar <strong>klasik kahverengi deri ayakkab\u0131lar<\/strong> en y\u00fcksek kalite ve stil beklentilerini kar\u015f\u0131lamak \u00fczere tasarlanm\u0131\u015ft\u0131r.<\/p>","protected":false},"excerpt":{"rendered":"<ul>\n<li>Birinci s\u0131n\u0131f malzemeden \u00fcretilmi\u015ftir <strong>dana derisi<\/strong> (\u2018dana deri\u2019) sofistike bir biti\u015f i\u00e7in.<\/li>\n<li>Hafif ve rahat bir yap\u0131ya sahiptir <strong>EVA taban<\/strong> (\u2018eva taban\u2019) t\u00fcm g\u00fcn kullan\u0131m i\u00e7in.<\/li>\n<li>Nefes alabilen l\u00fcks astarl\u0131 <strong>ke\u00e7i derisi<\/strong> (\u2018ici keci astar\u2019) \u00fcst\u00fcn konfor i\u00e7in.<\/li>\n<li>Zamans\u0131z <strong>klasik kahverengi<\/strong> Resmi veya i\u015f ortamlar\u0131 i\u00e7in m\u00fckemmel tasar\u0131m.<\/li>\n<li>Toptan sipari\u015fler i\u00e7in mevcuttur (minimum 16 \u00e7ift).<\/li>\n<\/ul>","protected":false},"featured_media":6979,"template":"","meta":{"_acf_changed":false,"_uag_custom_page_level_css":"","site-sidebar-layout":"default","site-content-layout":"","ast-site-content-layout":"default","site-content-style":"default","site-sidebar-style":"default","ast-global-header-display":"","ast-banner-title-visibility":"","ast-main-header-display":"","ast-hfb-above-header-display":"","ast-hfb-below-header-display":"","ast-hfb-mobile-header-display":"","site-post-title":"","ast-breadcrumbs-content":"","ast-featured-img":"","footer-sml-layout":"","ast-disable-related-posts":"","theme-transparent-header-meta":"","adv-header-id-meta":"","stick-header-meta":"","header-above-stick-meta":"","header-main-stick-meta":"","header-below-stick-meta":"","astra-migrate-meta-layouts":"default","ast-page-background-enabled":"default","ast-page-background-meta":{"desktop":{"background-color":"var(--ast-global-color-4)","background-image":"","background-repeat":"repeat","background-position":"center center","background-size":"auto","background-attachment":"scroll","background-type":"","background-media":"","overlay-type":"","overlay-color":"","overlay-opacity":"","overlay-gradient":""},"tablet":{"background-color":"","background-image":"","background-repeat":"repeat","background-position":"center center","background-size":"auto","background-attachment":"scroll","background-type":"","background-media":"","overlay-type":"","overlay-color":"","overlay-opacity":"","overlay-gradient":""},"mobile":{"background-color":"","background-image":"","background-repeat":"repeat","background-position":"center center","background-size":"auto","background-attachment":"scroll","background-type":"","background-media":"","overlay-type":"","overlay-color":"","overlay-opacity":"","overlay-gradient":""}},"ast-content-background-meta":{"desktop":{"background-color":"var(--ast-global-color-5)","background-image":"","background-repeat":"repeat","background-position":"center center","background-size":"auto","background-attachment":"scroll","background-type":"","background-media":"","overlay-type":"","overlay-color":"","overlay-opacity":"","overlay-gradient":""},"tablet":{"background-color":"var(--ast-global-color-5)","background-image":"","background-repeat":"repeat","background-position":"center center","background-size":"auto","background-attachment":"scroll","background-type":"","background-media":"","overlay-type":"","overlay-color":"","overlay-opacity":"","overlay-gradient":""},"mobile":{"background-color":"var(--ast-global-color-5)","background-image":"","background-repeat":"repeat","background-position":"center center","background-size":"auto","background-attachment":"scroll","background-type":"","background-media":"","overlay-type":"","overlay-color":"","overlay-opacity":"","overlay-gradient":""}}},"product_brand":[],"product_cat":[47,430,1200],"product_tag":[292,405,185,809,212,287,251,189,324],"class_list":{"0":"post-8089","1":"product","2":"type-product","3":"status-publish","4":"has-post-thumbnail","6":"product_cat-classic","7":"product_cat-men","8":"product_cat-mens-shoes-2","9":"product_tag-brown-leather-shoes","10":"product_tag-business-shoes","11":"product_tag-calf-leather-shoes","12":"product_tag-classic-mens-footwear","13":"product_tag-derby-shoes","14":"product_tag-eva-sole-shoes","15":"product_tag-formal-shoes","16":"product_tag-goat-leather-lining","17":"product_tag-mens-dress-shoes","18":"desktop-align-center","19":"tablet-align-center","20":"mobile-align-center","22":"first","23":"instock","24":"shipping-taxable","25":"purchasable","26":"product-type-variable","27":"has-default-attributes"},"acf":[],"uagb_featured_image_src":{"full":["https:\/\/turkishtrade.co\/wp-content\/uploads\/2026\/01\/2600NZTMN00007-CAMEL.png",453,250,false],"thumbnail":["https:\/\/turkishtrade.co\/wp-content\/uploads\/2026\/01\/2600NZTMN00007-CAMEL-150x150.png",150,150,true],"medium":["https:\/\/turkishtrade.co\/wp-content\/uploads\/2026\/01\/2600NZTMN00007-CAMEL-300x166.png",300,166,true],"medium_large":["https:\/\/turkishtrade.co\/wp-content\/uploads\/2026\/01\/2600NZTMN00007-CAMEL.png",453,250,false],"large":["https:\/\/turkishtrade.co\/wp-content\/uploads\/2026\/01\/2600NZTMN00007-CAMEL.png",453,250,false],"1536x1536":["https:\/\/turkishtrade.co\/wp-content\/uploads\/2026\/01\/2600NZTMN00007-CAMEL.png",453,250,false],"2048x2048":["https:\/\/turkishtrade.co\/wp-content\/uploads\/2026\/01\/2600NZTMN00007-CAMEL.png",453,250,false],"trp-custom-language-flag":["https:\/\/turkishtrade.co\/wp-content\/uploads\/2026\/01\/2600NZTMN00007-CAMEL-18x10.png",18,10,true],"woocommerce_thumbnail":["https:\/\/turkishtrade.co\/wp-content\/uploads\/2026\/01\/2600NZTMN00007-CAMEL-400x250.png",400,250,true],"woocommerce_single":["https:\/\/turkishtrade.co\/wp-content\/uploads\/2026\/01\/2600NZTMN00007-CAMEL.png",453,250,false],"woocommerce_gallery_thumbnail":["https:\/\/turkishtrade.co\/wp-content\/uploads\/2026\/01\/2600NZTMN00007-CAMEL-100x100.png",100,100,true]},"uagb_author_info":{"display_name":"python python","author_link":"https:\/\/turkishtrade.co\/tr\/author\/"},"uagb_comment_info":0,"uagb_excerpt":"Crafted from premium calf leather ('dana deri') for a sophisticated finish. Features a lightweight and comfortable EVA sole ('eva taban') for all-day wear. Luxuriously lined with breathable goat leather ('ici keci astar') for superior comfort. Timeless classic brown design perfect for formal or business occasions. Available for wholesale orders (minimum 16 pairs).","_links":{"self":[{"href":"https:\/\/turkishtrade.co\/tr\/wp-json\/wp\/v2\/product\/8089","targetHints":{"allow":["GET"]}}],"collection":[{"href":"https:\/\/turkishtrade.co\/tr\/wp-json\/wp\/v2\/product"}],"about":[{"href":"https:\/\/turkishtrade.co\/tr\/wp-json\/wp\/v2\/types\/product"}],"wp:featuredmedia":[{"embeddable":true,"href":"https:\/\/turkishtrade.co\/tr\/wp-json\/wp\/v2\/media\/6979"}],"wp:attachment":[{"href":"https:\/\/turkishtrade.co\/tr\/wp-json\/wp\/v2\/media?parent=8089"}],"wp:term":[{"taxonomy":"product_brand","embeddable":true,"href":"https:\/\/turkishtrade.co\/tr\/wp-json\/wp\/v2\/product_brand?post=8089"},{"taxonomy":"product_cat","embeddable":true,"href":"https:\/\/turkishtrade.co\/tr\/wp-json\/wp\/v2\/product_cat?post=8089"},{"taxonomy":"product_tag","embeddable":true,"href":"https:\/\/turkishtrade.co\/tr\/wp-json\/wp\/v2\/product_tag?post=8089"}],"curies":[{"name":"wp","href":"https:\/\/api.w.org\/{rel}","templated":true}]}}