{"id":8088,"date":"2026-01-29T14:47:27","date_gmt":"2026-01-29T14:47:27","guid":{"rendered":"https:\/\/turkishtrade.co\/?post_type=product&#038;p=8088"},"modified":"2026-04-09T20:36:24","modified_gmt":"2026-04-09T20:36:24","slug":"mens-black-tassel-loafers","status":"publish","type":"product","link":"https:\/\/turkishtrade.co\/tr\/shop\/mens-black-tassel-loafers\/","title":{"rendered":"Erkek Siyah P\u00fcsk\u00fcll\u00fc Loafer Proven | Erkek Klasik Siyah Dana Derisi"},"content":{"rendered":"<p><strong>Erkek Siyah P\u00fcsk\u00fcll\u00fc Loafer<\/strong>. Kan\u0131tlanm\u0131\u015f kalite ve tasar\u0131m.<\/p>\n<p>Birinci s\u0131n\u0131f \u00fcr\u00fcnlerimizle klasik sofistikeli\u011fin \u00f6z\u00fcn\u00fc ke\u015ffedin <strong>Erkek Siyah P\u00fcsk\u00fcll\u00fc Loafer<\/strong>. Se\u00e7kin beyefendiler i\u00e7in tasarlanan bu zarif ayakkab\u0131lar, geleneksel stili modern konforla kusursuz bir \u015fekilde harmanl\u0131yor. Bu mokasen ayakkab\u0131lar\u0131n her bir detay\u0131 kaliteli ayakkab\u0131c\u0131l\u0131k miras\u0131n\u0131 yans\u0131t\u0131yor ve onlar\u0131 her zarif gard\u0131robun vazge\u00e7ilmez bir par\u00e7as\u0131 haline getiriyor. \u0130ster resmi bir etkinli\u011fe kat\u0131l\u0131n, ister ofise gidin ya da sofistike bir sosyal toplant\u0131n\u0131n tad\u0131n\u0131 \u00e7\u0131kar\u0131n, bu <strong>erkek si\u0307yah p\u00fcsk\u00fcll\u00fc mokasen<\/strong> rafine bir zevkin ifadesi oldu\u011funuzdan emin olun.<\/p>\n<h3>Benzersiz \u0130\u015f\u00e7ilik ve Malzemeler<\/h3>\n<p>Bu zarif ayakkab\u0131lar\u0131n kalbinde kaliteye olan sars\u0131lmaz ba\u011fl\u0131l\u0131k yat\u0131yor. \u00dcst k\u0131s\u0131m, p\u00fcr\u00fczs\u00fcz dokusu, do\u011fal parlakl\u0131\u011f\u0131 ve ola\u011fan\u00fcst\u00fc dayan\u0131kl\u0131l\u0131\u011f\u0131 i\u00e7in se\u00e7ilen hakiki dana derisinden titizlikle \u00fcretilmi\u015ftir. Bu birinci s\u0131n\u0131f dana derisi, ayakkab\u0131n\u0131z\u0131n <strong>Erkek Siyah P\u00fcsk\u00fcll\u00fc Loafer<\/strong> sadece muhte\u015fem g\u00f6r\u00fcnmekle kalmaz, ayn\u0131 zamanda ya\u015fland\u0131k\u00e7a benzersiz bir patina geli\u015ftirerek zamana kar\u015f\u0131 da dayan\u0131kl\u0131d\u0131r. Sa\u011flam d\u0131\u015f y\u00fczeyi tamamlayan son derece yumu\u015fak ke\u00e7i derisi astar, ayaklar\u0131n\u0131z\u0131 rahat\u00e7a sarar. Ke\u00e7i derisi nefes alabilirli\u011fi ve esnekli\u011fi ile \u00fcnl\u00fcd\u00fcr, l\u00fcks bir his verir ve ayaklar\u0131n\u0131z\u0131 g\u00fcn boyunca serin ve kuru tutmaya yard\u0131mc\u0131 olur.<\/p>\n<h3>Konfor ve Stil i\u00e7in Tasarland\u0131<\/h3>\n<p>Konfor her \u015feyden \u00f6nemlidir ve bu klasik <strong>Erkek Siyah P\u00fcsk\u00fcll\u00fc Loafer<\/strong> teslim edin. Hafif EVA taban\u0131 ola\u011fan\u00fcst\u00fc yast\u0131klama ve esneklik sunarak uzun saatler kullan\u0131mdan sonra bile yorgunlu\u011fu azalt\u0131r. Dayan\u0131kl\u0131 yap\u0131s\u0131 g\u00fcvenilir tutu\u015f sa\u011flayarak \u00e7e\u015fitli y\u00fczeylerde denge sa\u011flar. S\u0131rt k\u0131sm\u0131ndaki ikonik p\u00fcsk\u00fcl detay\u0131, zamans\u0131z \u015f\u0131kl\u0131\u011f\u0131ndan \u00f6d\u00fcn vermeden ayakkab\u0131n\u0131n estetik cazibesini y\u00fckselterek se\u00e7kin bir \u00e7ekicilik katar. 40'tan 44'e kadar kapsaml\u0131 bir AB beden yelpazesinde mevcut olan bu ayakkab\u0131, her kullan\u0131c\u0131 i\u00e7in \u00f6zel bir his sa\u011flayarak m\u00fckemmel uyumunuzu zahmetsizce bulman\u0131z\u0131 sa\u011flar.<\/p>\n<h3>Her Durum \u0130\u00e7in \u00c7ok Y\u00f6nl\u00fc \u015e\u0131kl\u0131k<\/h3>\n<p>Bunlar\u0131n \u00e7ok y\u00f6nl\u00fcl\u00fc\u011f\u00fc <strong>Erkek Siyah P\u00fcsk\u00fcll\u00fc Loafer<\/strong> onlar\u0131 her \u015f\u0131k tak\u0131m\u0131n temel ta\u015f\u0131 haline getirir. \u015e\u0131k bir profesyonel g\u00f6r\u00fcn\u00fcm i\u00e7in keskin bir i\u015f tak\u0131m\u0131yla e\u015fle\u015ftirin veya smart-casual bir estetik i\u00e7in chino pantolon ve blazer ceketle giydirin. \u015e\u0131k siyah y\u00fczeyi ve klasik tasar\u0131m\u0131, i\u015f toplant\u0131lar\u0131 ve resmi ak\u015fam yemeklerinden hafta sonu brunchlar\u0131 ve kutlama etkinliklerine kadar \u00e7ok \u00e7e\u015fitli durumlar i\u00e7in uygun olmas\u0131n\u0131 sa\u011flar. Trendlerin \u00f6tesine ge\u00e7en, kal\u0131c\u0131 stil ve konfor sa\u011flayan ayakkab\u0131lara yat\u0131r\u0131m yap\u0131n. Y\u00fcksek kaliteli ayakkab\u0131lar sunmak isteyen i\u015fletmeler i\u00e7in bu klasik makosen ayakkab\u0131lar, minimum 16 \u00e7ift sipari\u015fle toptan sat\u0131n al\u0131nabilir ve premium koleksiyonunuzu geni\u015fletmek i\u00e7in m\u00fckemmeldir.<\/p>","protected":false},"excerpt":{"rendered":"<ul>\n<li>Bu klasik siyah p\u00fcsk\u00fcll\u00fc erkek makosen ayakkab\u0131 ile zamans\u0131z \u015f\u0131kl\u0131\u011f\u0131 ya\u015fay\u0131n.<\/li>\n<li>\u015e\u0131k ve g\u00f6steri\u015fli bir g\u00f6r\u00fcn\u00fcm i\u00e7in y\u00fcksek kaliteli hakiki dana derisinden \u00fcretilmi\u015ftir.<\/li>\n<li>L\u00fcks ke\u00e7i derisi astar ola\u011fan\u00fcst\u00fc konfor ve nefes alabilirlik sa\u011flar.<\/li>\n<li>Hafif ve dayan\u0131kl\u0131 EVA taban, \u00fcst\u00fcn tutu\u015f ve g\u00fcn boyu giyilebilirlik sa\u011flar.<\/li>\n<li>M\u00fckemmel bir uyum sa\u011flamak i\u00e7in 40, 41, 42, 43, 44 AB bedenlerinde mevcuttur.<\/li>\n<li>Toptan al\u0131m i\u00e7in minimum 16 \u00e7ift sipari\u015f miktar\u0131 mevcuttur.<\/li>\n<\/ul>","protected":false},"featured_media":6978,"template":"","meta":{"_acf_changed":false,"_uag_custom_page_level_css":"","site-sidebar-layout":"default","site-content-layout":"","ast-site-content-layout":"default","site-content-style":"default","site-sidebar-style":"default","ast-global-header-display":"","ast-banner-title-visibility":"","ast-main-header-display":"","ast-hfb-above-header-display":"","ast-hfb-below-header-display":"","ast-hfb-mobile-header-display":"","site-post-title":"","ast-breadcrumbs-content":"","ast-featured-img":"","footer-sml-layout":"","ast-disable-related-posts":"","theme-transparent-header-meta":"","adv-header-id-meta":"","stick-header-meta":"","header-above-stick-meta":"","header-main-stick-meta":"","header-below-stick-meta":"","astra-migrate-meta-layouts":"default","ast-page-background-enabled":"default","ast-page-background-meta":{"desktop":{"background-color":"var(--ast-global-color-4)","background-image":"","background-repeat":"repeat","background-position":"center center","background-size":"auto","background-attachment":"scroll","background-type":"","background-media":"","overlay-type":"","overlay-color":"","overlay-opacity":"","overlay-gradient":""},"tablet":{"background-color":"","background-image":"","background-repeat":"repeat","background-position":"center center","background-size":"auto","background-attachment":"scroll","background-type":"","background-media":"","overlay-type":"","overlay-color":"","overlay-opacity":"","overlay-gradient":""},"mobile":{"background-color":"","background-image":"","background-repeat":"repeat","background-position":"center center","background-size":"auto","background-attachment":"scroll","background-type":"","background-media":"","overlay-type":"","overlay-color":"","overlay-opacity":"","overlay-gradient":""}},"ast-content-background-meta":{"desktop":{"background-color":"var(--ast-global-color-5)","background-image":"","background-repeat":"repeat","background-position":"center center","background-size":"auto","background-attachment":"scroll","background-type":"","background-media":"","overlay-type":"","overlay-color":"","overlay-opacity":"","overlay-gradient":""},"tablet":{"background-color":"var(--ast-global-color-5)","background-image":"","background-repeat":"repeat","background-position":"center center","background-size":"auto","background-attachment":"scroll","background-type":"","background-media":"","overlay-type":"","overlay-color":"","overlay-opacity":"","overlay-gradient":""},"mobile":{"background-color":"var(--ast-global-color-5)","background-image":"","background-repeat":"repeat","background-position":"center center","background-size":"auto","background-attachment":"scroll","background-type":"","background-media":"","overlay-type":"","overlay-color":"","overlay-opacity":"","overlay-gradient":""}}},"product_brand":[],"product_cat":[47,430,1200],"product_tag":[370,185,754,438,251,1249,186,280,349,254],"class_list":{"0":"post-8088","1":"product","2":"type-product","3":"status-publish","4":"has-post-thumbnail","6":"product_cat-classic","7":"product_cat-men","8":"product_cat-mens-shoes-2","9":"product_tag-black-loafers","10":"product_tag-calf-leather-shoes","11":"product_tag-classic-mens-shoes","12":"product_tag-eva-sole","13":"product_tag-formal-shoes","14":"product_tag-goat-lining","15":"product_tag-mens-loafers","16":"product_tag-smart-casual-shoes","17":"product_tag-tassel-loafers","18":"product_tag-wholesale-footwear","19":"desktop-align-center","20":"tablet-align-center","21":"mobile-align-center","23":"first","24":"instock","25":"shipping-taxable","26":"purchasable","27":"product-type-variable","28":"has-default-attributes"},"acf":[],"uagb_featured_image_src":{"full":["https:\/\/turkishtrade.co\/wp-content\/uploads\/2026\/01\/2600NZTMN00006-BLACK.png",453,250,false],"thumbnail":["https:\/\/turkishtrade.co\/wp-content\/uploads\/2026\/01\/2600NZTMN00006-BLACK-150x150.png",150,150,true],"medium":["https:\/\/turkishtrade.co\/wp-content\/uploads\/2026\/01\/2600NZTMN00006-BLACK-300x166.png",300,166,true],"medium_large":["https:\/\/turkishtrade.co\/wp-content\/uploads\/2026\/01\/2600NZTMN00006-BLACK.png",453,250,false],"large":["https:\/\/turkishtrade.co\/wp-content\/uploads\/2026\/01\/2600NZTMN00006-BLACK.png",453,250,false],"1536x1536":["https:\/\/turkishtrade.co\/wp-content\/uploads\/2026\/01\/2600NZTMN00006-BLACK.png",453,250,false],"2048x2048":["https:\/\/turkishtrade.co\/wp-content\/uploads\/2026\/01\/2600NZTMN00006-BLACK.png",453,250,false],"trp-custom-language-flag":["https:\/\/turkishtrade.co\/wp-content\/uploads\/2026\/01\/2600NZTMN00006-BLACK-18x10.png",18,10,true],"woocommerce_thumbnail":["https:\/\/turkishtrade.co\/wp-content\/uploads\/2026\/01\/2600NZTMN00006-BLACK-400x250.png",400,250,true],"woocommerce_single":["https:\/\/turkishtrade.co\/wp-content\/uploads\/2026\/01\/2600NZTMN00006-BLACK.png",453,250,false],"woocommerce_gallery_thumbnail":["https:\/\/turkishtrade.co\/wp-content\/uploads\/2026\/01\/2600NZTMN00006-BLACK-100x100.png",100,100,true]},"uagb_author_info":{"display_name":"python python","author_link":"https:\/\/turkishtrade.co\/tr\/author\/"},"uagb_comment_info":0,"uagb_excerpt":"Experience timeless elegance with these classic men's black tassel loafers. Crafted from high-quality genuine calf leather for a sleek, polished finish. Luxurious goat leather lining ensures exceptional comfort and breathability. Lightweight and durable EVA sole provides superior grip and all-day wearability. Available in EU sizes 40, 41, 42, 43, 44 to ensure a perfect fit.&hellip;","_links":{"self":[{"href":"https:\/\/turkishtrade.co\/tr\/wp-json\/wp\/v2\/product\/8088","targetHints":{"allow":["GET"]}}],"collection":[{"href":"https:\/\/turkishtrade.co\/tr\/wp-json\/wp\/v2\/product"}],"about":[{"href":"https:\/\/turkishtrade.co\/tr\/wp-json\/wp\/v2\/types\/product"}],"wp:featuredmedia":[{"embeddable":true,"href":"https:\/\/turkishtrade.co\/tr\/wp-json\/wp\/v2\/media\/6978"}],"wp:attachment":[{"href":"https:\/\/turkishtrade.co\/tr\/wp-json\/wp\/v2\/media?parent=8088"}],"wp:term":[{"taxonomy":"product_brand","embeddable":true,"href":"https:\/\/turkishtrade.co\/tr\/wp-json\/wp\/v2\/product_brand?post=8088"},{"taxonomy":"product_cat","embeddable":true,"href":"https:\/\/turkishtrade.co\/tr\/wp-json\/wp\/v2\/product_cat?post=8088"},{"taxonomy":"product_tag","embeddable":true,"href":"https:\/\/turkishtrade.co\/tr\/wp-json\/wp\/v2\/product_tag?post=8088"}],"curies":[{"name":"wp","href":"https:\/\/api.w.org\/{rel}","templated":true}]}}