{"id":8087,"date":"2026-01-29T14:47:27","date_gmt":"2026-01-29T14:47:27","guid":{"rendered":"https:\/\/turkishtrade.co\/?post_type=product&#038;p=8087"},"modified":"2026-04-09T20:36:30","modified_gmt":"2026-04-09T20:36:30","slug":"classic-brown-leather-derby-shoes","status":"publish","type":"product","link":"https:\/\/turkishtrade.co\/tr\/shop\/classic-brown-leather-derby-shoes\/","title":{"rendered":"Klasik Kahverengi Deri Derby Ayakkab\u0131 Ultimate | Klasik Kahverengi Deri Erkek Derby"},"content":{"rendered":"<p><strong>Klasik Kahverengi Deri Derby Ayakkab\u0131<\/strong>. \u00dcst\u00fcn kalite ve tasar\u0131m.<\/p>\n<p>Enfes **Klasik Kahverengi Deri Derby Ayakkab\u0131lar\u0131m\u0131z** ile benzersiz bir stil ve konfor \u00e7a\u011f\u0131na ad\u0131m at\u0131n. Se\u00e7kin beyefendiler i\u00e7in tasarlanan bu ayakkab\u0131lar, zamans\u0131z \u015f\u0131kl\u0131\u011f\u0131 ve \u00fcst\u00fcn i\u015f\u00e7ili\u011fi temsil ediyor. Her bir \u00e7ift, sadece bir ayakkab\u0131 de\u011fil, her durum i\u00e7in sofistike bir ifade sunmak \u00fczere titizlikle \u00fcretilmi\u015ftir. \u00d6nemli i\u015f toplant\u0131lar\u0131ndan zarif sosyal bulu\u015fmalara kadar, bu **Klasik Kahverengi Deri Derby Ayakkab\u0131lar\u0131n** \u00e7ok y\u00f6nl\u00fcl\u00fc\u011f\u00fc her zaman kal\u0131c\u0131 bir izlenim b\u0131rakman\u0131z\u0131 sa\u011flar.<\/p>\n<h3>Rakipsiz Kalite ve Malzemeler<\/h3>\n<p>Klasik Kahverengi Deri Derby Ayakkab\u0131lar\u0131m\u0131z** dayan\u0131kl\u0131l\u0131k ve l\u00fcks konforu garanti etmek i\u00e7in en iyi malzemelerden \u00fcretilmi\u015ftir. \u00dcst k\u0131s\u0131m, yumu\u015fak dokusu, dayan\u0131kl\u0131l\u0131\u011f\u0131 ve zaman i\u00e7inde g\u00fczel bir patine geli\u015ftirme yetene\u011fi ile tan\u0131nan birinci s\u0131n\u0131f dana derisinden yap\u0131lm\u0131\u015ft\u0131r. Bu y\u00fcksek kaliteli deri sadece ola\u011fan\u00fcst\u00fc g\u00f6r\u00fcnmekle kalmaz, ayn\u0131 zamanda aya\u011f\u0131n\u0131z\u0131n \u015fekline uyum sa\u011flayarak ki\u015fiye \u00f6zel bir uyum sunar. \u0130\u00e7 k\u0131s\u0131mda, nefes alabilirli\u011fi ve p\u00fcr\u00fczs\u00fcz hissi ile bilinen yumu\u015fak ke\u00e7i derisi astar aya\u011f\u0131n\u0131z\u0131 sararak uzun s\u00fcreli kullan\u0131mlarda bile rahats\u0131zl\u0131\u011f\u0131 \u00f6nler.<\/p>\n<p>Zarif deri i\u015f\u00e7ili\u011fini tamamlayan yenilik\u00e7i EVA taband\u0131r. Geleneksel a\u011f\u0131r tabanlardan farkl\u0131 olarak, EVA taban ola\u011fan\u00fcst\u00fc hafiflik ve esneklik sunarak yast\u0131klanm\u0131\u015f ad\u0131mlar sa\u011flar ve ayak yorgunlu\u011funu azalt\u0131r. Bu modern ekleme, **Klasik Kahverengi Deri Derby Ayakkab\u0131lar\u0131m\u0131z\u0131** hem klasik estetik hem de \u00e7a\u011fda\u015f konfor arayanlar i\u00e7in m\u00fckemmel bir se\u00e7im haline getiriyor. Dikkat \u00e7ekmeyen desenli d\u0131\u015f taban, ayakkab\u0131n\u0131n \u015f\u0131k profilinden \u00f6d\u00fcn vermeden g\u00fcvenilir tutu\u015f sa\u011flar. 40, 41, 42, 43 ve 44 dahil olmak \u00fczere kapsaml\u0131 bir AB beden yelpazesinde mevcut oldu\u011fundan, m\u00fckemmel uyumunuzu bulmak zahmetsizdir.<\/p>\n<h3>Stil \u00c7ok Y\u00f6nl\u00fcl\u00fc\u011f\u00fc ve Toptan Sat\u0131\u015f F\u0131rsatlar\u0131<\/h3>\n<p>Bu **Klasik Kahverengi Deri Derby Ayakkab\u0131lar\u0131n** koyu kahverengi tonu, \u00e7ok \u00e7e\u015fitli k\u0131yafetlerle sorunsuz bir \u015fekilde e\u015fle\u015ferek inan\u0131lmaz bir \u00e7ok y\u00f6nl\u00fcl\u00fck sunar. Resmi bir etkinlik i\u00e7in \u015f\u0131k bir tak\u0131m elbise ile giyebilir ya da \u015f\u0131k ve rahat bir kombin i\u00e7in chino pantolon ve blazer ceket ile kombinleyebilirsiniz. Zamans\u0131z tasar\u0131mlar\u0131, y\u0131llarca gard\u0131robunuzda temel bir par\u00e7a olarak kalmalar\u0131n\u0131 sa\u011flar. Bu **Klasik Kahverengi Deri Derby Ayakkab\u0131lara** yat\u0131r\u0131m yapmak, ge\u00e7ici trendlerin \u00f6tesine ge\u00e7en bir ayakkab\u0131 par\u00e7as\u0131na yat\u0131r\u0131m yapmak anlam\u0131na gelir.<\/p>\n<p>Birinci s\u0131n\u0131f ayakkab\u0131lar sunmak isteyen perakendeciler ve i\u015fletmeler i\u00e7in bu **Klasik Kahverengi Deri Derby Ayakkab\u0131lar** toptan sat\u0131\u015f i\u00e7in mevcuttur. Minimum 16 \u00e7iftlik bir sipari\u015fe ihtiyac\u0131m\u0131z var, bu da \u00e7e\u015fitli bedenleri stoklaman\u0131za ve m\u00fc\u015fterilerinizin taleplerini kar\u015f\u0131laman\u0131za olanak tan\u0131r. Klasik tasar\u0131m, l\u00fcks malzemeler ve modern konforun m\u00fckemmel birle\u015fimini deneyimleyin. Bu ola\u011fan\u00fcst\u00fc **Klasik Kahverengi Deri Derby Ayakkab\u0131lar** ile ayakkab\u0131 koleksiyonunuzu geli\u015ftirin veya perakende tekliflerinizi geni\u015fletin.<\/p>","protected":false},"excerpt":{"rendered":"<ul>\n<li>Klasik Kahverengi Deri Derby Ayakkab\u0131lar\u0131m\u0131z** ile rafine bir stili deneyimleyin.<\/li>\n<li>L\u00fcks bir g\u00f6r\u00fcn\u00fcm ve his i\u00e7in birinci s\u0131n\u0131f ** dana derisinden** \u00fcretilmi\u015ftir.<\/li>\n<li>Ola\u011fan\u00fcst\u00fc konfor ve nefes alabilirlik i\u00e7in yumu\u015fak **ke\u00e7i derisi** ile astarlanm\u0131\u015ft\u0131r.<\/li>\n<li>T\u00fcm g\u00fcn kullan\u0131m i\u00e7in hafif ve esnek **EVA tabana** sahiptir.<\/li>\n<li>Pop\u00fcler AB bedenlerinde mevcuttur: 40, 41, 42, 43, 44.<\/li>\n<li>Hem resmi davetler hem de \u015f\u0131k g\u00fcndelik k\u0131yafetler i\u00e7in m\u00fckemmeldir.<\/li>\n<li>Minimum 16 \u00e7ift sipari\u015f ile toptan sat\u0131\u015f f\u0131rsatlar\u0131 mevcuttur.<\/li>\n<\/ul>","protected":false},"featured_media":7002,"template":"","meta":{"_acf_changed":false,"_uag_custom_page_level_css":"","site-sidebar-layout":"default","site-content-layout":"","ast-site-content-layout":"default","site-content-style":"default","site-sidebar-style":"default","ast-global-header-display":"","ast-banner-title-visibility":"","ast-main-header-display":"","ast-hfb-above-header-display":"","ast-hfb-below-header-display":"","ast-hfb-mobile-header-display":"","site-post-title":"","ast-breadcrumbs-content":"","ast-featured-img":"","footer-sml-layout":"","ast-disable-related-posts":"","theme-transparent-header-meta":"","adv-header-id-meta":"","stick-header-meta":"","header-above-stick-meta":"","header-main-stick-meta":"","header-below-stick-meta":"","astra-migrate-meta-layouts":"default","ast-page-background-enabled":"default","ast-page-background-meta":{"desktop":{"background-color":"var(--ast-global-color-4)","background-image":"","background-repeat":"repeat","background-position":"center center","background-size":"auto","background-attachment":"scroll","background-type":"","background-media":"","overlay-type":"","overlay-color":"","overlay-opacity":"","overlay-gradient":""},"tablet":{"background-color":"","background-image":"","background-repeat":"repeat","background-position":"center center","background-size":"auto","background-attachment":"scroll","background-type":"","background-media":"","overlay-type":"","overlay-color":"","overlay-opacity":"","overlay-gradient":""},"mobile":{"background-color":"","background-image":"","background-repeat":"repeat","background-position":"center center","background-size":"auto","background-attachment":"scroll","background-type":"","background-media":"","overlay-type":"","overlay-color":"","overlay-opacity":"","overlay-gradient":""}},"ast-content-background-meta":{"desktop":{"background-color":"var(--ast-global-color-5)","background-image":"","background-repeat":"repeat","background-position":"center center","background-size":"auto","background-attachment":"scroll","background-type":"","background-media":"","overlay-type":"","overlay-color":"","overlay-opacity":"","overlay-gradient":""},"tablet":{"background-color":"var(--ast-global-color-5)","background-image":"","background-repeat":"repeat","background-position":"center center","background-size":"auto","background-attachment":"scroll","background-type":"","background-media":"","overlay-type":"","overlay-color":"","overlay-opacity":"","overlay-gradient":""},"mobile":{"background-color":"var(--ast-global-color-5)","background-image":"","background-repeat":"repeat","background-position":"center center","background-size":"auto","background-attachment":"scroll","background-type":"","background-media":"","overlay-type":"","overlay-color":"","overlay-opacity":"","overlay-gradient":""}}},"product_brand":[],"product_cat":[47,430,1200],"product_tag":[218,202,145,212,438,251,1249,227,210],"class_list":{"0":"post-8087","1":"product","2":"type-product","3":"status-publish","4":"has-post-thumbnail","6":"product_cat-classic","7":"product_cat-men","8":"product_cat-mens-shoes-2","9":"product_tag-brown-shoes","10":"product_tag-calf-leather","11":"product_tag-classic-shoes","12":"product_tag-derby-shoes","13":"product_tag-eva-sole","14":"product_tag-formal-shoes","15":"product_tag-goat-lining","16":"product_tag-leather-shoes","17":"product_tag-smart-casual","18":"desktop-align-center","19":"tablet-align-center","20":"mobile-align-center","22":"first","23":"instock","24":"shipping-taxable","25":"purchasable","26":"product-type-variable","27":"has-default-attributes"},"acf":[],"uagb_featured_image_src":{"full":["https:\/\/turkishtrade.co\/wp-content\/uploads\/2026\/01\/2600NZTMN00005-BROWN.png",453,250,false],"thumbnail":["https:\/\/turkishtrade.co\/wp-content\/uploads\/2026\/01\/2600NZTMN00005-BROWN-150x150.png",150,150,true],"medium":["https:\/\/turkishtrade.co\/wp-content\/uploads\/2026\/01\/2600NZTMN00005-BROWN-300x166.png",300,166,true],"medium_large":["https:\/\/turkishtrade.co\/wp-content\/uploads\/2026\/01\/2600NZTMN00005-BROWN.png",453,250,false],"large":["https:\/\/turkishtrade.co\/wp-content\/uploads\/2026\/01\/2600NZTMN00005-BROWN.png",453,250,false],"1536x1536":["https:\/\/turkishtrade.co\/wp-content\/uploads\/2026\/01\/2600NZTMN00005-BROWN.png",453,250,false],"2048x2048":["https:\/\/turkishtrade.co\/wp-content\/uploads\/2026\/01\/2600NZTMN00005-BROWN.png",453,250,false],"trp-custom-language-flag":["https:\/\/turkishtrade.co\/wp-content\/uploads\/2026\/01\/2600NZTMN00005-BROWN-18x10.png",18,10,true],"woocommerce_thumbnail":["https:\/\/turkishtrade.co\/wp-content\/uploads\/2026\/01\/2600NZTMN00005-BROWN-400x250.png",400,250,true],"woocommerce_single":["https:\/\/turkishtrade.co\/wp-content\/uploads\/2026\/01\/2600NZTMN00005-BROWN.png",453,250,false],"woocommerce_gallery_thumbnail":["https:\/\/turkishtrade.co\/wp-content\/uploads\/2026\/01\/2600NZTMN00005-BROWN-100x100.png",100,100,true]},"uagb_author_info":{"display_name":"python python","author_link":"https:\/\/turkishtrade.co\/tr\/author\/"},"uagb_comment_info":0,"uagb_excerpt":"Experience refined style with our **Classic Brown Leather Derby Shoes**. Crafted from premium **calf leather** for a luxurious look and feel. Lined with soft **goat leather** for exceptional comfort and breathability. Features a lightweight and flexible **EVA sole** for all-day wear. Available in popular EU sizes: 40, 41, 42, 43, 44. Perfect for both formal&hellip;","_links":{"self":[{"href":"https:\/\/turkishtrade.co\/tr\/wp-json\/wp\/v2\/product\/8087","targetHints":{"allow":["GET"]}}],"collection":[{"href":"https:\/\/turkishtrade.co\/tr\/wp-json\/wp\/v2\/product"}],"about":[{"href":"https:\/\/turkishtrade.co\/tr\/wp-json\/wp\/v2\/types\/product"}],"wp:featuredmedia":[{"embeddable":true,"href":"https:\/\/turkishtrade.co\/tr\/wp-json\/wp\/v2\/media\/7002"}],"wp:attachment":[{"href":"https:\/\/turkishtrade.co\/tr\/wp-json\/wp\/v2\/media?parent=8087"}],"wp:term":[{"taxonomy":"product_brand","embeddable":true,"href":"https:\/\/turkishtrade.co\/tr\/wp-json\/wp\/v2\/product_brand?post=8087"},{"taxonomy":"product_cat","embeddable":true,"href":"https:\/\/turkishtrade.co\/tr\/wp-json\/wp\/v2\/product_cat?post=8087"},{"taxonomy":"product_tag","embeddable":true,"href":"https:\/\/turkishtrade.co\/tr\/wp-json\/wp\/v2\/product_tag?post=8087"}],"curies":[{"name":"wp","href":"https:\/\/api.w.org\/{rel}","templated":true}]}}