{"id":8086,"date":"2026-01-29T14:47:27","date_gmt":"2026-01-29T14:47:27","guid":{"rendered":"https:\/\/turkishtrade.co\/?post_type=product&#038;p=8086"},"modified":"2026-04-09T20:36:32","modified_gmt":"2026-04-09T20:36:32","slug":"classic-mens-black-calf-leather-loafers","status":"publish","type":"product","link":"https:\/\/turkishtrade.co\/tr\/shop\/classic-mens-black-calf-leather-loafers\/","title":{"rendered":"Klasik Erkek Siyah Dana Derisi Loafer'lar Premium"},"content":{"rendered":"<p><strong>Klasik Erkek Siyah Dana Derisi Loafer<\/strong>. \u00dcst\u00fcn kalite ve tasar\u0131m.<\/p>\n<p>Rafine bir zarafet ve ola\u011fan\u00fcst\u00fc bir konfor d\u00fcnyas\u0131na ad\u0131m at\u0131n <b>Klasik Erkek Siyah Dana Derisi Loafer<\/b>. Modern beyefendiler i\u00e7in titizlikle haz\u0131rlanan bu mokasen ayakkab\u0131lar, zamans\u0131z tasar\u0131m\u0131 \u00fcst\u00fcn malzemelerle kusursuz bir \u015fekilde harmanlayarak her sofistike gard\u0131robun vazge\u00e7ilmez bir par\u00e7as\u0131 haline geliyor. \u0130ster zorlu bir i\u015f g\u00fcn\u00fc ge\u00e7iriyor olun, ister \u015f\u0131k ve g\u00fcndelik bir etkinli\u011fe kat\u0131l\u0131yor olun, bu ayakkab\u0131lar stil katsay\u0131n\u0131z\u0131 zahmetsizce y\u00fckseltmeyi vaat ediyor.<\/p>\n<h3>E\u015fsiz \u0130\u015f\u00e7ilik ve Birinci S\u0131n\u0131f Malzemeler<\/h3>\n<p>Y\u00fcksek kaliteli, hakiki dana derisinden \u00fcretilen bu zarif mokasen ayakkab\u0131lar\u0131n her bir \u00e7ifti, l\u00fcks bir his ve zamana meydan okuyacak ola\u011fan\u00fcst\u00fc bir dayan\u0131kl\u0131l\u0131k sunar. Esnek dana derisi aya\u011f\u0131n\u0131za uyum sa\u011flayarak yaln\u0131zca giydik\u00e7e iyile\u015fen rahat bir uyum sa\u011flar. Alt k\u0131s\u0131mdaki yenilik\u00e7i EVA taban, hafif yast\u0131klama ve esneklik sa\u011flayarak her ad\u0131mda maksimum konfor sunar. Bu geli\u015fmi\u015f taban malzemesi darbeyi emerek yorgunlu\u011fu azalt\u0131r ve en yo\u011fun g\u00fcnlerinizde bile rahat etmenizi sa\u011flar. \u0130\u00e7 k\u0131s\u0131mdaki yumu\u015fak ke\u00e7i derisi astar aya\u011f\u0131n\u0131z\u0131 ok\u015fayarak \u00fcst\u00fcn nefes alabilirlik ve ekstra pel\u00fc\u015f bir konfor katman\u0131 sunar. Bu \u00f6zenli malzeme kombinasyonu sadece \u015f\u0131k bir g\u00f6r\u00fcn\u00fcm de\u011fil, ayn\u0131 zamanda ger\u00e7ekten rahat bir kullan\u0131m deneyimi de sa\u011flar.<\/p>\n<h3>Her Durum i\u00e7in Zamans\u0131z Tasar\u0131m<\/h3>\n<p>Tasar\u0131m\u0131m\u0131z <b>Klasik Erkek Siyah Dana Derisi Loafer<\/b> \u00e7ok y\u00f6nl\u00fcl\u00fc\u011f\u00fc ve abart\u0131s\u0131z sofistikeli\u011fi temsil eder. \u015e\u0131k, slip-on silueti ve klasik loafer stili, onlar\u0131 \u00e7ok \u00e7e\u015fitli durumlar i\u00e7in uygun hale getirir. Parlak bir profesyonel g\u00f6r\u00fcn\u00fcm i\u00e7in keskin bir i\u015f tak\u0131m\u0131yla e\u015fle\u015ftirin veya zarif bir smart-casual topluluk i\u00e7in chino veya \u00f6zel pantolonlarla giydirin. Zengin siyah tonu evrensel bir \u00e7ekicilik sunarak bu ayakkab\u0131lar\u0131 <b>Klasik Erkek Siyah Dana Derisi Loafer<\/b> Neredeyse her k\u0131yafeti tamamlayan \u00e7ok y\u00f6nl\u00fc bir se\u00e7im. 40'tan 44'e kadar kapsaml\u0131 bir beden yelpazesinde mevcut oldu\u011fundan, m\u00fckemmel uyumunuzu bulmak \u00e7ok kolay.<\/p>\n<h3>M\u00fckemmel Toptan Sat\u0131\u015f F\u0131rsat\u0131<\/h3>\n<p>Bu premium \u00fcr\u00fcnleri sunmaktan gurur duyuyoruz <b>Klasik Erkek Siyah Dana Derisi Loafer<\/b> toptan al\u0131m i\u00e7in. Y\u00fcksek kaliteli, \u015f\u0131k erkek ayakkab\u0131s\u0131 stoklamak isteyen i\u015fletmeler bu \u00fcr\u00fcn\u00fc m\u00fckemmel bir yat\u0131r\u0131m olarak g\u00f6recektir. Sadece 16 \u00e7iftlik minimum sipari\u015f miktar\u0131yla, perakendecilerin m\u00fc\u015fterilerine geleneksel esteti\u011fi \u00e7a\u011fda\u015f konforla birle\u015ftiren \u00fcst d\u00fczey mokasen ayakkab\u0131lar sunmalar\u0131n\u0131 kolayla\u015ft\u0131r\u0131yoruz. Envanterinizi m\u00fc\u015fteri memnuniyetini ve i\u015f tekrar\u0131n\u0131 garanti eden ayakkab\u0131larla donat\u0131n. Se\u00e7kin siyah dana derisi mokasen ayakkab\u0131lar\u0131m\u0131zla stil, konfor ve kaliteye yat\u0131r\u0131m yap\u0131n. Bu ayakkab\u0131lar m\u00fckemmelli\u011fe olan ba\u011fl\u0131l\u0131\u011f\u0131 temsil eder ve i\u015fletmelerin se\u00e7ici m\u00fc\u015fterilerine \u00fcst\u00fcn ayakkab\u0131lar sunmalar\u0131 i\u00e7in harika bir f\u0131rsat sunar.<\/p>","protected":false},"excerpt":{"rendered":"<ul>\n<li>Kal\u0131c\u0131 kalite i\u00e7in birinci s\u0131n\u0131f hakiki dana derisi saya.<\/li>\n<li>\u00dcst\u00fcn konfor ve destek i\u00e7in hafif ve esnek EVA taban.<\/li>\n<li>Zarif bir his i\u00e7in yumu\u015fak ve nefes alabilen ke\u00e7i derisi astar.<\/li>\n<li>Klasik slip-on tasar\u0131m\u0131 hem resmi hem de \u015f\u0131k g\u00fcndelik durumlar i\u00e7in m\u00fckemmeldir.<\/li>\n<li>40, 41, 42, 43, 44 erkek bedenlerinde mevcuttur.<\/li>\n<li>Toptan sat\u0131\u015f mevcuttur: Minimum sipari\u015f miktar\u0131 16 \u00e7ifttir.<\/li>\n<\/ul>","protected":false},"featured_media":6977,"template":"","meta":{"_acf_changed":false,"_uag_custom_page_level_css":"","site-sidebar-layout":"default","site-content-layout":"","ast-site-content-layout":"default","site-content-style":"default","site-sidebar-style":"default","ast-global-header-display":"","ast-banner-title-visibility":"","ast-main-header-display":"","ast-hfb-above-header-display":"","ast-hfb-below-header-display":"","ast-hfb-mobile-header-display":"","site-post-title":"","ast-breadcrumbs-content":"","ast-featured-img":"","footer-sml-layout":"","ast-disable-related-posts":"","theme-transparent-header-meta":"","adv-header-id-meta":"","stick-header-meta":"","header-above-stick-meta":"","header-main-stick-meta":"","header-below-stick-meta":"","astra-migrate-meta-layouts":"default","ast-page-background-enabled":"default","ast-page-background-meta":{"desktop":{"background-color":"var(--ast-global-color-4)","background-image":"","background-repeat":"repeat","background-position":"center center","background-size":"auto","background-attachment":"scroll","background-type":"","background-media":"","overlay-type":"","overlay-color":"","overlay-opacity":"","overlay-gradient":""},"tablet":{"background-color":"","background-image":"","background-repeat":"repeat","background-position":"center center","background-size":"auto","background-attachment":"scroll","background-type":"","background-media":"","overlay-type":"","overlay-color":"","overlay-opacity":"","overlay-gradient":""},"mobile":{"background-color":"","background-image":"","background-repeat":"repeat","background-position":"center center","background-size":"auto","background-attachment":"scroll","background-type":"","background-media":"","overlay-type":"","overlay-color":"","overlay-opacity":"","overlay-gradient":""}},"ast-content-background-meta":{"desktop":{"background-color":"var(--ast-global-color-5)","background-image":"","background-repeat":"repeat","background-position":"center center","background-size":"auto","background-attachment":"scroll","background-type":"","background-media":"","overlay-type":"","overlay-color":"","overlay-opacity":"","overlay-gradient":""},"tablet":{"background-color":"var(--ast-global-color-5)","background-image":"","background-repeat":"repeat","background-position":"center center","background-size":"auto","background-attachment":"scroll","background-type":"","background-media":"","overlay-type":"","overlay-color":"","overlay-opacity":"","overlay-gradient":""},"mobile":{"background-color":"var(--ast-global-color-5)","background-image":"","background-repeat":"repeat","background-position":"center center","background-size":"auto","background-attachment":"scroll","background-type":"","background-media":"","overlay-type":"","overlay-color":"","overlay-opacity":"","overlay-gradient":""}}},"product_brand":[],"product_cat":[47,430,1200],"product_tag":[196,513,202,145,438,1249,186,225,184,456],"class_list":{"0":"post-8086","1":"product","2":"type-product","3":"status-publish","4":"has-post-thumbnail","6":"product_cat-classic","7":"product_cat-men","8":"product_cat-mens-shoes-2","9":"product_tag-black-leather-shoes","10":"product_tag-business-casual-shoes","11":"product_tag-calf-leather","12":"product_tag-classic-shoes","13":"product_tag-eva-sole","14":"product_tag-goat-lining","15":"product_tag-mens-loafers","16":"product_tag-mens-footwear","17":"product_tag-slip-on-shoes","18":"product_tag-wholesale-loafers","19":"desktop-align-center","20":"tablet-align-center","21":"mobile-align-center","23":"first","24":"instock","25":"shipping-taxable","26":"purchasable","27":"product-type-variable","28":"has-default-attributes"},"acf":[],"uagb_featured_image_src":{"full":["https:\/\/turkishtrade.co\/wp-content\/uploads\/2026\/01\/2600NZTMN00004-BLACK.png",453,250,false],"thumbnail":["https:\/\/turkishtrade.co\/wp-content\/uploads\/2026\/01\/2600NZTMN00004-BLACK-150x150.png",150,150,true],"medium":["https:\/\/turkishtrade.co\/wp-content\/uploads\/2026\/01\/2600NZTMN00004-BLACK-300x166.png",300,166,true],"medium_large":["https:\/\/turkishtrade.co\/wp-content\/uploads\/2026\/01\/2600NZTMN00004-BLACK.png",453,250,false],"large":["https:\/\/turkishtrade.co\/wp-content\/uploads\/2026\/01\/2600NZTMN00004-BLACK.png",453,250,false],"1536x1536":["https:\/\/turkishtrade.co\/wp-content\/uploads\/2026\/01\/2600NZTMN00004-BLACK.png",453,250,false],"2048x2048":["https:\/\/turkishtrade.co\/wp-content\/uploads\/2026\/01\/2600NZTMN00004-BLACK.png",453,250,false],"trp-custom-language-flag":["https:\/\/turkishtrade.co\/wp-content\/uploads\/2026\/01\/2600NZTMN00004-BLACK-18x10.png",18,10,true],"woocommerce_thumbnail":["https:\/\/turkishtrade.co\/wp-content\/uploads\/2026\/01\/2600NZTMN00004-BLACK-400x250.png",400,250,true],"woocommerce_single":["https:\/\/turkishtrade.co\/wp-content\/uploads\/2026\/01\/2600NZTMN00004-BLACK.png",453,250,false],"woocommerce_gallery_thumbnail":["https:\/\/turkishtrade.co\/wp-content\/uploads\/2026\/01\/2600NZTMN00004-BLACK-100x100.png",100,100,true]},"uagb_author_info":{"display_name":"python python","author_link":"https:\/\/turkishtrade.co\/tr\/author\/"},"uagb_comment_info":0,"uagb_excerpt":"Premium genuine calf leather upper for lasting quality. Lightweight and flexible EVA sole for superior comfort and support. Soft and breathable goat leather lining for an exquisite feel. Classic slip-on design perfect for both formal and smart-casual occasions. Available in men's sizes 40, 41, 42, 43, 44. Wholesale available: Minimum order quantity of 16 pairs.","_links":{"self":[{"href":"https:\/\/turkishtrade.co\/tr\/wp-json\/wp\/v2\/product\/8086","targetHints":{"allow":["GET"]}}],"collection":[{"href":"https:\/\/turkishtrade.co\/tr\/wp-json\/wp\/v2\/product"}],"about":[{"href":"https:\/\/turkishtrade.co\/tr\/wp-json\/wp\/v2\/types\/product"}],"wp:featuredmedia":[{"embeddable":true,"href":"https:\/\/turkishtrade.co\/tr\/wp-json\/wp\/v2\/media\/6977"}],"wp:attachment":[{"href":"https:\/\/turkishtrade.co\/tr\/wp-json\/wp\/v2\/media?parent=8086"}],"wp:term":[{"taxonomy":"product_brand","embeddable":true,"href":"https:\/\/turkishtrade.co\/tr\/wp-json\/wp\/v2\/product_brand?post=8086"},{"taxonomy":"product_cat","embeddable":true,"href":"https:\/\/turkishtrade.co\/tr\/wp-json\/wp\/v2\/product_cat?post=8086"},{"taxonomy":"product_tag","embeddable":true,"href":"https:\/\/turkishtrade.co\/tr\/wp-json\/wp\/v2\/product_tag?post=8086"}],"curies":[{"name":"wp","href":"https:\/\/api.w.org\/{rel}","templated":true}]}}