{"id":8085,"date":"2026-01-29T14:47:26","date_gmt":"2026-01-29T14:47:26","guid":{"rendered":"https:\/\/turkishtrade.co\/?post_type=product&#038;p=8085"},"modified":"2026-04-09T20:36:35","modified_gmt":"2026-04-09T20:36:35","slug":"mens-classic-calfskin-loafers","status":"publish","type":"product","link":"https:\/\/turkishtrade.co\/tr\/shop\/mens-classic-calfskin-loafers\/","title":{"rendered":"Erkek Klasik Dana Derisi Loaferlar Rakipsiz | Erkek Siyah Klasik Dana Derisi Loaferlar"},"content":{"rendered":"<p>Enfes \u00fcr\u00fcnlerimizle tan\u0131\u015f\u0131n <strong>Erkek Klasik Dana Derisi Loafer<\/strong>, Ayakkab\u0131 koleksiyonunuzu y\u00fckseltmek i\u00e7in titizlikle \u00fcretilmi\u015ftir. Zamans\u0131z zarafeti ve modern sofistikeli\u011fi bir araya getiren bu \u00e7arp\u0131c\u0131 mokasen ayakkab\u0131lar, her se\u00e7kin beyefendinin gard\u0131robunun vazge\u00e7ilmez bir par\u00e7as\u0131d\u0131r. Hem stil hem de konfor i\u00e7in tasarlanan bu <strong>erkek dana derisi mokasen ayakkab\u0131<\/strong> \u00f6nemli i\u015f toplant\u0131lar\u0131ndan sofistike sosyal etkinliklere kadar \u00e7ok \u00e7e\u015fitli durumlar i\u00e7in m\u00fckemmeldir.<\/p>\n<h3>E\u015fsiz Kalite ve \u0130\u015f\u00e7ilik<\/h3>\n<p>Bunlar\u0131n her bir \u00e7ifti <strong>Erkek Klasik Dana Derisi Loafer<\/strong> birinci s\u0131n\u0131f \u2018dana derisi\u2019 sayaya sahiptir ve hem l\u00fcks hem de dayan\u0131kl\u0131 olan zengin, cilal\u0131 bir g\u00f6r\u00fcn\u00fcm sa\u011flar. \u0130nce dokulu bir vampir ile tamamlanan \u015f\u0131k siyah kaplama, bu mokasen ayakkab\u0131lar\u0131 di\u011ferlerinden ay\u0131ran ay\u0131rt edici bir g\u00f6rsel \u00e7ekicilik yarat\u0131r. Y\u00fcksek kaliteli dana derisi uzun \u00f6m\u00fcrl\u00fcl\u00fck sa\u011flar ve zamanla g\u00fczel bir patina geli\u015ftirerek bu mokasenleri kal\u0131c\u0131 bir yat\u0131r\u0131m haline getirir. \u0130\u00e7 k\u0131s\u0131mdaki \u2018keci astar\u2019 (ke\u00e7i derisi astar) sayesinde ayaklar\u0131n\u0131z benzersiz bir konfor ya\u015fayacak. Bu yumu\u015fak, nefes alabilen astar nemi uzakla\u015ft\u0131rarak uzun s\u00fcreli kullan\u0131mlarda bile ayaklar\u0131n\u0131z\u0131n g\u00fcn boyunca kuru ve rahat kalmas\u0131n\u0131 sa\u011flar.<\/p>\n<h3>EVA Taban ile \u00dcst\u00fcn Konfor<\/h3>\n<p>Konfor her \u015feyden \u00f6nemlidir ve bu klasik mokasen ayakkab\u0131lar bunu sa\u011flar. M\u00fckemmel yast\u0131klama \u00f6zellikleri ve esnekli\u011fi ile bilinen hafif ancak sa\u011flam bir \u2018eva taban\u2019 (EVA taban) \u00fczerine in\u015fa edilmi\u015ftir. Bu yenilik\u00e7i taban malzemesi \u00fcst\u00fcn \u015fok emilimi sa\u011flayarak yorgunlu\u011fu azalt\u0131r ve her ad\u0131mda rahat bir y\u00fcr\u00fcy\u00fc\u015f sa\u011flar. Dayan\u0131kl\u0131 EVA taban\u0131 da g\u00fcvenilir kavrama ve \u00e7eki\u015f g\u00fcc\u00fc sunarak \u00e7e\u015fitli y\u00fczeylerde dengeyi art\u0131r\u0131r. \u0130ster \u015fehir sokaklar\u0131nda geziniyor ister uzun s\u00fcre ayakta duruyor olun, bu <strong>erkek dana derisi mokasen ayakkab\u0131<\/strong> stilden \u00f6d\u00fcn vermeden kal\u0131c\u0131 konfor vaat ediyor.<\/p>\n<h3>Her Durum i\u00e7in \u00c7ok Y\u00f6nl\u00fc Stil<\/h3>\n<p>Bizim <strong>Erkek Siyah Klasik Dana Derisi Loafer<\/strong> inan\u0131lmaz derecede \u00e7ok y\u00f6nl\u00fc olacak \u015fekilde tasarlanm\u0131\u015ft\u0131r. Klasik esteti\u011fi sayesinde resmi k\u0131yafetler i\u00e7in idealdir; tak\u0131m elbiseler, blazer ceketler ve elbise pantolonlar\u0131yla sorunsuz bir \u015fekilde e\u015fle\u015fir. Yine de zarif \u015f\u0131kl\u0131klar\u0131, g\u00fcnl\u00fck g\u00f6r\u00fcn\u00fcm\u00fcn\u00fcze sofistike bir dokunu\u015f katarak chino veya koyu renk denim gibi \u015f\u0131k ve rahat k\u0131yafetleri tamamlamalar\u0131na da olanak tan\u0131r. Siz de bir \u00e7ift <strong>dana derisi mokasen ayakkab\u0131lar<\/strong> G\u00fcnd\u00fczden geceye zahmetsizce ge\u00e7i\u015f yaparak her zaman kusursuz bir \u015fekilde giyinmenizi sa\u011flar.<\/p>\n<h3>Toptan Sat\u0131\u015f F\u0131rsatlar\u0131<\/h3>\n<p>Bu premium \u00fcr\u00fcnleri sunmaktan gurur duyuyoruz <strong>Erkek Klasik Dana Derisi Loafer<\/strong> toptan al\u0131m i\u00e7in. Minimum sipari\u015f miktar\u0131 16 \u00e7ift olan i\u015fletmeler, y\u00fcksek talep g\u00f6ren bu erkek ayakkab\u0131lar\u0131n\u0131 stoklayarak m\u00fc\u015fterilerine ola\u011fan\u00fcst\u00fc kalite ve stil sunabilir. 40, 41c, 42c, 43c ve 44 bedenleri bulunan bu mokasen ayakkab\u0131lar geni\u015f bir pazara hitap etmektedir. Bu klasik ayakkab\u0131larla envanterinizi y\u00fckseltin <strong>erkek deri\u0307 mokasen<\/strong> ve m\u00fc\u015fterilerinize sofistike ayakkab\u0131lar\u0131n en iyisini sunun.<\/p>","protected":false},"excerpt":{"rendered":"<ul>\n<li>Zarif bir g\u00f6r\u00fcn\u00fcm i\u00e7in birinci s\u0131n\u0131f \u2018dana derisi\u2019 saya<\/li>\n<li>\u00dcst\u00fcn konfor i\u00e7in yumu\u015fak \u2018keci astar\u2019 (ke\u00e7i derisi) astar<\/li>\n<li>\u00dcst\u00fcn yast\u0131klama i\u00e7in hafif ve dayan\u0131kl\u0131 \u2018eva taban\u2019 (EVA taban)<\/li>\n<li>Benzersiz dokulu vampir detay\u0131na sahip zarif klasik tasar\u0131m<\/li>\n<li>Minimum 16 \u00e7ift sipari\u015f ile toptan sat\u0131n al\u0131nabilir<\/li>\n<\/ul>","protected":false},"featured_media":6976,"template":"","meta":{"_acf_changed":false,"_uag_custom_page_level_css":"","site-sidebar-layout":"default","site-content-layout":"","ast-site-content-layout":"default","site-content-style":"default","site-sidebar-style":"default","ast-global-header-display":"","ast-banner-title-visibility":"","ast-main-header-display":"","ast-hfb-above-header-display":"","ast-hfb-below-header-display":"","ast-hfb-mobile-header-display":"","site-post-title":"","ast-breadcrumbs-content":"","ast-featured-img":"","footer-sml-layout":"","ast-disable-related-posts":"","theme-transparent-header-meta":"","adv-header-id-meta":"","stick-header-meta":"","header-above-stick-meta":"","header-main-stick-meta":"","header-below-stick-meta":"","astra-migrate-meta-layouts":"default","ast-page-background-enabled":"default","ast-page-background-meta":{"desktop":{"background-color":"var(--ast-global-color-4)","background-image":"","background-repeat":"repeat","background-position":"center center","background-size":"auto","background-attachment":"scroll","background-type":"","background-media":"","overlay-type":"","overlay-color":"","overlay-opacity":"","overlay-gradient":""},"tablet":{"background-color":"","background-image":"","background-repeat":"repeat","background-position":"center center","background-size":"auto","background-attachment":"scroll","background-type":"","background-media":"","overlay-type":"","overlay-color":"","overlay-opacity":"","overlay-gradient":""},"mobile":{"background-color":"","background-image":"","background-repeat":"repeat","background-position":"center center","background-size":"auto","background-attachment":"scroll","background-type":"","background-media":"","overlay-type":"","overlay-color":"","overlay-opacity":"","overlay-gradient":""}},"ast-content-background-meta":{"desktop":{"background-color":"var(--ast-global-color-5)","background-image":"","background-repeat":"repeat","background-position":"center center","background-size":"auto","background-attachment":"scroll","background-type":"","background-media":"","overlay-type":"","overlay-color":"","overlay-opacity":"","overlay-gradient":""},"tablet":{"background-color":"var(--ast-global-color-5)","background-image":"","background-repeat":"repeat","background-position":"center center","background-size":"auto","background-attachment":"scroll","background-type":"","background-media":"","overlay-type":"","overlay-color":"","overlay-opacity":"","overlay-gradient":""},"mobile":{"background-color":"var(--ast-global-color-5)","background-image":"","background-repeat":"repeat","background-position":"center center","background-size":"auto","background-attachment":"scroll","background-type":"","background-media":"","overlay-type":"","overlay-color":"","overlay-opacity":"","overlay-gradient":""}}},"product_brand":[],"product_cat":[47,430,1200],"product_tag":[370,555,457,284,287,251,189,215,198,186],"class_list":{"0":"post-8085","1":"product","2":"type-product","3":"status-publish","4":"has-post-thumbnail","6":"product_cat-classic","7":"product_cat-men","8":"product_cat-mens-shoes-2","9":"product_tag-black-loafers","10":"product_tag-calfskin-loafers","11":"product_tag-classic-loafers","12":"product_tag-dress-shoes","13":"product_tag-eva-sole-shoes","14":"product_tag-formal-shoes","15":"product_tag-goat-leather-lining","16":"product_tag-leather-loafers","17":"product_tag-mens-fashion","18":"product_tag-mens-loafers","19":"desktop-align-center","20":"tablet-align-center","21":"mobile-align-center","23":"first","24":"instock","25":"shipping-taxable","26":"purchasable","27":"product-type-variable","28":"has-default-attributes"},"acf":[],"uagb_featured_image_src":{"full":["https:\/\/turkishtrade.co\/wp-content\/uploads\/2026\/01\/2600NZTMN00003-BLACK.png",453,250,false],"thumbnail":["https:\/\/turkishtrade.co\/wp-content\/uploads\/2026\/01\/2600NZTMN00003-BLACK-150x150.png",150,150,true],"medium":["https:\/\/turkishtrade.co\/wp-content\/uploads\/2026\/01\/2600NZTMN00003-BLACK-300x166.png",300,166,true],"medium_large":["https:\/\/turkishtrade.co\/wp-content\/uploads\/2026\/01\/2600NZTMN00003-BLACK.png",453,250,false],"large":["https:\/\/turkishtrade.co\/wp-content\/uploads\/2026\/01\/2600NZTMN00003-BLACK.png",453,250,false],"1536x1536":["https:\/\/turkishtrade.co\/wp-content\/uploads\/2026\/01\/2600NZTMN00003-BLACK.png",453,250,false],"2048x2048":["https:\/\/turkishtrade.co\/wp-content\/uploads\/2026\/01\/2600NZTMN00003-BLACK.png",453,250,false],"trp-custom-language-flag":["https:\/\/turkishtrade.co\/wp-content\/uploads\/2026\/01\/2600NZTMN00003-BLACK-18x10.png",18,10,true],"woocommerce_thumbnail":["https:\/\/turkishtrade.co\/wp-content\/uploads\/2026\/01\/2600NZTMN00003-BLACK-400x250.png",400,250,true],"woocommerce_single":["https:\/\/turkishtrade.co\/wp-content\/uploads\/2026\/01\/2600NZTMN00003-BLACK.png",453,250,false],"woocommerce_gallery_thumbnail":["https:\/\/turkishtrade.co\/wp-content\/uploads\/2026\/01\/2600NZTMN00003-BLACK-100x100.png",100,100,true]},"uagb_author_info":{"display_name":"python python","author_link":"https:\/\/turkishtrade.co\/tr\/author\/"},"uagb_comment_info":0,"uagb_excerpt":"Premium 'dana deri' (calfskin leather) upper for a refined look Soft 'keci astar' (goat leather) lining for ultimate comfort Lightweight and durable 'eva taban' (EVA sole) for superior cushioning Elegant classic design with a unique textured vamp detail Available for wholesale purchase with a minimum order of 16 pairs","_links":{"self":[{"href":"https:\/\/turkishtrade.co\/tr\/wp-json\/wp\/v2\/product\/8085","targetHints":{"allow":["GET"]}}],"collection":[{"href":"https:\/\/turkishtrade.co\/tr\/wp-json\/wp\/v2\/product"}],"about":[{"href":"https:\/\/turkishtrade.co\/tr\/wp-json\/wp\/v2\/types\/product"}],"wp:featuredmedia":[{"embeddable":true,"href":"https:\/\/turkishtrade.co\/tr\/wp-json\/wp\/v2\/media\/6976"}],"wp:attachment":[{"href":"https:\/\/turkishtrade.co\/tr\/wp-json\/wp\/v2\/media?parent=8085"}],"wp:term":[{"taxonomy":"product_brand","embeddable":true,"href":"https:\/\/turkishtrade.co\/tr\/wp-json\/wp\/v2\/product_brand?post=8085"},{"taxonomy":"product_cat","embeddable":true,"href":"https:\/\/turkishtrade.co\/tr\/wp-json\/wp\/v2\/product_cat?post=8085"},{"taxonomy":"product_tag","embeddable":true,"href":"https:\/\/turkishtrade.co\/tr\/wp-json\/wp\/v2\/product_tag?post=8085"}],"curies":[{"name":"wp","href":"https:\/\/api.w.org\/{rel}","templated":true}]}}