{"id":8084,"date":"2026-01-29T14:47:26","date_gmt":"2026-01-29T14:47:26","guid":{"rendered":"https:\/\/turkishtrade.co\/?post_type=product&#038;p=8084"},"modified":"2026-04-09T20:36:37","modified_gmt":"2026-04-09T20:36:37","slug":"mens-brown-leather-loafers-11","status":"publish","type":"product","link":"https:\/\/turkishtrade.co\/tr\/shop\/mens-brown-leather-loafers-11\/","title":{"rendered":"Erkek Kahverengi Deri Loafer Proven | Klasik Kahverengi Deri Tokal\u0131 Loafer"},"content":{"rendered":"<p><strong>Erkek Kahverengi Deri Loafer<\/strong>. Kan\u0131tlanm\u0131\u015f kalite ve tasar\u0131m.<\/p>\n<p>Zarif \u00fcr\u00fcnlerimizle zamans\u0131z \u015f\u0131kl\u0131\u011f\u0131 ve benzersiz konforu ke\u015ffedin <b>Erkek Kahverengi Deri Loafer<\/b>. Modern beyefendiler i\u00e7in \u00fcretilen bu klasik slip-on ayakkab\u0131lar, sofistike stili g\u00fcnl\u00fck giyilebilirlikle kusursuz bir \u015fekilde harmanlamak \u00fczere tasarlanm\u0131\u015ft\u0131r. Bu ayakkab\u0131lar\u0131n her bir \u00e7ifti <b>Erkek Kahverengi Deri Loafer<\/b> hem l\u00fcks hem de uzun \u00f6m\u00fcr vaat eden birinci s\u0131n\u0131f malzemelerle \u00fcst\u00fcn sanat\u0131n bir kan\u0131t\u0131d\u0131r.<\/p>\n<h3>E\u015fsiz Kalite ve \u0130\u015f\u00e7ilik<\/h3>\n<p>Bizim <b>Erkek Kahverengi Deri Loafer<\/b> esnek dokusu ve zaman i\u00e7inde g\u00fczel bir patina geli\u015ftiren zengin, koyu kahverengi tonuyla tan\u0131nan y\u00fcksek kaliteli dana derisinden titizlikle \u00fcretilmi\u015ftir. Bu \u00fcst d\u00fczey deri, dayan\u0131kl\u0131l\u0131k ve zarif bir estetik sa\u011flayarak bu <b>Erkek Kahverengi Deri Loafer<\/b> her gard\u0131rop i\u00e7in se\u00e7kin bir ek. Bu birinci s\u0131n\u0131f <b>Erkek Kahverengi Deri Loafer<\/b> zarif bir toka vurgusuyla ustal\u0131kla tamamlanarak klasik bir cazibe katar. \u0130\u00e7 k\u0131s\u0131mdaki yumu\u015fak, nefes alabilen ke\u00e7i derisi astar sayesinde ayaklar\u0131n\u0131z en \u00fcst d\u00fczeyde konforu ya\u015fayacak. Bu do\u011fal astar nemi uzakla\u015ft\u0131r\u0131r ve nazik bir kucaklama sa\u011flayarak ilk ad\u0131mdan son ad\u0131ma kadar rahatl\u0131k sa\u011flar.<\/p>\n<h3>EVA Taban Teknolojisi ile \u00dcst\u00fcn Konfor<\/h3>\n<p>Konfor her \u015feyden \u00f6nemlidir, bu nedenle <b>Erkek Kahverengi Deri Loafer<\/b> hafif ancak inan\u0131lmaz derecede destekleyici EVA tabana sahiptir. Bu geli\u015fmi\u015f taban teknolojisi m\u00fckemmel yast\u0131klama ve \u015fok emilimi sa\u011flayarak uzun saatler kullan\u0131mdan sonra bile yorgunlu\u011fu azalt\u0131r. Esnek EVA taban ayn\u0131 zamanda g\u00fcvenilir tutu\u015f sa\u011flar ve bu <b>Erkek Kahverengi Deri Loafer<\/b> inan\u0131lmaz derecede hafiftir ve g\u00fcn boyunca zahmetsizce hareket etmenizi sa\u011flar. \u0130ster yo\u011fun bir i\u015f g\u00fcn\u00fc ge\u00e7iriyor olun, ister rahat bir hafta sonu gezintisinin tad\u0131n\u0131 \u00e7\u0131kar\u0131n, bu mokasen ayakkab\u0131lar tutarl\u0131 bir rahatl\u0131k sunarak onlar\u0131 <b>Erkek Kahverengi Deri Loafer<\/b>.<\/p>\n<h3>Her Durum i\u00e7in \u00c7ok Y\u00f6nl\u00fc Stil<\/h3>\n<p>Bunlar\u0131n klasik tasar\u0131m\u0131 <b>Erkek Kahverengi Deri Loafer<\/b> inan\u0131lmaz derecede \u00e7ok y\u00f6nl\u00fc olmas\u0131n\u0131 sa\u011flar. \u0130\u015f ama\u00e7l\u0131 g\u00fcndelik ortamlar, smart-casual toplant\u0131lar ve hatta \u015f\u0131k davetler i\u00e7in m\u00fckemmel bir ayakkab\u0131 se\u00e7imidir. \u015e\u0131k bir g\u00f6r\u00fcn\u00fcm i\u00e7in \u00f6zel dikim pantolonlarla ya da daha rahat ama sofistike bir kombin i\u00e7in chino pantolonlar ve kot pantolonlarla e\u015fle\u015ftirin. 40'tan 44'e kadar kapsaml\u0131 bir beden yelpazesinde mevcut olan bu <b>Erkek Kahverengi Deri Loafer<\/b> geni\u015f bir kitleye hitap ederek se\u00e7ici m\u00fc\u015fteriler i\u00e7in m\u00fckemmel bir uyum sa\u011flar. Bu temel \u00fcr\u00fcnlerle geleneksel stil ve \u00e7a\u011fda\u015f konforun kar\u0131\u015f\u0131m\u0131n\u0131 kucaklay\u0131n <b>Erkek Kahverengi Deri Loafer<\/b>, ki\u015fisel stilinizi y\u00fckseltecek kaliteli ayakkab\u0131lara yat\u0131r\u0131m yap\u0131n.<\/p>","protected":false},"excerpt":{"rendered":"<ul>\n<li>Dayan\u0131kl\u0131l\u0131k ve stil i\u00e7in birinci s\u0131n\u0131f dana derisinden \u00fcretilmi\u015ftir<\/li>\n<li>\u00dcst\u00fcn konfor ve nefes alabilirlik i\u00e7in l\u00fcks ke\u00e7i derisi astar<\/li>\n<li>Hafif ve esnek EVA Taban ola\u011fan\u00fcst\u00fc yast\u0131klama sa\u011flar<\/li>\n<li>Klasik bir \u015f\u0131kl\u0131k dokunu\u015fu i\u00e7in farkl\u0131 bir toka detay\u0131na sahiptir<\/li>\n<li>\u00c7e\u015fitli ebatlarda mevcuttur: 40, 41, 42, 43, 44<\/li>\n<li>Minimum Sipari\u015f: 16 \u00c7ift (Toptan Sat\u0131\u015f)<\/li>\n<\/ul>","protected":false},"featured_media":7001,"template":"","meta":{"_acf_changed":false,"_uag_custom_page_level_css":"","site-sidebar-layout":"default","site-content-layout":"","ast-site-content-layout":"default","site-content-style":"default","site-sidebar-style":"default","ast-global-header-display":"","ast-banner-title-visibility":"","ast-main-header-display":"","ast-hfb-above-header-display":"","ast-hfb-below-header-display":"","ast-hfb-mobile-header-display":"","site-post-title":"","ast-breadcrumbs-content":"","ast-featured-img":"","footer-sml-layout":"","ast-disable-related-posts":"","theme-transparent-header-meta":"","adv-header-id-meta":"","stick-header-meta":"","header-above-stick-meta":"","header-main-stick-meta":"","header-below-stick-meta":"","astra-migrate-meta-layouts":"default","ast-page-background-enabled":"default","ast-page-background-meta":{"desktop":{"background-color":"var(--ast-global-color-4)","background-image":"","background-repeat":"repeat","background-position":"center center","background-size":"auto","background-attachment":"scroll","background-type":"","background-media":"","overlay-type":"","overlay-color":"","overlay-opacity":"","overlay-gradient":""},"tablet":{"background-color":"","background-image":"","background-repeat":"repeat","background-position":"center center","background-size":"auto","background-attachment":"scroll","background-type":"","background-media":"","overlay-type":"","overlay-color":"","overlay-opacity":"","overlay-gradient":""},"mobile":{"background-color":"","background-image":"","background-repeat":"repeat","background-position":"center center","background-size":"auto","background-attachment":"scroll","background-type":"","background-media":"","overlay-type":"","overlay-color":"","overlay-opacity":"","overlay-gradient":""}},"ast-content-background-meta":{"desktop":{"background-color":"var(--ast-global-color-5)","background-image":"","background-repeat":"repeat","background-position":"center center","background-size":"auto","background-attachment":"scroll","background-type":"","background-media":"","overlay-type":"","overlay-color":"","overlay-opacity":"","overlay-gradient":""},"tablet":{"background-color":"var(--ast-global-color-5)","background-image":"","background-repeat":"repeat","background-position":"center center","background-size":"auto","background-attachment":"scroll","background-type":"","background-media":"","overlay-type":"","overlay-color":"","overlay-opacity":"","overlay-gradient":""},"mobile":{"background-color":"var(--ast-global-color-5)","background-image":"","background-repeat":"repeat","background-position":"center center","background-size":"auto","background-attachment":"scroll","background-type":"","background-media":"","overlay-type":"","overlay-color":"","overlay-opacity":"","overlay-gradient":""}}},"product_brand":[],"product_cat":[47,430,1200],"product_tag":[147,513,566,457,287,1278,215,249,184],"class_list":{"0":"post-8084","1":"product","2":"type-product","3":"status-publish","4":"has-post-thumbnail","6":"product_cat-classic","7":"product_cat-men","8":"product_cat-mens-shoes-2","9":"product_tag-brown-loafers","10":"product_tag-business-casual-shoes","11":"product_tag-calfskin-shoes","12":"product_tag-classic-loafers","13":"product_tag-eva-sole-shoes","14":"product_tag-goat-lining-shoes","15":"product_tag-leather-loafers","16":"product_tag-mens-brown-leather-loafers","17":"product_tag-slip-on-shoes","18":"desktop-align-center","19":"tablet-align-center","20":"mobile-align-center","22":"first","23":"instock","24":"shipping-taxable","25":"purchasable","26":"product-type-variable","27":"has-default-attributes"},"acf":[],"uagb_featured_image_src":{"full":["https:\/\/turkishtrade.co\/wp-content\/uploads\/2026\/01\/2600NZTMN00002-BROWN.png",453,250,false],"thumbnail":["https:\/\/turkishtrade.co\/wp-content\/uploads\/2026\/01\/2600NZTMN00002-BROWN-150x150.png",150,150,true],"medium":["https:\/\/turkishtrade.co\/wp-content\/uploads\/2026\/01\/2600NZTMN00002-BROWN-300x166.png",300,166,true],"medium_large":["https:\/\/turkishtrade.co\/wp-content\/uploads\/2026\/01\/2600NZTMN00002-BROWN.png",453,250,false],"large":["https:\/\/turkishtrade.co\/wp-content\/uploads\/2026\/01\/2600NZTMN00002-BROWN.png",453,250,false],"1536x1536":["https:\/\/turkishtrade.co\/wp-content\/uploads\/2026\/01\/2600NZTMN00002-BROWN.png",453,250,false],"2048x2048":["https:\/\/turkishtrade.co\/wp-content\/uploads\/2026\/01\/2600NZTMN00002-BROWN.png",453,250,false],"trp-custom-language-flag":["https:\/\/turkishtrade.co\/wp-content\/uploads\/2026\/01\/2600NZTMN00002-BROWN-18x10.png",18,10,true],"woocommerce_thumbnail":["https:\/\/turkishtrade.co\/wp-content\/uploads\/2026\/01\/2600NZTMN00002-BROWN-400x250.png",400,250,true],"woocommerce_single":["https:\/\/turkishtrade.co\/wp-content\/uploads\/2026\/01\/2600NZTMN00002-BROWN.png",453,250,false],"woocommerce_gallery_thumbnail":["https:\/\/turkishtrade.co\/wp-content\/uploads\/2026\/01\/2600NZTMN00002-BROWN-100x100.png",100,100,true]},"uagb_author_info":{"display_name":"python python","author_link":"https:\/\/turkishtrade.co\/tr\/author\/"},"uagb_comment_info":0,"uagb_excerpt":"Crafted from premium Calf Leather for durability and style Luxurious Goat Leather Lining for superior comfort and breathability Lightweight and flexible EVA Sole provides exceptional cushioning Features a distinctive buckle detail for a touch of classic elegance Available in a range of sizes: 40, 41, 42, 43, 44 Minimum Order: 16 Pairs (Wholesale Availability)","_links":{"self":[{"href":"https:\/\/turkishtrade.co\/tr\/wp-json\/wp\/v2\/product\/8084","targetHints":{"allow":["GET"]}}],"collection":[{"href":"https:\/\/turkishtrade.co\/tr\/wp-json\/wp\/v2\/product"}],"about":[{"href":"https:\/\/turkishtrade.co\/tr\/wp-json\/wp\/v2\/types\/product"}],"wp:featuredmedia":[{"embeddable":true,"href":"https:\/\/turkishtrade.co\/tr\/wp-json\/wp\/v2\/media\/7001"}],"wp:attachment":[{"href":"https:\/\/turkishtrade.co\/tr\/wp-json\/wp\/v2\/media?parent=8084"}],"wp:term":[{"taxonomy":"product_brand","embeddable":true,"href":"https:\/\/turkishtrade.co\/tr\/wp-json\/wp\/v2\/product_brand?post=8084"},{"taxonomy":"product_cat","embeddable":true,"href":"https:\/\/turkishtrade.co\/tr\/wp-json\/wp\/v2\/product_cat?post=8084"},{"taxonomy":"product_tag","embeddable":true,"href":"https:\/\/turkishtrade.co\/tr\/wp-json\/wp\/v2\/product_tag?post=8084"}],"curies":[{"name":"wp","href":"https:\/\/api.w.org\/{rel}","templated":true}]}}