{"id":8083,"date":"2026-01-29T14:47:26","date_gmt":"2026-01-29T14:47:26","guid":{"rendered":"https:\/\/turkishtrade.co\/?post_type=product&#038;p=8083"},"modified":"2026-04-09T20:36:43","modified_gmt":"2026-04-09T20:36:43","slug":"mens-black-leather-loafers-20","status":"publish","type":"product","link":"https:\/\/turkishtrade.co\/tr\/shop\/mens-black-leather-loafers-20\/","title":{"rendered":"Erkek Siyah Deri Loaferlar Rakipsiz | Erkek Klasik Siyah Dana Derisi"},"content":{"rendered":"<p><strong>Erkek Siyah Deri Loafer<\/strong>. Rakipsiz kalite ve tasar\u0131m.<\/p>\n<p>Klasik Erkek Siyah Deri Loafer'lar\u0131m\u0131zla zamans\u0131z bir stile ve benzersiz bir konfora ad\u0131m at\u0131n. Modern beyefendilerin taleplerini kar\u015f\u0131lamak i\u00e7in titizlikle \u00fcretilen bu mokasen ayakkab\u0131lar, geleneksel tasar\u0131m\u0131 \u00e7a\u011fda\u015f konfor \u00f6zellikleriyle kusursuz bir \u015fekilde harmanl\u0131yor. En iyi dana derisinden \u00fcretilen \u00fcst k\u0131s\u0131m, sofistike bir g\u00f6r\u00fcn\u00fcm sergileyen zengin ve esnek bir dokuya sahiptir. <b>Erkek Siyah Deri Loafer<\/b> her se\u00e7kin gard\u0131rop i\u00e7in vazge\u00e7ilmez bir eklentidir. \u0130ster toplant\u0131 odas\u0131nda geziniyor ister d\u0131\u015far\u0131da zarif bir ak\u015fam\u0131n tad\u0131n\u0131 \u00e7\u0131kar\u0131yor olun, bu ayakkab\u0131lar sade \u015f\u0131kl\u0131klar\u0131yla g\u00f6r\u00fcn\u00fcm\u00fcn\u00fcz\u00fc y\u00fckseltmeyi vaat ediyor.<\/p>\n<h3>Rakipsiz Konfor ve Birinci S\u0131n\u0131f Malzemeler<\/h3>\n<p>Bu ola\u011fan\u00fcst\u00fc tasar\u0131m\u0131n \u00f6zenli yap\u0131s\u0131 sayesinde her ad\u0131mda l\u00fcks konforu ya\u015fay\u0131n <b>Erkek Siyah Deri Loafer<\/b>. \u0130\u00e7 k\u0131s\u0131m, inan\u0131lmaz yumu\u015fakl\u0131\u011f\u0131 ve nefes alabilirli\u011fi ile bilinen hakiki ke\u00e7i derisi ile astarlanm\u0131\u015ft\u0131r. Bu birinci s\u0131n\u0131f astar, uzun s\u00fcreli kullan\u0131mlarda bile rahat ve tahri\u015fsiz bir uyum sa\u011flayarak ayaklar\u0131n\u0131z\u0131 g\u00fcn boyunca serin ve kuru tutar. Alt k\u0131s\u0131mdaki son teknoloji EVA taban, \u00fcst\u00fcn yast\u0131klama ve ola\u011fan\u00fcst\u00fc esneklik sa\u011flar. Bu hafif taban darbeyi etkili bir \u015fekilde emerek yorgunlu\u011fu azalt\u0131r ve \u00e7e\u015fitli y\u00fczeylerde m\u00fckemmel \u00e7eki\u015f g\u00fcc\u00fc sunarak g\u00fcn\u00fcn\u00fcz sizi nereye g\u00f6t\u00fcr\u00fcrse g\u00f6t\u00fcrs\u00fcn denge ve g\u00fcven sa\u011flar.<\/p>\n<h3>Her Durum i\u00e7in \u00c7ok Y\u00f6nl\u00fc Stil<\/h3>\n<p>Klasiklerimiz <b>Erkek Siyah Deri Loafer<\/b> \u00e7ok y\u00f6nl\u00fcl\u00fck i\u00e7in tasarlanm\u0131\u015ft\u0131r, bu da onlar\u0131 \u00e7ok \u00e7e\u015fitli ortamlar i\u00e7in m\u00fckemmel k\u0131lar. Zamans\u0131z siyah y\u00fczeyi ve klasik silueti, resmi bir g\u00f6r\u00fcn\u00fcm i\u00e7in tak\u0131m elbiselerle ya da \u015f\u0131k ve rahat bir kombin i\u00e7in chino pantolon ve blazer ceketle zahmetsizce e\u015fle\u015fmesini sa\u011flar. S\u0131rt k\u0131sm\u0131ndaki ince metal detay, ayakkab\u0131n\u0131n zarif i\u015f\u00e7ili\u011fini vurgulayarak a\u015f\u0131r\u0131ya ka\u00e7madan rafine bir sofistike dokunu\u015f katar. 40'tan 44'e kadar Avrupa bedenlerinde mevcut olan bu mokasen ayakkab\u0131lar, farkl\u0131 m\u00fc\u015fteri kitlelerine m\u00fckemmel uyum sa\u011flayacak \u015fekilde tasarlanm\u0131\u015ft\u0131r.<\/p>\n<h3>\u0130\u015fletmeler i\u00e7in Toptan Sat\u0131\u015f F\u0131rsat\u0131<\/h3>\n<p>Y\u00fcksek kaliteli ayakkab\u0131lar sunmak isteyen perakendeciler ve i\u015fletmeler i\u00e7in bu Klasik Erkek Siyah Deri Loafer'lar toptan sat\u0131n al\u0131nabilir. Yaln\u0131zca 16 \u00e7iftlik minimum sipari\u015f miktar\u0131yla, envanterinizi hem stil hem de dayan\u0131kl\u0131l\u0131k vaat eden bir \u00fcr\u00fcnle kolayca stoklayabilirsiniz. Dayan\u0131kl\u0131 dana derisi ve yumu\u015fak ke\u00e7i derisi astar gibi birinci s\u0131n\u0131f malzemeleri rahat bir EVA tabanla birle\u015ftiren mokasen ayakkab\u0131lar\u0131m\u0131z m\u00fckemmel bir yat\u0131r\u0131m\u0131 temsil eder. M\u00fc\u015fterilerinize, kal\u0131c\u0131 \u00e7ekicili\u011fi ve \u00fcst\u00fcn yap\u0131s\u0131yla bilinen, el \u00fcst\u00fcnde tutacaklar\u0131 bir \u00fcr\u00fcn sunun. Ayakkab\u0131 koleksiyonunuzu geli\u015ftirin ve ince i\u015f\u00e7ili\u011fi ve klasik tasar\u0131m\u0131 takdir eden m\u00fc\u015fterilerinize hitap edin.<\/p>","protected":false},"excerpt":{"rendered":"<ul>\n<li>Sofistike bir g\u00f6r\u00fcn\u00fcm ve his i\u00e7in birinci s\u0131n\u0131f dana derisi saya.<\/li>\n<li>Yumu\u015fak, nefes alabilen ke\u00e7i derisi astar \u00fcst\u00fcn konfor sa\u011flar.<\/li>\n<li>Hafif ve esnek EVA taban m\u00fckemmel yast\u0131klama ve kavrama sa\u011flar.<\/li>\n<li>\u00c7e\u015fitli durumlar i\u00e7in uygun klasik slip-on loafer tasar\u0131m\u0131.<\/li>\n<li>40, 41, 42, 43, 44 Avrupa bedenlerinde mevcuttur.<\/li>\n<li>Minimum 16 \u00e7ift sipari\u015f miktar\u0131 ile toptan al\u0131m i\u00e7in idealdir.<\/li>\n<\/ul>","protected":false},"featured_media":6999,"template":"","meta":{"_acf_changed":false,"_uag_custom_page_level_css":"","site-sidebar-layout":"default","site-content-layout":"","ast-site-content-layout":"default","site-content-style":"default","site-sidebar-style":"default","ast-global-header-display":"","ast-banner-title-visibility":"","ast-main-header-display":"","ast-hfb-above-header-display":"","ast-hfb-below-header-display":"","ast-hfb-mobile-header-display":"","site-post-title":"","ast-breadcrumbs-content":"","ast-featured-img":"","footer-sml-layout":"","ast-disable-related-posts":"","theme-transparent-header-meta":"","adv-header-id-meta":"","stick-header-meta":"","header-above-stick-meta":"","header-main-stick-meta":"","header-below-stick-meta":"","astra-migrate-meta-layouts":"default","ast-page-background-enabled":"default","ast-page-background-meta":{"desktop":{"background-color":"var(--ast-global-color-4)","background-image":"","background-repeat":"repeat","background-position":"center center","background-size":"auto","background-attachment":"scroll","background-type":"","background-media":"","overlay-type":"","overlay-color":"","overlay-opacity":"","overlay-gradient":""},"tablet":{"background-color":"","background-image":"","background-repeat":"repeat","background-position":"center center","background-size":"auto","background-attachment":"scroll","background-type":"","background-media":"","overlay-type":"","overlay-color":"","overlay-opacity":"","overlay-gradient":""},"mobile":{"background-color":"","background-image":"","background-repeat":"repeat","background-position":"center center","background-size":"auto","background-attachment":"scroll","background-type":"","background-media":"","overlay-type":"","overlay-color":"","overlay-opacity":"","overlay-gradient":""}},"ast-content-background-meta":{"desktop":{"background-color":"var(--ast-global-color-5)","background-image":"","background-repeat":"repeat","background-position":"center center","background-size":"auto","background-attachment":"scroll","background-type":"","background-media":"","overlay-type":"","overlay-color":"","overlay-opacity":"","overlay-gradient":""},"tablet":{"background-color":"var(--ast-global-color-5)","background-image":"","background-repeat":"repeat","background-position":"center center","background-size":"auto","background-attachment":"scroll","background-type":"","background-media":"","overlay-type":"","overlay-color":"","overlay-opacity":"","overlay-gradient":""},"mobile":{"background-color":"var(--ast-global-color-5)","background-image":"","background-repeat":"repeat","background-position":"center center","background-size":"auto","background-attachment":"scroll","background-type":"","background-media":"","overlay-type":"","overlay-color":"","overlay-opacity":"","overlay-gradient":""}}},"product_brand":[],"product_cat":[47,430,1200],"product_tag":[196,513,185,457,287,352,324,186,184,254],"class_list":{"0":"post-8083","1":"product","2":"type-product","3":"status-publish","4":"has-post-thumbnail","6":"product_cat-classic","7":"product_cat-men","8":"product_cat-mens-shoes-2","9":"product_tag-black-leather-shoes","10":"product_tag-business-casual-shoes","11":"product_tag-calf-leather-shoes","12":"product_tag-classic-loafers","13":"product_tag-eva-sole-shoes","14":"product_tag-formal-loafers","15":"product_tag-mens-dress-shoes","16":"product_tag-mens-loafers","17":"product_tag-slip-on-shoes","18":"product_tag-wholesale-footwear","19":"desktop-align-center","20":"tablet-align-center","21":"mobile-align-center","23":"first","24":"instock","25":"shipping-taxable","26":"purchasable","27":"product-type-variable","28":"has-default-attributes"},"acf":[],"uagb_featured_image_src":{"full":["https:\/\/turkishtrade.co\/wp-content\/uploads\/2026\/01\/2600NZTMN00001-BLACK.png",453,250,false],"thumbnail":["https:\/\/turkishtrade.co\/wp-content\/uploads\/2026\/01\/2600NZTMN00001-BLACK-150x150.png",150,150,true],"medium":["https:\/\/turkishtrade.co\/wp-content\/uploads\/2026\/01\/2600NZTMN00001-BLACK-300x166.png",300,166,true],"medium_large":["https:\/\/turkishtrade.co\/wp-content\/uploads\/2026\/01\/2600NZTMN00001-BLACK.png",453,250,false],"large":["https:\/\/turkishtrade.co\/wp-content\/uploads\/2026\/01\/2600NZTMN00001-BLACK.png",453,250,false],"1536x1536":["https:\/\/turkishtrade.co\/wp-content\/uploads\/2026\/01\/2600NZTMN00001-BLACK.png",453,250,false],"2048x2048":["https:\/\/turkishtrade.co\/wp-content\/uploads\/2026\/01\/2600NZTMN00001-BLACK.png",453,250,false],"trp-custom-language-flag":["https:\/\/turkishtrade.co\/wp-content\/uploads\/2026\/01\/2600NZTMN00001-BLACK-18x10.png",18,10,true],"woocommerce_thumbnail":["https:\/\/turkishtrade.co\/wp-content\/uploads\/2026\/01\/2600NZTMN00001-BLACK-400x250.png",400,250,true],"woocommerce_single":["https:\/\/turkishtrade.co\/wp-content\/uploads\/2026\/01\/2600NZTMN00001-BLACK.png",453,250,false],"woocommerce_gallery_thumbnail":["https:\/\/turkishtrade.co\/wp-content\/uploads\/2026\/01\/2600NZTMN00001-BLACK-100x100.png",100,100,true]},"uagb_author_info":{"display_name":"python python","author_link":"https:\/\/turkishtrade.co\/tr\/author\/"},"uagb_comment_info":0,"uagb_excerpt":"Premium calf leather upper for a sophisticated look and feel. Soft, breathable goat leather lining ensures superior comfort. Lightweight and flexible EVA sole provides excellent cushioning and grip. Classic slip-on loafer design suitable for various occasions. Available in European sizes 40, 41, 42, 43, 44. Ideal for wholesale purchase with a minimum order quantity of&hellip;","_links":{"self":[{"href":"https:\/\/turkishtrade.co\/tr\/wp-json\/wp\/v2\/product\/8083","targetHints":{"allow":["GET"]}}],"collection":[{"href":"https:\/\/turkishtrade.co\/tr\/wp-json\/wp\/v2\/product"}],"about":[{"href":"https:\/\/turkishtrade.co\/tr\/wp-json\/wp\/v2\/types\/product"}],"wp:featuredmedia":[{"embeddable":true,"href":"https:\/\/turkishtrade.co\/tr\/wp-json\/wp\/v2\/media\/6999"}],"wp:attachment":[{"href":"https:\/\/turkishtrade.co\/tr\/wp-json\/wp\/v2\/media?parent=8083"}],"wp:term":[{"taxonomy":"product_brand","embeddable":true,"href":"https:\/\/turkishtrade.co\/tr\/wp-json\/wp\/v2\/product_brand?post=8083"},{"taxonomy":"product_cat","embeddable":true,"href":"https:\/\/turkishtrade.co\/tr\/wp-json\/wp\/v2\/product_cat?post=8083"},{"taxonomy":"product_tag","embeddable":true,"href":"https:\/\/turkishtrade.co\/tr\/wp-json\/wp\/v2\/product_tag?post=8083"}],"curies":[{"name":"wp","href":"https:\/\/api.w.org\/{rel}","templated":true}]}}