{"id":8080,"date":"2026-01-29T14:47:26","date_gmt":"2026-01-29T14:47:26","guid":{"rendered":"https:\/\/turkishtrade.co\/?post_type=product&#038;p=8080"},"modified":"2026-04-09T20:36:51","modified_gmt":"2026-04-09T20:36:51","slug":"mens-brown-leather-loafers-7","status":"publish","type":"product","link":"https:\/\/turkishtrade.co\/tr\/shop\/mens-brown-leather-loafers-7\/","title":{"rendered":"Erkek Kahverengi Deri Loafer En \u00c7ok Satan | Erkek Klasik Kahverengi Deri Loafer"},"content":{"rendered":"<p><strong>Erkek Kahverengi Deri Loafer<\/strong>. En \u00c7ok Satan kalite ve tasar\u0131m.<\/p>\n<p>Enfes \u00fcr\u00fcnlerimizle zamans\u0131z bir zarafet ve benzersiz bir konfor d\u00fcnyas\u0131na ad\u0131m at\u0131n <strong>Microlight Tabanl\u0131 Erkek Klasik Kahverengi Deri Loafer<\/strong>. Se\u00e7kin beyefendiler i\u00e7in tasarlanan bu mokasen ayakkab\u0131lar, geleneksel i\u015f\u00e7ili\u011fi modern yeniliklerle kusursuz bir \u015fekilde harmanl\u0131yor. Bu l\u00fcks erkek kahverengi deri mokasen ayakkab\u0131lar\u0131n her bir \u00e7ifti \u00fcst\u00fcn kalitenin bir kan\u0131t\u0131d\u0131r ve onlar\u0131 her sofistike gard\u0131rop i\u00e7in vazge\u00e7ilmez bir eklenti haline getirir. \u0130ster bir i\u015f toplant\u0131s\u0131na, ister resmi bir etkinli\u011fe kat\u0131l\u0131yor olun, ister sadece \u015f\u0131k ve g\u00fcndelik bir gezintinin tad\u0131n\u0131 \u00e7\u0131kar\u0131n, bu mokasen ayakkab\u0131lar en iyi \u015fekilde g\u00f6r\u00fcnmenizi ve hissetmenizi sa\u011flayacakt\u0131r.<\/p>\n<h3>Benzersiz \u0130\u015f\u00e7ilik ve Birinci S\u0131n\u0131f Malzemeler<\/h3>\n<p>Erkek kahverengi deri mokasen ayakkab\u0131lar\u0131m\u0131z, birinci s\u0131n\u0131f dana (dana) ve ke\u00e7i (ke\u00e7i) derisinin l\u00fcks bir kar\u0131\u015f\u0131m\u0131 kullan\u0131larak titizlikle elde \u00fcretilmi\u015ftir. Bu \u00f6zenli kombinasyon sadece zengin, esnek bir doku sa\u011flamakla kalmaz, ayn\u0131 zamanda ola\u011fan\u00fcst\u00fc dayan\u0131kl\u0131l\u0131k ve nefes alabilirlik de sa\u011flar. Dana derisi g\u00fczel bir \u015fekilde eskiyen p\u00fcr\u00fczs\u00fcz, cilal\u0131 bir y\u00fczey sa\u011flarken, ke\u00e7i derisi zaman i\u00e7inde aya\u011f\u0131n\u0131za m\u00fckemmel bir \u015fekilde uyum sa\u011flayarak daha fazla esneklik ve rahatl\u0131k sunar. Klasik tasar\u0131m, zarif diki\u015fler ve vampir k\u0131sm\u0131ndaki ince p\u00fcsk\u00fcl benzeri detaylarla vurgulanarak bu sofistike ayakkab\u0131lar\u0131n her bir \u00e7iftinde detaylara g\u00f6sterilen \u00f6zeni g\u00f6zler \u00f6n\u00fcne seriyor. <a href=\"#\">erkek kahverengi\u0307 deri\u0307 mokasen<\/a>. Hakiki, y\u00fcksek kaliteli derinin yaratt\u0131\u011f\u0131 fark\u0131 deneyimleyin.<\/p>\n<h3>G\u00fcn Boyu Kullan\u0131m i\u00e7in Microlight Konfor Teknolojisi<\/h3>\n<p>Konfor her \u015feyden \u00f6nemlidir, bu nedenle bu erkek kahverengi deri mokasen ayakkab\u0131 yenilik\u00e7i Microlight tabana sahiptir. Bu geli\u015fmi\u015f taban teknolojisi, destek veya \u00e7eki\u015ften \u00f6d\u00fcn vermeden ayakkab\u0131n\u0131n toplam a\u011f\u0131rl\u0131\u011f\u0131n\u0131 \u00f6nemli \u00f6l\u00e7\u00fcde azalt\u0131r. Microlight taban, her ad\u0131mda yast\u0131klanm\u0131\u015f ve duyarl\u0131 bir his sa\u011flayarak aya\u011f\u0131n\u0131zda ge\u00e7irece\u011finiz uzun g\u00fcnler i\u00e7in idealdir. A\u011f\u0131r ve rahats\u0131z ayakkab\u0131lara elveda deyin ve Microlight taban\u0131m\u0131z\u0131n sundu\u011fu t\u00fcy kadar hafif hissi kucaklay\u0131n. Dayan\u0131kl\u0131 kau\u00e7uk d\u0131\u015f taban ayr\u0131ca \u00e7e\u015fitli y\u00fczeylerde m\u00fckemmel tutu\u015f sa\u011flayarak g\u00fcn\u00fcn\u00fcz sizi nereye g\u00f6t\u00fcr\u00fcrse g\u00f6t\u00fcrs\u00fcn denge ve g\u00fcven sa\u011flar. Bunlar sadece \u015f\u0131k mokasen ayakkab\u0131lar de\u011fil; konfora adanm\u0131\u015fl\u0131kt\u0131r.<\/p>\n<h3>Her Durum i\u00e7in \u00c7ok Y\u00f6nl\u00fc Stil<\/h3>\n<p>Klasik kahverengi tonu ve sofistike tasar\u0131m\u0131yla bu mokasen ayakkab\u0131lar son derece \u00e7ok y\u00f6nl\u00fcd\u00fcr. G\u00f6steri\u015fli bir profesyonel g\u00f6r\u00fcn\u00fcm i\u00e7in \u00f6zel dikim tak\u0131m elbiselerle e\u015fle\u015ftirin ya da g\u00fcndelik bir kombin i\u00e7in chino pantolon ve \u015f\u0131k bir g\u00f6mlekle kombinleyin. Zamans\u0131z \u00e7ekicili\u011fi, bu ayakkab\u0131lar\u0131n y\u0131llarca ayakkab\u0131 koleksiyonunuzda temel bir par\u00e7a olarak kalmas\u0131n\u0131 sa\u011flar. 40\u2018tan 44\u2019e kadar kapsaml\u0131 bir beden yelpazesinde mevcut olan ve rahat bir 'D' geni\u015fli\u011fine sahip olan bu ayakkab\u0131lar, \u00e7ok \u00e7e\u015fitli ayak boyutlar\u0131 i\u00e7in m\u00fckemmel bir uyum sa\u011flar. Siz de bir \u00e7ift <a href=\"#\">erkek kahverengi\u0307 deri\u0307 mokasen<\/a> stil, konfor ve kal\u0131c\u0131 kaliteyi ger\u00e7ekten bir araya getiriyor.<\/p>\n<h3>Toptan Sat\u0131\u015f F\u0131rsatlar\u0131 Mevcut<\/h3>\n<p>Birinci s\u0131n\u0131f ayakkab\u0131 stoklamak isteyen perakendeciler ve i\u015fletmeler i\u00e7in, bu ola\u011fan\u00fcst\u00fc erkek kahverengi deri mokasen ayakkab\u0131lar toptan sat\u0131n al\u0131nabilir. Minimum 16 \u00e7iftlik bir sipari\u015f talep ediyoruz, bu da envanter ihtiya\u00e7lar\u0131n\u0131z\u0131 y\u00fcksek talep g\u00f6ren, kaliteli bir \u00fcr\u00fcnle kar\u015f\u0131laman\u0131z\u0131 kolayla\u015ft\u0131r\u0131yor. M\u00fc\u015fterilerinize i\u015f\u00e7ili\u011fi ve rahatl\u0131\u011f\u0131yla \u00f6ne \u00e7\u0131kan ayakkab\u0131lar sunmak i\u00e7in bizimle i\u015f ortakl\u0131\u011f\u0131 yap\u0131n.<\/p>","protected":false},"excerpt":{"rendered":"<ul>\n<li>Sofistike bir stil i\u00e7in birinci s\u0131n\u0131f kahverengi deri erkek mokasen ayakkab\u0131.<\/li>\n<li>Y\u00fcksek kaliteli dana (dana) ve ke\u00e7i (ke\u00e7i) derisinden ustal\u0131kla \u00fcretilmi\u015ftir.<\/li>\n<li>Ola\u011fan\u00fcst\u00fc hafif konfor i\u00e7in yenilik\u00e7i Microlight tabana sahiptir.<\/li>\n<li>Hem resmi hem de \u015f\u0131k g\u00fcndelik ortamlar i\u00e7in uygun klasik tasar\u0131m.<\/li>\n<li>Rahat \u2018D\u2019 geni\u015fli\u011fi ile 40, 41, 42, 43, 44 bedenlerde mevcuttur.<\/li>\n<li>Minimum 16 \u00e7ift sipari\u015f ile toptan sat\u0131\u015f f\u0131rsatlar\u0131 mevcuttur.<\/li>\n<\/ul>","protected":false},"featured_media":6713,"template":"","meta":{"_acf_changed":false,"_uag_custom_page_level_css":"","site-sidebar-layout":"default","site-content-layout":"","ast-site-content-layout":"default","site-content-style":"default","site-sidebar-style":"default","ast-global-header-display":"","ast-banner-title-visibility":"","ast-main-header-display":"","ast-hfb-above-header-display":"","ast-hfb-below-header-display":"","ast-hfb-mobile-header-display":"","site-post-title":"","ast-breadcrumbs-content":"","ast-featured-img":"","footer-sml-layout":"","ast-disable-related-posts":"","theme-transparent-header-meta":"","adv-header-id-meta":"","stick-header-meta":"","header-above-stick-meta":"","header-main-stick-meta":"","header-below-stick-meta":"","astra-migrate-meta-layouts":"default","ast-page-background-enabled":"default","ast-page-background-meta":{"desktop":{"background-color":"var(--ast-global-color-4)","background-image":"","background-repeat":"repeat","background-position":"center center","background-size":"auto","background-attachment":"scroll","background-type":"","background-media":"","overlay-type":"","overlay-color":"","overlay-opacity":"","overlay-gradient":""},"tablet":{"background-color":"","background-image":"","background-repeat":"repeat","background-position":"center center","background-size":"auto","background-attachment":"scroll","background-type":"","background-media":"","overlay-type":"","overlay-color":"","overlay-opacity":"","overlay-gradient":""},"mobile":{"background-color":"","background-image":"","background-repeat":"repeat","background-position":"center center","background-size":"auto","background-attachment":"scroll","background-type":"","background-media":"","overlay-type":"","overlay-color":"","overlay-opacity":"","overlay-gradient":""}},"ast-content-background-meta":{"desktop":{"background-color":"var(--ast-global-color-5)","background-image":"","background-repeat":"repeat","background-position":"center center","background-size":"auto","background-attachment":"scroll","background-type":"","background-media":"","overlay-type":"","overlay-color":"","overlay-opacity":"","overlay-gradient":""},"tablet":{"background-color":"var(--ast-global-color-5)","background-image":"","background-repeat":"repeat","background-position":"center center","background-size":"auto","background-attachment":"scroll","background-type":"","background-media":"","overlay-type":"","overlay-color":"","overlay-opacity":"","overlay-gradient":""},"mobile":{"background-color":"var(--ast-global-color-5)","background-image":"","background-repeat":"repeat","background-position":"center center","background-size":"auto","background-attachment":"scroll","background-type":"","background-media":"","overlay-type":"","overlay-color":"","overlay-opacity":"","overlay-gradient":""}}},"product_brand":[],"product_cat":[47,430,1200],"product_tag":[185,754,737,908,215,518,565,466,280,254],"class_list":{"0":"post-8080","1":"product","2":"type-product","3":"status-publish","4":"has-post-thumbnail","6":"product_cat-classic","7":"product_cat-men","8":"product_cat-mens-shoes-2","9":"product_tag-calf-leather-shoes","10":"product_tag-classic-mens-shoes","11":"product_tag-dress-loafers","12":"product_tag-goat-leather-shoes","13":"product_tag-leather-loafers","14":"product_tag-mens-brown-loafers","15":"product_tag-mens-formal-shoes","16":"product_tag-microlight-sole","17":"product_tag-smart-casual-shoes","18":"product_tag-wholesale-footwear","19":"desktop-align-center","20":"tablet-align-center","21":"mobile-align-center","23":"first","24":"instock","25":"shipping-taxable","26":"purchasable","27":"product-type-variable","28":"has-default-attributes"},"acf":[],"uagb_featured_image_src":{"full":["https:\/\/turkishtrade.co\/wp-content\/uploads\/2026\/01\/2600MSOMN00015-BROWN.png",453,250,false],"thumbnail":["https:\/\/turkishtrade.co\/wp-content\/uploads\/2026\/01\/2600MSOMN00015-BROWN-150x150.png",150,150,true],"medium":["https:\/\/turkishtrade.co\/wp-content\/uploads\/2026\/01\/2600MSOMN00015-BROWN-300x166.png",300,166,true],"medium_large":["https:\/\/turkishtrade.co\/wp-content\/uploads\/2026\/01\/2600MSOMN00015-BROWN.png",453,250,false],"large":["https:\/\/turkishtrade.co\/wp-content\/uploads\/2026\/01\/2600MSOMN00015-BROWN.png",453,250,false],"1536x1536":["https:\/\/turkishtrade.co\/wp-content\/uploads\/2026\/01\/2600MSOMN00015-BROWN.png",453,250,false],"2048x2048":["https:\/\/turkishtrade.co\/wp-content\/uploads\/2026\/01\/2600MSOMN00015-BROWN.png",453,250,false],"trp-custom-language-flag":["https:\/\/turkishtrade.co\/wp-content\/uploads\/2026\/01\/2600MSOMN00015-BROWN-18x10.png",18,10,true],"woocommerce_thumbnail":["https:\/\/turkishtrade.co\/wp-content\/uploads\/2026\/01\/2600MSOMN00015-BROWN-400x250.png",400,250,true],"woocommerce_single":["https:\/\/turkishtrade.co\/wp-content\/uploads\/2026\/01\/2600MSOMN00015-BROWN.png",453,250,false],"woocommerce_gallery_thumbnail":["https:\/\/turkishtrade.co\/wp-content\/uploads\/2026\/01\/2600MSOMN00015-BROWN-100x100.png",100,100,true]},"uagb_author_info":{"display_name":"python python","author_link":"https:\/\/turkishtrade.co\/tr\/author\/"},"uagb_comment_info":0,"uagb_excerpt":"Premium men's brown leather loafers for sophisticated style. Expertly crafted from high-quality calf (dana) and goat (ke\u00e7i) leather. Features an innovative Microlight sole for exceptional lightweight comfort. Classic design suitable for both formal and smart-casual occasions. Available in sizes 40, 41, 42, 43, 44 with a comfortable 'D' width. Wholesale opportunities available with a minimum&hellip;","_links":{"self":[{"href":"https:\/\/turkishtrade.co\/tr\/wp-json\/wp\/v2\/product\/8080","targetHints":{"allow":["GET"]}}],"collection":[{"href":"https:\/\/turkishtrade.co\/tr\/wp-json\/wp\/v2\/product"}],"about":[{"href":"https:\/\/turkishtrade.co\/tr\/wp-json\/wp\/v2\/types\/product"}],"wp:featuredmedia":[{"embeddable":true,"href":"https:\/\/turkishtrade.co\/tr\/wp-json\/wp\/v2\/media\/6713"}],"wp:attachment":[{"href":"https:\/\/turkishtrade.co\/tr\/wp-json\/wp\/v2\/media?parent=8080"}],"wp:term":[{"taxonomy":"product_brand","embeddable":true,"href":"https:\/\/turkishtrade.co\/tr\/wp-json\/wp\/v2\/product_brand?post=8080"},{"taxonomy":"product_cat","embeddable":true,"href":"https:\/\/turkishtrade.co\/tr\/wp-json\/wp\/v2\/product_cat?post=8080"},{"taxonomy":"product_tag","embeddable":true,"href":"https:\/\/turkishtrade.co\/tr\/wp-json\/wp\/v2\/product_tag?post=8080"}],"curies":[{"name":"wp","href":"https:\/\/api.w.org\/{rel}","templated":true}]}}