{"id":8078,"date":"2026-01-29T14:47:26","date_gmt":"2026-01-29T14:47:26","guid":{"rendered":"https:\/\/turkishtrade.co\/?post_type=product&#038;p=8078"},"modified":"2026-04-09T20:36:56","modified_gmt":"2026-04-09T20:36:56","slug":"mens-classic-casual-loafers","status":"publish","type":"product","link":"https:\/\/turkishtrade.co\/tr\/shop\/mens-classic-casual-loafers\/","title":{"rendered":"Erkek Klasik G\u00fcnl\u00fck Loafer En \u00c7ok Satan | EVA Tabanl\u0131 Siyah Deri"},"content":{"rendered":"<p><strong>Erkek Klasik G\u00fcnl\u00fck Loafer'lar<\/strong>. En \u00c7ok Satan kalite ve tasar\u0131m.<\/p>\n<p>Enfes Siyah Deri ile benzersiz konfora ve sofistike stile ad\u0131m at\u0131n <strong>Erkek Klasik G\u00fcnl\u00fck Loafer'lar<\/strong>. Hem \u015f\u0131kl\u0131\u011fa hem de pratikli\u011fe de\u011fer veren modern erkekler i\u00e7in tasarlanan bu mokasen ayakkab\u0131lar, geleneksel i\u015f\u00e7ili\u011fi \u00e7a\u011fda\u015f \u00f6zelliklerle kusursuz bir \u015fekilde harmanl\u0131yor. \u0130lk ad\u0131mdan itibaren, bu mokasenlerin birinci s\u0131n\u0131f malzemelerini ve \u00f6zenli tasar\u0131m\u0131n\u0131 takdir edeceksiniz. <strong>Erkek Klasik G\u00fcnl\u00fck Loafer'lar<\/strong> her gard\u0131ropta bulunmas\u0131 gereken bir ayakkab\u0131d\u0131r. \u0130ster i\u015f ama\u00e7l\u0131 g\u00fcndelik bir toplant\u0131ya gidiyor olun ister rahat bir hafta sonunun tad\u0131n\u0131 \u00e7\u0131kar\u0131n, bu ayakkab\u0131lar ola\u011fan\u00fcst\u00fc konfor ve kal\u0131c\u0131 bir stil sa\u011flamak \u00fczere tasarlanm\u0131\u015ft\u0131r.<\/p>\n<h3>E\u015fsiz Konfor ve \u0130\u015f\u00e7ilik<\/h3>\n<p>Bunlar\u0131n her bir \u00e7ifti <strong>Erkek Klasik G\u00fcnl\u00fck Loafer'lar<\/strong> esnek dokusu, dayan\u0131kl\u0131l\u0131\u011f\u0131 ve l\u00fcks hissi ile bilinen hakiki siyah dana derisinden titizlikle \u00fcretilmi\u015ftir. Zengin, koyu siyah tonu \u00e7ok y\u00f6nl\u00fcl\u00fck sa\u011flayarak \u00e7ok say\u0131da k\u0131yafetle kolayca e\u015fle\u015ftirilmesini sa\u011flar. \u0130\u00e7 k\u0131s\u0131mda ayaklar\u0131n\u0131z, \u00fcst\u00fcn nefes alabilirlik ve sabahtan ak\u015fama kadar s\u00fcren p\u00fcr\u00fczs\u00fcz, rahat bir deneyim sa\u011flayan, son derece yumu\u015fak ke\u00e7i derisi astarla sar\u0131l\u0131r. Hafif ve esnek EVA taban, m\u00fckemmel yast\u0131klama ve \u015fok emilimi sunarak oyunun kurallar\u0131n\u0131 de\u011fi\u015ftirir. <strong>Erkek Klasik G\u00fcnl\u00fck Loafer'lar<\/strong> tarz\u0131ndan \u00f6d\u00fcn vermeden g\u00fcn boyu konfor sa\u011flar. Bu yenilik\u00e7i taban malzemesi, geleneksel mokasenlere g\u00f6re \u00e7ok daha hafif olmalar\u0131n\u0131 sa\u011flayarak g\u00fcndelik \u00e7ekiciliklerini art\u0131r\u0131r.<\/p>\n<h3>Her Durum i\u00e7in \u00c7ok Y\u00f6nl\u00fc Stil<\/h3>\n<p>Bizim <strong>Erkek Klasik G\u00fcnl\u00fck Loafer'lar<\/strong> \u201cg\u00fcndelik klasik\u201d esteti\u011fini somutla\u015ft\u0131r\u0131r ve onlar\u0131 inan\u0131lmaz derecede \u00e7ok y\u00f6nl\u00fc hale getirir. \u0130nce bir p\u00fcsk\u00fcl detay\u0131 ile tamamlanan zarif tasar\u0131m, her kombini y\u00fckseltebilecek zamans\u0131z bir zarafet dokunu\u015fu kat\u0131yor. \u015e\u0131k bir ofis g\u00f6r\u00fcn\u00fcm\u00fc i\u00e7in \u00f6zel dikim pantolonlarla e\u015fle\u015ftirin veya g\u00f6steri\u015fli bir hafta sonu k\u0131yafeti i\u00e7in chino pantolonlar veya birinci s\u0131n\u0131f denimlerle giydirin. Bunlar <strong>Erkek Klasik G\u00fcnl\u00fck Loafer'lar<\/strong> hem sofistike bir hava hem de rahat bir konfor sunarak farkl\u0131 ortamlar aras\u0131nda zahmetsizce ge\u00e7i\u015f yapan ayakkab\u0131lar arayan erkekler i\u00e7in ideal se\u00e7imdir. Moda bilincine sahip her birey i\u00e7in ger\u00e7ekten bir k\u00f6\u015fe ta\u015f\u0131d\u0131r.<\/p>\n<h3>M\u00fckemmel Uyum ve Kaliteli Yat\u0131r\u0131m<\/h3>\n<p>M\u00fckemmel uyumun \u00f6nemini biliyoruz, i\u015fte bu y\u00fczden <strong>Erkek Klasik G\u00fcnl\u00fck Loafer'lar<\/strong> 40'tan 44'e kadar kapsaml\u0131 bir beden yelpazesinde mevcuttur. Bu dana derisi loaferlara yat\u0131r\u0131m yapmak, kaliteye ve uzun \u00f6m\u00fcrl\u00fcl\u00fc\u011fe yat\u0131r\u0131m yapmak anlam\u0131na gelir. Birinci s\u0131n\u0131f malzemeler ve uzman yap\u0131n\u0131n birle\u015fimi, bu ayakkab\u0131lar\u0131n y\u0131llarca koleksiyonunuzda temel bir par\u00e7a olarak kalmas\u0131n\u0131 sa\u011flar. \u00dcst\u00fcn i\u015f\u00e7ili\u011fin yaratt\u0131\u011f\u0131 fark\u0131 Siyah Deri Loafer'lar\u0131m\u0131zla ya\u015fay\u0131n. <strong>Erkek Klasik G\u00fcnl\u00fck Loafer'lar<\/strong>. Ola\u011fan\u00fcst\u00fc ayakkab\u0131lar sunmak isteyen i\u015fletmeler i\u00e7in bu premium <strong>Erkek Klasik G\u00fcnl\u00fck Loafer'lar<\/strong> minimum 16 \u00e7ift sipari\u015fle toptan sat\u0131n al\u0131nabilir. Hem stil hem de i\u00e7erik vaat eden bir \u00fcr\u00fcnle envanterinizi y\u00fckseltin.<\/p>","protected":false},"excerpt":{"rendered":"<ul>\n<li>Premium <strong>Erkek Klasik G\u00fcnl\u00fck Loafer'lar<\/strong> hakiki siyah dana derisinden \u00fcretilmi\u015ftir.<\/li>\n<li>L\u00fcks ke\u00e7i derisi astar g\u00fcn boyu \u00fcst\u00fcn konfor ve nefes alabilirlik sa\u011flar.<\/li>\n<li>Hafif ve dayan\u0131kl\u0131 EVA taban ola\u011fan\u00fcst\u00fc esneklik ve destek sa\u011flar.<\/li>\n<li>Zarif p\u00fcsk\u00fcl detay\u0131, bu \u00e7ok y\u00f6nl\u00fc ayakkab\u0131lara sofistike bir dokunu\u015f katar.<\/li>\n<li>Hem g\u00fcndelik geziler hem de \u015f\u0131k ofis k\u0131yafetleri i\u00e7in m\u00fckemmeldir.<\/li>\n<li>\u00c7e\u015fitli boyutlarda mevcuttur: 40, 41, 42, 43, 44.<\/li>\n<li>Toptan sat\u0131\u015f f\u0131rsatlar\u0131 mevcuttur: Minimum sipari\u015f miktar\u0131 16 \u00e7ifttir.<\/li>\n<\/ul>","protected":false},"featured_media":6711,"template":"","meta":{"_acf_changed":false,"_uag_custom_page_level_css":"","site-sidebar-layout":"default","site-content-layout":"","ast-site-content-layout":"default","site-content-style":"default","site-sidebar-style":"default","ast-global-header-display":"","ast-banner-title-visibility":"","ast-main-header-display":"","ast-hfb-above-header-display":"","ast-hfb-below-header-display":"","ast-hfb-mobile-header-display":"","site-post-title":"","ast-breadcrumbs-content":"","ast-featured-img":"","footer-sml-layout":"","ast-disable-related-posts":"","theme-transparent-header-meta":"","adv-header-id-meta":"","stick-header-meta":"","header-above-stick-meta":"","header-main-stick-meta":"","header-below-stick-meta":"","astra-migrate-meta-layouts":"default","ast-page-background-enabled":"default","ast-page-background-meta":{"desktop":{"background-color":"var(--ast-global-color-4)","background-image":"","background-repeat":"repeat","background-position":"center center","background-size":"auto","background-attachment":"scroll","background-type":"","background-media":"","overlay-type":"","overlay-color":"","overlay-opacity":"","overlay-gradient":""},"tablet":{"background-color":"","background-image":"","background-repeat":"repeat","background-position":"center center","background-size":"auto","background-attachment":"scroll","background-type":"","background-media":"","overlay-type":"","overlay-color":"","overlay-opacity":"","overlay-gradient":""},"mobile":{"background-color":"","background-image":"","background-repeat":"repeat","background-position":"center center","background-size":"auto","background-attachment":"scroll","background-type":"","background-media":"","overlay-type":"","overlay-color":"","overlay-opacity":"","overlay-gradient":""}},"ast-content-background-meta":{"desktop":{"background-color":"var(--ast-global-color-5)","background-image":"","background-repeat":"repeat","background-position":"center center","background-size":"auto","background-attachment":"scroll","background-type":"","background-media":"","overlay-type":"","overlay-color":"","overlay-opacity":"","overlay-gradient":""},"tablet":{"background-color":"var(--ast-global-color-5)","background-image":"","background-repeat":"repeat","background-position":"center center","background-size":"auto","background-attachment":"scroll","background-type":"","background-media":"","overlay-type":"","overlay-color":"","overlay-opacity":"","overlay-gradient":""},"mobile":{"background-color":"var(--ast-global-color-5)","background-image":"","background-repeat":"repeat","background-position":"center center","background-size":"auto","background-attachment":"scroll","background-type":"","background-media":"","overlay-type":"","overlay-color":"","overlay-opacity":"","overlay-gradient":""}}},"product_brand":[],"product_cat":[48,47,430,1200],"product_tag":[814,185,220,287,1278,1276,1277,380,349,456],"class_list":{"0":"post-8078","1":"product","2":"type-product","3":"status-publish","4":"has-post-thumbnail","6":"product_cat-casual","7":"product_cat-classic","8":"product_cat-men","9":"product_cat-mens-shoes-2","10":"product_tag-black-leather-loafers","11":"product_tag-calf-leather-shoes","12":"product_tag-comfortable-loafers","13":"product_tag-eva-sole-shoes","14":"product_tag-goat-lining-shoes","15":"product_tag-mens-classic-casual-loafers","16":"product_tag-mens-loafer-shoes","17":"product_tag-smart-casual-footwear","18":"product_tag-tassel-loafers","19":"product_tag-wholesale-loafers","20":"desktop-align-center","21":"tablet-align-center","22":"mobile-align-center","24":"first","25":"instock","26":"shipping-taxable","27":"purchasable","28":"product-type-variable","29":"has-default-attributes"},"acf":[],"uagb_featured_image_src":{"full":["https:\/\/turkishtrade.co\/wp-content\/uploads\/2026\/01\/2600MSOMN00013-BLACK.png",453,250,false],"thumbnail":["https:\/\/turkishtrade.co\/wp-content\/uploads\/2026\/01\/2600MSOMN00013-BLACK-150x150.png",150,150,true],"medium":["https:\/\/turkishtrade.co\/wp-content\/uploads\/2026\/01\/2600MSOMN00013-BLACK-300x166.png",300,166,true],"medium_large":["https:\/\/turkishtrade.co\/wp-content\/uploads\/2026\/01\/2600MSOMN00013-BLACK.png",453,250,false],"large":["https:\/\/turkishtrade.co\/wp-content\/uploads\/2026\/01\/2600MSOMN00013-BLACK.png",453,250,false],"1536x1536":["https:\/\/turkishtrade.co\/wp-content\/uploads\/2026\/01\/2600MSOMN00013-BLACK.png",453,250,false],"2048x2048":["https:\/\/turkishtrade.co\/wp-content\/uploads\/2026\/01\/2600MSOMN00013-BLACK.png",453,250,false],"trp-custom-language-flag":["https:\/\/turkishtrade.co\/wp-content\/uploads\/2026\/01\/2600MSOMN00013-BLACK-18x10.png",18,10,true],"woocommerce_thumbnail":["https:\/\/turkishtrade.co\/wp-content\/uploads\/2026\/01\/2600MSOMN00013-BLACK-400x250.png",400,250,true],"woocommerce_single":["https:\/\/turkishtrade.co\/wp-content\/uploads\/2026\/01\/2600MSOMN00013-BLACK.png",453,250,false],"woocommerce_gallery_thumbnail":["https:\/\/turkishtrade.co\/wp-content\/uploads\/2026\/01\/2600MSOMN00013-BLACK-100x100.png",100,100,true]},"uagb_author_info":{"display_name":"python python","author_link":"https:\/\/turkishtrade.co\/tr\/author\/"},"uagb_comment_info":0,"uagb_excerpt":"Premium Men's Classic Casual Loafers crafted from genuine black calf leather. Luxurious goat leather lining ensures ultimate comfort and breathability all day long. Lightweight and durable EVA sole provides exceptional flexibility and support. Elegant tassel detail adds a touch of sophistication to these versatile shoes. Perfect for both casual outings and smart-casual office wear. Available&hellip;","_links":{"self":[{"href":"https:\/\/turkishtrade.co\/tr\/wp-json\/wp\/v2\/product\/8078","targetHints":{"allow":["GET"]}}],"collection":[{"href":"https:\/\/turkishtrade.co\/tr\/wp-json\/wp\/v2\/product"}],"about":[{"href":"https:\/\/turkishtrade.co\/tr\/wp-json\/wp\/v2\/types\/product"}],"wp:featuredmedia":[{"embeddable":true,"href":"https:\/\/turkishtrade.co\/tr\/wp-json\/wp\/v2\/media\/6711"}],"wp:attachment":[{"href":"https:\/\/turkishtrade.co\/tr\/wp-json\/wp\/v2\/media?parent=8078"}],"wp:term":[{"taxonomy":"product_brand","embeddable":true,"href":"https:\/\/turkishtrade.co\/tr\/wp-json\/wp\/v2\/product_brand?post=8078"},{"taxonomy":"product_cat","embeddable":true,"href":"https:\/\/turkishtrade.co\/tr\/wp-json\/wp\/v2\/product_cat?post=8078"},{"taxonomy":"product_tag","embeddable":true,"href":"https:\/\/turkishtrade.co\/tr\/wp-json\/wp\/v2\/product_tag?post=8078"}],"curies":[{"name":"wp","href":"https:\/\/api.w.org\/{rel}","templated":true}]}}