{"id":8055,"date":"2026-01-29T14:47:15","date_gmt":"2026-01-29T14:47:15","guid":{"rendered":"https:\/\/turkishtrade.co\/?post_type=product&#038;p=8055"},"modified":"2026-04-09T20:37:12","modified_gmt":"2026-04-09T20:37:12","slug":"black-leather-eva-sole-oxfords","status":"publish","type":"product","link":"https:\/\/turkishtrade.co\/tr\/shop\/black-leather-eva-sole-oxfords\/","title":{"rendered":"Siyah Deri EVA Taban Oxfords Proven | Erkek Siyah Deri EVA Taban"},"content":{"rendered":"<p><strong>Siyah Deri EVA Taban Oxfords<\/strong>. Kan\u0131tlanm\u0131\u015f kalite ve tasar\u0131m.<\/p>\n<p>Enfes tasar\u0131m\u0131m\u0131zla benzersiz bir stil ve konfora ad\u0131m at\u0131n <b>Siyah Deri EVA Taban Oxfords<\/b>. Hem klasik esteti\u011fi hem de \u00e7a\u011fda\u015f i\u015flevselli\u011fi takdir eden modern erkekler i\u00e7in tasarlanan bu ayakkab\u0131lar, her se\u00e7kin gard\u0131rop i\u00e7in m\u00fckemmel bir ektir. Her bir \u00e7ift, sadece bir ayakkab\u0131 de\u011fil, l\u00fcks ve dayan\u0131kl\u0131l\u0131k deneyimi sunmak i\u00e7in titizlikle \u00fcretilmi\u015ftir. \u0130ster g\u00fcndelik bir i\u015f toplant\u0131s\u0131na, ister bir hafta sonu gezisine gidiyor olun, ister sadece sofistike bir g\u00fcnl\u00fck ayakkab\u0131 ar\u0131yor olun, bu Oxfords \u00e7e\u015fitli durumlara zahmetsizce uyum sa\u011flar.<\/p>\n<h3>Rakipsiz \u0130\u015f\u00e7ilik ve Birinci S\u0131n\u0131f Malzemeler<\/h3>\n<p>Bizim <b>Siyah Deri EVA Taban Oxfords<\/b> \u00fcst\u00fcn yap\u0131lar\u0131 sayesinde \u00f6ne \u00e7\u0131kmaktad\u0131r. \u00dcst k\u0131s\u0131m \u015funlardan yap\u0131lm\u0131\u015ft\u0131r <em>birinci s\u0131n\u0131f dana derisi<\/em>, Yumu\u015fak dokusu, dayan\u0131kl\u0131l\u0131\u011f\u0131 ve zaman i\u00e7inde g\u00fczel bir patina geli\u015ftirme yetene\u011fi ile \u00fcnl\u00fcd\u00fcr. Bu y\u00fcksek kaliteli deri, ayakkab\u0131lar\u0131n\u0131z\u0131n yaln\u0131zca zarif g\u00f6r\u00fcnmesini de\u011fil, ayn\u0131 zamanda zamana kar\u015f\u0131 dayan\u0131kl\u0131 olmas\u0131n\u0131 da sa\u011flar. Sa\u011flam d\u0131\u015f y\u00fczeyi tamamlayan i\u00e7 k\u0131s\u0131m, g\u00f6rkemli bir yumu\u015fakl\u0131\u011fa sahiptir <em>ke\u00e7i derisi astar<\/em>. Bu do\u011fal astar, ola\u011fan\u00fcst\u00fc nefes alabilirlik ve nem emme \u00f6zellikleri sa\u011flayarak uzun s\u00fcreli kullan\u0131mlarda bile ayaklar\u0131n\u0131z\u0131n g\u00fcn boyunca rahat ve ferah kalmas\u0131n\u0131 sa\u011flar.<\/p>\n<h3>EVA Taban Teknolojisi ile Hafif Konforu Deneyimleyin<\/h3>\n<p>Bu erkek g\u00fcnl\u00fck Oxfords'u di\u011ferlerinden ay\u0131ran \u015fey, yenilik\u00e7i EVA taban\u0131d\u0131r. Geleneksel a\u011f\u0131r tabanlar\u0131n aksine, hafif EVA taban ola\u011fan\u00fcst\u00fc yast\u0131klama ve esneklik sunar. Bu geli\u015fmi\u015f malzeme darbeyi emerek ayaklar\u0131n\u0131z ve eklemleriniz \u00fczerindeki bask\u0131y\u0131 azalt\u0131r ve bu ayakkab\u0131lar\u0131 t\u00fcm g\u00fcn kullan\u0131m i\u00e7in inan\u0131lmaz derecede rahat hale getirir. Tabandaki ay\u0131rt edici dalgal\u0131 desen de m\u00fckemmel tutu\u015f sa\u011flayarak \u00e7e\u015fitli y\u00fczeylerde denge sa\u011flar. Zarif a\u00e7\u0131k kahverengi \u015ferit detay\u0131 \u0131smarlama i\u015f\u00e7ili\u011fe bir dokunu\u015f katarak koyu siyah deri ile \u00e7arp\u0131c\u0131 bir kontrast olu\u015fturur ve ayakkab\u0131n\u0131n sofistike ancak rahat \u00e7ekicili\u011fini g\u00fc\u00e7lendirir.<\/p>\n<h3>Her Durum i\u00e7in \u00c7ok Y\u00f6nl\u00fc Stil<\/h3>\n<p>Zamans\u0131z Oxford tasar\u0131m\u0131na daha kal\u0131n EVA taban ile modern bir dokunu\u015f katan bu ayakkab\u0131lar, \u2018g\u00fcndelik klasik\u2019 bir g\u00f6r\u00fcn\u00fcm i\u00e7in m\u00fckemmel bir se\u00e7imdir. Resmi ve gayri resmi aras\u0131ndaki bo\u015flu\u011fu doldurarak, \u015f\u0131k ve g\u00fcndelik bir kombin i\u00e7in \u00f6zel dikim pantolonlarla veya daha rahat ama g\u00f6steri\u015fli bir g\u00f6r\u00fcn\u00fcm i\u00e7in kot pantolonlarla e\u015fle\u015ftirmenize olanak tan\u0131r. Avrupa 40 ila 44 numara aral\u0131\u011f\u0131nda mevcut olan bu ayakkab\u0131lar <b>Siyah Deri EVA Taban Oxfords<\/b> m\u00fckemmel bir uyum sunmak i\u00e7in tasarlanm\u0131\u015ft\u0131r. Kal\u0131c\u0131 stil, \u00fcst\u00fcn konfor ve ola\u011fan\u00fcst\u00fc kalite vaat eden, g\u00fcnl\u00fck ayakkab\u0131 koleksiyonunuzu y\u00fckseltmeye haz\u0131r bir \u00e7ift ayakkab\u0131ya yat\u0131r\u0131m yap\u0131n.<\/p>\n<h3>Toptan Sat\u0131\u015f F\u0131rsatlar\u0131 Mevcut<\/h3>\n<p>Birinci s\u0131n\u0131f erkek ayakkab\u0131s\u0131 sunmak isteyen i\u015fletmeler i\u00e7in bu Siyah Deri EVA Taban Oxford Ayakkab\u0131lar toptan sat\u0131n al\u0131nabilir. T\u00fcm toptan sat\u0131\u015f talepleri i\u00e7in minimum 16 \u00e7ift sipari\u015f miktar\u0131n\u0131n ge\u00e7erli oldu\u011funu l\u00fctfen unutmay\u0131n.<\/p>","protected":false},"excerpt":{"rendered":"<ul>\n<li>Kal\u0131c\u0131 kalite ve sofistike \u00e7ekicilik i\u00e7in birinci s\u0131n\u0131f dana derisi saya.<\/li>\n<li>L\u00fcks ke\u00e7i derisi astar ola\u011fan\u00fcst\u00fc konfor ve nefes alabilirlik sa\u011flar.<\/li>\n<li>Hafif ve esnek EVA taban g\u00fcn boyu yast\u0131klama ve destek sa\u011flar.<\/li>\n<li>Klasik Oxford silueti, modern ve g\u00fcndelik \u015f\u0131kl\u0131k i\u00e7in yeniden tasarland\u0131.<\/li>\n<li>40, 41, 42, 43, 44 Avrupa bedenlerinde mevcuttur (standart D geni\u015fli\u011fi).<\/li>\n<li>Minimum 16 \u00e7ift sipari\u015f miktar\u0131 ile toptan sat\u0131\u015f f\u0131rsatlar\u0131 mevcuttur.<\/li>\n<\/ul>","protected":false},"featured_media":6704,"template":"","meta":{"_acf_changed":false,"_uag_custom_page_level_css":"","site-sidebar-layout":"default","site-content-layout":"","ast-site-content-layout":"default","site-content-style":"default","site-sidebar-style":"default","ast-global-header-display":"","ast-banner-title-visibility":"","ast-main-header-display":"","ast-hfb-above-header-display":"","ast-hfb-below-header-display":"","ast-hfb-mobile-header-display":"","site-post-title":"","ast-breadcrumbs-content":"","ast-featured-img":"","footer-sml-layout":"","ast-disable-related-posts":"","theme-transparent-header-meta":"","adv-header-id-meta":"","stick-header-meta":"","header-above-stick-meta":"","header-main-stick-meta":"","header-below-stick-meta":"","astra-migrate-meta-layouts":"default","ast-page-background-enabled":"default","ast-page-background-meta":{"desktop":{"background-color":"var(--ast-global-color-4)","background-image":"","background-repeat":"repeat","background-position":"center center","background-size":"auto","background-attachment":"scroll","background-type":"","background-media":"","overlay-type":"","overlay-color":"","overlay-opacity":"","overlay-gradient":""},"tablet":{"background-color":"","background-image":"","background-repeat":"repeat","background-position":"center center","background-size":"auto","background-attachment":"scroll","background-type":"","background-media":"","overlay-type":"","overlay-color":"","overlay-opacity":"","overlay-gradient":""},"mobile":{"background-color":"","background-image":"","background-repeat":"repeat","background-position":"center center","background-size":"auto","background-attachment":"scroll","background-type":"","background-media":"","overlay-type":"","overlay-color":"","overlay-opacity":"","overlay-gradient":""}},"ast-content-background-meta":{"desktop":{"background-color":"var(--ast-global-color-5)","background-image":"","background-repeat":"repeat","background-position":"center center","background-size":"auto","background-attachment":"scroll","background-type":"","background-media":"","overlay-type":"","overlay-color":"","overlay-opacity":"","overlay-gradient":""},"tablet":{"background-color":"var(--ast-global-color-5)","background-image":"","background-repeat":"repeat","background-position":"center center","background-size":"auto","background-attachment":"scroll","background-type":"","background-media":"","overlay-type":"","overlay-color":"","overlay-opacity":"","overlay-gradient":""},"mobile":{"background-color":"var(--ast-global-color-5)","background-image":"","background-repeat":"repeat","background-position":"center center","background-size":"auto","background-attachment":"scroll","background-type":"","background-media":"","overlay-type":"","overlay-color":"","overlay-opacity":"","overlay-gradient":""}}},"product_brand":[],"product_cat":[48,47,430,1200],"product_tag":[196,1270,272,944,287,227,549,250,281],"class_list":{"0":"post-8055","1":"product","2":"type-product","3":"status-publish","4":"has-post-thumbnail","6":"product_cat-casual","7":"product_cat-classic","8":"product_cat-men","9":"product_cat-mens-shoes-2","10":"product_tag-black-leather-shoes","11":"product_tag-casual-oxfords","12":"product_tag-comfort-shoes","13":"product_tag-dress-casual","14":"product_tag-eva-sole-shoes","15":"product_tag-leather-shoes","16":"product_tag-mens-oxfords","17":"product_tag-premium-leather","18":"product_tag-wholesale-shoes","19":"desktop-align-center","20":"tablet-align-center","21":"mobile-align-center","23":"first","24":"instock","25":"shipping-taxable","26":"purchasable","27":"product-type-variable","28":"has-default-attributes"},"acf":[],"uagb_featured_image_src":{"full":["https:\/\/turkishtrade.co\/wp-content\/uploads\/2026\/01\/2600MSOMN00010-BLACK.png",453,250,false],"thumbnail":["https:\/\/turkishtrade.co\/wp-content\/uploads\/2026\/01\/2600MSOMN00010-BLACK-150x150.png",150,150,true],"medium":["https:\/\/turkishtrade.co\/wp-content\/uploads\/2026\/01\/2600MSOMN00010-BLACK-300x166.png",300,166,true],"medium_large":["https:\/\/turkishtrade.co\/wp-content\/uploads\/2026\/01\/2600MSOMN00010-BLACK.png",453,250,false],"large":["https:\/\/turkishtrade.co\/wp-content\/uploads\/2026\/01\/2600MSOMN00010-BLACK.png",453,250,false],"1536x1536":["https:\/\/turkishtrade.co\/wp-content\/uploads\/2026\/01\/2600MSOMN00010-BLACK.png",453,250,false],"2048x2048":["https:\/\/turkishtrade.co\/wp-content\/uploads\/2026\/01\/2600MSOMN00010-BLACK.png",453,250,false],"trp-custom-language-flag":["https:\/\/turkishtrade.co\/wp-content\/uploads\/2026\/01\/2600MSOMN00010-BLACK-18x10.png",18,10,true],"woocommerce_thumbnail":["https:\/\/turkishtrade.co\/wp-content\/uploads\/2026\/01\/2600MSOMN00010-BLACK-400x250.png",400,250,true],"woocommerce_single":["https:\/\/turkishtrade.co\/wp-content\/uploads\/2026\/01\/2600MSOMN00010-BLACK.png",453,250,false],"woocommerce_gallery_thumbnail":["https:\/\/turkishtrade.co\/wp-content\/uploads\/2026\/01\/2600MSOMN00010-BLACK-100x100.png",100,100,true]},"uagb_author_info":{"display_name":"python python","author_link":"https:\/\/turkishtrade.co\/tr\/author\/"},"uagb_comment_info":0,"uagb_excerpt":"Premium calf leather upper for lasting quality and sophisticated appeal. Luxurious goat leather lining ensures exceptional comfort and breathability. Lightweight and flexible EVA sole provides all-day cushioning and support. Classic Oxford silhouette reimagined for modern, casual elegance. Available in European sizes 40, 41, 42, 43, 44 (standard D width). Wholesale opportunities available with a minimum&hellip;","_links":{"self":[{"href":"https:\/\/turkishtrade.co\/tr\/wp-json\/wp\/v2\/product\/8055","targetHints":{"allow":["GET"]}}],"collection":[{"href":"https:\/\/turkishtrade.co\/tr\/wp-json\/wp\/v2\/product"}],"about":[{"href":"https:\/\/turkishtrade.co\/tr\/wp-json\/wp\/v2\/types\/product"}],"wp:featuredmedia":[{"embeddable":true,"href":"https:\/\/turkishtrade.co\/tr\/wp-json\/wp\/v2\/media\/6704"}],"wp:attachment":[{"href":"https:\/\/turkishtrade.co\/tr\/wp-json\/wp\/v2\/media?parent=8055"}],"wp:term":[{"taxonomy":"product_brand","embeddable":true,"href":"https:\/\/turkishtrade.co\/tr\/wp-json\/wp\/v2\/product_brand?post=8055"},{"taxonomy":"product_cat","embeddable":true,"href":"https:\/\/turkishtrade.co\/tr\/wp-json\/wp\/v2\/product_cat?post=8055"},{"taxonomy":"product_tag","embeddable":true,"href":"https:\/\/turkishtrade.co\/tr\/wp-json\/wp\/v2\/product_tag?post=8055"}],"curies":[{"name":"wp","href":"https:\/\/api.w.org\/{rel}","templated":true}]}}