{"id":8053,"date":"2026-01-29T14:47:15","date_gmt":"2026-01-29T14:47:15","guid":{"rendered":"https:\/\/turkishtrade.co\/?post_type=product&#038;p=8053"},"modified":"2026-04-09T20:37:20","modified_gmt":"2026-04-09T20:37:20","slug":"mens-classic-black-derby-shoes","status":"publish","type":"product","link":"https:\/\/turkishtrade.co\/tr\/shop\/mens-classic-black-derby-shoes\/","title":{"rendered":"Erkek Klasik Siyah Derby Ayakkab\u0131 Elite | Erkek Klasik Siyah Cap Toe"},"content":{"rendered":"<h3>Erkek Klasik Siyah Derby Ayakkab\u0131 ile Stilinizi Y\u00fckseltin<\/h3>\n<p>Enfes \u00fcr\u00fcnlerimizle zamans\u0131z bir sofistike ortama ad\u0131m at\u0131n <strong>Erkek Klasik Siyah Derby Ayakkab\u0131<\/strong>. Birinci s\u0131n\u0131f siyah deriden titizlikle \u00fcretilen bu ayakkab\u0131lar, hem stil hem de konfora \u00f6nem veren se\u00e7kin beyefendiler i\u00e7in tasarlanm\u0131\u015ft\u0131r. \u015e\u0131k, cilal\u0131 y\u00fczey, dana (dana) veya ke\u00e7i (keci) derisinin \u00fcst\u00fcn kalitesini vurgulayarak l\u00fcks bir his ve se\u00e7kin bir g\u00f6r\u00fcn\u00fcm sa\u011flar. Bunlar sadece ayakkab\u0131 de\u011fil; her t\u00fcrl\u00fc resmi veya i\u015f etkinli\u011fi i\u00e7in m\u00fckemmel olan kal\u0131c\u0131 zarafete yap\u0131lan bir yat\u0131r\u0131md\u0131r. Hassas diki\u015ften dayan\u0131kl\u0131 tabana kadar her ayr\u0131nt\u0131, bu ola\u011fan\u00fcst\u00fc ayakkab\u0131lar\u0131n yarat\u0131lmas\u0131nda kullan\u0131lan geleneksel ayakkab\u0131c\u0131l\u0131k i\u015f\u00e7ili\u011fine adanm\u0131\u015fl\u0131k hakk\u0131nda \u00e7ok \u015fey anlat\u0131r <strong>erkek klasik siyah Derby ayakkab\u0131<\/strong>. Kal\u0131c\u0131 \u00e7ekicilik i\u00e7in \u00fcretilmi\u015f sofistike ayakkab\u0131lar\u0131n \u00f6z\u00fcd\u00fcr.<\/p>\n<h3>Benzersiz \u0130\u015f\u00e7ilik ve Tasar\u0131m<\/h3>\n<p>Bizim <strong>Erkek Klasik Siyah Derby Ayakkab\u0131<\/strong> modern \u00e7ekicilikten \u00f6d\u00fcn vermeden klasik cazibeye bir dokunu\u015f katan zarif bir burun tasar\u0131m\u0131na sahiptir. Derby tarz\u0131n\u0131n a\u00e7\u0131k ba\u011fc\u0131\u011f\u0131, Oxford'lara k\u0131yasla daha rahat bir uyum ve daha kolay ayarlanabilirlik sa\u011flayarak uzun s\u00fcreli kullan\u0131m i\u00e7in ideal bir se\u00e7imdir. Sofistike \u00fcst k\u0131sm\u0131n alt\u0131nda, uzun \u00f6m\u00fcrl\u00fcl\u00fck ve g\u00fcvenilir \u00e7eki\u015f sa\u011flayan sa\u011flam ve \u00f6zenle in\u015fa edilmi\u015f deri taban yer al\u0131r. Bunlar <strong>erkek klasik siyah Derby ayakkab\u0131<\/strong> sadece stil de\u011fil, ayn\u0131 zamanda en yo\u011fun g\u00fcnleriniz boyunca s\u00fcrecek bir konfor temeli sunmak i\u00e7in \u00fcretilmi\u015ftir. Derinin ince parlakl\u0131\u011f\u0131, ister toplant\u0131 odas\u0131nda ister y\u00fcksek profilli bir etkinlikte olun, kal\u0131c\u0131 bir izlenim b\u0131rakman\u0131z\u0131 sa\u011flar. Kalitenin \u00f6neminin fark\u0131nday\u0131z ve bu birinci s\u0131n\u0131f Derby ayakkab\u0131lar bunu tam anlam\u0131yla yans\u0131t\u0131yor.<\/p>\n<h3>Erkek Klasik Siyah Derby Ayakkab\u0131 ile Her Duruma Uygun \u00c7ok Y\u00f6nl\u00fcl\u00fck<\/h3>\n<p>Bunlar\u0131n \u00e7ok y\u00f6nl\u00fcl\u00fc\u011f\u00fc <strong>Erkek Klasik Siyah Derby Ayakkab\u0131<\/strong> ger\u00e7ekten ola\u011fan\u00fcst\u00fcd\u00fcr. Kurumsal ortamlardan d\u00fc\u011f\u00fcnlere, galalara ve g\u00f6steri\u015fli, zarif bir g\u00f6r\u00fcn\u00fcm gerektiren her t\u00fcrl\u00fc etkinli\u011fe sorunsuzca ge\u00e7i\u015f yaparlar. Bu ayakkab\u0131lar\u0131 keskin bir i\u015f tak\u0131m\u0131yla e\u015fle\u015ftirerek hakim bir duru\u015f sergileyebilir veya \u00f6zel dikim pantolonlarla \u015f\u0131k ve rahat bir kombin olu\u015fturabilirsiniz. Bunlar m\u00fckemmel bir <strong>erkek klasik siyah Derby ayakkab\u0131<\/strong> her gard\u0131robun ihtiyac\u0131 olan sonsuz stil olanaklar\u0131 sunar. Kal\u0131c\u0131 tasar\u0131mlar\u0131, ge\u00e7ici moda trendlerinin \u00f6tesine ge\u00e7erek y\u0131llarca koleksiyonunuzda temel bir par\u00e7a olarak kalaca\u011f\u0131 anlam\u0131na gelir. Sadece bir \u00e7ift ince i\u015f\u00e7ilikli Derby ayakkab\u0131n\u0131n sa\u011flayabilece\u011fi gelenek ve \u00e7a\u011fda\u015f stil kar\u0131\u015f\u0131m\u0131n\u0131 deneyimleyin. E\u015fsiz bir \u015f\u0131kl\u0131k i\u00e7in <strong>erkek klasik siyah Derby ayakkab\u0131<\/strong>.<\/p>\n<h3>Toptan Sat\u0131\u015f F\u0131rsatlar\u0131 ve \u00dcst\u00fcn Kalite<\/h3>\n<p>Bu premium \u00fcr\u00fcnleri sunmaktan gurur duyuyoruz <strong>Erkek Klasik Siyah Derby Ayakkab\u0131<\/strong> minimum 16 \u00e7ift sipari\u015f \u015fart\u0131 ile toptan sat\u0131n al\u0131nabilir. Bu da onlar\u0131 geni\u015f bir m\u00fc\u015fteri kitlesine hitap eden y\u00fcksek kaliteli, zamans\u0131z ayakkab\u0131lar stoklamak isteyen perakendeciler i\u00e7in m\u00fckemmel bir se\u00e7im haline getiriyor. Her bir \u00e7ift, uzman i\u015f\u00e7ili\u011fi dayan\u0131kl\u0131 malzemelerle birle\u015ftirerek ola\u011fan\u00fcst\u00fc de\u011feri temsil eder. Kaliteye olan ba\u011fl\u0131l\u0131\u011f\u0131m\u0131z, her m\u00fc\u015fterinin en y\u00fcksek standartlar\u0131 kar\u015f\u0131layan bir \u00fcr\u00fcn almas\u0131n\u0131 sa\u011flar. Bu ger\u00e7ekten ola\u011fan\u00fcst\u00fc ayakkab\u0131lara yat\u0131r\u0131m yap\u0131n <strong>erkek klasik siyah Derby ayakkab\u0131<\/strong> ve m\u00fc\u015fterilerinize sofistike ve rahatl\u0131\u011f\u0131 tan\u0131mlayan ayakkab\u0131lar sunun. Sipari\u015finizi bug\u00fcn verin ve envanterinize klasik \u015f\u0131kl\u0131\u011f\u0131n dokunu\u015funu getirin.<\/p>","protected":false},"excerpt":{"rendered":"<ul>\n<li>\u00dcst\u00fcn kalite i\u00e7in birinci s\u0131n\u0131f siyah dana derisi veya ke\u00e7i derisinden el yap\u0131m\u0131<\/li>\n<li>Zamans\u0131z \u015f\u0131kl\u0131k i\u00e7in sofistike bir burun tasar\u0131m\u0131na sahiptir<\/li>\n<li>Klasik Derby ba\u011fc\u0131klar g\u00fcvenli ve rahat bir uyum sa\u011flar<\/li>\n<li>Dayan\u0131kl\u0131 deri taban, uzun s\u00fcreli a\u015f\u0131nma ve zarif tutu\u015f sa\u011flar<\/li>\n<li>\u0130\u015f, resmi etkinlikler ve \u015f\u0131k g\u00fcnl\u00fck giyim i\u00e7in m\u00fckemmel<\/li>\n<li>Minimum 16 \u00e7ift sipari\u015f ile toptan sat\u0131n al\u0131nabilir<\/li>\n<\/ul>","protected":false},"featured_media":6701,"template":"","meta":{"_acf_changed":false,"_uag_custom_page_level_css":"","site-sidebar-layout":"default","site-content-layout":"","ast-site-content-layout":"default","site-content-style":"default","site-sidebar-style":"default","ast-global-header-display":"","ast-banner-title-visibility":"","ast-main-header-display":"","ast-hfb-above-header-display":"","ast-hfb-below-header-display":"","ast-hfb-mobile-header-display":"","site-post-title":"","ast-breadcrumbs-content":"","ast-featured-img":"","footer-sml-layout":"","ast-disable-related-posts":"","theme-transparent-header-meta":"","adv-header-id-meta":"","stick-header-meta":"","header-above-stick-meta":"","header-main-stick-meta":"","header-below-stick-meta":"","astra-migrate-meta-layouts":"default","ast-page-background-enabled":"default","ast-page-background-meta":{"desktop":{"background-color":"var(--ast-global-color-4)","background-image":"","background-repeat":"repeat","background-position":"center center","background-size":"auto","background-attachment":"scroll","background-type":"","background-media":"","overlay-type":"","overlay-color":"","overlay-opacity":"","overlay-gradient":""},"tablet":{"background-color":"","background-image":"","background-repeat":"repeat","background-position":"center center","background-size":"auto","background-attachment":"scroll","background-type":"","background-media":"","overlay-type":"","overlay-color":"","overlay-opacity":"","overlay-gradient":""},"mobile":{"background-color":"","background-image":"","background-repeat":"repeat","background-position":"center center","background-size":"auto","background-attachment":"scroll","background-type":"","background-media":"","overlay-type":"","overlay-color":"","overlay-opacity":"","overlay-gradient":""}},"ast-content-background-meta":{"desktop":{"background-color":"var(--ast-global-color-5)","background-image":"","background-repeat":"repeat","background-position":"center center","background-size":"auto","background-attachment":"scroll","background-type":"","background-media":"","overlay-type":"","overlay-color":"","overlay-opacity":"","overlay-gradient":""},"tablet":{"background-color":"var(--ast-global-color-5)","background-image":"","background-repeat":"repeat","background-position":"center center","background-size":"auto","background-attachment":"scroll","background-type":"","background-media":"","overlay-type":"","overlay-color":"","overlay-opacity":"","overlay-gradient":""},"mobile":{"background-color":"var(--ast-global-color-5)","background-image":"","background-repeat":"repeat","background-position":"center center","background-size":"auto","background-attachment":"scroll","background-type":"","background-media":"","overlay-type":"","overlay-color":"","overlay-opacity":"","overlay-gradient":""}}},"product_brand":[],"product_cat":[47,430,1200],"product_tag":[196,405,566,458,1285,251,1286,310,362,281],"class_list":{"0":"post-8053","1":"product","2":"type-product","3":"status-publish","4":"has-post-thumbnail","6":"product_cat-classic","7":"product_cat-men","8":"product_cat-mens-shoes-2","9":"product_tag-black-leather-shoes","10":"product_tag-business-shoes","11":"product_tag-calfskin-shoes","12":"product_tag-cap-toe-shoes","13":"product_tag-classic-dress-shoes","14":"product_tag-formal-shoes","15":"product_tag-leather-sole-shoes","16":"product_tag-mens-derby-shoes","17":"product_tag-premium-footwear","18":"product_tag-wholesale-shoes","19":"desktop-align-center","20":"tablet-align-center","21":"mobile-align-center","23":"first","24":"instock","25":"shipping-taxable","26":"purchasable","27":"product-type-variable","28":"has-default-attributes"},"acf":[],"uagb_featured_image_src":{"full":["https:\/\/turkishtrade.co\/wp-content\/uploads\/2026\/01\/2600MSOMN00008-BLACK.png",453,250,false],"thumbnail":["https:\/\/turkishtrade.co\/wp-content\/uploads\/2026\/01\/2600MSOMN00008-BLACK-150x150.png",150,150,true],"medium":["https:\/\/turkishtrade.co\/wp-content\/uploads\/2026\/01\/2600MSOMN00008-BLACK-300x166.png",300,166,true],"medium_large":["https:\/\/turkishtrade.co\/wp-content\/uploads\/2026\/01\/2600MSOMN00008-BLACK.png",453,250,false],"large":["https:\/\/turkishtrade.co\/wp-content\/uploads\/2026\/01\/2600MSOMN00008-BLACK.png",453,250,false],"1536x1536":["https:\/\/turkishtrade.co\/wp-content\/uploads\/2026\/01\/2600MSOMN00008-BLACK.png",453,250,false],"2048x2048":["https:\/\/turkishtrade.co\/wp-content\/uploads\/2026\/01\/2600MSOMN00008-BLACK.png",453,250,false],"trp-custom-language-flag":["https:\/\/turkishtrade.co\/wp-content\/uploads\/2026\/01\/2600MSOMN00008-BLACK-18x10.png",18,10,true],"woocommerce_thumbnail":["https:\/\/turkishtrade.co\/wp-content\/uploads\/2026\/01\/2600MSOMN00008-BLACK-400x250.png",400,250,true],"woocommerce_single":["https:\/\/turkishtrade.co\/wp-content\/uploads\/2026\/01\/2600MSOMN00008-BLACK.png",453,250,false],"woocommerce_gallery_thumbnail":["https:\/\/turkishtrade.co\/wp-content\/uploads\/2026\/01\/2600MSOMN00008-BLACK-100x100.png",100,100,true]},"uagb_author_info":{"display_name":"python python","author_link":"https:\/\/turkishtrade.co\/tr\/author\/"},"uagb_comment_info":0,"uagb_excerpt":"Handcrafted from premium black calfskin or goat leather for superior quality Features a sophisticated cap-toe design for timeless elegance Classic Derby lacing ensures a secure and comfortable fit Durable leather sole provides lasting wear and refined traction Perfect for business, formal events, and elegant everyday wear Available for wholesale purchase with a minimum order of&hellip;","_links":{"self":[{"href":"https:\/\/turkishtrade.co\/tr\/wp-json\/wp\/v2\/product\/8053","targetHints":{"allow":["GET"]}}],"collection":[{"href":"https:\/\/turkishtrade.co\/tr\/wp-json\/wp\/v2\/product"}],"about":[{"href":"https:\/\/turkishtrade.co\/tr\/wp-json\/wp\/v2\/types\/product"}],"wp:featuredmedia":[{"embeddable":true,"href":"https:\/\/turkishtrade.co\/tr\/wp-json\/wp\/v2\/media\/6701"}],"wp:attachment":[{"href":"https:\/\/turkishtrade.co\/tr\/wp-json\/wp\/v2\/media?parent=8053"}],"wp:term":[{"taxonomy":"product_brand","embeddable":true,"href":"https:\/\/turkishtrade.co\/tr\/wp-json\/wp\/v2\/product_brand?post=8053"},{"taxonomy":"product_cat","embeddable":true,"href":"https:\/\/turkishtrade.co\/tr\/wp-json\/wp\/v2\/product_cat?post=8053"},{"taxonomy":"product_tag","embeddable":true,"href":"https:\/\/turkishtrade.co\/tr\/wp-json\/wp\/v2\/product_tag?post=8053"}],"curies":[{"name":"wp","href":"https:\/\/api.w.org\/{rel}","templated":true}]}}