{"id":8049,"date":"2026-01-29T14:47:15","date_gmt":"2026-01-29T14:47:15","guid":{"rendered":"https:\/\/turkishtrade.co\/?post_type=product&#038;p=8049"},"modified":"2026-04-09T20:37:37","modified_gmt":"2026-04-09T20:37:37","slug":"brown-leather-casual-classic-shoes","status":"publish","type":"product","link":"https:\/\/turkishtrade.co\/tr\/shop\/brown-leather-casual-classic-shoes\/","title":{"rendered":"Kahverengi Deri G\u00fcnl\u00fck Klasik Ayakkab\u0131 Elite | Kahverengi Deri G\u00fcnl\u00fck Klasik Erkek"},"content":{"rendered":"<p><strong>Kahverengi Deri G\u00fcnl\u00fck Klasik Ayakkab\u0131<\/strong>. Elit kalite ve tasar\u0131m.<\/p>\n<h3>Zamans\u0131z Stil Modern Konforla Bulu\u015fuyor<\/h3>\n<p>Zarif \u00fcr\u00fcnlerimizle zamans\u0131z \u015f\u0131kl\u0131\u011fa ve benzersiz konfora ad\u0131m at\u0131n <strong>Kahverengi Deri G\u00fcnl\u00fck Klasik Ayakkab\u0131<\/strong>. Modern beyefendilerin taleplerini kar\u015f\u0131lamak i\u00e7in titizlikle \u00fcretilen bu ayakkab\u0131lar, geleneksel stili \u00e7a\u011fda\u015f konforla kusursuz bir \u015fekilde harmanlayarak her gard\u0131rop i\u00e7in vazge\u00e7ilmez bir eklenti haline geliyor. Birinci s\u0131n\u0131f Dana (dana) deri sayan\u0131n zengin, koyu kahverengi tonu, ofis ortamlar\u0131ndan hafta sonu gezmelerine zahmetsizce ge\u00e7i\u015f yapan sofistike bir estetik sunar.<\/p>\n<h3>\u00dcst\u00fcn \u0130\u015f\u00e7ilik ve Malzemeler<\/h3>\n<p>Se\u00e7ici bireyler i\u00e7in tasarlanan bu <strong>Kahverengi Deri G\u00fcnl\u00fck Klasik Ayakkab\u0131<\/strong> hafif ama dayan\u0131kl\u0131 Eva tabana sahiptir. Bu yenilik\u00e7i taban teknolojisi \u00fcst\u00fcn yast\u0131klama ve esneklik sa\u011flayarak att\u0131\u011f\u0131n\u0131z her ad\u0131mda ola\u011fan\u00fcst\u00fc konfor sunar. \u0130ster \u015fehir sokaklar\u0131nda geziniyor ister yar\u0131 resmi bir etkinli\u011fe kat\u0131l\u0131yor olun, Eva taban yorgunlu\u011fu en aza indirerek tarz\u0131n\u0131zdan \u00f6d\u00fcn vermeden daha uzun s\u00fcre ayakta kalman\u0131z\u0131 sa\u011flar. D\u0131\u015f tabandaki ay\u0131rt edici dalgal\u0131 desen de g\u00fcvenilir tutu\u015f sa\u011flar ve modern tasar\u0131ma ince bir dokunu\u015f katar.<\/p>\n<p>\u0130\u00e7 k\u0131s\u0131mda, yumu\u015fak Ke\u00e7i derisi astar ile ayaklar\u0131n\u0131z l\u00fcks\u00fc ya\u015fayacak. Nefes alabilirli\u011fi ve p\u00fcr\u00fczs\u00fcz dokusuyla bilinen ke\u00e7i astar, nemi uzakla\u015ft\u0131r\u0131r ve rahats\u0131zl\u0131\u011f\u0131 \u00f6nleyerek ayaklar\u0131n\u0131z i\u00e7in en uygun ortam\u0131 yarat\u0131r. Malzeme se\u00e7iminde ayr\u0131nt\u0131lara g\u00f6sterilen bu \u00f6zen, kaliteye ve kullan\u0131c\u0131 memnuniyetine olan ba\u011fl\u0131l\u0131\u011f\u0131m\u0131z\u0131n alt\u0131n\u0131 \u00e7iziyor. Sa\u011flam dana derisi d\u0131\u015f y\u00fczey sadece \u00e7arp\u0131c\u0131 g\u00f6r\u00fcnmekle kalmaz, ayn\u0131 zamanda uzun s\u00fcreli a\u015f\u0131nma vaat eder ve zamanla ki\u015fisel stil hikayenizi anlatan benzersiz bir patina geli\u015ftirir.<\/p>\n<h3>Her Durum i\u00e7in \u00c7ok Y\u00f6nl\u00fcl\u00fck ve Toptan Sat\u0131\u015f F\u0131rsatlar\u0131<\/h3>\n<p>Bu \u00e7ok y\u00f6nl\u00fc <strong>Kahverengi Deri G\u00fcnl\u00fck Klasik Ayakkab\u0131<\/strong> 40'tan 44'e kadar kapsaml\u0131 bir AB beden yelpazesinde mevcuttur ve geni\u015f bir m\u00fc\u015fteri yelpazesi i\u00e7in m\u00fckemmel bir uyum sa\u011flar. Rahat ve klasik tasar\u0131mlar\u0131 onlar\u0131 inan\u0131lmaz derecede uyarlanabilir k\u0131lar, \u00f6zel pantolonlar, chino pantolonlar ve hatta ak\u0131ll\u0131 kot pantolonlarla m\u00fckemmel bir \u015fekilde e\u015fle\u015fir. G\u00fcnl\u00fck i\u015f k\u0131yafetleri, \u015f\u0131k hafta sonu k\u0131yafetleri veya sofistike bir rahatl\u0131k havas\u0131 yans\u0131tmak istedi\u011finiz her durum i\u00e7in ideal se\u00e7imdir.<\/p>\n<p>Y\u00fcksek kaliteli, \u015f\u0131k erkek ayakkab\u0131lar\u0131n\u0131 stoklamak isteyen i\u015fletmeler i\u00e7in bu kahverengi deri ayakkab\u0131lar toptan sat\u0131n al\u0131nabilir. Minimum 16 \u00e7iftlik bir sipari\u015fe ihtiya\u00e7 duyuyoruz, bu da perakendecilerin m\u00fc\u015fterilerine ola\u011fan\u00fcst\u00fc de\u011fer ve stil sunmalar\u0131n\u0131 kolayla\u015ft\u0131r\u0131yor. Ayakkab\u0131 koleksiyonunuzu bu dayan\u0131kl\u0131, rahat ve inkar edilemez derecede \u015f\u0131k ayakkab\u0131larla geli\u015ftirin. <strong>Kahverengi Deri G\u00fcnl\u00fck Klasik Ayakkab\u0131<\/strong> - \u00fcst\u00fcn i\u015f\u00e7ilik ve tasar\u0131m\u0131n ger\u00e7ek bir kan\u0131t\u0131d\u0131r.<\/p>","protected":false},"excerpt":{"rendered":"<ul>\n<li>Kal\u0131c\u0131 stil i\u00e7in sofistike kahverengi deri saya.<\/li>\n<li>G\u00fcn boyu konfor i\u00e7in hafif ve esnek Eva taban.<\/li>\n<li>Premium Dana (Calf) deri yap\u0131s\u0131 dayan\u0131kl\u0131l\u0131k sa\u011flar.<\/li>\n<li>Yumu\u015fak ve nefes alabilen Ke\u00e7i derisi astar.<\/li>\n<li>\u00c7e\u015fitli durumlar i\u00e7in uygun \u00e7ok y\u00f6nl\u00fc rahat klasik tasar\u0131m.<\/li>\n<li>40, 41, 42, 43, 44 AB bedenlerinde mevcuttur.<\/li>\n<li>Minimum 16 \u00e7ift ile toptan sipari\u015fler mevcuttur.<\/li>\n<\/ul>","protected":false},"featured_media":6693,"template":"","meta":{"_acf_changed":false,"_uag_custom_page_level_css":"","site-sidebar-layout":"default","site-content-layout":"","ast-site-content-layout":"default","site-content-style":"default","site-sidebar-style":"default","ast-global-header-display":"","ast-banner-title-visibility":"","ast-main-header-display":"","ast-hfb-above-header-display":"","ast-hfb-below-header-display":"","ast-hfb-mobile-header-display":"","site-post-title":"","ast-breadcrumbs-content":"","ast-featured-img":"","footer-sml-layout":"","ast-disable-related-posts":"","theme-transparent-header-meta":"","adv-header-id-meta":"","stick-header-meta":"","header-above-stick-meta":"","header-main-stick-meta":"","header-below-stick-meta":"","astra-migrate-meta-layouts":"default","ast-page-background-enabled":"default","ast-page-background-meta":{"desktop":{"background-color":"var(--ast-global-color-4)","background-image":"","background-repeat":"repeat","background-position":"center center","background-size":"auto","background-attachment":"scroll","background-type":"","background-media":"","overlay-type":"","overlay-color":"","overlay-opacity":"","overlay-gradient":""},"tablet":{"background-color":"","background-image":"","background-repeat":"repeat","background-position":"center center","background-size":"auto","background-attachment":"scroll","background-type":"","background-media":"","overlay-type":"","overlay-color":"","overlay-opacity":"","overlay-gradient":""},"mobile":{"background-color":"","background-image":"","background-repeat":"repeat","background-position":"center center","background-size":"auto","background-attachment":"scroll","background-type":"","background-media":"","overlay-type":"","overlay-color":"","overlay-opacity":"","overlay-gradient":""}},"ast-content-background-meta":{"desktop":{"background-color":"var(--ast-global-color-5)","background-image":"","background-repeat":"repeat","background-position":"center center","background-size":"auto","background-attachment":"scroll","background-type":"","background-media":"","overlay-type":"","overlay-color":"","overlay-opacity":"","overlay-gradient":""},"tablet":{"background-color":"var(--ast-global-color-5)","background-image":"","background-repeat":"repeat","background-position":"center center","background-size":"auto","background-attachment":"scroll","background-type":"","background-media":"","overlay-type":"","overlay-color":"","overlay-opacity":"","overlay-gradient":""},"mobile":{"background-color":"var(--ast-global-color-5)","background-image":"","background-repeat":"repeat","background-position":"center center","background-size":"auto","background-attachment":"scroll","background-type":"","background-media":"","overlay-type":"","overlay-color":"","overlay-opacity":"","overlay-gradient":""}}},"product_brand":[],"product_cat":[48,47,430,1200],"product_tag":[292,513,185,809,287,1249,1267,546,262],"class_list":{"0":"post-8049","1":"product","2":"type-product","3":"status-publish","4":"has-post-thumbnail","6":"product_cat-casual","7":"product_cat-classic","8":"product_cat-men","9":"product_cat-mens-shoes-2","10":"product_tag-brown-leather-shoes","11":"product_tag-business-casual-shoes","12":"product_tag-calf-leather-shoes","13":"product_tag-classic-mens-footwear","14":"product_tag-eva-sole-shoes","15":"product_tag-goat-lining","16":"product_tag-lace-up-mens-shoes","17":"product_tag-stylish-mens-shoes","18":"product_tag-wholesale-mens-shoes","19":"desktop-align-center","20":"tablet-align-center","21":"mobile-align-center","23":"first","24":"instock","25":"shipping-taxable","26":"purchasable","27":"product-type-variable","28":"has-default-attributes"},"acf":[],"uagb_featured_image_src":{"full":["https:\/\/turkishtrade.co\/wp-content\/uploads\/2026\/01\/2600MSOMN00004-BROWN.png",453,250,false],"thumbnail":["https:\/\/turkishtrade.co\/wp-content\/uploads\/2026\/01\/2600MSOMN00004-BROWN-150x150.png",150,150,true],"medium":["https:\/\/turkishtrade.co\/wp-content\/uploads\/2026\/01\/2600MSOMN00004-BROWN-300x166.png",300,166,true],"medium_large":["https:\/\/turkishtrade.co\/wp-content\/uploads\/2026\/01\/2600MSOMN00004-BROWN.png",453,250,false],"large":["https:\/\/turkishtrade.co\/wp-content\/uploads\/2026\/01\/2600MSOMN00004-BROWN.png",453,250,false],"1536x1536":["https:\/\/turkishtrade.co\/wp-content\/uploads\/2026\/01\/2600MSOMN00004-BROWN.png",453,250,false],"2048x2048":["https:\/\/turkishtrade.co\/wp-content\/uploads\/2026\/01\/2600MSOMN00004-BROWN.png",453,250,false],"trp-custom-language-flag":["https:\/\/turkishtrade.co\/wp-content\/uploads\/2026\/01\/2600MSOMN00004-BROWN-18x10.png",18,10,true],"woocommerce_thumbnail":["https:\/\/turkishtrade.co\/wp-content\/uploads\/2026\/01\/2600MSOMN00004-BROWN-400x250.png",400,250,true],"woocommerce_single":["https:\/\/turkishtrade.co\/wp-content\/uploads\/2026\/01\/2600MSOMN00004-BROWN.png",453,250,false],"woocommerce_gallery_thumbnail":["https:\/\/turkishtrade.co\/wp-content\/uploads\/2026\/01\/2600MSOMN00004-BROWN-100x100.png",100,100,true]},"uagb_author_info":{"display_name":"python python","author_link":"https:\/\/turkishtrade.co\/tr\/author\/"},"uagb_comment_info":0,"uagb_excerpt":"Sophisticated brown leather upper for enduring style. Lightweight and flexible Eva sole for all-day comfort. Premium Dana (Calf) leather construction ensures durability. Soft and breathable Keci (Goat) leather lining. Versatile casual classic design suitable for various occasions. Available in EU sizes 40, 41, 42, 43, 44. Wholesale orders available with a minimum of 16 pairs.","_links":{"self":[{"href":"https:\/\/turkishtrade.co\/tr\/wp-json\/wp\/v2\/product\/8049","targetHints":{"allow":["GET"]}}],"collection":[{"href":"https:\/\/turkishtrade.co\/tr\/wp-json\/wp\/v2\/product"}],"about":[{"href":"https:\/\/turkishtrade.co\/tr\/wp-json\/wp\/v2\/types\/product"}],"wp:featuredmedia":[{"embeddable":true,"href":"https:\/\/turkishtrade.co\/tr\/wp-json\/wp\/v2\/media\/6693"}],"wp:attachment":[{"href":"https:\/\/turkishtrade.co\/tr\/wp-json\/wp\/v2\/media?parent=8049"}],"wp:term":[{"taxonomy":"product_brand","embeddable":true,"href":"https:\/\/turkishtrade.co\/tr\/wp-json\/wp\/v2\/product_brand?post=8049"},{"taxonomy":"product_cat","embeddable":true,"href":"https:\/\/turkishtrade.co\/tr\/wp-json\/wp\/v2\/product_cat?post=8049"},{"taxonomy":"product_tag","embeddable":true,"href":"https:\/\/turkishtrade.co\/tr\/wp-json\/wp\/v2\/product_tag?post=8049"}],"curies":[{"name":"wp","href":"https:\/\/api.w.org\/{rel}","templated":true}]}}