{"id":8048,"date":"2026-01-29T14:47:15","date_gmt":"2026-01-29T14:47:15","guid":{"rendered":"https:\/\/turkishtrade.co\/?post_type=product&#038;p=8048"},"modified":"2026-04-09T20:37:41","modified_gmt":"2026-04-09T20:37:41","slug":"mens-black-crocodile-leather-shoes","status":"publish","type":"product","link":"https:\/\/turkishtrade.co\/tr\/shop\/mens-black-crocodile-leather-shoes\/","title":{"rendered":"Erkek Siyah Krokodil Deri Ayakkab\u0131 Authentic | Erkek Siyah Krokodil Kabartmal\u0131 Deri"},"content":{"rendered":"<p><strong>Erkek Siyah Timsah Derisi Ayakkab\u0131<\/strong>. Otantik kalite ve tasar\u0131m.<\/p>\n<p>Enfes **Erkek Siyah Timsah Derisi Ayakkab\u0131lar\u0131m\u0131z** ile benzersiz bir stil ve rahatl\u0131kla d\u0131\u015far\u0131 \u00e7\u0131k\u0131n. Se\u00e7ici beyefendiler i\u00e7in tasarlanan bu ayakkab\u0131lar, klasik \u015f\u0131kl\u0131\u011f\u0131 modern trendlerle m\u00fckemmel bir \u015fekilde harmanlayarak her gard\u0131robun vazge\u00e7ilmez bir par\u00e7as\u0131 haline geliyor. Detaylara g\u00f6sterilen titizlikle haz\u0131rlanan bu **Erkek Siyah Timsah Derisi Ayakkab\u0131lar** bir ayakkab\u0131dan \u00e7ok daha fazlas\u0131d\u0131r; sofistike bir duru\u015fun ifadesidir.<\/p>\n<h3>Rakipsiz \u0130\u015f\u00e7ilik ve Birinci S\u0131n\u0131f Malzemeler<\/h3>\n<p>Bu \u00e7arp\u0131c\u0131 **Erkek Siyah Timsah Derisi Ayakkab\u0131lar\u0131n** her bir \u00e7ifti, benzersiz bir doku ve g\u00f6rsel olarak \u00e7arp\u0131c\u0131 bir \u00e7ekicilik sa\u011flayan l\u00fcks timsah kabartmal\u0131 deri sayaya sahiptir. Koyu siyah renk tonu \u00e7ok y\u00f6nl\u00fcl\u00fck sa\u011flar ve keskin i\u015f k\u0131yafetlerinden sofistike gece k\u0131yafetlerine kadar \u00e7ok \u00e7e\u015fitli k\u0131yafetleri zahmetsizce tamamlar. D\u0131\u015f g\u00fczelli\u011finin \u00f6tesinde, zaman i\u00e7inde aya\u011f\u0131n\u0131za uyum sa\u011flayan yumu\u015fak, nefes alabilen ve son derece rahat bir i\u00e7 k\u0131s\u0131m sunan hakiki Dana ve Ke\u00e7i derisi astar konforu garanti eder. Bu birinci s\u0131n\u0131f astar, her **Erkek Siyah Timsah Derisi Ayakkab\u0131** \u00e7iftine g\u00f6sterilen kalite ve \u00f6zenin bir kan\u0131t\u0131d\u0131r.<\/p>\n<h3>Dayan\u0131kl\u0131l\u0131k ve G\u00fcnl\u00fck Kullan\u0131m i\u00e7in Tasarland\u0131<\/h3>\n<p>Bu ola\u011fan\u00fcst\u00fc ayakkab\u0131lar\u0131n temeli sa\u011flam EVA taban\u0131na dayan\u0131r. Hafif ancak dayan\u0131kl\u0131 \u00f6zellikleriyle tan\u0131nan EVA taban, m\u00fckemmel \u015fok emilimi ve \u00fcst\u00fcn kavrama sunarak her ad\u0131mda denge ve konfor sa\u011flar. \u0130ster \u015fehir sokaklar\u0131nda geziniyor ister \u00f6zel bir etkinli\u011fe kat\u0131l\u0131yor olun, bu ola\u011fan\u00fcst\u00fc ayakkab\u0131n\u0131n kal\u0131c\u0131 kalitesine ve performans\u0131na g\u00fcvenebilirsiniz. 40'tan 44'e kadar kapsaml\u0131 bir beden yelpazesinde sunulan **Erkek Siyah Timsah Derisi Ayakkab\u0131** koleksiyonumuz aras\u0131ndan size en uygun olan\u0131 bulmak \u00e7ok kolay olup, size \u00f6zel konforu ve stili deneyimlemenizi sa\u011flar.<\/p>\n<h3>Her Durum i\u00e7in \u00c7ok Y\u00f6nl\u00fcl\u00fck<\/h3>\n<p>Bu ayakkab\u0131lar\u0131n temsil etti\u011fi \u2018Casual Classic\u2019 esteti\u011fini kucaklay\u0131n. Profesyonel bir ofis ortam\u0131ndan rahat bir hafta sonu toplant\u0131s\u0131na sorunsuzca ge\u00e7i\u015f yapmak i\u00e7in tasarlanm\u0131\u015ft\u0131r. Bu **Erkek Siyah Timsah Derisi Ayakkab\u0131lar\u0131** keskin, \u00e7a\u011fda\u015f bir g\u00f6r\u00fcn\u00fcm i\u00e7in \u00f6zel dikim pantolonlarla e\u015fle\u015ftirin ya da y\u00fcksek bir g\u00fcndelik kombin i\u00e7in koyu y\u0131kamal\u0131 kot pantolonlarla giydirin. Farkl\u0131 krokodil efekti, bu ayakkab\u0131lar\u0131 geleneksel ayakkab\u0131lardan ay\u0131ran bir l\u00fcks ve bireysellik dokunu\u015fu katar.<\/p>\n<h3>Toptan Sat\u0131\u015f F\u0131rsatlar\u0131 Mevcut<\/h3>\n<p>Birinci s\u0131n\u0131f ayakkab\u0131lar sunmak isteyen perakendeciler ve i\u015fletmeler i\u00e7in bu **Erkek Siyah Timsah Derisi Ayakkab\u0131lar** toptan sat\u0131n al\u0131nabilir. Minimum 16 \u00e7ift sipari\u015f miktar\u0131yla, bu pop\u00fcler stili kolayca stoklayabilir ve m\u00fc\u015fterilerinize y\u00fcksek kaliteli, modaya uygun se\u00e7enekler sunabilirsiniz. Kalite ve stil hakk\u0131nda \u00e7ok \u015fey anlatan ayakkab\u0131lara yat\u0131r\u0131m yap\u0131n. Gelene\u011fi \u00e7a\u011fda\u015f yetenekle birle\u015ftiren y\u00fcksek bir g\u00f6r\u00fcn\u00fcm i\u00e7in **Erkek Siyah Timsah Derisi Ayakkab\u0131lar\u0131m\u0131z\u0131** se\u00e7in.<\/p>","protected":false},"excerpt":{"rendered":"<ul>\n<li>Bu sofistike **Erkek Siyah Timsah Kabartmal\u0131 Deri Ayakkab\u0131** ile ayakkab\u0131 koleksiyonunuzu y\u00fckseltin.<\/li>\n<li>L\u00fcks bir \u00e7ekicilik i\u00e7in kendine \u00f6zg\u00fc timsah efektli deri sayaya sahiptir.<\/li>\n<li>Hakiki Dana ve Ke\u00e7i derisi astar ile \u00fcst\u00fcn konforu ya\u015fay\u0131n.<\/li>\n<li>Dayan\u0131kl\u0131 ve hafif EVA taban m\u00fckemmel kavrama ve uzun s\u00fcreli kullan\u0131m sa\u011flar.<\/li>\n<li>\u00c7ok y\u00f6nl\u00fc 40-44 bedenleri mevcuttur, modern beyefendinin rahat klasik stili i\u00e7in idealdir.<\/li>\n<li>Erkek Siyah Timsah Derisi Ayakkab\u0131lar\u0131m\u0131z** i\u00e7in minimum 16 \u00e7ift sipari\u015fle toptan sat\u0131\u015f f\u0131rsatlar\u0131 mevcuttur.<\/li>\n<\/ul>","protected":false},"featured_media":6691,"template":"","meta":{"_acf_changed":false,"_uag_custom_page_level_css":"","site-sidebar-layout":"default","site-content-layout":"","ast-site-content-layout":"default","site-content-style":"default","site-sidebar-style":"default","ast-global-header-display":"","ast-banner-title-visibility":"","ast-main-header-display":"","ast-hfb-above-header-display":"","ast-hfb-below-header-display":"","ast-hfb-mobile-header-display":"","site-post-title":"","ast-breadcrumbs-content":"","ast-featured-img":"","footer-sml-layout":"","ast-disable-related-posts":"","theme-transparent-header-meta":"","adv-header-id-meta":"","stick-header-meta":"","header-above-stick-meta":"","header-main-stick-meta":"","header-below-stick-meta":"","astra-migrate-meta-layouts":"default","ast-page-background-enabled":"default","ast-page-background-meta":{"desktop":{"background-color":"var(--ast-global-color-4)","background-image":"","background-repeat":"repeat","background-position":"center center","background-size":"auto","background-attachment":"scroll","background-type":"","background-media":"","overlay-type":"","overlay-color":"","overlay-opacity":"","overlay-gradient":""},"tablet":{"background-color":"","background-image":"","background-repeat":"repeat","background-position":"center center","background-size":"auto","background-attachment":"scroll","background-type":"","background-media":"","overlay-type":"","overlay-color":"","overlay-opacity":"","overlay-gradient":""},"mobile":{"background-color":"","background-image":"","background-repeat":"repeat","background-position":"center center","background-size":"auto","background-attachment":"scroll","background-type":"","background-media":"","overlay-type":"","overlay-color":"","overlay-opacity":"","overlay-gradient":""}},"ast-content-background-meta":{"desktop":{"background-color":"var(--ast-global-color-5)","background-image":"","background-repeat":"repeat","background-position":"center center","background-size":"auto","background-attachment":"scroll","background-type":"","background-media":"","overlay-type":"","overlay-color":"","overlay-opacity":"","overlay-gradient":""},"tablet":{"background-color":"var(--ast-global-color-5)","background-image":"","background-repeat":"repeat","background-position":"center center","background-size":"auto","background-attachment":"scroll","background-type":"","background-media":"","overlay-type":"","overlay-color":"","overlay-opacity":"","overlay-gradient":""},"mobile":{"background-color":"var(--ast-global-color-5)","background-image":"","background-repeat":"repeat","background-position":"center center","background-size":"auto","background-attachment":"scroll","background-type":"","background-media":"","overlay-type":"","overlay-color":"","overlay-opacity":"","overlay-gradient":""}}},"product_brand":[],"product_cat":[48,47,430,1200],"product_tag":[196,1266,1263,1265,287,959,189,1262,1264,262],"class_list":{"0":"post-8048","1":"product","2":"type-product","3":"status-publish","4":"has-post-thumbnail","6":"product_cat-casual","7":"product_cat-classic","8":"product_cat-men","9":"product_cat-mens-shoes-2","10":"product_tag-black-leather-shoes","11":"product_tag-calf-leather-lining","12":"product_tag-crocodile-effect-shoes","13":"product_tag-dress-shoes-men","14":"product_tag-eva-sole-shoes","15":"product_tag-formal-casual-shoes","16":"product_tag-goat-leather-lining","17":"product_tag-mens-black-crocodile-leather-shoes","18":"product_tag-mens-casual-classic-shoes","19":"product_tag-wholesale-mens-shoes","20":"desktop-align-center","21":"tablet-align-center","22":"mobile-align-center","24":"first","25":"instock","26":"shipping-taxable","27":"purchasable","28":"product-type-variable","29":"has-default-attributes"},"acf":[],"uagb_featured_image_src":{"full":["https:\/\/turkishtrade.co\/wp-content\/uploads\/2026\/01\/2600MSOMN00002-BLACK.png",453,250,false],"thumbnail":["https:\/\/turkishtrade.co\/wp-content\/uploads\/2026\/01\/2600MSOMN00002-BLACK-150x150.png",150,150,true],"medium":["https:\/\/turkishtrade.co\/wp-content\/uploads\/2026\/01\/2600MSOMN00002-BLACK-300x166.png",300,166,true],"medium_large":["https:\/\/turkishtrade.co\/wp-content\/uploads\/2026\/01\/2600MSOMN00002-BLACK.png",453,250,false],"large":["https:\/\/turkishtrade.co\/wp-content\/uploads\/2026\/01\/2600MSOMN00002-BLACK.png",453,250,false],"1536x1536":["https:\/\/turkishtrade.co\/wp-content\/uploads\/2026\/01\/2600MSOMN00002-BLACK.png",453,250,false],"2048x2048":["https:\/\/turkishtrade.co\/wp-content\/uploads\/2026\/01\/2600MSOMN00002-BLACK.png",453,250,false],"trp-custom-language-flag":["https:\/\/turkishtrade.co\/wp-content\/uploads\/2026\/01\/2600MSOMN00002-BLACK-18x10.png",18,10,true],"woocommerce_thumbnail":["https:\/\/turkishtrade.co\/wp-content\/uploads\/2026\/01\/2600MSOMN00002-BLACK-400x250.png",400,250,true],"woocommerce_single":["https:\/\/turkishtrade.co\/wp-content\/uploads\/2026\/01\/2600MSOMN00002-BLACK.png",453,250,false],"woocommerce_gallery_thumbnail":["https:\/\/turkishtrade.co\/wp-content\/uploads\/2026\/01\/2600MSOMN00002-BLACK-100x100.png",100,100,true]},"uagb_author_info":{"display_name":"python python","author_link":"https:\/\/turkishtrade.co\/tr\/author\/"},"uagb_comment_info":0,"uagb_excerpt":"Elevate your footwear collection with these sophisticated **Men's Black Crocodile Embossed Leather Shoes**. Features a distinctive crocodile effect leather upper for a luxurious appeal. Experience superior comfort with genuine Calf and Goat leather lining. Durable and lightweight EVA sole provides excellent grip and long-lasting wear. Available in versatile sizes 40-44, ideal for the modern gentleman's&hellip;","_links":{"self":[{"href":"https:\/\/turkishtrade.co\/tr\/wp-json\/wp\/v2\/product\/8048","targetHints":{"allow":["GET"]}}],"collection":[{"href":"https:\/\/turkishtrade.co\/tr\/wp-json\/wp\/v2\/product"}],"about":[{"href":"https:\/\/turkishtrade.co\/tr\/wp-json\/wp\/v2\/types\/product"}],"wp:featuredmedia":[{"embeddable":true,"href":"https:\/\/turkishtrade.co\/tr\/wp-json\/wp\/v2\/media\/6691"}],"wp:attachment":[{"href":"https:\/\/turkishtrade.co\/tr\/wp-json\/wp\/v2\/media?parent=8048"}],"wp:term":[{"taxonomy":"product_brand","embeddable":true,"href":"https:\/\/turkishtrade.co\/tr\/wp-json\/wp\/v2\/product_brand?post=8048"},{"taxonomy":"product_cat","embeddable":true,"href":"https:\/\/turkishtrade.co\/tr\/wp-json\/wp\/v2\/product_cat?post=8048"},{"taxonomy":"product_tag","embeddable":true,"href":"https:\/\/turkishtrade.co\/tr\/wp-json\/wp\/v2\/product_tag?post=8048"}],"curies":[{"name":"wp","href":"https:\/\/api.w.org\/{rel}","templated":true}]}}