{"id":8029,"date":"2026-01-29T14:47:01","date_gmt":"2026-01-29T14:47:01","guid":{"rendered":"https:\/\/turkishtrade.co\/?post_type=product&#038;p=8029"},"modified":"2026-04-09T20:37:53","modified_gmt":"2026-04-09T20:37:53","slug":"mens-brown-leather-derby-shoes-13","status":"publish","type":"product","link":"https:\/\/turkishtrade.co\/tr\/shop\/mens-brown-leather-derby-shoes-13\/","title":{"rendered":"Erkek Kahverengi Deri Derby Ayakkab\u0131 En \u00c7ok Satan | Erkek Kahverengi Dana Derisi Kap"},"content":{"rendered":"<p>Zarif tasar\u0131m\u0131m\u0131zla sofistike bir stile ad\u0131m at\u0131n <strong>Erkek Kahverengi Deri Derby Ayakkab\u0131<\/strong>, Hem zamans\u0131z bir \u015f\u0131kl\u0131k hem de benzersiz bir konfor sunmak i\u00e7in titizlikle \u00fcretilmi\u015ftir. Bu klasik derby ayakkab\u0131lar, hem i\u015f hem de \u015f\u0131k g\u00fcndelik durumlar i\u00e7in m\u00fckemmel olan her se\u00e7kin beyefendinin gard\u0131robuna \u00f6nemli bir ektir. Bizim <strong>Erkek Kahverengi Deri Derby Ayakkab\u0131<\/strong> ince i\u015f\u00e7ili\u011fe ve \u00fcst\u00fcn malzemelere de\u011fer verenler i\u00e7in tasarlanm\u0131\u015ft\u0131r.<\/p>\n<h3>Rakipsiz Kalite ve Malzemeler<\/h3>\n<p>Bu \u00e7arp\u0131c\u0131 \u00e7iftlerin her biri <strong>Erkek Kahverengi Deri Derby Ayakkab\u0131<\/strong> esnek dokusu, ola\u011fan\u00fcst\u00fc dayan\u0131kl\u0131l\u0131\u011f\u0131 ve zengin, koyu kahverengi tonuyla bilinen birinci s\u0131n\u0131f dana derisi sayaya sahiptir. Dana derisinin do\u011fal dokusu, rafine bir karakter katarak ayakkab\u0131lar\u0131n\u0131z\u0131n zaman i\u00e7inde g\u00fczel bir \u015fekilde eskimesini sa\u011flar. Zarif d\u0131\u015f g\u00f6r\u00fcn\u00fcm\u00fcn \u00f6tesinde, i\u00e7 k\u0131s\u0131mda bulunan l\u00fcks ke\u00e7i derisi astar, ayaklar\u0131n\u0131z i\u00e7in son derece yumu\u015fak ve nefes alabilen bir ortam sa\u011flar. Y\u00fcksek kaliteli malzemelere olan bu ba\u011fl\u0131l\u0131k, uzun s\u00fcreli kullan\u0131mlarda bile maksimum konfor sa\u011flar. Ayr\u0131nt\u0131l\u0131 diki\u015fler ve sa\u011flam yap\u0131, bu kahverengi erkek derby ayakkab\u0131lar\u0131n\u0131n her bir \u00e7iftinde detaylara g\u00f6sterilen titiz dikkat hakk\u0131nda \u00e7ok \u015fey anlat\u0131r.<\/p>\n<h3>Konfor ve Stil i\u00e7in Tasarland\u0131<\/h3>\n<p>Bunlar\u0131n tasar\u0131m\u0131 <strong>Erkek Kahverengi Deri Derby Ayakkab\u0131<\/strong> geleneksel esteti\u011fi modern konforla birle\u015ftiriyor. Klasik bir burna sahip olan bu ayakkab\u0131lar, \u00f6zel tak\u0131m elbiselerden \u015f\u0131k denimlere kadar \u00e7e\u015fitli k\u0131yafetler i\u00e7in \u00e7ok y\u00f6nl\u00fc olmalar\u0131n\u0131 sa\u011flayan zarif bir cazibeye sahiptir. Yenilik\u00e7i microlight taban, destek veya kavramadan \u00f6d\u00fcn vermeden inan\u0131lmaz bir hafiflik ve esneklik sunan g\u00f6ze \u00e7arpan bir \u00f6zelliktir. Daha a\u011f\u0131r geleneksel tabanlardan farkl\u0131 olarak, microlight taban m\u00fckemmel yast\u0131klama sa\u011flar ve ayak yorgunlu\u011funu azalt\u0131r, bu erkek kahverengi deri ayakkab\u0131lar\u0131n\u0131 t\u00fcm g\u00fcn kullan\u0131m i\u00e7in ideal hale getirir. Topuk sayas\u0131ndaki ince ama ay\u0131rt edici desen, benzersiz bir dokunu\u015f katarak bu derby ayakkab\u0131lar\u0131 tasar\u0131m ve \u00e7ekicilik a\u00e7\u0131s\u0131ndan di\u011ferlerinden ay\u0131r\u0131r.<\/p>\n<h3>Toptan Sat\u0131\u015f Ortakl\u0131klar\u0131 i\u00e7in M\u00fckemmel<\/h3>\n<p>M\u00fc\u015fterilerine birinci s\u0131n\u0131f ayakkab\u0131lar sunmak isteyen perakendeciler ve i\u015fletmeler i\u00e7in <strong>Erkek Kahverengi Deri Derby Ayakkab\u0131<\/strong> toptan sat\u0131n al\u0131nabilir. Minimum 16 \u00e7iftlik bir sipari\u015fe ihtiya\u00e7 duyuyoruz, bu da i\u015fletmelerin bu pop\u00fcler ve y\u00fcksek talep g\u00f6ren \u00fcr\u00fcn\u00fc stoklamas\u0131n\u0131 kolayla\u015ft\u0131r\u0131yor. 39 ila 45 numara aras\u0131nda de\u011fi\u015fen bu klasik kahverengi derby ayakkab\u0131lar, geni\u015f bir m\u00fc\u015fteri yelpazesine hitap ederek geni\u015f bir \u00e7ekicilik sa\u011flar. M\u00fc\u015fterilerinize piyasada \u00f6ne \u00e7\u0131kan y\u00fcksek kaliteli, \u015f\u0131k ve rahat ayakkab\u0131lar sunmak i\u00e7in bizimle i\u015f ortakl\u0131\u011f\u0131 yap\u0131n. Hem kalite hem de m\u00fc\u015fteri memnuniyeti vaat eden bu birinci s\u0131n\u0131f kahverengi deri derby ayakkab\u0131larla envanterinizi y\u00fckseltin.<\/p>\n<p>Ola\u011fan\u00fcst\u00fc \u00fcr\u00fcnlerimizle kaliteye, konfora ve zamans\u0131z stile yat\u0131r\u0131m yap\u0131n <strong>Erkek Kahverengi Deri Derby Ayakkab\u0131<\/strong>. Onlar sadece ayakkab\u0131 de\u011fil; her ayakkab\u0131 koleksiyonunu geli\u015ftirmeyi vaat eden bir s\u0131n\u0131f ifadesi ve \u00fcst\u00fcn i\u015f\u00e7ili\u011fin bir kan\u0131t\u0131d\u0131r.<\/p>","protected":false},"excerpt":{"rendered":"<ul>\n<li>Kal\u0131c\u0131 dayan\u0131kl\u0131l\u0131k ve sofistike stil i\u00e7in Premium Dana Derisi Saya<\/li>\n<li>Ola\u011fan\u00fcst\u00fc konfor ve nefes alabilirlik i\u00e7in L\u00fcks Ke\u00e7i Derisi Astar<\/li>\n<li>G\u00fcn boyu rahatl\u0131k ve kavrama i\u00e7in hafif ve esnek Microlight Taban<\/li>\n<li>Zamans\u0131z \u015f\u0131kl\u0131k i\u00e7in klasik Cap Toe tasar\u0131m\u0131, \u00e7e\u015fitli durumlar i\u00e7in uygundur<\/li>\n<li>Kapsaml\u0131 bir beden aral\u0131\u011f\u0131nda mevcuttur: 39, 40, 41, 42, 43, 44, 45<\/li>\n<li>Toptan sat\u0131\u015f f\u0131rsatlar\u0131: Perakendeciler ve i\u015fletmeler i\u00e7in minimum 16 \u00e7ift sipari\u015f<\/li>\n<\/ul>","protected":false},"featured_media":7055,"template":"","meta":{"_acf_changed":false,"_uag_custom_page_level_css":"","site-sidebar-layout":"default","site-content-layout":"","ast-site-content-layout":"default","site-content-style":"default","site-sidebar-style":"default","ast-global-header-display":"","ast-banner-title-visibility":"","ast-main-header-display":"","ast-hfb-above-header-display":"","ast-hfb-below-header-display":"","ast-hfb-mobile-header-display":"","site-post-title":"","ast-breadcrumbs-content":"","ast-featured-img":"","footer-sml-layout":"","ast-disable-related-posts":"","theme-transparent-header-meta":"","adv-header-id-meta":"","stick-header-meta":"","header-above-stick-meta":"","header-main-stick-meta":"","header-below-stick-meta":"","astra-migrate-meta-layouts":"default","ast-page-background-enabled":"default","ast-page-background-meta":{"desktop":{"background-color":"var(--ast-global-color-4)","background-image":"","background-repeat":"repeat","background-position":"center center","background-size":"auto","background-attachment":"scroll","background-type":"","background-media":"","overlay-type":"","overlay-color":"","overlay-opacity":"","overlay-gradient":""},"tablet":{"background-color":"","background-image":"","background-repeat":"repeat","background-position":"center center","background-size":"auto","background-attachment":"scroll","background-type":"","background-media":"","overlay-type":"","overlay-color":"","overlay-opacity":"","overlay-gradient":""},"mobile":{"background-color":"","background-image":"","background-repeat":"repeat","background-position":"center center","background-size":"auto","background-attachment":"scroll","background-type":"","background-media":"","overlay-type":"","overlay-color":"","overlay-opacity":"","overlay-gradient":""}},"ast-content-background-meta":{"desktop":{"background-color":"var(--ast-global-color-5)","background-image":"","background-repeat":"repeat","background-position":"center center","background-size":"auto","background-attachment":"scroll","background-type":"","background-media":"","overlay-type":"","overlay-color":"","overlay-opacity":"","overlay-gradient":""},"tablet":{"background-color":"var(--ast-global-color-5)","background-image":"","background-repeat":"repeat","background-position":"center center","background-size":"auto","background-attachment":"scroll","background-type":"","background-media":"","overlay-type":"","overlay-color":"","overlay-opacity":"","overlay-gradient":""},"mobile":{"background-color":"var(--ast-global-color-5)","background-image":"","background-repeat":"repeat","background-position":"center center","background-size":"auto","background-attachment":"scroll","background-type":"","background-media":"","overlay-type":"","overlay-color":"","overlay-opacity":"","overlay-gradient":""}}},"product_brand":[],"product_cat":[47,430,1200],"product_tag":[292,1342,458,809,935,189,535,310,466,281],"class_list":{"0":"post-8029","1":"product","2":"type-product","3":"status-publish","4":"has-post-thumbnail","6":"product_cat-classic","7":"product_cat-men","8":"product_cat-mens-shoes-2","9":"product_tag-brown-leather-shoes","10":"product_tag-calfskin-derby","11":"product_tag-cap-toe-shoes","12":"product_tag-classic-mens-footwear","13":"product_tag-formal-shoes-men","14":"product_tag-goat-leather-lining","15":"product_tag-leather-dress-shoes","16":"product_tag-mens-derby-shoes","17":"product_tag-microlight-sole","18":"product_tag-wholesale-shoes","19":"desktop-align-center","20":"tablet-align-center","21":"mobile-align-center","23":"first","24":"instock","25":"shipping-taxable","26":"purchasable","27":"product-type-variable","28":"has-default-attributes"},"acf":[],"uagb_featured_image_src":{"full":["https:\/\/turkishtrade.co\/wp-content\/uploads\/2026\/01\/2600FKHMN00071-BROWN.png",453,250,false],"thumbnail":["https:\/\/turkishtrade.co\/wp-content\/uploads\/2026\/01\/2600FKHMN00071-BROWN-150x150.png",150,150,true],"medium":["https:\/\/turkishtrade.co\/wp-content\/uploads\/2026\/01\/2600FKHMN00071-BROWN-300x166.png",300,166,true],"medium_large":["https:\/\/turkishtrade.co\/wp-content\/uploads\/2026\/01\/2600FKHMN00071-BROWN.png",453,250,false],"large":["https:\/\/turkishtrade.co\/wp-content\/uploads\/2026\/01\/2600FKHMN00071-BROWN.png",453,250,false],"1536x1536":["https:\/\/turkishtrade.co\/wp-content\/uploads\/2026\/01\/2600FKHMN00071-BROWN.png",453,250,false],"2048x2048":["https:\/\/turkishtrade.co\/wp-content\/uploads\/2026\/01\/2600FKHMN00071-BROWN.png",453,250,false],"trp-custom-language-flag":["https:\/\/turkishtrade.co\/wp-content\/uploads\/2026\/01\/2600FKHMN00071-BROWN-18x10.png",18,10,true],"woocommerce_thumbnail":["https:\/\/turkishtrade.co\/wp-content\/uploads\/2026\/01\/2600FKHMN00071-BROWN-400x250.png",400,250,true],"woocommerce_single":["https:\/\/turkishtrade.co\/wp-content\/uploads\/2026\/01\/2600FKHMN00071-BROWN.png",453,250,false],"woocommerce_gallery_thumbnail":["https:\/\/turkishtrade.co\/wp-content\/uploads\/2026\/01\/2600FKHMN00071-BROWN-100x100.png",100,100,true]},"uagb_author_info":{"display_name":"python python","author_link":"https:\/\/turkishtrade.co\/tr\/author\/"},"uagb_comment_info":0,"uagb_excerpt":"Premium Calf Leather Upper for lasting durability and sophisticated style Luxurious Goatskin Leather Lining for exceptional comfort and breathability Lightweight and flexible Microlight Sole for all-day ease and grip Classic Cap Toe design for timeless elegance, suitable for various occasions Available in a comprehensive size range: 39, 40, 41, 42, 43, 44, 45 Wholesale opportunities:&hellip;","_links":{"self":[{"href":"https:\/\/turkishtrade.co\/tr\/wp-json\/wp\/v2\/product\/8029","targetHints":{"allow":["GET"]}}],"collection":[{"href":"https:\/\/turkishtrade.co\/tr\/wp-json\/wp\/v2\/product"}],"about":[{"href":"https:\/\/turkishtrade.co\/tr\/wp-json\/wp\/v2\/types\/product"}],"wp:featuredmedia":[{"embeddable":true,"href":"https:\/\/turkishtrade.co\/tr\/wp-json\/wp\/v2\/media\/7055"}],"wp:attachment":[{"href":"https:\/\/turkishtrade.co\/tr\/wp-json\/wp\/v2\/media?parent=8029"}],"wp:term":[{"taxonomy":"product_brand","embeddable":true,"href":"https:\/\/turkishtrade.co\/tr\/wp-json\/wp\/v2\/product_brand?post=8029"},{"taxonomy":"product_cat","embeddable":true,"href":"https:\/\/turkishtrade.co\/tr\/wp-json\/wp\/v2\/product_cat?post=8029"},{"taxonomy":"product_tag","embeddable":true,"href":"https:\/\/turkishtrade.co\/tr\/wp-json\/wp\/v2\/product_tag?post=8029"}],"curies":[{"name":"wp","href":"https:\/\/api.w.org\/{rel}","templated":true}]}}