{"id":8028,"date":"2026-01-29T14:47:01","date_gmt":"2026-01-29T14:47:01","guid":{"rendered":"https:\/\/turkishtrade.co\/?post_type=product&#038;p=8028"},"modified":"2026-04-09T20:37:55","modified_gmt":"2026-04-09T20:37:55","slug":"mens-black-calf-leather-oxford-shoes-3","status":"publish","type":"product","link":"https:\/\/turkishtrade.co\/tr\/shop\/mens-black-calf-leather-oxford-shoes-3\/","title":{"rendered":"Erkek Siyah Dana Derisi Oxford Ayakkab\u0131 Exclusive | Erkek Klasik Siyah Dana Derisi"},"content":{"rendered":"<p><strong>Erkek Siyah Dana Derisi Oxford Ayakkab\u0131<\/strong>. \u00d6zel kalite ve tasar\u0131m.<\/p>\n<p>Enfes \u00fcr\u00fcnlerimizle benzersiz bir zarafete ve zamans\u0131z bir sofistikeli\u011fe ad\u0131m at\u0131n <strong>Erkek Siyah Dana Derisi Oxford Ayakkab\u0131<\/strong>. Se\u00e7kin beyefendiler i\u00e7in tasarlanan bu ayakkab\u0131lar, klasik stili ve \u00fcst\u00fcn konforu bir araya getirerek her profesyonel veya resmi gard\u0131robun vazge\u00e7ilmez bir par\u00e7as\u0131 haline geliyor. Detaylara g\u00f6sterilen titizlikle tasarlanan her bir \u00e7ift, zarif silueti ve birinci s\u0131n\u0131f malzemeleriyle g\u00f6r\u00fcn\u00fcm\u00fcn\u00fcz\u00fc y\u00fckseltmeyi vaat ediyor.<\/p>\n<h3>Rakipsiz Kalite ve Konfor<\/h3>\n<p>Bu ola\u011fan\u00fcst\u00fc ayakkab\u0131lar\u0131n kalbinde, p\u00fcr\u00fczs\u00fcz dokusu, dayan\u0131kl\u0131l\u0131\u011f\u0131 ve g\u00fczel bir \u015fekilde eskime kabiliyetiyle tan\u0131nan y\u00fcksek kaliteli dana derisi saya yer al\u0131r. Zengin siyah tonu, i\u015f toplant\u0131lar\u0131 i\u00e7in tak\u0131m elbiselerle, \u00f6zel g\u00fcnler i\u00e7in smokinlerle ve hatta \u015f\u0131k g\u00fcndelik tak\u0131mlarla sorunsuz bir \u015fekilde e\u015fle\u015ferek \u00e7ok y\u00f6nl\u00fcl\u00fck sunar. \u0130\u00e7 k\u0131s\u0131mdaki l\u00fcks ke\u00e7i derisi astar sayesinde ayaklar\u0131n\u0131z \u00fcst\u00fcn bir konfor ya\u015fayacak. Bu do\u011fal malzeme, nefes alabilirli\u011fi ve yumu\u015fak hissi ile \u00fcnl\u00fcd\u00fcr ve g\u00fcn boyunca ayaklar\u0131n\u0131z i\u00e7in ho\u015f bir ortam sa\u011flar.<\/p>\n<h3>Yenilik\u00e7i Tasar\u0131m ve Dayan\u0131kl\u0131l\u0131k<\/h3>\n<p>Bizim temelimiz <strong>Erkek Siyah Dana Derisi Oxford Ayakkab\u0131<\/strong> yenilik\u00e7i bir microlight taban \u00fczerine in\u015fa edilmi\u015ftir. Bu geli\u015fmi\u015f taban teknolojisi m\u00fckemmel yast\u0131klama, esneklik ve ola\u011fan\u00fcst\u00fc hafiflik sa\u011flayarak dayan\u0131kl\u0131l\u0131k veya kavramadan \u00f6d\u00fcn vermeden rahat bir ad\u0131m at\u0131lmas\u0131n\u0131 sa\u011flar. Alt tabandaki ay\u0131rt edici k\u0131rm\u0131z\u0131 vurgu, klasik tasar\u0131ma ince bir modern hava katarak bu siyah deri erkek ayakkab\u0131s\u0131n\u0131 s\u0131radanl\u0131ktan ay\u0131r\u0131r. Taban\u0131n etraf\u0131ndaki titiz beyaz diki\u015fler kaliteli i\u015f\u00e7ili\u011fi daha da belirginle\u015ftirir.<\/p>\n<h3>Her Resmi Davet i\u00e7in M\u00fckemmel<\/h3>\n<p>\u0130ster bir galaya kat\u0131l\u0131n, ister bir y\u00f6netim kurulu toplant\u0131s\u0131na liderlik edin veya bir a\u011f etkinli\u011finde bir izlenim b\u0131rak\u0131n, bu klasik Oxford ayakkab\u0131lar g\u00fcven ve stil sunmak i\u00e7in tasarlanm\u0131\u015ft\u0131r. Kapal\u0131 ba\u011fc\u0131k sistemi, ikonik Oxford tasar\u0131m\u0131n\u0131n karakteristik \u00f6zelli\u011fi olan \u015f\u0131k ve g\u00fcvenli bir uyum sa\u011flar. 39'dan 45'e kadar kapsaml\u0131 bir beden yelpazesinde mevcut olan bu ayakkab\u0131lar, birinci s\u0131n\u0131f ayakkab\u0131 arayan geni\u015f bir m\u00fc\u015fteri yelpazesi i\u00e7in m\u00fckemmel bir uyum sa\u011flar.<\/p>\n<h3>Toptan Sat\u0131\u015f F\u0131rsat\u0131<\/h3>\n<p>Y\u00fcksek kaliteli ayakkab\u0131 stoklamak isteyen i\u015fletmeler i\u00e7in <strong>Erkek Siyah Dana Derisi Oxford Ayakkab\u0131<\/strong> toptan sat\u0131n al\u0131nabilir. Yaln\u0131zca 16 \u00e7iftlik minimum sipari\u015f gereksinimiyle, m\u00fc\u015fterilerinize hem l\u00fcks hem de uzun \u00f6m\u00fcr vaat eden bir \u00fcr\u00fcnle kolayca hitap edebilirsiniz. Kaliteye yat\u0131r\u0131m yap\u0131n, stile yat\u0131r\u0131m yap\u0131n ve m\u00fc\u015fterilerinize klasik erkek resmi ayakkab\u0131lar\u0131nda en iyisini sunun.<\/p>","protected":false},"excerpt":{"rendered":"<ul>\n<li>Kal\u0131c\u0131 \u015f\u0131kl\u0131k i\u00e7in birinci s\u0131n\u0131f siyah dana derisi saya<\/li>\n<li>L\u00fcks ke\u00e7i derisi astar \u00fcst\u00fcn konfor sa\u011flar<\/li>\n<li>\u00dcst\u00fcn tutu\u015f i\u00e7in hafif ve dayan\u0131kl\u0131 mikro hafif taban<\/li>\n<li>Klasik Oxford stili, resmi ve i\u015f k\u0131yafetleri i\u00e7in m\u00fckemmel<\/li>\n<li>M\u00fckemmel uyum i\u00e7in 39-45 bedenleri mevcuttur<\/li>\n<li>Minimum 16 \u00e7ift sipari\u015f ile toptan sat\u0131\u015f talepleri kabul edilir<\/li>\n<\/ul>","protected":false},"featured_media":7054,"template":"","meta":{"_acf_changed":false,"_uag_custom_page_level_css":"","site-sidebar-layout":"default","site-content-layout":"","ast-site-content-layout":"default","site-content-style":"default","site-sidebar-style":"default","ast-global-header-display":"","ast-banner-title-visibility":"","ast-main-header-display":"","ast-hfb-above-header-display":"","ast-hfb-below-header-display":"","ast-hfb-mobile-header-display":"","site-post-title":"","ast-breadcrumbs-content":"","ast-featured-img":"","footer-sml-layout":"","ast-disable-related-posts":"","theme-transparent-header-meta":"","adv-header-id-meta":"","stick-header-meta":"","header-above-stick-meta":"","header-main-stick-meta":"","header-below-stick-meta":"","astra-migrate-meta-layouts":"default","ast-page-background-enabled":"default","ast-page-background-meta":{"desktop":{"background-color":"var(--ast-global-color-4)","background-image":"","background-repeat":"repeat","background-position":"center center","background-size":"auto","background-attachment":"scroll","background-type":"","background-media":"","overlay-type":"","overlay-color":"","overlay-opacity":"","overlay-gradient":""},"tablet":{"background-color":"","background-image":"","background-repeat":"repeat","background-position":"center center","background-size":"auto","background-attachment":"scroll","background-type":"","background-media":"","overlay-type":"","overlay-color":"","overlay-opacity":"","overlay-gradient":""},"mobile":{"background-color":"","background-image":"","background-repeat":"repeat","background-position":"center center","background-size":"auto","background-attachment":"scroll","background-type":"","background-media":"","overlay-type":"","overlay-color":"","overlay-opacity":"","overlay-gradient":""}},"ast-content-background-meta":{"desktop":{"background-color":"var(--ast-global-color-5)","background-image":"","background-repeat":"repeat","background-position":"center center","background-size":"auto","background-attachment":"scroll","background-type":"","background-media":"","overlay-type":"","overlay-color":"","overlay-opacity":"","overlay-gradient":""},"tablet":{"background-color":"var(--ast-global-color-5)","background-image":"","background-repeat":"repeat","background-position":"center center","background-size":"auto","background-attachment":"scroll","background-type":"","background-media":"","overlay-type":"","overlay-color":"","overlay-opacity":"","overlay-gradient":""},"mobile":{"background-color":"var(--ast-global-color-5)","background-image":"","background-repeat":"repeat","background-position":"center center","background-size":"auto","background-attachment":"scroll","background-type":"","background-media":"","overlay-type":"","overlay-color":"","overlay-opacity":"","overlay-gradient":""}}},"product_brand":[],"product_cat":[47,430,1200],"product_tag":[405,185,1285,1341,251,189,1340,466,525,262],"class_list":{"0":"post-8028","1":"product","2":"type-product","3":"status-publish","4":"has-post-thumbnail","6":"product_cat-classic","7":"product_cat-men","8":"product_cat-mens-shoes-2","9":"product_tag-business-shoes","10":"product_tag-calf-leather-shoes","11":"product_tag-classic-dress-shoes","12":"product_tag-elegant-oxford-shoes","13":"product_tag-formal-shoes","14":"product_tag-goat-leather-lining","15":"product_tag-mens-black-oxford-shoes","16":"product_tag-microlight-sole","17":"product_tag-premium-leather-footwear","18":"product_tag-wholesale-mens-shoes","19":"desktop-align-center","20":"tablet-align-center","21":"mobile-align-center","23":"first","24":"instock","25":"shipping-taxable","26":"purchasable","27":"product-type-variable","28":"has-default-attributes"},"acf":[],"uagb_featured_image_src":{"full":["https:\/\/turkishtrade.co\/wp-content\/uploads\/2026\/01\/2600FKHMN00070-BLACK.png",453,250,false],"thumbnail":["https:\/\/turkishtrade.co\/wp-content\/uploads\/2026\/01\/2600FKHMN00070-BLACK-150x150.png",150,150,true],"medium":["https:\/\/turkishtrade.co\/wp-content\/uploads\/2026\/01\/2600FKHMN00070-BLACK-300x166.png",300,166,true],"medium_large":["https:\/\/turkishtrade.co\/wp-content\/uploads\/2026\/01\/2600FKHMN00070-BLACK.png",453,250,false],"large":["https:\/\/turkishtrade.co\/wp-content\/uploads\/2026\/01\/2600FKHMN00070-BLACK.png",453,250,false],"1536x1536":["https:\/\/turkishtrade.co\/wp-content\/uploads\/2026\/01\/2600FKHMN00070-BLACK.png",453,250,false],"2048x2048":["https:\/\/turkishtrade.co\/wp-content\/uploads\/2026\/01\/2600FKHMN00070-BLACK.png",453,250,false],"trp-custom-language-flag":["https:\/\/turkishtrade.co\/wp-content\/uploads\/2026\/01\/2600FKHMN00070-BLACK-18x10.png",18,10,true],"woocommerce_thumbnail":["https:\/\/turkishtrade.co\/wp-content\/uploads\/2026\/01\/2600FKHMN00070-BLACK-400x250.png",400,250,true],"woocommerce_single":["https:\/\/turkishtrade.co\/wp-content\/uploads\/2026\/01\/2600FKHMN00070-BLACK.png",453,250,false],"woocommerce_gallery_thumbnail":["https:\/\/turkishtrade.co\/wp-content\/uploads\/2026\/01\/2600FKHMN00070-BLACK-100x100.png",100,100,true]},"uagb_author_info":{"display_name":"python python","author_link":"https:\/\/turkishtrade.co\/tr\/author\/"},"uagb_comment_info":0,"uagb_excerpt":"Premium black calf leather upper for lasting elegance Luxurious goat leather lining ensures ultimate comfort Lightweight and durable microlight sole for superior traction Classic Oxford style, perfect for formal and business wear Available in sizes 39-45 for a perfect fit Wholesale inquiries welcome with a minimum order of 16 pairs","_links":{"self":[{"href":"https:\/\/turkishtrade.co\/tr\/wp-json\/wp\/v2\/product\/8028","targetHints":{"allow":["GET"]}}],"collection":[{"href":"https:\/\/turkishtrade.co\/tr\/wp-json\/wp\/v2\/product"}],"about":[{"href":"https:\/\/turkishtrade.co\/tr\/wp-json\/wp\/v2\/types\/product"}],"wp:featuredmedia":[{"embeddable":true,"href":"https:\/\/turkishtrade.co\/tr\/wp-json\/wp\/v2\/media\/7054"}],"wp:attachment":[{"href":"https:\/\/turkishtrade.co\/tr\/wp-json\/wp\/v2\/media?parent=8028"}],"wp:term":[{"taxonomy":"product_brand","embeddable":true,"href":"https:\/\/turkishtrade.co\/tr\/wp-json\/wp\/v2\/product_brand?post=8028"},{"taxonomy":"product_cat","embeddable":true,"href":"https:\/\/turkishtrade.co\/tr\/wp-json\/wp\/v2\/product_cat?post=8028"},{"taxonomy":"product_tag","embeddable":true,"href":"https:\/\/turkishtrade.co\/tr\/wp-json\/wp\/v2\/product_tag?post=8028"}],"curies":[{"name":"wp","href":"https:\/\/api.w.org\/{rel}","templated":true}]}}