{"id":8027,"date":"2026-01-29T14:47:01","date_gmt":"2026-01-29T14:47:01","guid":{"rendered":"https:\/\/turkishtrade.co\/?post_type=product&#038;p=8027"},"modified":"2026-04-09T20:37:57","modified_gmt":"2026-04-09T20:37:57","slug":"mens-brown-leather-derby-shoes-11","status":"publish","type":"product","link":"https:\/\/turkishtrade.co\/tr\/shop\/mens-brown-leather-derby-shoes-11\/","title":{"rendered":"Erkek Kahverengi Deri Derbi Ayakkab\u0131 Hakiki | Klasik Kahverengi Dana Derisi Derbi"},"content":{"rendered":"<p>Zarif tasar\u0131m\u0131m\u0131zla sofistike bir stile ad\u0131m at\u0131n <strong>Erkek Kahverengi Deri Derby Ayakkab\u0131<\/strong>. Hem \u015f\u0131kl\u0131\u011fa hem de rahatl\u0131\u011fa \u00f6nem veren modern beyefendiler i\u00e7in tasarlanan bu ayakkab\u0131lar, \u00fcst\u00fcn i\u015f\u00e7ili\u011fin bir kan\u0131t\u0131d\u0131r. Her bir \u00e7ift, yaln\u0131zca en iyi hakiki dana derisi kullan\u0131larak titizlikle \u00fcretilmi\u015ftir ve ya\u015fland\u0131k\u00e7a derinle\u015ferek benzersiz bir patina olu\u015fturan zengin, perdahlanm\u0131\u015f kahverengi bir y\u00fczey sunar. A\u00e7\u0131k ba\u011fc\u0131k sistemi ile karakterize edilen klasik Derby silueti, toplant\u0131 odas\u0131ndan ak\u015fam etkinliklerine zahmetsizce ge\u00e7i\u015f yapan \u00e7ok y\u00f6nl\u00fc bir g\u00f6r\u00fcn\u00fcm sa\u011flar ve bu ayakkab\u0131lar\u0131 vazge\u00e7ilmez bir \u00e7ift haline getirir. <strong>Erkek Kahverengi Deri Derby Ayakkab\u0131<\/strong> se\u00e7kin gard\u0131roplar i\u00e7in.<\/p>\n<p>Kaliteye olan ba\u011fl\u0131l\u0131k, bu ola\u011fan\u00fcst\u00fc \u00fcr\u00fcnlerin her ayr\u0131nt\u0131s\u0131na kadar uzanmaktad\u0131r <strong>Erkek Kahverengi Deri Derby Ayakkab\u0131<\/strong>. \u00c7arp\u0131c\u0131 d\u0131\u015f y\u00fczeyinin \u00f6tesinde, son derece yumu\u015fak ke\u00e7i derisiyle kapl\u0131 bir i\u00e7 k\u0131s\u0131m ke\u015ffedeceksiniz. Bu do\u011fal astar, ola\u011fan\u00fcst\u00fc nefes alabilirlik ve nem emme \u00f6zellikleri sa\u011flayarak, durum ne olursa olsun ayaklar\u0131n\u0131z\u0131n g\u00fcn boyunca rahat ve ferah kalmas\u0131n\u0131 sa\u011flar. Rahats\u0131zl\u0131\u011fa veda edin ve l\u00fcks ve ola\u011fan\u00fcst\u00fc kalitemizle yeniden tan\u0131mlanan bir y\u00fcr\u00fcy\u00fc\u015f deneyimine merhaba deyin. <strong>Erkek Kahverengi Deri Derby Ayakkab\u0131<\/strong>.<\/p>\n<h3>Rakipsiz Konfor ve Dayan\u0131kl\u0131l\u0131k<\/h3>\n<p>Bunlar\u0131 ger\u00e7ekten belirleyen \u015fey <strong>Erkek Kahverengi Deri Derby Ayakkab\u0131<\/strong> Bunun d\u0131\u015f\u0131nda yenilik\u00e7i Microlight taban. Bu geli\u015fmi\u015f taban teknolojisi hafiflik, esneklik ve sa\u011flam dayan\u0131kl\u0131l\u0131k aras\u0131nda m\u00fckemmel bir denge sunar. \u00dcst\u00fcn \u015fok emilimi ve \u00e7eki\u015f g\u00fcc\u00fc sa\u011flayarak yorulmadan uzun s\u00fcreli kullan\u0131m i\u00e7in idealdir. \u0130ster \u015fehir sokaklar\u0131nda geziniyor ister uzun sunumlar boyunca ayakta duruyor olun, Microlight taban yast\u0131klamal\u0131 ve dengeli bir ad\u0131m atman\u0131z\u0131 sa\u011flayarak ayakkab\u0131lar\u0131n\u0131z\u0131n bozulmam\u0131\u015f halini y\u0131llarca korur. Siz de bir \u00e7ift <strong>Erkek Kahverengi Deri Derby Ayakkab\u0131<\/strong> hem stil hem de uzun \u00f6m\u00fcrl\u00fcl\u00fck vaat ediyor.<\/p>\n<p>Klasik Kahverengi Dana Derisi Derby Ayakkab\u0131lar\u0131m\u0131z, 39 ila 45 numara aras\u0131nda kapsaml\u0131 bir Avrupa beden yelpazesinde mevcuttur ve geni\u015f bir m\u00fc\u015fteri yelpazesi i\u00e7in m\u00fckemmel bir uyum sa\u011flar. Bu \u00e7ok y\u00f6nl\u00fc ayakkab\u0131lar sadece bir ayakkab\u0131 de\u011fildir; zamans\u0131z stil ve kal\u0131c\u0131 kaliteye yap\u0131lan bir yat\u0131r\u0131md\u0131r. Keskin bir resmi g\u00f6r\u00fcn\u00fcm i\u00e7in \u00f6zel dikim tak\u0131m elbiselerle e\u015fle\u015ftirin veya zarif bir smart-casual topluluk i\u00e7in chino pantolon ve blazer ceketle giydirin. Zengin kahverengi tonu inan\u0131lmaz bir e\u015fle\u015ftirme esnekli\u011fi sunarak bu <strong>Erkek Kahverengi Deri Derby Ayakkab\u0131<\/strong> her se\u00e7kin gard\u0131rop i\u00e7in vazge\u00e7ilmez bir ektir.<\/p>\n<h3>Toptan Sat\u0131\u015f F\u0131rsatlar\u0131<\/h3>\n<p>Birinci s\u0131n\u0131f ayakkab\u0131lar sunmak isteyen i\u015fletmeler i\u00e7in, ola\u011fan\u00fcst\u00fc \u00fcr\u00fcnlerimiz i\u00e7in gururla toptan sat\u0131\u015f f\u0131rsatlar\u0131 sunuyoruz <strong>Erkek Kahverengi Deri Derby Ayakkab\u0131<\/strong>. Yaln\u0131zca 16 \u00e7iftlik minimum sipari\u015f miktar\u0131yla, m\u00fc\u015fterilerinizi etkileyece\u011finden emin oldu\u011funuz bu y\u00fcksek talep g\u00f6ren klasik stilleri kolayca stoklayabilirsiniz. Koleksiyonunuza benzersiz kalite ve sofistike tasar\u0131m getirmek i\u00e7in bizimle i\u015f ortakl\u0131\u011f\u0131 yap\u0131n. Bu klasik ayakkab\u0131larla envanterinizi y\u00fckseltin <strong>Erkek Kahverengi Deri Derby Ayakkab\u0131<\/strong> ve l\u00fcks erkek ayakkab\u0131lar\u0131na olan talebi kar\u015f\u0131lamak.<\/p>","protected":false},"excerpt":{"rendered":"<ul>\n<li>L\u00fcks bir y\u00fczey ve zengin kahverengi renk tonu i\u00e7in hakiki dana derisinden el yap\u0131m\u0131 olarak \u00fcretilmi\u015ftir<\/li>\n<li>G\u00fcn boyu \u00fcst\u00fcn konfor i\u00e7in yumu\u015fak ve nefes alabilen ke\u00e7i derisi astara sahiptir<\/li>\n<li>Ola\u011fan\u00fcst\u00fc dayan\u0131kl\u0131l\u0131k, esneklik ve \u00e7eki\u015f i\u00e7in hafif Microlight taban ile donat\u0131lm\u0131\u015ft\u0131r<\/li>\n<li>A\u00e7\u0131k ba\u011fc\u0131k sistemine sahip klasik Derby stili, resmi ve \u015f\u0131k g\u00fcndelik ortamlar i\u00e7in m\u00fckemmeldir<\/li>\n<li>39, 40, 41, 42, 43, 44 ve 45 Avrupa bedenlerinde mevcuttur<\/li>\n<li>Minimum 16 \u00e7ift sipari\u015f ile toptan sat\u0131\u015f f\u0131rsatlar\u0131 mevcuttur<\/li>\n<\/ul>","protected":false},"featured_media":7053,"template":"","meta":{"_acf_changed":false,"_uag_custom_page_level_css":"","site-sidebar-layout":"default","site-content-layout":"","ast-site-content-layout":"default","site-content-style":"default","site-sidebar-style":"default","ast-global-header-display":"","ast-banner-title-visibility":"","ast-main-header-display":"","ast-hfb-above-header-display":"","ast-hfb-below-header-display":"","ast-hfb-mobile-header-display":"","site-post-title":"","ast-breadcrumbs-content":"","ast-featured-img":"","footer-sml-layout":"","ast-disable-related-posts":"","theme-transparent-header-meta":"","adv-header-id-meta":"","stick-header-meta":"","header-above-stick-meta":"","header-main-stick-meta":"","header-below-stick-meta":"","astra-migrate-meta-layouts":"default","ast-page-background-enabled":"default","ast-page-background-meta":{"desktop":{"background-color":"var(--ast-global-color-4)","background-image":"","background-repeat":"repeat","background-position":"center center","background-size":"auto","background-attachment":"scroll","background-type":"","background-media":"","overlay-type":"","overlay-color":"","overlay-opacity":"","overlay-gradient":""},"tablet":{"background-color":"","background-image":"","background-repeat":"repeat","background-position":"center center","background-size":"auto","background-attachment":"scroll","background-type":"","background-media":"","overlay-type":"","overlay-color":"","overlay-opacity":"","overlay-gradient":""},"mobile":{"background-color":"","background-image":"","background-repeat":"repeat","background-position":"center center","background-size":"auto","background-attachment":"scroll","background-type":"","background-media":"","overlay-type":"","overlay-color":"","overlay-opacity":"","overlay-gradient":""}},"ast-content-background-meta":{"desktop":{"background-color":"var(--ast-global-color-5)","background-image":"","background-repeat":"repeat","background-position":"center center","background-size":"auto","background-attachment":"scroll","background-type":"","background-media":"","overlay-type":"","overlay-color":"","overlay-opacity":"","overlay-gradient":""},"tablet":{"background-color":"var(--ast-global-color-5)","background-image":"","background-repeat":"repeat","background-position":"center center","background-size":"auto","background-attachment":"scroll","background-type":"","background-media":"","overlay-type":"","overlay-color":"","overlay-opacity":"","overlay-gradient":""},"mobile":{"background-color":"var(--ast-global-color-5)","background-image":"","background-repeat":"repeat","background-position":"center center","background-size":"auto","background-attachment":"scroll","background-type":"","background-media":"","overlay-type":"","overlay-color":"","overlay-opacity":"","overlay-gradient":""}}},"product_brand":[],"product_cat":[47,430,1200],"product_tag":[292,185,809,212,609,314,189,324,466,281],"class_list":{"0":"post-8027","1":"product","2":"type-product","3":"status-publish","4":"has-post-thumbnail","6":"product_cat-classic","7":"product_cat-men","8":"product_cat-mens-shoes-2","9":"product_tag-brown-leather-shoes","10":"product_tag-calf-leather-shoes","11":"product_tag-classic-mens-footwear","12":"product_tag-derby-shoes","13":"product_tag-elegant-mens-shoes","14":"product_tag-formal-mens-shoes","15":"product_tag-goat-leather-lining","16":"product_tag-mens-dress-shoes","17":"product_tag-microlight-sole","18":"product_tag-wholesale-shoes","19":"desktop-align-center","20":"tablet-align-center","21":"mobile-align-center","23":"first","24":"instock","25":"shipping-taxable","26":"purchasable","27":"product-type-variable","28":"has-default-attributes"},"acf":[],"uagb_featured_image_src":{"full":["https:\/\/turkishtrade.co\/wp-content\/uploads\/2026\/01\/2600FKHMN00069-BROWN.png",453,250,false],"thumbnail":["https:\/\/turkishtrade.co\/wp-content\/uploads\/2026\/01\/2600FKHMN00069-BROWN-150x150.png",150,150,true],"medium":["https:\/\/turkishtrade.co\/wp-content\/uploads\/2026\/01\/2600FKHMN00069-BROWN-300x166.png",300,166,true],"medium_large":["https:\/\/turkishtrade.co\/wp-content\/uploads\/2026\/01\/2600FKHMN00069-BROWN.png",453,250,false],"large":["https:\/\/turkishtrade.co\/wp-content\/uploads\/2026\/01\/2600FKHMN00069-BROWN.png",453,250,false],"1536x1536":["https:\/\/turkishtrade.co\/wp-content\/uploads\/2026\/01\/2600FKHMN00069-BROWN.png",453,250,false],"2048x2048":["https:\/\/turkishtrade.co\/wp-content\/uploads\/2026\/01\/2600FKHMN00069-BROWN.png",453,250,false],"trp-custom-language-flag":["https:\/\/turkishtrade.co\/wp-content\/uploads\/2026\/01\/2600FKHMN00069-BROWN-18x10.png",18,10,true],"woocommerce_thumbnail":["https:\/\/turkishtrade.co\/wp-content\/uploads\/2026\/01\/2600FKHMN00069-BROWN-400x250.png",400,250,true],"woocommerce_single":["https:\/\/turkishtrade.co\/wp-content\/uploads\/2026\/01\/2600FKHMN00069-BROWN.png",453,250,false],"woocommerce_gallery_thumbnail":["https:\/\/turkishtrade.co\/wp-content\/uploads\/2026\/01\/2600FKHMN00069-BROWN-100x100.png",100,100,true]},"uagb_author_info":{"display_name":"python python","author_link":"https:\/\/turkishtrade.co\/tr\/author\/"},"uagb_comment_info":0,"uagb_excerpt":"Handcrafted from genuine calf leather for a luxurious finish and rich brown hue Features a soft and breathable goat leather lining for ultimate all-day comfort Equipped with a lightweight Microlight sole for exceptional durability, flexibility, and traction Classic Derby style with an open lacing system, perfect for formal and smart-casual occasions Available in European sizes&hellip;","_links":{"self":[{"href":"https:\/\/turkishtrade.co\/tr\/wp-json\/wp\/v2\/product\/8027","targetHints":{"allow":["GET"]}}],"collection":[{"href":"https:\/\/turkishtrade.co\/tr\/wp-json\/wp\/v2\/product"}],"about":[{"href":"https:\/\/turkishtrade.co\/tr\/wp-json\/wp\/v2\/types\/product"}],"wp:featuredmedia":[{"embeddable":true,"href":"https:\/\/turkishtrade.co\/tr\/wp-json\/wp\/v2\/media\/7053"}],"wp:attachment":[{"href":"https:\/\/turkishtrade.co\/tr\/wp-json\/wp\/v2\/media?parent=8027"}],"wp:term":[{"taxonomy":"product_brand","embeddable":true,"href":"https:\/\/turkishtrade.co\/tr\/wp-json\/wp\/v2\/product_brand?post=8027"},{"taxonomy":"product_cat","embeddable":true,"href":"https:\/\/turkishtrade.co\/tr\/wp-json\/wp\/v2\/product_cat?post=8027"},{"taxonomy":"product_tag","embeddable":true,"href":"https:\/\/turkishtrade.co\/tr\/wp-json\/wp\/v2\/product_tag?post=8027"}],"curies":[{"name":"wp","href":"https:\/\/api.w.org\/{rel}","templated":true}]}}