{"id":8026,"date":"2026-01-29T14:47:01","date_gmt":"2026-01-29T14:47:01","guid":{"rendered":"https:\/\/turkishtrade.co\/?post_type=product&#038;p=8026"},"modified":"2026-03-03T09:56:07","modified_gmt":"2026-03-03T09:56:07","slug":"mens-brown-leather-dress-shoes-2","status":"publish","type":"product","link":"https:\/\/turkishtrade.co\/tr\/shop\/mens-brown-leather-dress-shoes-2\/","title":{"rendered":"Erkek Kahverengi Deri Elbise Ayakkab\u0131s\u0131 Premium | Erkek Klasik Kahverengi Delikli Dana Derisi"},"content":{"rendered":"<p><strong>Erkek Kahverengi Deri Elbise Ayakkab\u0131s\u0131<\/strong>. \u00dcst\u00fcn kalite ve tasar\u0131m.<\/p>\n<p>Ayakkab\u0131 koleksiyonunuzu se\u00e7kin \u00fcr\u00fcnlerimizle geli\u015ftirin <b>Erkek Kahverengi Deri Elbise Ayakkab\u0131s\u0131<\/b>, se\u00e7ici beyefendiler i\u00e7in tasarlanm\u0131\u015ft\u0131r. Bu ayakkab\u0131lar sadece bir aksesuar de\u011fil; s\u0131n\u0131f, konfor ve kusursuz bir stilin ifadesidir. En iyi malzemelerden ustal\u0131kla \u00fcretilen bu ayakkab\u0131lar, geleneksel zarafeti modern incelikle kusursuz bir \u015fekilde harmanlayarak her sofistike gard\u0131rop i\u00e7in bir k\u00f6\u015fe ta\u015f\u0131 haline geliyor.<\/p>\n<h3>E\u015fsiz Kalite ve \u0130\u015f\u00e7ilik<\/h3>\n<p>Bu ola\u011fan\u00fcst\u00fc olaylar\u0131n merkezinde <b>Erkek Kahverengi Deri Elbise Ayakkab\u0131s\u0131<\/b> \u00fcst\u00fcn malzeme kalitesidir. \u00dcst k\u0131s\u0131m, esnek dokusu, dayan\u0131kl\u0131l\u0131\u011f\u0131 ve l\u00fcks g\u00f6r\u00fcn\u00fcm\u00fcyle bilinen birinci s\u0131n\u0131f dana derisinden titizlikle \u00fcretilmi\u015ftir. Bu malzeme se\u00e7imi, her bir \u00e7iftin yaln\u0131zca ola\u011fan\u00fcst\u00fc g\u00f6r\u00fcnmesini sa\u011flamakla kalmaz, ayn\u0131 zamanda her giyimde cazibesini art\u0131ran zengin bir patine geli\u015ftirerek zaman testine dayanmas\u0131n\u0131 sa\u011flar. Sa\u011flam d\u0131\u015f y\u00fczeyi tamamlayan, son derece yumu\u015fak ke\u00e7i derisi astar. Bu do\u011fal astar, benzersiz bir nefes alabilirlik ve rahatl\u0131k sunarak ki\u015fiselle\u015ftirilmi\u015f bir uyum i\u00e7in aya\u011f\u0131n\u0131za nazik\u00e7e uyum sa\u011flar ve bu ayakkab\u0131lar\u0131 sabahtan ak\u015fama kadar giymeyi bir zevk haline getirir.<\/p>\n<h3>Microlight Taban ile Yenilik\u00e7i Konfor<\/h3>\n<p>Yenilik\u00e7i microlight taban\u0131m\u0131zla en \u00fcst d\u00fczey y\u00fcr\u00fcme konforunu ya\u015fay\u0131n. Son derece hafif olacak \u015fekilde tasarlanan bu taban, ayak yorgunlu\u011funu \u00f6nemli \u00f6l\u00e7\u00fcde azaltarak rahats\u0131zl\u0131k duymadan daha uzun s\u00fcre ayakta kalman\u0131z\u0131 sa\u011flar. Esnek yap\u0131s\u0131 hareketinize uyum sa\u011flayarak \u00e7e\u015fitli y\u00fczeylerde m\u00fckemmel tutu\u015f ve denge sa\u011flar. \u0130ster \u015fehir sokaklar\u0131nda geziniyor, ister uzun bir i\u015f toplant\u0131s\u0131na kat\u0131l\u0131yor ya da gece boyunca dans ediyor olun, bu <b>Erkek Kahverengi Deri Elbise Ayakkab\u0131s\u0131<\/b> rahat ve kendinden emin bir ad\u0131m at\u0131n.<\/p>\n<h3>Zamans\u0131z Stil ve \u00c7ok Y\u00f6nl\u00fcl\u00fck<\/h3>\n<p>Bu kahverengi deri elbise ayakkab\u0131lar\u0131n\u0131n tasar\u0131m\u0131 zamans\u0131z \u015f\u0131kl\u0131\u011f\u0131 temsil ediyor. Zengin, koyu kahverengi tonu \u00e7ok y\u00f6nl\u00fcl\u00fck sunar ve keskin i\u015f tak\u0131mlar\u0131ndan sofistike \u015f\u0131k g\u00fcndelik tak\u0131mlara kadar geni\u015f bir yelpazedeki k\u0131yafetlerle zahmetsizce e\u015fle\u015fir. Klasik ba\u011fc\u0131kl\u0131 stil, geleneksel \u00e7ekicili\u011finden \u00f6d\u00fcn vermeden karma\u015f\u0131k bir i\u015f\u00e7ilik ve g\u00f6rsel ilgi katan zarif delikli detaylarla zenginle\u015ftirilmi\u015ftir. Bu klasik siluet, modern konfor \u00f6zellikleriyle birle\u015ferek bu ayakkab\u0131lar\u0131n d\u00fc\u011f\u00fcnler, resmi etkinlikler, ofis k\u0131yafetleri ve l\u00fcks sosyal toplant\u0131lar dahil olmak \u00fczere \u00e7e\u015fitli durumlar i\u00e7in uygun olmas\u0131n\u0131 sa\u011flar.<\/p>\n<h3>\u0130\u015fletmeler i\u00e7in Toptan Sat\u0131\u015f F\u0131rsat\u0131<\/h3>\n<p>Y\u00fcksek kaliteli, \u015f\u0131k ayakkab\u0131lar sunmak isteyen perakendeciler ve i\u015fletmeler i\u00e7in bu <b>Erkek Kahverengi Deri Elbise Ayakkab\u0131s\u0131<\/b> toptan sat\u0131n al\u0131nabilir. Minimum sipari\u015f miktar\u0131n\u0131 16 \u00e7ift olarak belirliyoruz, b\u00f6ylece EU 39'dan 45'e kadar bir dizi pop\u00fcler bedeni stoklaman\u0131za olanak tan\u0131yoruz. M\u00fc\u015fterilerinize \u00fcst\u00fcn malzemeleri, uzman i\u015f\u00e7ili\u011fi ve kal\u0131c\u0131 stiliyle memnuniyeti garanti eden birinci s\u0131n\u0131f bir \u00fcr\u00fcn sunun. Ayakkab\u0131 envanterinize ola\u011fan\u00fcst\u00fc de\u011fer ve \u015f\u0131kl\u0131k katmak i\u00e7in bizimle i\u015f ortakl\u0131\u011f\u0131 yap\u0131n.<\/p>","protected":false},"excerpt":{"rendered":"<ul>\n<li>Sofistike bir g\u00f6r\u00fcn\u00fcm i\u00e7in birinci s\u0131n\u0131f dana derisinden \u00fcretilmi\u015ftir.<\/li>\n<li>L\u00fcks ke\u00e7i derisi astar ola\u011fan\u00fcst\u00fc konfor ve nefes alabilirlik sa\u011flar.<\/li>\n<li>Hafif mikro hafif taban \u00fcst\u00fcn esneklik ve g\u00fcn boyu giyilebilirlik sa\u011flar.<\/li>\n<li>S\u0131rt k\u0131sm\u0131nda zarif delikli detaylara sahip zamans\u0131z klasik bir tasar\u0131ma sahiptir.<\/li>\n<li>AB 39 ila 45 aras\u0131nda kapsaml\u0131 bir beden aral\u0131\u011f\u0131nda mevcuttur.<\/li>\n<li>Resmi etkinlikler, i\u015f k\u0131yafetleri ve \u015f\u0131k g\u00fcndelik davetler i\u00e7in idealdir.<\/li>\n<li>Toptan sipari\u015fler minimum 16 \u00e7ift sat\u0131n alma ile kabul edilir.<\/li>\n<\/ul>","protected":false},"featured_media":7052,"template":"","meta":{"_acf_changed":false,"_uag_custom_page_level_css":"","site-sidebar-layout":"default","site-content-layout":"","ast-site-content-layout":"default","site-content-style":"default","site-sidebar-style":"default","ast-global-header-display":"","ast-banner-title-visibility":"","ast-main-header-display":"","ast-hfb-above-header-display":"","ast-hfb-below-header-display":"","ast-hfb-mobile-header-display":"","site-post-title":"","ast-breadcrumbs-content":"","ast-featured-img":"","footer-sml-layout":"","ast-disable-related-posts":"","theme-transparent-header-meta":"","adv-header-id-meta":"","stick-header-meta":"","header-above-stick-meta":"","header-main-stick-meta":"","header-below-stick-meta":"","astra-migrate-meta-layouts":"default","ast-page-background-enabled":"default","ast-page-background-meta":{"desktop":{"background-color":"var(--ast-global-color-4)","background-image":"","background-repeat":"repeat","background-position":"center center","background-size":"auto","background-attachment":"scroll","background-type":"","background-media":"","overlay-type":"","overlay-color":"","overlay-opacity":"","overlay-gradient":""},"tablet":{"background-color":"","background-image":"","background-repeat":"repeat","background-position":"center center","background-size":"auto","background-attachment":"scroll","background-type":"","background-media":"","overlay-type":"","overlay-color":"","overlay-opacity":"","overlay-gradient":""},"mobile":{"background-color":"","background-image":"","background-repeat":"repeat","background-position":"center center","background-size":"auto","background-attachment":"scroll","background-type":"","background-media":"","overlay-type":"","overlay-color":"","overlay-opacity":"","overlay-gradient":""}},"ast-content-background-meta":{"desktop":{"background-color":"var(--ast-global-color-5)","background-image":"","background-repeat":"repeat","background-position":"center center","background-size":"auto","background-attachment":"scroll","background-type":"","background-media":"","overlay-type":"","overlay-color":"","overlay-opacity":"","overlay-gradient":""},"tablet":{"background-color":"var(--ast-global-color-5)","background-image":"","background-repeat":"repeat","background-position":"center center","background-size":"auto","background-attachment":"scroll","background-type":"","background-media":"","overlay-type":"","overlay-color":"","overlay-opacity":"","overlay-gradient":""},"mobile":{"background-color":"var(--ast-global-color-5)","background-image":"","background-repeat":"repeat","background-position":"center center","background-size":"auto","background-attachment":"scroll","background-type":"","background-media":"","overlay-type":"","overlay-color":"","overlay-opacity":"","overlay-gradient":""}}},"product_brand":[],"product_cat":[47,430,1200],"product_tag":[292,405,566,754,251,324,1283,686,254],"class_list":{"0":"post-8026","1":"product","2":"type-product","3":"status-publish","4":"has-post-thumbnail","6":"product_cat-classic","7":"product_cat-men","8":"product_cat-mens-shoes-2","9":"product_tag-brown-leather-shoes","10":"product_tag-business-shoes","11":"product_tag-calfskin-shoes","12":"product_tag-classic-mens-shoes","13":"product_tag-formal-shoes","14":"product_tag-mens-dress-shoes","15":"product_tag-microlight-sole-shoes","16":"product_tag-perforated-shoes","17":"product_tag-wholesale-footwear","18":"desktop-align-center","19":"tablet-align-center","20":"mobile-align-center","22":"first","23":"instock","24":"shipping-taxable","25":"purchasable","26":"product-type-variable","27":"has-default-attributes"},"acf":[],"uagb_featured_image_src":{"full":["https:\/\/turkishtrade.co\/wp-content\/uploads\/2026\/01\/2600FKHMN00068-DARK-BROWN.png",453,250,false],"thumbnail":["https:\/\/turkishtrade.co\/wp-content\/uploads\/2026\/01\/2600FKHMN00068-DARK-BROWN-150x150.png",150,150,true],"medium":["https:\/\/turkishtrade.co\/wp-content\/uploads\/2026\/01\/2600FKHMN00068-DARK-BROWN-300x166.png",300,166,true],"medium_large":["https:\/\/turkishtrade.co\/wp-content\/uploads\/2026\/01\/2600FKHMN00068-DARK-BROWN.png",453,250,false],"large":["https:\/\/turkishtrade.co\/wp-content\/uploads\/2026\/01\/2600FKHMN00068-DARK-BROWN.png",453,250,false],"1536x1536":["https:\/\/turkishtrade.co\/wp-content\/uploads\/2026\/01\/2600FKHMN00068-DARK-BROWN.png",453,250,false],"2048x2048":["https:\/\/turkishtrade.co\/wp-content\/uploads\/2026\/01\/2600FKHMN00068-DARK-BROWN.png",453,250,false],"trp-custom-language-flag":["https:\/\/turkishtrade.co\/wp-content\/uploads\/2026\/01\/2600FKHMN00068-DARK-BROWN-18x10.png",18,10,true],"woocommerce_thumbnail":["https:\/\/turkishtrade.co\/wp-content\/uploads\/2026\/01\/2600FKHMN00068-DARK-BROWN-400x250.png",400,250,true],"woocommerce_single":["https:\/\/turkishtrade.co\/wp-content\/uploads\/2026\/01\/2600FKHMN00068-DARK-BROWN.png",453,250,false],"woocommerce_gallery_thumbnail":["https:\/\/turkishtrade.co\/wp-content\/uploads\/2026\/01\/2600FKHMN00068-DARK-BROWN-100x100.png",100,100,true]},"uagb_author_info":{"display_name":"python python","author_link":"https:\/\/turkishtrade.co\/tr\/author\/"},"uagb_comment_info":0,"uagb_excerpt":"Crafted from premium calfskin leather for a sophisticated finish. Luxurious goat leather lining ensures exceptional comfort and breathability. Lightweight microlight sole provides superior flexibility and all-day wearability. Features a timeless classic design with elegant perforated detailing on the vamp. Available in a comprehensive size range from EU 39 to 45. Ideal for formal events, business&hellip;","_links":{"self":[{"href":"https:\/\/turkishtrade.co\/tr\/wp-json\/wp\/v2\/product\/8026","targetHints":{"allow":["GET"]}}],"collection":[{"href":"https:\/\/turkishtrade.co\/tr\/wp-json\/wp\/v2\/product"}],"about":[{"href":"https:\/\/turkishtrade.co\/tr\/wp-json\/wp\/v2\/types\/product"}],"wp:featuredmedia":[{"embeddable":true,"href":"https:\/\/turkishtrade.co\/tr\/wp-json\/wp\/v2\/media\/7052"}],"wp:attachment":[{"href":"https:\/\/turkishtrade.co\/tr\/wp-json\/wp\/v2\/media?parent=8026"}],"wp:term":[{"taxonomy":"product_brand","embeddable":true,"href":"https:\/\/turkishtrade.co\/tr\/wp-json\/wp\/v2\/product_brand?post=8026"},{"taxonomy":"product_cat","embeddable":true,"href":"https:\/\/turkishtrade.co\/tr\/wp-json\/wp\/v2\/product_cat?post=8026"},{"taxonomy":"product_tag","embeddable":true,"href":"https:\/\/turkishtrade.co\/tr\/wp-json\/wp\/v2\/product_tag?post=8026"}],"curies":[{"name":"wp","href":"https:\/\/api.w.org\/{rel}","templated":true}]}}