{"id":8024,"date":"2026-01-29T14:47:01","date_gmt":"2026-01-29T14:47:01","guid":{"rendered":"https:\/\/turkishtrade.co\/?post_type=product&#038;p=8024"},"modified":"2026-04-09T20:38:05","modified_gmt":"2026-04-09T20:38:05","slug":"mens-black-calf-leather-shoes-2","status":"publish","type":"product","link":"https:\/\/turkishtrade.co\/tr\/shop\/mens-black-calf-leather-shoes-2\/","title":{"rendered":"Erkek Siyah Dana Derisi Ayakkab\u0131 Amazing | Classic Erkek Siyah Dana Derisi"},"content":{"rendered":"<p><strong>Erkek Siyah Dana Derisi Ayakkab\u0131<\/strong>. \u0130nan\u0131lmaz kalite ve tasar\u0131m.<\/p>\n<p>Enfes koleksiyonumuzla zamans\u0131z \u015f\u0131kl\u0131\u011fa ad\u0131m at\u0131n <strong>Erkek Siyah Dana Derisi Ayakkab\u0131<\/strong>. Modern beyefendiler i\u00e7in tasarlanan bu ayakkab\u0131lar, klasik esteti\u011fi \u00e7a\u011fda\u015f konforla kusursuz bir \u015fekilde harmanlayarak her se\u00e7kin gard\u0131robun vazge\u00e7ilmez bir par\u00e7as\u0131 haline geliyor. \u0130\u015f toplant\u0131lar\u0131, resmi etkinlikler veya sofistike g\u00fcnl\u00fck giyim i\u00e7in m\u00fckemmel olan bu birinci s\u0131n\u0131f <strong>Erkek Siyah Dana Derisi Ayakkab\u0131<\/strong> \u00fcst\u00fcn i\u015f\u00e7ili\u011fin ve kal\u0131c\u0131 stilin bir kan\u0131t\u0131d\u0131r.<\/p>\n<h3>Benzersiz \u0130\u015f\u00e7ilik ve \u00dcst\u00fcn Kaliteli Malzemeler<\/h3>\n<p>Bu klasik erkek elbise ayakkab\u0131lar\u0131n\u0131n her bir \u00e7ifti, en iyi tam damarl\u0131 dana derisinden titizlikle elde \u00fcretilmi\u015ftir. Esnek dokusu, ola\u011fan\u00fcst\u00fc dayan\u0131kl\u0131l\u0131\u011f\u0131 ve zarif y\u00fczeyiyle bilinen dana derisi, l\u00fcks bir his verir ve zaman i\u00e7inde benzersiz bir patina geli\u015ftirerek zarif bir \u015fekilde ya\u015flanmay\u0131 vaat eder. Zengin siyah tonu \u00e7ok y\u00f6nl\u00fcl\u00fck sa\u011flayarak bu ayakkab\u0131lar\u0131n keskin tak\u0131m elbiselerden \u00f6zel dikim pantolonlara kadar geni\u015f bir yelpazedeki k\u0131yafetleri tamamlamas\u0131n\u0131 sa\u011flar. Belirli b\u00f6lgelerde g\u00f6r\u00fclen kendine \u00f6zg\u00fc \u00e7ak\u0131ll\u0131 doku, ince bir karakter ve sofistike dokunu\u015f katarak bu ayakkab\u0131lar\u0131 s\u0131radan ayakkab\u0131lardan ay\u0131r\u0131r.<\/p>\n<h3>Microlight Teknolojisi ile \u00dcst\u00fcn Konforu Deneyimleyin<\/h3>\n<p>Konfor her \u015feyden \u00f6nemlidir ve bu <strong>Erkek Siyah Dana Derisi Ayakkab\u0131<\/strong> \u00f6d\u00fcn vermeden sunar. \u0130\u00e7 k\u0131sm\u0131 tamamen yumu\u015fak, nefes alabilen ke\u00e7i derisi ile astarlanm\u0131\u015ft\u0131r, p\u00fcr\u00fczs\u00fcz hissi ve nem emme \u00f6zellikleriyle \u00fcnl\u00fcd\u00fcr, ayaklar\u0131n\u0131z\u0131 g\u00fcn boyunca rahat ve ferah tutar. Alt k\u0131s\u0131mda, geli\u015fmi\u015f microlight taban sistemi ola\u011fan\u00fcst\u00fc yast\u0131klama ve d\u00fc\u015f\u00fck a\u011f\u0131rl\u0131k sa\u011flayarak kullan\u0131c\u0131n\u0131n deneyimini d\u00f6n\u00fc\u015ft\u00fcr\u00fcr. Bu yenilik\u00e7i taban teknolojisi, hafif bir ad\u0131m ve \u00fcst\u00fcn esneklik sa\u011flayarak ister \u015fehir sokaklar\u0131nda gezinirken ister uzun etkinliklere kat\u0131l\u0131rken saatlerce ayakta kalman\u0131za olanak tan\u0131r. Tabandaki canl\u0131 k\u0131rm\u0131z\u0131 vurgu, dikkat \u00e7ekmeyen ancak \u015f\u0131k bir ayr\u0131nt\u0131 ekler.<\/p>\n<h3>Her Durum i\u00e7in \u00c7ok Y\u00f6nl\u00fc Stil<\/h3>\n<p>Bu klasik Derby tarz\u0131 ba\u011fc\u0131kl\u0131 ayakkab\u0131lar, resmi ortamlardan \u015f\u0131k ve g\u00fcndelik ortamlara kolayca ge\u00e7i\u015f yapabilen \u00e7ok y\u00f6nl\u00fc bir siluet sunar. A\u00e7\u0131k ba\u011fc\u0131k sistemi \u00e7e\u015fitli ayak \u015fekilleri i\u00e7in rahat bir uyum sa\u011flarken, \u015f\u0131k profil sofistike bir g\u00f6r\u00fcn\u00fcm sunar. Bunlara yat\u0131r\u0131m yapmak <strong>Erkek Siyah Dana Derisi Ayakkab\u0131<\/strong> hem sanatsal m\u00fckemmellik hem de pratik giyilebilirlik sunan bir ayakkab\u0131 par\u00e7as\u0131na yat\u0131r\u0131m yapmak anlam\u0131na gelir. Ayakkab\u0131 koleksiyonunu kalite ve g\u00f6steri\u015fle zenginle\u015ftirmek isteyen her profesyonel veya moda bilincine sahip birey i\u00e7in vazge\u00e7ilmezdir.<\/p>\n<h3>Toptan Sat\u0131\u015f F\u0131rsat\u0131: Envanterinizi Y\u00fckseltin<\/h3>\n<p>Bu ola\u011fan\u00fcst\u00fc \u00fcr\u00fcnleri sunmaktan gurur duyuyoruz <strong>Erkek Siyah Dana Derisi Ayakkab\u0131<\/strong> toptan sat\u0131\u015f i\u00e7in. AB 39'dan 45'e kadar kapsaml\u0131 bir beden aral\u0131\u011f\u0131nda mevcut olan bu ayakkab\u0131lar geni\u015f bir m\u00fc\u015fteri taban\u0131na hitap etmektedir. Minimum sipari\u015f miktar\u0131 sadece 16 \u00e7ift olan i\u015fletmeler, bu y\u00fcksek talep g\u00f6ren, y\u00fcksek kaliteli ayakkab\u0131lar\u0131 kolayca stoklayabilir. M\u00fc\u015fterilerinize l\u00fcks malzemeler, geli\u015fmi\u015f konfor teknolojisi ve zamans\u0131z tasar\u0131m\u0131 bir araya getiren birinci s\u0131n\u0131f ayakkab\u0131lar sunmak i\u00e7in bizimle i\u015f birli\u011fi yap\u0131n. Bu ayakkab\u0131lar, \u00fcr\u00fcn teklifinizi m\u00fc\u015fteri memnuniyeti ve tekrar i\u015f vaat eden ger\u00e7ekten se\u00e7kin bir \u00fcr\u00fcnle geli\u015ftirmek i\u00e7in m\u00fckemmel bir f\u0131rsatt\u0131r.<\/p>","protected":false},"excerpt":{"rendered":"<ul>\n<li>Dayan\u0131kl\u0131l\u0131k ve sofistike bir \u00e7ekicilik i\u00e7in birinci s\u0131n\u0131f ** dana derisinden** \u00fcretilmi\u015ftir.<\/li>\n<li>L\u00fcks **ke\u00e7i derisi astar** ola\u011fan\u00fcst\u00fc konfor ve nefes alabilirlik sa\u011flar.<\/li>\n<li>Yenilik\u00e7i **microlight taban** t\u00fcm g\u00fcn kullan\u0131m i\u00e7in hafif destek sa\u011flar.<\/li>\n<li>Kapsaml\u0131 bir beden aral\u0131\u011f\u0131nda mevcuttur: AB 39-45.<\/li>\n<li>Klasik Derby stili, resmi ve i\u015f ama\u00e7l\u0131 g\u00fcndelik k\u0131yafetler i\u00e7in m\u00fckemmeldir.<\/li>\n<li>Minimum 16 \u00e7ift sipari\u015f ile toptan sat\u0131n al\u0131nabilir.<\/li>\n<\/ul>","protected":false},"featured_media":7050,"template":"","meta":{"_acf_changed":false,"_uag_custom_page_level_css":"","site-sidebar-layout":"default","site-content-layout":"","ast-site-content-layout":"default","site-content-style":"default","site-sidebar-style":"default","ast-global-header-display":"","ast-banner-title-visibility":"","ast-main-header-display":"","ast-hfb-above-header-display":"","ast-hfb-below-header-display":"","ast-hfb-mobile-header-display":"","site-post-title":"","ast-breadcrumbs-content":"","ast-featured-img":"","footer-sml-layout":"","ast-disable-related-posts":"","theme-transparent-header-meta":"","adv-header-id-meta":"","stick-header-meta":"","header-above-stick-meta":"","header-main-stick-meta":"","header-below-stick-meta":"","astra-migrate-meta-layouts":"default","ast-page-background-enabled":"default","ast-page-background-meta":{"desktop":{"background-color":"var(--ast-global-color-4)","background-image":"","background-repeat":"repeat","background-position":"center center","background-size":"auto","background-attachment":"scroll","background-type":"","background-media":"","overlay-type":"","overlay-color":"","overlay-opacity":"","overlay-gradient":""},"tablet":{"background-color":"","background-image":"","background-repeat":"repeat","background-position":"center center","background-size":"auto","background-attachment":"scroll","background-type":"","background-media":"","overlay-type":"","overlay-color":"","overlay-opacity":"","overlay-gradient":""},"mobile":{"background-color":"","background-image":"","background-repeat":"repeat","background-position":"center center","background-size":"auto","background-attachment":"scroll","background-type":"","background-media":"","overlay-type":"","overlay-color":"","overlay-opacity":"","overlay-gradient":""}},"ast-content-background-meta":{"desktop":{"background-color":"var(--ast-global-color-5)","background-image":"","background-repeat":"repeat","background-position":"center center","background-size":"auto","background-attachment":"scroll","background-type":"","background-media":"","overlay-type":"","overlay-color":"","overlay-opacity":"","overlay-gradient":""},"tablet":{"background-color":"var(--ast-global-color-5)","background-image":"","background-repeat":"repeat","background-position":"center center","background-size":"auto","background-attachment":"scroll","background-type":"","background-media":"","overlay-type":"","overlay-color":"","overlay-opacity":"","overlay-gradient":""},"mobile":{"background-color":"var(--ast-global-color-5)","background-image":"","background-repeat":"repeat","background-position":"center center","background-size":"auto","background-attachment":"scroll","background-type":"","background-media":"","overlay-type":"","overlay-color":"","overlay-opacity":"","overlay-gradient":""}}},"product_brand":[],"product_cat":[47,430,1200],"product_tag":[196,405,1043,251,189,1339,324,1283,262],"class_list":{"0":"post-8024","1":"product","2":"type-product","3":"status-publish","4":"has-post-thumbnail","6":"product_cat-classic","7":"product_cat-men","8":"product_cat-mens-shoes-2","9":"product_tag-black-leather-shoes","10":"product_tag-business-shoes","11":"product_tag-classic-derby-shoes","12":"product_tag-formal-shoes","13":"product_tag-goat-leather-lining","14":"product_tag-mens-black-calf-leather-shoes","15":"product_tag-mens-dress-shoes","16":"product_tag-microlight-sole-shoes","17":"product_tag-wholesale-mens-shoes","18":"desktop-align-center","19":"tablet-align-center","20":"mobile-align-center","22":"first","23":"instock","24":"shipping-taxable","25":"purchasable","26":"product-type-variable","27":"has-default-attributes"},"acf":[],"uagb_featured_image_src":{"full":["https:\/\/turkishtrade.co\/wp-content\/uploads\/2026\/01\/2600FKHMN00066-BLACK.png",453,250,false],"thumbnail":["https:\/\/turkishtrade.co\/wp-content\/uploads\/2026\/01\/2600FKHMN00066-BLACK-150x150.png",150,150,true],"medium":["https:\/\/turkishtrade.co\/wp-content\/uploads\/2026\/01\/2600FKHMN00066-BLACK-300x166.png",300,166,true],"medium_large":["https:\/\/turkishtrade.co\/wp-content\/uploads\/2026\/01\/2600FKHMN00066-BLACK.png",453,250,false],"large":["https:\/\/turkishtrade.co\/wp-content\/uploads\/2026\/01\/2600FKHMN00066-BLACK.png",453,250,false],"1536x1536":["https:\/\/turkishtrade.co\/wp-content\/uploads\/2026\/01\/2600FKHMN00066-BLACK.png",453,250,false],"2048x2048":["https:\/\/turkishtrade.co\/wp-content\/uploads\/2026\/01\/2600FKHMN00066-BLACK.png",453,250,false],"trp-custom-language-flag":["https:\/\/turkishtrade.co\/wp-content\/uploads\/2026\/01\/2600FKHMN00066-BLACK-18x10.png",18,10,true],"woocommerce_thumbnail":["https:\/\/turkishtrade.co\/wp-content\/uploads\/2026\/01\/2600FKHMN00066-BLACK-400x250.png",400,250,true],"woocommerce_single":["https:\/\/turkishtrade.co\/wp-content\/uploads\/2026\/01\/2600FKHMN00066-BLACK.png",453,250,false],"woocommerce_gallery_thumbnail":["https:\/\/turkishtrade.co\/wp-content\/uploads\/2026\/01\/2600FKHMN00066-BLACK-100x100.png",100,100,true]},"uagb_author_info":{"display_name":"python python","author_link":"https:\/\/turkishtrade.co\/tr\/author\/"},"uagb_comment_info":0,"uagb_excerpt":"Crafted from premium **calf leather** for durability and sophisticated appeal. Luxurious **goat leather lining** ensures exceptional comfort and breathability. Innovative **microlight sole** provides lightweight support for all-day wear. Available in a comprehensive size range: EU 39-45. Classic Derby style, perfect for formal and business casual attire. Available for wholesale purchase with a minimum order of&hellip;","_links":{"self":[{"href":"https:\/\/turkishtrade.co\/tr\/wp-json\/wp\/v2\/product\/8024","targetHints":{"allow":["GET"]}}],"collection":[{"href":"https:\/\/turkishtrade.co\/tr\/wp-json\/wp\/v2\/product"}],"about":[{"href":"https:\/\/turkishtrade.co\/tr\/wp-json\/wp\/v2\/types\/product"}],"wp:featuredmedia":[{"embeddable":true,"href":"https:\/\/turkishtrade.co\/tr\/wp-json\/wp\/v2\/media\/7050"}],"wp:attachment":[{"href":"https:\/\/turkishtrade.co\/tr\/wp-json\/wp\/v2\/media?parent=8024"}],"wp:term":[{"taxonomy":"product_brand","embeddable":true,"href":"https:\/\/turkishtrade.co\/tr\/wp-json\/wp\/v2\/product_brand?post=8024"},{"taxonomy":"product_cat","embeddable":true,"href":"https:\/\/turkishtrade.co\/tr\/wp-json\/wp\/v2\/product_cat?post=8024"},{"taxonomy":"product_tag","embeddable":true,"href":"https:\/\/turkishtrade.co\/tr\/wp-json\/wp\/v2\/product_tag?post=8024"}],"curies":[{"name":"wp","href":"https:\/\/api.w.org\/{rel}","templated":true}]}}