{"id":8022,"date":"2026-01-29T14:47:00","date_gmt":"2026-01-29T14:47:00","guid":{"rendered":"https:\/\/turkishtrade.co\/?post_type=product&#038;p=8022"},"modified":"2026-04-09T20:38:12","modified_gmt":"2026-04-09T20:38:12","slug":"classic-black-calf-leather-derby-shoes","status":"publish","type":"product","link":"https:\/\/turkishtrade.co\/tr\/shop\/classic-black-calf-leather-derby-shoes\/","title":{"rendered":"Klasik Siyah Dana Derisi Derby Ayakkab\u0131 Microlight Tabanl\u0131 Hakiki |"},"content":{"rendered":"<p>Kar\u015f\u0131n\u0131zda se\u00e7kin ekibimiz <strong>Klasik Siyah Dana Derisi Derby Ayakkab\u0131<\/strong>, hem stile hem de \u00f6ze de\u011fer veren modern beyefendiler i\u00e7in titizlikle \u00fcretilmi\u015ftir. Bu birinci s\u0131n\u0131f Derby ayakkab\u0131lar, geleneksel \u015f\u0131kl\u0131\u011f\u0131 \u00e7a\u011fda\u015f konforla kusursuz bir \u015fekilde harmanlayarak her se\u00e7kin gard\u0131robun vazge\u00e7ilmez bir par\u00e7as\u0131d\u0131r. \u00c7ok y\u00f6nl\u00fcl\u00fck i\u00e7in tasarlanan bu ayakkab\u0131lar, resmi i\u015f toplant\u0131lar\u0131, sofistike ak\u015fam etkinlikleri veya \u015f\u0131k g\u00fcndelik k\u0131yafetler i\u00e7in m\u00fckemmeldir.<\/p>\n<p>Bunlar\u0131n her bir \u00e7ifti <strong>Klasik Siyah Dana Derisi Derby Ayakkab\u0131<\/strong> \u00fcst\u00fcn ayakkab\u0131 i\u015f\u00e7ili\u011finin bir kan\u0131t\u0131d\u0131r. \u00dcst k\u0131s\u0131m, dayan\u0131kl\u0131l\u0131\u011f\u0131, yumu\u015fakl\u0131\u011f\u0131 ve l\u00fcks hissi ile tan\u0131nan y\u00fcksek kaliteli dana derisinden (dana derisi) \u00fcretilmi\u015ftir. S\u0131rt k\u0131sm\u0131ndaki ince ama \u00e7arp\u0131c\u0131 timsah efektli doku benzersiz bir dokunu\u015f katarak bu ayakkab\u0131lar\u0131 s\u0131radanl\u0131ktan ay\u0131r\u0131r. \u0130\u00e7 k\u0131s\u0131mda, nemi uzakla\u015ft\u0131ran ve eldiven benzeri bir uyum sa\u011flayan yumu\u015fak ve nefes alabilen ke\u00e7i derisi astar (keci astar) sayesinde ayaklar\u0131n\u0131z benzersiz bir konfor ya\u015fayacak.<\/p>\n<h3>Rakipsiz Konfor ve Dayan\u0131kl\u0131l\u0131k<\/h3>\n<p>Estetik \u00e7ekiciliklerinin \u00f6tesinde, bu \u00fcr\u00fcnlerin tasar\u0131m\u0131nda konfor \u00e7ok \u00f6nemlidir <strong>Klasik Siyah Dana Derisi Derby Ayakkab\u0131<\/strong>. Yenilik\u00e7i microlight taban (microlight taban) ola\u011fan\u00fcst\u00fc esneklik ve \u015fok emilimi sunarak uzun s\u00fcreli kullan\u0131m i\u00e7in inan\u0131lmaz derecede hafif ve rahat olmas\u0131n\u0131 sa\u011flar. A\u011f\u0131r, sert elbise ayakkab\u0131lar\u0131na elveda deyin; microlight taban\u0131m\u0131z g\u00fcn\u00fcn\u00fcz\u00fc kolayl\u0131kla ve g\u00fcvenle ge\u00e7irmenizi sa\u011flar. Sa\u011flam yap\u0131s\u0131 ve y\u00fcksek kaliteli malzemeleri uzun s\u00fcreli dayan\u0131kl\u0131l\u0131k vaat ederek bu ayakkab\u0131lar\u0131n y\u0131llarca koleksiyonunuzda temel bir par\u00e7a olarak kalmas\u0131n\u0131 sa\u011flar. Taban\u0131n etraf\u0131ndaki zarif diki\u015fler, detaylara g\u00f6sterilen titizli\u011fi vurgulayarak zarif bir g\u00f6r\u00fcn\u00fcm katar.<\/p>\n<h3>Toptan Ayakkab\u0131 Perakendecileri i\u00e7in \u0130deal<\/h3>\n<p>M\u00fc\u015fterilerine birinci s\u0131n\u0131f ayakkab\u0131lar sunmak isteyen perakendeciler i\u00e7in <strong>Klasik Siyah Dana Derisi Derby Ayakkab\u0131<\/strong> ola\u011fan\u00fcst\u00fc bir f\u0131rsat\u0131 temsil etmektedir. Bu zarif ayakkab\u0131lar\u0131 toptan sat\u0131\u015f i\u00e7in minimum 16 \u00e7ift sipari\u015f miktar\u0131yla sunuyoruz ve \u00e7e\u015fitli bedenleri (39-45) stoklaman\u0131za olanak tan\u0131yoruz. Klasik tasar\u0131m, birinci s\u0131n\u0131f malzemeler ve modern konfor teknolojisinin bir kar\u0131\u015f\u0131m\u0131n\u0131 sunan bu ayakkab\u0131lar\u0131n m\u00fc\u015fterileriniz aras\u0131nda pop\u00fcler bir se\u00e7im olaca\u011f\u0131 kesin. Ayakkab\u0131 koleksiyonunuzu kalite ve sofistike bir \u00fcr\u00fcnle y\u00fckseltin.<\/p>\n<p>Kal\u0131c\u0131 stilimize ve benzersiz konforumuza yat\u0131r\u0131m yap\u0131n <strong>Klasik Siyah Dana Derisi Derby Ayakkab\u0131<\/strong>. Bu ayakkab\u0131lar sadece ayakkab\u0131 de\u011fildir; onlar bir s\u0131n\u0131f ifadesi ve sezondan sezona size iyi hizmet edecek bir kalite taahh\u00fcd\u00fcd\u00fcr. Bu aranan klasik siyah dana derisi Derby ayakkab\u0131lardan toplu sipari\u015finizi bug\u00fcn verin ve m\u00fc\u015fterilerinize ger\u00e7ekten \u00f6ne \u00e7\u0131kan ayakkab\u0131lar sunun.<\/p>","protected":false},"excerpt":{"rendered":"<ul>\n<li>Zarif dokuya sahip zarif dana derisi saya<\/li>\n<li>\u00dcst\u00fcn konfor i\u00e7in yumu\u015fak ve nefes alabilen ke\u00e7i derisi astar<\/li>\n<li>T\u00fcm g\u00fcn kullan\u0131m i\u00e7in hafif ve esnek microlight taban<\/li>\n<li>Zamans\u0131z klasik Derby ayakkab\u0131 tasar\u0131m\u0131<\/li>\n<li>39, 40, 41, 42, 43, 44, 45 Avrupa bedenlerinde mevcuttur<\/li>\n<li>En az 16 \u00e7ift olmak \u00fczere toptan sipari\u015fler kabul edilir<\/li>\n<\/ul>","protected":false},"featured_media":7047,"template":"","meta":{"_acf_changed":false,"_uag_custom_page_level_css":"","site-sidebar-layout":"default","site-content-layout":"","ast-site-content-layout":"default","site-content-style":"default","site-sidebar-style":"default","ast-global-header-display":"","ast-banner-title-visibility":"","ast-main-header-display":"","ast-hfb-above-header-display":"","ast-hfb-below-header-display":"","ast-hfb-mobile-header-display":"","site-post-title":"","ast-breadcrumbs-content":"","ast-featured-img":"","footer-sml-layout":"","ast-disable-related-posts":"","theme-transparent-header-meta":"","adv-header-id-meta":"","stick-header-meta":"","header-above-stick-meta":"","header-main-stick-meta":"","header-below-stick-meta":"","astra-migrate-meta-layouts":"default","ast-page-background-enabled":"default","ast-page-background-meta":{"desktop":{"background-color":"var(--ast-global-color-4)","background-image":"","background-repeat":"repeat","background-position":"center center","background-size":"auto","background-attachment":"scroll","background-type":"","background-media":"","overlay-type":"","overlay-color":"","overlay-opacity":"","overlay-gradient":""},"tablet":{"background-color":"","background-image":"","background-repeat":"repeat","background-position":"center center","background-size":"auto","background-attachment":"scroll","background-type":"","background-media":"","overlay-type":"","overlay-color":"","overlay-opacity":"","overlay-gradient":""},"mobile":{"background-color":"","background-image":"","background-repeat":"repeat","background-position":"center center","background-size":"auto","background-attachment":"scroll","background-type":"","background-media":"","overlay-type":"","overlay-color":"","overlay-opacity":"","overlay-gradient":""}},"ast-content-background-meta":{"desktop":{"background-color":"var(--ast-global-color-5)","background-image":"","background-repeat":"repeat","background-position":"center center","background-size":"auto","background-attachment":"scroll","background-type":"","background-media":"","overlay-type":"","overlay-color":"","overlay-opacity":"","overlay-gradient":""},"tablet":{"background-color":"var(--ast-global-color-5)","background-image":"","background-repeat":"repeat","background-position":"center center","background-size":"auto","background-attachment":"scroll","background-type":"","background-media":"","overlay-type":"","overlay-color":"","overlay-opacity":"","overlay-gradient":""},"mobile":{"background-color":"var(--ast-global-color-5)","background-image":"","background-repeat":"repeat","background-position":"center center","background-size":"auto","background-attachment":"scroll","background-type":"","background-media":"","overlay-type":"","overlay-color":"","overlay-opacity":"","overlay-gradient":""}}},"product_brand":[],"product_cat":[47,430,1200],"product_tag":[407,405,185,990,1263,251,189,324,466,281],"class_list":{"0":"post-8022","1":"product","2":"type-product","3":"status-publish","4":"has-post-thumbnail","6":"product_cat-classic","7":"product_cat-men","8":"product_cat-mens-shoes-2","9":"product_tag-black-derby-shoes","10":"product_tag-business-shoes","11":"product_tag-calf-leather-shoes","12":"product_tag-classic-leather-shoes","13":"product_tag-crocodile-effect-shoes","14":"product_tag-formal-shoes","15":"product_tag-goat-leather-lining","16":"product_tag-mens-dress-shoes","17":"product_tag-microlight-sole","18":"product_tag-wholesale-shoes","19":"desktop-align-center","20":"tablet-align-center","21":"mobile-align-center","23":"first","24":"instock","25":"shipping-taxable","26":"purchasable","27":"product-type-variable","28":"has-default-attributes"},"acf":[],"uagb_featured_image_src":{"full":["https:\/\/turkishtrade.co\/wp-content\/uploads\/2026\/01\/2600FKHMN00064-BLACK.png",453,250,false],"thumbnail":["https:\/\/turkishtrade.co\/wp-content\/uploads\/2026\/01\/2600FKHMN00064-BLACK-150x150.png",150,150,true],"medium":["https:\/\/turkishtrade.co\/wp-content\/uploads\/2026\/01\/2600FKHMN00064-BLACK-300x166.png",300,166,true],"medium_large":["https:\/\/turkishtrade.co\/wp-content\/uploads\/2026\/01\/2600FKHMN00064-BLACK.png",453,250,false],"large":["https:\/\/turkishtrade.co\/wp-content\/uploads\/2026\/01\/2600FKHMN00064-BLACK.png",453,250,false],"1536x1536":["https:\/\/turkishtrade.co\/wp-content\/uploads\/2026\/01\/2600FKHMN00064-BLACK.png",453,250,false],"2048x2048":["https:\/\/turkishtrade.co\/wp-content\/uploads\/2026\/01\/2600FKHMN00064-BLACK.png",453,250,false],"trp-custom-language-flag":["https:\/\/turkishtrade.co\/wp-content\/uploads\/2026\/01\/2600FKHMN00064-BLACK-18x10.png",18,10,true],"woocommerce_thumbnail":["https:\/\/turkishtrade.co\/wp-content\/uploads\/2026\/01\/2600FKHMN00064-BLACK-400x250.png",400,250,true],"woocommerce_single":["https:\/\/turkishtrade.co\/wp-content\/uploads\/2026\/01\/2600FKHMN00064-BLACK.png",453,250,false],"woocommerce_gallery_thumbnail":["https:\/\/turkishtrade.co\/wp-content\/uploads\/2026\/01\/2600FKHMN00064-BLACK-100x100.png",100,100,true]},"uagb_author_info":{"display_name":"python python","author_link":"https:\/\/turkishtrade.co\/tr\/author\/"},"uagb_comment_info":0,"uagb_excerpt":"Exquisite calf leather upper with elegant texture Soft and breathable goat leather lining for supreme comfort Lightweight and flexible microlight sole for all-day wear Timeless classic Derby shoe design Available in European sizes 39, 40, 41, 42, 43, 44, 45 Wholesale orders welcome with a minimum of 16 pairs","_links":{"self":[{"href":"https:\/\/turkishtrade.co\/tr\/wp-json\/wp\/v2\/product\/8022","targetHints":{"allow":["GET"]}}],"collection":[{"href":"https:\/\/turkishtrade.co\/tr\/wp-json\/wp\/v2\/product"}],"about":[{"href":"https:\/\/turkishtrade.co\/tr\/wp-json\/wp\/v2\/types\/product"}],"wp:featuredmedia":[{"embeddable":true,"href":"https:\/\/turkishtrade.co\/tr\/wp-json\/wp\/v2\/media\/7047"}],"wp:attachment":[{"href":"https:\/\/turkishtrade.co\/tr\/wp-json\/wp\/v2\/media?parent=8022"}],"wp:term":[{"taxonomy":"product_brand","embeddable":true,"href":"https:\/\/turkishtrade.co\/tr\/wp-json\/wp\/v2\/product_brand?post=8022"},{"taxonomy":"product_cat","embeddable":true,"href":"https:\/\/turkishtrade.co\/tr\/wp-json\/wp\/v2\/product_cat?post=8022"},{"taxonomy":"product_tag","embeddable":true,"href":"https:\/\/turkishtrade.co\/tr\/wp-json\/wp\/v2\/product_tag?post=8022"}],"curies":[{"name":"wp","href":"https:\/\/api.w.org\/{rel}","templated":true}]}}