{"id":8021,"date":"2026-01-29T14:47:00","date_gmt":"2026-01-29T14:47:00","guid":{"rendered":"https:\/\/turkishtrade.co\/?post_type=product&#038;p=8021"},"modified":"2026-04-09T20:38:17","modified_gmt":"2026-04-09T20:38:17","slug":"mens-black-leather-brogues-2","status":"publish","type":"product","link":"https:\/\/turkishtrade.co\/tr\/shop\/mens-black-leather-brogues-2\/","title":{"rendered":"Erkek Siyah Deri Brogue \u0130nan\u0131lmaz | Klasik Erkek Siyah Deri Brogue"},"content":{"rendered":"<p><strong>Erkek Siyah Deri Brogues<\/strong>. \u0130nan\u0131lmaz kalite ve tasar\u0131m.<\/p>\n<p>Zarif Klasik Erkek Siyah Deri Brogue Ayakkab\u0131lar\u0131m\u0131zla zamans\u0131z bir sofistikeli\u011fe ad\u0131m at\u0131n. Bu birinci s\u0131n\u0131f <strong>erkek si\u0307yah deri\u0307 brogues<\/strong> benzersiz stil, konfor ve dayan\u0131kl\u0131l\u0131k sunmak i\u00e7in titizlikle \u00fcretilmi\u015ftir. Se\u00e7kin beyefendiler i\u00e7in tasarlanan bu \u00fcr\u00fcnler, geleneksel i\u015f\u00e7ili\u011fi modern giyilebilirlikle kusursuz bir \u015fekilde harmanlayarak her gard\u0131robun vazge\u00e7ilmez bir par\u00e7as\u0131 haline geliyor.<\/p>\n<h3>Rakipsiz \u0130\u015f\u00e7ilik ve Birinci S\u0131n\u0131f Malzemeler<\/h3>\n<p>Bu zarif \u00e7iftlerin her biri <strong>erkek si\u0307yah deri\u0307 brogues<\/strong> \u00fcst\u00fcn sanat\u00e7\u0131l\u0131\u011f\u0131n bir kan\u0131t\u0131d\u0131r. \u00dcst k\u0131s\u0131m, esnek dokusu, do\u011fal parlakl\u0131\u011f\u0131 ve ola\u011fan\u00fcst\u00fc esnekli\u011fi ile bilinen y\u00fcksek kaliteli dana derisinden \u00fcretilmi\u015ftir. Bu birinci s\u0131n\u0131f deri yaln\u0131zca zarif bir g\u00f6r\u00fcn\u00fcm sa\u011flamakla kalmaz, ayn\u0131 zamanda zamanla benzersiz bir patina geli\u015ftirerek g\u00fczel bir \u015fekilde ya\u015flanmay\u0131 da vaat eder. \u0130\u00e7 k\u0131s\u0131mda, ayaklar\u0131n\u0131z tam ke\u00e7i derisi astar\u0131n l\u00fcks kucaklamas\u0131n\u0131 deneyimleyecek. Bu do\u011fal malzeme yumu\u015fakl\u0131\u011f\u0131, nefes alabilirli\u011fi ve nemi emme \u00f6zellikleriyle \u00fcnl\u00fcd\u00fcr ve ayaklar\u0131n\u0131z\u0131n g\u00fcn boyunca rahat ve kuru kalmas\u0131n\u0131 sa\u011flar. \u0130nce delikli kanat ucu detaylar\u0131ndan sa\u011flam ba\u011fc\u0131klara kadar, bu ayakkab\u0131n\u0131n her unsuru <strong>erkek si\u0307yah deri\u0307 brogues<\/strong> kaliteleri hakk\u0131nda \u00e7ok \u015fey s\u00f6yl\u00fcyor.<\/p>\n<h3>Konfor ve Kal\u0131c\u0131 A\u015f\u0131nma i\u00e7in Tasarland\u0131<\/h3>\n<p>Konfor her \u015feyden \u00f6nemlidir ve bu klasik <strong>erkek si\u0307yah deri\u0307 brogues<\/strong> teslim edin. Gereksiz hacim eklemeden ola\u011fan\u00fcst\u00fc yast\u0131klama ve esneklik sa\u011flayan yenilik\u00e7i bir microlight tabana sahiptir. Bu hafif taban do\u011fal ayak hareketine izin verir ve yorgunlu\u011fu azalt\u0131r, bu ayakkab\u0131lar\u0131 ofiste uzun saatler, resmi etkinlikler veya uzun sosyal toplant\u0131lar i\u00e7in m\u00fckemmel hale getirir. Sa\u011flam yap\u0131s\u0131, bu broglar\u0131n uzun \u00f6m\u00fcrl\u00fc olmas\u0131n\u0131, s\u0131k giyildi\u011finde bile bozulmam\u0131\u015f durumunu ve deste\u011fini korumas\u0131n\u0131 sa\u011flar. Detaylara g\u00f6sterilen \u00f6zen, ayakkab\u0131n\u0131n yap\u0131s\u0131n\u0131 ve estetik \u00e7ekicili\u011fini g\u00fc\u00e7lendiren hem dekoratif hem de sa\u011flam diki\u015flere kadar uzan\u0131r.<\/p>\n<h3>Her Durum i\u00e7in \u00c7ok Y\u00f6nl\u00fcl\u00fck<\/h3>\n<p>Bunlar\u0131n \u00e7ok y\u00f6nl\u00fc tasar\u0131m\u0131 <strong>erkek si\u0307yah deri\u0307 brogues<\/strong> onlar\u0131 \u00e7ok \u00e7e\u015fitli durumlar i\u00e7in uygun hale getirir. Parlak bir profesyonel g\u00f6r\u00fcn\u00fcm i\u00e7in keskin bir i\u015f tak\u0131m\u0131yla e\u015fle\u015ftirin veya \u015f\u0131k bir g\u00fcndelik topluluk i\u00e7in chino pantolon ve blazer ile kombinleyin. Klasik siyah tonu, hemen hemen her k\u0131yafeti tamamlamas\u0131n\u0131 sa\u011flayarak ayakkab\u0131 koleksiyonunuz i\u00e7in inan\u0131lmaz derecede uyarlanabilir bir se\u00e7im olmas\u0131n\u0131 sa\u011flar. \u0130ster bir d\u00fc\u011f\u00fcne, ister kurumsal bir toplant\u0131ya veya sofistike bir ak\u015fam yeme\u011fine kat\u0131l\u0131n, bu broglar varl\u0131\u011f\u0131n\u0131z\u0131 y\u00fckseltecek ve abart\u0131s\u0131z bir zarafet havas\u0131 yans\u0131tacakt\u0131r. 39'dan 45'e kadar kapsaml\u0131 bir AB beden yelpazesinde mevcut oldu\u011fundan, m\u00fckemmel uyumunuzu bulmak zahmetsizdir.<\/p>\n<h3>Toptan Sat\u0131\u015f F\u0131rsatlar\u0131 Mevcut<\/h3>\n<p>\u00dcst\u00fcn kaliteli ayakkab\u0131lar sunmak isteyen perakendeciler ve i\u015fletmeler i\u00e7in bu ola\u011fan\u00fcst\u00fc <strong>erkek si\u0307yah deri\u0307 brogues<\/strong> toptan sat\u0131n al\u0131nabilir. Minimum 16 \u00e7iftlik bir sipari\u015f talep ediyoruz, bu da \u00e7e\u015fitli boyutlarda stok yapman\u0131za ve m\u00fc\u015fterilerinizin taleplerini kar\u015f\u0131laman\u0131za olanak tan\u0131r. Kalite ve i\u015f\u00e7ili\u011fe olan ba\u011fl\u0131l\u0131\u011f\u0131m\u0131z, pazarda \u00f6ne \u00e7\u0131kan bir \u00fcr\u00fcn sunman\u0131z\u0131 sa\u011flar. M\u00fc\u015fteri memnuniyeti ve i\u015f tekrar\u0131 vaat eden bu zamans\u0131z, y\u00fcksek kaliteli erkek ayakkab\u0131lar\u0131 ile envanterinizi y\u00fckseltin.<\/p>","protected":false},"excerpt":{"rendered":"<ul>\n<li>\u00dcst\u00fcn dayan\u0131kl\u0131l\u0131k ve \u015f\u0131kl\u0131k i\u00e7in Premium Dana Derisi Saya<\/li>\n<li>Ola\u011fan\u00fcst\u00fc konfor ve nefes alabilirlik i\u00e7in L\u00fcks Ke\u00e7i Derisi Astar<\/li>\n<li>G\u00fcn boyu kullan\u0131m ve esneklik i\u00e7in hafif Microlight Taban<\/li>\n<li>\u00c7e\u015fitli durumlar i\u00e7in uygun Zamans\u0131z Klasik Brogue (Wingtips) Tasar\u0131m\u0131<\/li>\n<li>AB Bedenlerinde mevcuttur: 39, 40, 41, 42, 43, 44, 45<\/li>\n<li>Toptan sipari\u015fler minimum 16 \u00e7ift miktar\u0131yla kabul edilir<\/li>\n<\/ul>","protected":false},"featured_media":7046,"template":"","meta":{"_acf_changed":false,"_uag_custom_page_level_css":"","site-sidebar-layout":"default","site-content-layout":"","ast-site-content-layout":"default","site-content-style":"default","site-sidebar-style":"default","ast-global-header-display":"","ast-banner-title-visibility":"","ast-main-header-display":"","ast-hfb-above-header-display":"","ast-hfb-below-header-display":"","ast-hfb-mobile-header-display":"","site-post-title":"","ast-breadcrumbs-content":"","ast-featured-img":"","footer-sml-layout":"","ast-disable-related-posts":"","theme-transparent-header-meta":"","adv-header-id-meta":"","stick-header-meta":"","header-above-stick-meta":"","header-main-stick-meta":"","header-below-stick-meta":"","astra-migrate-meta-layouts":"default","ast-page-background-enabled":"default","ast-page-background-meta":{"desktop":{"background-color":"var(--ast-global-color-4)","background-image":"","background-repeat":"repeat","background-position":"center center","background-size":"auto","background-attachment":"scroll","background-type":"","background-media":"","overlay-type":"","overlay-color":"","overlay-opacity":"","overlay-gradient":""},"tablet":{"background-color":"","background-image":"","background-repeat":"repeat","background-position":"center center","background-size":"auto","background-attachment":"scroll","background-type":"","background-media":"","overlay-type":"","overlay-color":"","overlay-opacity":"","overlay-gradient":""},"mobile":{"background-color":"","background-image":"","background-repeat":"repeat","background-position":"center center","background-size":"auto","background-attachment":"scroll","background-type":"","background-media":"","overlay-type":"","overlay-color":"","overlay-opacity":"","overlay-gradient":""}},"ast-content-background-meta":{"desktop":{"background-color":"var(--ast-global-color-5)","background-image":"","background-repeat":"repeat","background-position":"center center","background-size":"auto","background-attachment":"scroll","background-type":"","background-media":"","overlay-type":"","overlay-color":"","overlay-opacity":"","overlay-gradient":""},"tablet":{"background-color":"var(--ast-global-color-5)","background-image":"","background-repeat":"repeat","background-position":"center center","background-size":"auto","background-attachment":"scroll","background-type":"","background-media":"","overlay-type":"","overlay-color":"","overlay-opacity":"","overlay-gradient":""},"mobile":{"background-color":"var(--ast-global-color-5)","background-image":"","background-repeat":"repeat","background-position":"center center","background-size":"auto","background-attachment":"scroll","background-type":"","background-media":"","overlay-type":"","overlay-color":"","overlay-opacity":"","overlay-gradient":""}}},"product_brand":[],"product_cat":[47,430,1200],"product_tag":[196,405,451,896,284,251,556,1338,466,702],"class_list":{"0":"post-8021","1":"product","2":"type-product","3":"status-publish","4":"has-post-thumbnail","6":"product_cat-classic","7":"product_cat-men","8":"product_cat-mens-shoes-2","9":"product_tag-black-leather-shoes","10":"product_tag-business-shoes","11":"product_tag-calfskin-leather","12":"product_tag-classic-brogues","13":"product_tag-dress-shoes","14":"product_tag-formal-shoes","15":"product_tag-goatskin-lining","16":"product_tag-mens-black-leather-brogues","17":"product_tag-microlight-sole","18":"product_tag-wingtip-shoes","19":"desktop-align-center","20":"tablet-align-center","21":"mobile-align-center","23":"first","24":"instock","25":"shipping-taxable","26":"purchasable","27":"product-type-variable","28":"has-default-attributes"},"acf":[],"uagb_featured_image_src":{"full":["https:\/\/turkishtrade.co\/wp-content\/uploads\/2026\/01\/2600FKHMN00063-BLACK.png",453,250,false],"thumbnail":["https:\/\/turkishtrade.co\/wp-content\/uploads\/2026\/01\/2600FKHMN00063-BLACK-150x150.png",150,150,true],"medium":["https:\/\/turkishtrade.co\/wp-content\/uploads\/2026\/01\/2600FKHMN00063-BLACK-300x166.png",300,166,true],"medium_large":["https:\/\/turkishtrade.co\/wp-content\/uploads\/2026\/01\/2600FKHMN00063-BLACK.png",453,250,false],"large":["https:\/\/turkishtrade.co\/wp-content\/uploads\/2026\/01\/2600FKHMN00063-BLACK.png",453,250,false],"1536x1536":["https:\/\/turkishtrade.co\/wp-content\/uploads\/2026\/01\/2600FKHMN00063-BLACK.png",453,250,false],"2048x2048":["https:\/\/turkishtrade.co\/wp-content\/uploads\/2026\/01\/2600FKHMN00063-BLACK.png",453,250,false],"trp-custom-language-flag":["https:\/\/turkishtrade.co\/wp-content\/uploads\/2026\/01\/2600FKHMN00063-BLACK-18x10.png",18,10,true],"woocommerce_thumbnail":["https:\/\/turkishtrade.co\/wp-content\/uploads\/2026\/01\/2600FKHMN00063-BLACK-400x250.png",400,250,true],"woocommerce_single":["https:\/\/turkishtrade.co\/wp-content\/uploads\/2026\/01\/2600FKHMN00063-BLACK.png",453,250,false],"woocommerce_gallery_thumbnail":["https:\/\/turkishtrade.co\/wp-content\/uploads\/2026\/01\/2600FKHMN00063-BLACK-100x100.png",100,100,true]},"uagb_author_info":{"display_name":"python python","author_link":"https:\/\/turkishtrade.co\/tr\/author\/"},"uagb_comment_info":0,"uagb_excerpt":"Premium Calfskin Leather Upper for superior durability and elegance Luxurious Goatskin Leather Lining for exceptional comfort and breathability Lightweight Microlight Sole for all-day wear and flexibility Timeless Classic Brogue (Wingtips) Design suitable for various occasions Available in EU Sizes: 39, 40, 41, 42, 43, 44, 45 Wholesale orders are welcome with a minimum quantity of&hellip;","_links":{"self":[{"href":"https:\/\/turkishtrade.co\/tr\/wp-json\/wp\/v2\/product\/8021","targetHints":{"allow":["GET"]}}],"collection":[{"href":"https:\/\/turkishtrade.co\/tr\/wp-json\/wp\/v2\/product"}],"about":[{"href":"https:\/\/turkishtrade.co\/tr\/wp-json\/wp\/v2\/types\/product"}],"wp:featuredmedia":[{"embeddable":true,"href":"https:\/\/turkishtrade.co\/tr\/wp-json\/wp\/v2\/media\/7046"}],"wp:attachment":[{"href":"https:\/\/turkishtrade.co\/tr\/wp-json\/wp\/v2\/media?parent=8021"}],"wp:term":[{"taxonomy":"product_brand","embeddable":true,"href":"https:\/\/turkishtrade.co\/tr\/wp-json\/wp\/v2\/product_brand?post=8021"},{"taxonomy":"product_cat","embeddable":true,"href":"https:\/\/turkishtrade.co\/tr\/wp-json\/wp\/v2\/product_cat?post=8021"},{"taxonomy":"product_tag","embeddable":true,"href":"https:\/\/turkishtrade.co\/tr\/wp-json\/wp\/v2\/product_tag?post=8021"}],"curies":[{"name":"wp","href":"https:\/\/api.w.org\/{rel}","templated":true}]}}