{"id":8018,"date":"2026-01-29T14:47:00","date_gmt":"2026-01-29T14:47:00","guid":{"rendered":"https:\/\/turkishtrade.co\/?post_type=product&#038;p=8018"},"modified":"2026-04-09T20:38:23","modified_gmt":"2026-04-09T20:38:23","slug":"mens-classic-leather-slip-on-shoes","status":"publish","type":"product","link":"https:\/\/turkishtrade.co\/tr\/shop\/mens-classic-leather-slip-on-shoes\/","title":{"rendered":"Erkek Klasik Deri Slip-On Ayakkab\u0131 En \u00c7ok Satan | Klasik Erkek Dana Derisi Slip-On"},"content":{"rendered":"<p><strong>Erkek Klasik Deri Slip-On Ayakkab\u0131<\/strong>. En \u00c7ok Satan kalite ve tasar\u0131m.<\/p>\n<p>Zarif \u015f\u0131kl\u0131\u011f\u0131m\u0131z ve e\u015fsiz konforumuz ile rafine bir d\u00fcnyaya ad\u0131m at\u0131n <strong>Erkek Klasik Deri Slip-On Ayakkab\u0131<\/strong>. Se\u00e7kin beyefendiler i\u00e7in titizlikle tasarlanan bu ayakkab\u0131lar, geleneksel i\u015f\u00e7ili\u011fi modern yeniliklerle harmanl\u0131yor. \u0130ster resmi bir etkinli\u011fe kat\u0131l\u0131n, ister ofise gidin ya da \u015f\u0131k ve rahat bir gezintinin tad\u0131n\u0131 \u00e7\u0131kar\u0131n, bu slip-on ayakkab\u0131lar \u00e7ok y\u00f6nl\u00fc sofistikeli\u011fin \u00f6z\u00fcd\u00fcr ve her tak\u0131ma se\u00e7kin bir dokunu\u015f sunar.<\/p>\n<h3>Benzersiz \u0130\u015f\u00e7ilik ve \u00dcst\u00fcn Kaliteli Malzemeler<\/h3>\n<p>Bu \u00e7arp\u0131c\u0131 \u00e7iftlerin her biri <strong>Erkek Klasik Deri Slip-On Ayakkab\u0131<\/strong> \u00fcst\u00fcn sanat\u00e7\u0131l\u0131\u011f\u0131n bir kan\u0131t\u0131d\u0131r. D\u0131\u015f y\u00fczeyi, ola\u011fan\u00fcst\u00fc dayan\u0131kl\u0131l\u0131\u011f\u0131, esnek dokusu ve l\u00fcks parlakl\u0131\u011f\u0131 ile bilinen birinci s\u0131n\u0131f dana derisinden \u00fcretilmi\u015ftir. Bu y\u00fcksek kaliteli deri sadece muhte\u015fem g\u00f6r\u00fcnmekle kalmaz, ayn\u0131 zamanda zaman i\u00e7inde aya\u011f\u0131n\u0131za g\u00fczelce \u015fekil vererek ki\u015fiselle\u015ftirilmi\u015f bir uyum sa\u011flar. Sa\u011flam d\u0131\u015f y\u00fczeyi tamamlayan i\u00e7 k\u0131s\u0131m yumu\u015fak ke\u00e7i derisiyle astarlanm\u0131\u015ft\u0131r. Bu do\u011fal astar, nefes alabilirli\u011fi ve inan\u0131lmaz yumu\u015fakl\u0131\u011f\u0131 ile \u00fcnl\u00fcd\u00fcr, her ad\u0131mda l\u00fcks bir deneyim sunar ve ayaklar\u0131n\u0131z\u0131 g\u00fcn boyunca rahat tutar.<\/p>\n<h3>Microlight Taban ile Geli\u015fmi\u015f Konfor<\/h3>\n<p>\u00c7arp\u0131c\u0131 esteti\u011finin \u00f6tesinde, bu <strong>Erkek Klasik Deri Slip-On Ayakkab\u0131<\/strong> konforunuza \u00f6ncelik verir. Hafif \u00f6zellikleri ve ola\u011fan\u00fcst\u00fc esnekli\u011fi nedeniyle se\u00e7ilen devrim niteli\u011finde bir malzeme olan geli\u015fmi\u015f bir microlight taban ile donat\u0131lm\u0131\u015ft\u0131r. Bu yenilik\u00e7i taban m\u00fckemmel \u015fok emilimi sunarak yorgunlu\u011fu azalt\u0131r ve bu ayakkab\u0131lar\u0131 uzun s\u00fcreli kullan\u0131m i\u00e7in ideal hale getirir. Microlight taban ayr\u0131ca g\u00fcvenilir \u00e7eki\u015f g\u00fcc\u00fc sa\u011flayarak \u00e7e\u015fitli y\u00fczeylerde denge sa\u011flar. 39'dan 45'e (AB) kadar kapsaml\u0131 bir beden yelpazesinde mevcut olan bu ayakkab\u0131lar, geni\u015f bir m\u00fc\u015fteri yelpazesi i\u00e7in m\u00fckemmel bir uyum sa\u011flar.<\/p>\n<h3>Zamans\u0131z Stil ve \u00c7ok Y\u00f6nl\u00fcl\u00fck<\/h3>\n<p>Bu ayakkab\u0131lar\u0131n klasik slip-on tasar\u0131m\u0131, abart\u0131s\u0131z bir l\u00fcks havas\u0131 yayar ve onlar\u0131 her gard\u0131robun vazge\u00e7ilmez bir \u00fcyesi haline getirir. Sade \u00e7izgileri ve zarif profili bu ayakkab\u0131lar\u0131 inan\u0131lmaz derecede \u00e7ok y\u00f6nl\u00fc k\u0131l\u0131yor. Keskin ve profesyonel bir g\u00f6r\u00fcn\u00fcm i\u00e7in \u00f6zel dikim tak\u0131m elbiselerle e\u015fle\u015ftirin ya da y\u00fcksek bir i\u015f rahatl\u0131\u011f\u0131 esteti\u011fi i\u00e7in chino pantolonlar ve \u015f\u0131k bir blazer ceketle giydirin. Zengin, koyu lacivert tonu (veya ayd\u0131nlatmaya ba\u011fl\u0131 olarak klasik siyah), \u00e7ok \u00e7e\u015fitli renk ve stilleri tamamlamas\u0131n\u0131 sa\u011flayarak hem modaya hem de i\u015fleve de\u011fer veren her erkek i\u00e7in temel bir \u00fcr\u00fcn olma stat\u00fcs\u00fcn\u00fc sa\u011flamla\u015ft\u0131r\u0131r.<\/p>\n<h3>Toptan Sat\u0131\u015f F\u0131rsatlar\u0131<\/h3>\n<p>Bu ola\u011fan\u00fcst\u00fc Klasik Erkek Dana Derisi Slip-On Ayakkab\u0131lar\u0131 toptan sat\u0131\u015fa sunmaktan gurur duyuyoruz. Minimum sipari\u015f miktar\u0131 sadece 16 \u00e7ift olan bu y\u00fcksek talep g\u00f6ren ayakkab\u0131lar, ayakkab\u0131 koleksiyonlar\u0131n\u0131 birinci s\u0131n\u0131f, el yap\u0131m\u0131 \u00fcr\u00fcnlerle geli\u015ftirmek isteyen perakendeciler i\u00e7in m\u00fckemmel bir f\u0131rsat sunuyor. Sadece titizlikle haz\u0131rlanm\u0131\u015f deri ayakkab\u0131lardan gelen l\u00fcks, konfor ve kal\u0131c\u0131 stilin kar\u0131\u015f\u0131m\u0131n\u0131 deneyimleyin. Toptan sat\u0131\u015f ihtiya\u00e7lar\u0131n\u0131z\u0131 g\u00f6r\u00fc\u015fmek ve bu muhte\u015fem erkek klasik deri slip-on ayakkab\u0131lar\u0131 se\u00e7kin m\u00fc\u015fterilerinize sunmak i\u00e7in bug\u00fcn bize ula\u015f\u0131n.<\/p>","protected":false},"excerpt":{"rendered":"<ul>\n<li>Ola\u011fan\u00fcst\u00fc dayan\u0131kl\u0131l\u0131k ve zamans\u0131z \u015f\u0131kl\u0131k i\u00e7in birinci s\u0131n\u0131f dana derisinden \u00fcretilmi\u015ftir.<\/li>\n<li>L\u00fcks ke\u00e7i derisi astar benzersiz konfor ve nefes alabilirlik sa\u011flar.<\/li>\n<li>T\u00fcm g\u00fcn giyilebilirlik i\u00e7in hafif, esnek mikro hafif tabana sahiptir.<\/li>\n<li>Sofistike slip-on tasar\u0131m zahmetsiz stil ve rahatl\u0131k sa\u011flar.<\/li>\n<li>39, 40, 41, 42, 43, 44 ve 45 AB bedenlerinde mevcuttur.<\/li>\n<li>Minimum sipari\u015f miktar\u0131: 16 \u00e7ift. Toptan sat\u0131\u015f ortaklar\u0131 ve perakendeciler i\u00e7in idealdir.<\/li>\n<\/ul>","protected":false},"featured_media":7043,"template":"","meta":{"_acf_changed":false,"_uag_custom_page_level_css":"","site-sidebar-layout":"default","site-content-layout":"","ast-site-content-layout":"default","site-content-style":"default","site-sidebar-style":"default","ast-global-header-display":"","ast-banner-title-visibility":"","ast-main-header-display":"","ast-hfb-above-header-display":"","ast-hfb-below-header-display":"","ast-hfb-mobile-header-display":"","site-post-title":"","ast-breadcrumbs-content":"","ast-featured-img":"","footer-sml-layout":"","ast-disable-related-posts":"","theme-transparent-header-meta":"","adv-header-id-meta":"","stick-header-meta":"","header-above-stick-meta":"","header-main-stick-meta":"","header-below-stick-meta":"","astra-migrate-meta-layouts":"default","ast-page-background-enabled":"default","ast-page-background-meta":{"desktop":{"background-color":"var(--ast-global-color-4)","background-image":"","background-repeat":"repeat","background-position":"center center","background-size":"auto","background-attachment":"scroll","background-type":"","background-media":"","overlay-type":"","overlay-color":"","overlay-opacity":"","overlay-gradient":""},"tablet":{"background-color":"","background-image":"","background-repeat":"repeat","background-position":"center center","background-size":"auto","background-attachment":"scroll","background-type":"","background-media":"","overlay-type":"","overlay-color":"","overlay-opacity":"","overlay-gradient":""},"mobile":{"background-color":"","background-image":"","background-repeat":"repeat","background-position":"center center","background-size":"auto","background-attachment":"scroll","background-type":"","background-media":"","overlay-type":"","overlay-color":"","overlay-opacity":"","overlay-gradient":""}},"ast-content-background-meta":{"desktop":{"background-color":"var(--ast-global-color-5)","background-image":"","background-repeat":"repeat","background-position":"center center","background-size":"auto","background-attachment":"scroll","background-type":"","background-media":"","overlay-type":"","overlay-color":"","overlay-opacity":"","overlay-gradient":""},"tablet":{"background-color":"var(--ast-global-color-5)","background-image":"","background-repeat":"repeat","background-position":"center center","background-size":"auto","background-attachment":"scroll","background-type":"","background-media":"","overlay-type":"","overlay-color":"","overlay-opacity":"","overlay-gradient":""},"mobile":{"background-color":"var(--ast-global-color-5)","background-image":"","background-repeat":"repeat","background-position":"center center","background-size":"auto","background-attachment":"scroll","background-type":"","background-media":"","overlay-type":"","overlay-color":"","overlay-opacity":"","overlay-gradient":""}}},"product_brand":[],"product_cat":[47,430,1200],"product_tag":[513,185,181,314,189,1336,466,1155,255,254],"class_list":{"0":"post-8018","1":"product","2":"type-product","3":"status-publish","4":"has-post-thumbnail","6":"product_cat-classic","7":"product_cat-men","8":"product_cat-mens-shoes-2","9":"product_tag-business-casual-shoes","10":"product_tag-calf-leather-shoes","11":"product_tag-comfortable-dress-shoes","12":"product_tag-formal-mens-shoes","13":"product_tag-goat-leather-lining","14":"product_tag-mens-classic-leather-slip-on-shoes","15":"product_tag-microlight-sole","16":"product_tag-slip-on-loafers","17":"product_tag-turkish-leather-shoes","18":"product_tag-wholesale-footwear","19":"desktop-align-center","20":"tablet-align-center","21":"mobile-align-center","23":"first","24":"instock","25":"shipping-taxable","26":"purchasable","27":"product-type-variable","28":"has-default-attributes"},"acf":[],"uagb_featured_image_src":{"full":["https:\/\/turkishtrade.co\/wp-content\/uploads\/2026\/01\/2600FKHMN00060-DARK-BLUE.png",453,250,false],"thumbnail":["https:\/\/turkishtrade.co\/wp-content\/uploads\/2026\/01\/2600FKHMN00060-DARK-BLUE-150x150.png",150,150,true],"medium":["https:\/\/turkishtrade.co\/wp-content\/uploads\/2026\/01\/2600FKHMN00060-DARK-BLUE-300x166.png",300,166,true],"medium_large":["https:\/\/turkishtrade.co\/wp-content\/uploads\/2026\/01\/2600FKHMN00060-DARK-BLUE.png",453,250,false],"large":["https:\/\/turkishtrade.co\/wp-content\/uploads\/2026\/01\/2600FKHMN00060-DARK-BLUE.png",453,250,false],"1536x1536":["https:\/\/turkishtrade.co\/wp-content\/uploads\/2026\/01\/2600FKHMN00060-DARK-BLUE.png",453,250,false],"2048x2048":["https:\/\/turkishtrade.co\/wp-content\/uploads\/2026\/01\/2600FKHMN00060-DARK-BLUE.png",453,250,false],"trp-custom-language-flag":["https:\/\/turkishtrade.co\/wp-content\/uploads\/2026\/01\/2600FKHMN00060-DARK-BLUE-18x10.png",18,10,true],"woocommerce_thumbnail":["https:\/\/turkishtrade.co\/wp-content\/uploads\/2026\/01\/2600FKHMN00060-DARK-BLUE-400x250.png",400,250,true],"woocommerce_single":["https:\/\/turkishtrade.co\/wp-content\/uploads\/2026\/01\/2600FKHMN00060-DARK-BLUE.png",453,250,false],"woocommerce_gallery_thumbnail":["https:\/\/turkishtrade.co\/wp-content\/uploads\/2026\/01\/2600FKHMN00060-DARK-BLUE-100x100.png",100,100,true]},"uagb_author_info":{"display_name":"python python","author_link":"https:\/\/turkishtrade.co\/tr\/author\/"},"uagb_comment_info":0,"uagb_excerpt":"Crafted from premium calf leather for exceptional durability and timeless elegance. Luxurious goat leather lining provides unparalleled comfort and breathability. Features a lightweight, flexible microlight sole for all-day wearability. Sophisticated slip-on design ensures effortless style and convenience. Available in EU sizes 39, 40, 41, 42, 43, 44, and 45. Minimum order quantity: 16 pairs. Ideal&hellip;","_links":{"self":[{"href":"https:\/\/turkishtrade.co\/tr\/wp-json\/wp\/v2\/product\/8018","targetHints":{"allow":["GET"]}}],"collection":[{"href":"https:\/\/turkishtrade.co\/tr\/wp-json\/wp\/v2\/product"}],"about":[{"href":"https:\/\/turkishtrade.co\/tr\/wp-json\/wp\/v2\/types\/product"}],"wp:featuredmedia":[{"embeddable":true,"href":"https:\/\/turkishtrade.co\/tr\/wp-json\/wp\/v2\/media\/7043"}],"wp:attachment":[{"href":"https:\/\/turkishtrade.co\/tr\/wp-json\/wp\/v2\/media?parent=8018"}],"wp:term":[{"taxonomy":"product_brand","embeddable":true,"href":"https:\/\/turkishtrade.co\/tr\/wp-json\/wp\/v2\/product_brand?post=8018"},{"taxonomy":"product_cat","embeddable":true,"href":"https:\/\/turkishtrade.co\/tr\/wp-json\/wp\/v2\/product_cat?post=8018"},{"taxonomy":"product_tag","embeddable":true,"href":"https:\/\/turkishtrade.co\/tr\/wp-json\/wp\/v2\/product_tag?post=8018"}],"curies":[{"name":"wp","href":"https:\/\/api.w.org\/{rel}","templated":true}]}}