{"id":8002,"date":"2026-01-29T14:46:45","date_gmt":"2026-01-29T14:46:45","guid":{"rendered":"https:\/\/turkishtrade.co\/?post_type=product&#038;p=8002"},"modified":"2026-04-09T20:38:26","modified_gmt":"2026-04-09T20:38:26","slug":"classic-black-leather-derby-shoes","status":"publish","type":"product","link":"https:\/\/turkishtrade.co\/tr\/shop\/classic-black-leather-derby-shoes\/","title":{"rendered":"Klasik Siyah Deri Derby Ayakkab\u0131 Microlight Taban ile Rakipsiz |"},"content":{"rendered":"<p>Enfes tasar\u0131m\u0131m\u0131zla zamans\u0131z \u015f\u0131kl\u0131\u011fa ad\u0131m at\u0131n <strong>Klasik Siyah Deri Derby Ayakkab\u0131<\/strong>. Modern beyefendiler i\u00e7in titizlikle \u00fcretilen bu ayakkab\u0131lar, geleneksel tasar\u0131m\u0131 \u00e7a\u011fda\u015f konfor ve dayan\u0131kl\u0131l\u0131kla harmanl\u0131yor. Birinci s\u0131n\u0131f dana derisinden \u00fcretilen \u00fcst k\u0131s\u0131m, hem stil hem de dayan\u0131kl\u0131l\u0131k a\u00e7\u0131s\u0131ndan zaman\u0131n testine dayanmay\u0131 vaat eden \u015f\u0131k ve zarif bir y\u00fczey sunar. Zengin siyah tonu \u00e7ok y\u00f6nl\u00fcl\u00fck sa\u011flayarak bu ayakkab\u0131lar\u0131 <strong>Klasik Siyah Deri Derby Ayakkab\u0131<\/strong> hem resmi etkinlikler hem de sofistike i\u015f k\u0131yafetleri i\u00e7in uygun, se\u00e7kin bir gard\u0131rop i\u00e7in m\u00fckemmel bir ektir.<\/p>\n<p>L\u00fcks ke\u00e7i derisi astar sayesinde her ad\u0131mda benzersiz bir konfor ya\u015fay\u0131n. Bu birinci s\u0131n\u0131f i\u00e7 malzeme ola\u011fan\u00fcst\u00fc nefes alabilirlik ve aya\u011f\u0131n\u0131zda yumu\u015fak, esnek bir his sa\u011flayarak genel kullan\u0131m deneyimini \u00f6nemli \u00f6l\u00e7\u00fcde geli\u015ftirir. Detaylara g\u00f6sterilen \u00f6zen, \u00fcst\u00fcn hafif konfor ve m\u00fckemmel kavrama i\u00e7in tasarlanan yenilik\u00e7i microlight tabana kadar uzan\u0131r. Geleneksel a\u011f\u0131r tabanlardan farkl\u0131 olarak microlight tasar\u0131m, destek veya dayan\u0131kl\u0131l\u0131ktan \u00f6d\u00fcn vermeden g\u00fcn boyunca zahmetsizce hareket etmenizi sa\u011flar. Tabandaki ince k\u0131rm\u0131z\u0131 detaylar, her ad\u0131mda g\u00f6r\u00fclebilen benzersiz bir karakter dokunu\u015fu katar.<\/p>\n<p>Bizim <strong>Klasik Siyah Deri Derby Ayakkab\u0131<\/strong> \u00f6zel dikim tak\u0131m elbiseler, \u015f\u0131k pantolonlar ve hatta y\u00fcksek g\u00fcndelik k\u0131yafetlerle m\u00fckemmel uyum sa\u011flayan se\u00e7kin bir siluete sahiptir. Klasik derby ba\u011fc\u0131k sistemi g\u00fcvenli ve ayarlanabilir bir uyum sunarak bu ayakkab\u0131lar\u0131 pratik ve \u015f\u0131k bir se\u00e7im haline getirir. 39'dan 45'e kadar uzanan geni\u015f bir beden yelpazesinde mevcut olup, geni\u015f bir m\u00fc\u015fteri yelpazesi i\u00e7in m\u00fckemmel bir uyum sa\u011flar.<\/p>\n<h3>Klasik Siyah Deri Derby Ayakkab\u0131lar i\u00e7in Toptan Sat\u0131\u015f F\u0131rsat\u0131<\/h3>\n<p>Birinci s\u0131n\u0131f ayakkab\u0131lar sunmak isteyen i\u015fletmeler i\u00e7in bu <strong>Klasik Siyah Deri Derby Ayakkab\u0131<\/strong> ola\u011fan\u00fcst\u00fc bir toptan sat\u0131\u015f f\u0131rsat\u0131n\u0131 temsil etmektedir. Sofistike t\u00fcketicilerin taleplerini kar\u015f\u0131layan y\u00fcksek kaliteli \u00fcr\u00fcnler sunmaktan gurur duyuyoruz. Minimum 16 \u00e7ift sipari\u015f miktar\u0131yla, envanterinizi m\u00fckemmel m\u00fc\u015fteri memnuniyeti ve tekrar i\u015f vaat eden bu klasik, en \u00e7ok satan ayakkab\u0131larla doldurabilirsiniz. Koleksiyonunuzu geli\u015ftirin ve m\u00fc\u015fterilerinize stil, konfor ve kal\u0131c\u0131 kalitenin en \u00fcst d\u00fczey kar\u0131\u015f\u0131m\u0131n\u0131 zarif ayakkab\u0131lar\u0131m\u0131zla sunun. <strong>Klasik Siyah Deri Derby Ayakkab\u0131<\/strong>. Onlar bir ayakkab\u0131dan \u00e7ok daha fazlas\u0131d\u0131r; kusursuz stil ve kal\u0131c\u0131 konfora yap\u0131lan bir yat\u0131r\u0131md\u0131r.<\/p>","protected":false},"excerpt":{"rendered":"<ul>\n<li>Dayan\u0131kl\u0131l\u0131k ve \u015e\u0131kl\u0131k i\u00e7in Premium Dana Derisi Saya<\/li>\n<li>Nefes Alabilirlik ve Yumu\u015fakl\u0131k i\u00e7in L\u00fcks Ke\u00e7i Derisi Astar<\/li>\n<li>\u00dcst\u00fcn Tutu\u015fa Sahip Hafif ve Dayan\u0131kl\u0131 Mikro Hafif Taban<\/li>\n<li>G\u00fcvenli ve Ayarlanabilir Uyum i\u00e7in Klasik Derby Ba\u011fc\u0131k Sistemi<\/li>\n<li>Geni\u015f Bir M\u00fc\u015fteri Yelpazesi i\u00e7in 39-45 Bedenlerde Mevcuttur<\/li>\n<li>Minimum Sipari\u015f Miktar\u0131: 16 \u00c7ift (Sadece Toptan Sat\u0131\u015f)<\/li>\n<\/ul>","protected":false},"featured_media":7042,"template":"","meta":{"_acf_changed":false,"_uag_custom_page_level_css":"","site-sidebar-layout":"default","site-content-layout":"","ast-site-content-layout":"default","site-content-style":"default","site-sidebar-style":"default","ast-global-header-display":"","ast-banner-title-visibility":"","ast-main-header-display":"","ast-hfb-above-header-display":"","ast-hfb-below-header-display":"","ast-hfb-mobile-header-display":"","site-post-title":"","ast-breadcrumbs-content":"","ast-featured-img":"","footer-sml-layout":"","ast-disable-related-posts":"","theme-transparent-header-meta":"","adv-header-id-meta":"","stick-header-meta":"","header-above-stick-meta":"","header-main-stick-meta":"","header-below-stick-meta":"","astra-migrate-meta-layouts":"default","ast-page-background-enabled":"default","ast-page-background-meta":{"desktop":{"background-color":"var(--ast-global-color-4)","background-image":"","background-repeat":"repeat","background-position":"center center","background-size":"auto","background-attachment":"scroll","background-type":"","background-media":"","overlay-type":"","overlay-color":"","overlay-opacity":"","overlay-gradient":""},"tablet":{"background-color":"","background-image":"","background-repeat":"repeat","background-position":"center center","background-size":"auto","background-attachment":"scroll","background-type":"","background-media":"","overlay-type":"","overlay-color":"","overlay-opacity":"","overlay-gradient":""},"mobile":{"background-color":"","background-image":"","background-repeat":"repeat","background-position":"center center","background-size":"auto","background-attachment":"scroll","background-type":"","background-media":"","overlay-type":"","overlay-color":"","overlay-opacity":"","overlay-gradient":""}},"ast-content-background-meta":{"desktop":{"background-color":"var(--ast-global-color-5)","background-image":"","background-repeat":"repeat","background-position":"center center","background-size":"auto","background-attachment":"scroll","background-type":"","background-media":"","overlay-type":"","overlay-color":"","overlay-opacity":"","overlay-gradient":""},"tablet":{"background-color":"var(--ast-global-color-5)","background-image":"","background-repeat":"repeat","background-position":"center center","background-size":"auto","background-attachment":"scroll","background-type":"","background-media":"","overlay-type":"","overlay-color":"","overlay-opacity":"","overlay-gradient":""},"mobile":{"background-color":"var(--ast-global-color-5)","background-image":"","background-repeat":"repeat","background-position":"center center","background-size":"auto","background-attachment":"scroll","background-type":"","background-media":"","overlay-type":"","overlay-color":"","overlay-opacity":"","overlay-gradient":""}}},"product_brand":[],"product_cat":[47,430,1200],"product_tag":[407,405,185,1285,609,201,1278,286,466,281],"class_list":{"0":"post-8002","1":"product","2":"type-product","3":"status-publish","4":"has-post-thumbnail","6":"product_cat-classic","7":"product_cat-men","8":"product_cat-mens-shoes-2","9":"product_tag-black-derby-shoes","10":"product_tag-business-shoes","11":"product_tag-calf-leather-shoes","12":"product_tag-classic-dress-shoes","13":"product_tag-elegant-mens-shoes","14":"product_tag-formal-footwear","15":"product_tag-goat-lining-shoes","16":"product_tag-mens-leather-shoes","17":"product_tag-microlight-sole","18":"product_tag-wholesale-shoes","19":"desktop-align-center","20":"tablet-align-center","21":"mobile-align-center","23":"first","24":"instock","25":"shipping-taxable","26":"purchasable","27":"product-type-variable","28":"has-default-attributes"},"acf":[],"uagb_featured_image_src":{"full":["https:\/\/turkishtrade.co\/wp-content\/uploads\/2026\/01\/2600FKHMN00059-BLACK.png",453,250,false],"thumbnail":["https:\/\/turkishtrade.co\/wp-content\/uploads\/2026\/01\/2600FKHMN00059-BLACK-150x150.png",150,150,true],"medium":["https:\/\/turkishtrade.co\/wp-content\/uploads\/2026\/01\/2600FKHMN00059-BLACK-300x166.png",300,166,true],"medium_large":["https:\/\/turkishtrade.co\/wp-content\/uploads\/2026\/01\/2600FKHMN00059-BLACK.png",453,250,false],"large":["https:\/\/turkishtrade.co\/wp-content\/uploads\/2026\/01\/2600FKHMN00059-BLACK.png",453,250,false],"1536x1536":["https:\/\/turkishtrade.co\/wp-content\/uploads\/2026\/01\/2600FKHMN00059-BLACK.png",453,250,false],"2048x2048":["https:\/\/turkishtrade.co\/wp-content\/uploads\/2026\/01\/2600FKHMN00059-BLACK.png",453,250,false],"trp-custom-language-flag":["https:\/\/turkishtrade.co\/wp-content\/uploads\/2026\/01\/2600FKHMN00059-BLACK-18x10.png",18,10,true],"woocommerce_thumbnail":["https:\/\/turkishtrade.co\/wp-content\/uploads\/2026\/01\/2600FKHMN00059-BLACK-400x250.png",400,250,true],"woocommerce_single":["https:\/\/turkishtrade.co\/wp-content\/uploads\/2026\/01\/2600FKHMN00059-BLACK.png",453,250,false],"woocommerce_gallery_thumbnail":["https:\/\/turkishtrade.co\/wp-content\/uploads\/2026\/01\/2600FKHMN00059-BLACK-100x100.png",100,100,true]},"uagb_author_info":{"display_name":"python python","author_link":"https:\/\/turkishtrade.co\/tr\/author\/"},"uagb_comment_info":0,"uagb_excerpt":"Premium Calf Leather Upper for Durability and Elegance Luxurious Goat Leather Lining for Breathability and Softness Lightweight and Durable Microlight Sole with Superior Grip Classic Derby Lacing System for a Secure and Adjustable Fit Available in Sizes 39-45 for a Wide Range of Clientele Minimum Order Quantity: 16 Pairs (Wholesale Only)","_links":{"self":[{"href":"https:\/\/turkishtrade.co\/tr\/wp-json\/wp\/v2\/product\/8002","targetHints":{"allow":["GET"]}}],"collection":[{"href":"https:\/\/turkishtrade.co\/tr\/wp-json\/wp\/v2\/product"}],"about":[{"href":"https:\/\/turkishtrade.co\/tr\/wp-json\/wp\/v2\/types\/product"}],"wp:featuredmedia":[{"embeddable":true,"href":"https:\/\/turkishtrade.co\/tr\/wp-json\/wp\/v2\/media\/7042"}],"wp:attachment":[{"href":"https:\/\/turkishtrade.co\/tr\/wp-json\/wp\/v2\/media?parent=8002"}],"wp:term":[{"taxonomy":"product_brand","embeddable":true,"href":"https:\/\/turkishtrade.co\/tr\/wp-json\/wp\/v2\/product_brand?post=8002"},{"taxonomy":"product_cat","embeddable":true,"href":"https:\/\/turkishtrade.co\/tr\/wp-json\/wp\/v2\/product_cat?post=8002"},{"taxonomy":"product_tag","embeddable":true,"href":"https:\/\/turkishtrade.co\/tr\/wp-json\/wp\/v2\/product_tag?post=8002"}],"curies":[{"name":"wp","href":"https:\/\/api.w.org\/{rel}","templated":true}]}}