{"id":8001,"date":"2026-01-29T14:46:45","date_gmt":"2026-01-29T14:46:45","guid":{"rendered":"https:\/\/turkishtrade.co\/?post_type=product&#038;p=8001"},"modified":"2026-04-09T20:38:29","modified_gmt":"2026-04-09T20:38:29","slug":"classic-mens-black-oxford-shoes","status":"publish","type":"product","link":"https:\/\/turkishtrade.co\/tr\/shop\/classic-mens-black-oxford-shoes\/","title":{"rendered":"Klasik Erkek Siyah Oxford Ayakkab\u0131 Authentic | Klasik Erkek Siyah Deri Oxford"},"content":{"rendered":"<p>Enfes tasar\u0131m\u0131m\u0131zla zamans\u0131z \u015f\u0131kl\u0131\u011fa ad\u0131m at\u0131n <strong>Klasik Erkek Siyah Oxford Ayakkab\u0131<\/strong>. M\u00fckemmellik i\u00e7in titizlikle haz\u0131rlanm\u0131\u015f bu ayakkab\u0131lar, hem stile hem de konfora de\u011fer veren se\u00e7ici beyefendiler i\u00e7in tasarlanm\u0131\u015f sofistike resmi ayakkab\u0131lar\u0131n \u00f6z\u00fcd\u00fcr. Her bir \u00e7ift \u00fcst\u00fcn i\u015f\u00e7ilik sergileyerek her t\u00fcrl\u00fc i\u015f toplant\u0131s\u0131, resmi etkinlik veya \u00f6zel g\u00fcn i\u00e7in se\u00e7kin bir g\u00f6r\u00fcn\u00fcm sa\u011flar.<\/p>\n<p>Birinci s\u0131n\u0131f Oxford ayakkab\u0131lar\u0131m\u0131z, y\u00fcksek kaliteli malzemeden titizlikle \u00fcretilmi\u015f bir sayaya sahiptir. <em>dana derisi<\/em> (dana derisi). Bu malzeme se\u00e7imi sadece l\u00fcks bir g\u00f6r\u00fcn\u00fcm ve his sa\u011flamakla kalmaz, ayn\u0131 zamanda ola\u011fan\u00fcst\u00fc dayan\u0131kl\u0131l\u0131k ve zamanla geli\u015fen g\u00fczel bir patina vaat ederek her bir \u00e7ifti benzersiz bir \u015fekilde sizin k\u0131lar. Zengin siyah tonu benzersiz bir \u00e7ok y\u00f6nl\u00fcl\u00fck sunarak \u00e7ok \u00e7e\u015fitli tak\u0131m elbiseler ve \u015f\u0131k g\u00fcndelik k\u0131yafetlerle zahmetsizce e\u015fle\u015fir.<\/p>\n<h3>Rakipsiz Konfor ve Kaliteli Yap\u0131<\/h3>\n<p>\u00c7arp\u0131c\u0131 g\u00f6r\u00fcn\u00fcmlerinin \u00f6tesinde, bu <strong>Klasik Erkek Siyah Oxford Ayakkab\u0131<\/strong> en \u00fcst d\u00fczeyde konfor i\u00e7in tasarlanm\u0131\u015ft\u0131r. \u0130\u00e7 k\u0131s\u0131m yumu\u015fak astarl\u0131d\u0131r <em>ke\u00e7i astar<\/em> (ke\u00e7i derisi), nefes alabilirli\u011fi ve p\u00fcr\u00fczs\u00fcz dokusuyla bilinir ve uzun saatler giyildikten sonra bile ayaklar\u0131n\u0131z\u0131n rahat kalmas\u0131n\u0131 sa\u011flar. Bu ola\u011fan\u00fcst\u00fc ayakkab\u0131lar\u0131n temelinde yenilik\u00e7i <em>microlight taban<\/em> (microlight taban). Bu geli\u015fmi\u015f taban teknolojisi hafif bir his, \u00fcst\u00fcn esneklik ve m\u00fckemmel \u015fok emilimi sa\u011flayarak g\u00fcn boyunca kolayl\u0131kla ve g\u00fcvenle hareket etmenize olanak tan\u0131r.<\/p>\n<p>Zamans\u0131z Oxford silueti, \u015f\u0131k ve modern \u00e7ekicili\u011finden \u00f6d\u00fcn vermeden geleneksel cazibeye bir dokunu\u015f katan zarif burun brogue detaylar\u0131yla vurgulanm\u0131\u015ft\u0131r. 39'dan 45'e kadar geni\u015f bir beden yelpazesinde mevcut olup, geni\u015f bir m\u00fc\u015fteri kitlesi i\u00e7in m\u00fckemmel bir uyum sa\u011fl\u0131yoruz. Bunlar <strong>Klasik Erkek Siyah Oxford Ayakkab\u0131<\/strong> sadece ayakkab\u0131 de\u011fildir; kal\u0131c\u0131 stil ve benzersiz kaliteye yap\u0131lan bir yat\u0131r\u0131md\u0131r.<\/p>\n<h3>Perakende Ortaklar\u0131 i\u00e7in Toptan Sat\u0131\u015f F\u0131rsatlar\u0131<\/h3>\n<p>Birinci s\u0131n\u0131f erkek ayakkab\u0131s\u0131 sunmak isteyen perakendeciler ve i\u015fletmeler i\u00e7in bu <strong>Klasik Erkek Siyah Oxford Ayakkab\u0131<\/strong> toptan sat\u0131n al\u0131nabilir. Minimum 16 \u00e7ift sipari\u015fe ihtiyac\u0131m\u0131z var, bu da onu y\u00fcksek kaliteli, talep g\u00f6ren resmi ayakkab\u0131lar arayan butikler, b\u00fcy\u00fck ma\u011fazalar ve \u00e7evrimi\u00e7i perakendeciler i\u00e7in ideal bir se\u00e7im haline getiriyor. M\u00fc\u015fterilerinize l\u00fcks, konfor ve klasik tasar\u0131m\u0131 \u00f6rnekleyen bir \u00fcr\u00fcn sunmak i\u00e7in bizimle ortak olun. Envanterinizi s\u00fcrekli olarak etkileyecek temel bir par\u00e7a ile y\u00fckseltin.<\/p>","protected":false},"excerpt":{"rendered":"<ul>\n<li>Sofistike bir g\u00f6r\u00fcn\u00fcm i\u00e7in birinci s\u0131n\u0131f dana derisi saya<\/li>\n<li>L\u00fcks ke\u00e7i derisi astar ola\u011fan\u00fcst\u00fc konfor sa\u011flar<\/li>\n<li>T\u00fcm g\u00fcn kullan\u0131m i\u00e7in hafif ve esnek microlight taban<\/li>\n<li>Zarif kap-toe brogue detaylar\u0131na sahip zamans\u0131z Oxford tasar\u0131m<\/li>\n<li>Geni\u015f bir ebat yelpazesinde mevcuttur: 39, 40, 41, 42, 43, 44, 45<\/li>\n<li>Minimum 16 \u00e7ift sipari\u015f ile toptan sat\u0131\u015f f\u0131rsatlar\u0131 mevcuttur<\/li>\n<\/ul>","protected":false},"featured_media":7041,"template":"","meta":{"_acf_changed":false,"_uag_custom_page_level_css":"","site-sidebar-layout":"default","site-content-layout":"","ast-site-content-layout":"default","site-content-style":"default","site-sidebar-style":"default","ast-global-header-display":"","ast-banner-title-visibility":"","ast-main-header-display":"","ast-hfb-above-header-display":"","ast-hfb-below-header-display":"","ast-hfb-mobile-header-display":"","site-post-title":"","ast-breadcrumbs-content":"","ast-featured-img":"","footer-sml-layout":"","ast-disable-related-posts":"","theme-transparent-header-meta":"","adv-header-id-meta":"","stick-header-meta":"","header-above-stick-meta":"","header-main-stick-meta":"","header-below-stick-meta":"","astra-migrate-meta-layouts":"default","ast-page-background-enabled":"default","ast-page-background-meta":{"desktop":{"background-color":"var(--ast-global-color-4)","background-image":"","background-repeat":"repeat","background-position":"center center","background-size":"auto","background-attachment":"scroll","background-type":"","background-media":"","overlay-type":"","overlay-color":"","overlay-opacity":"","overlay-gradient":""},"tablet":{"background-color":"","background-image":"","background-repeat":"repeat","background-position":"center center","background-size":"auto","background-attachment":"scroll","background-type":"","background-media":"","overlay-type":"","overlay-color":"","overlay-opacity":"","overlay-gradient":""},"mobile":{"background-color":"","background-image":"","background-repeat":"repeat","background-position":"center center","background-size":"auto","background-attachment":"scroll","background-type":"","background-media":"","overlay-type":"","overlay-color":"","overlay-opacity":"","overlay-gradient":""}},"ast-content-background-meta":{"desktop":{"background-color":"var(--ast-global-color-5)","background-image":"","background-repeat":"repeat","background-position":"center center","background-size":"auto","background-attachment":"scroll","background-type":"","background-media":"","overlay-type":"","overlay-color":"","overlay-opacity":"","overlay-gradient":""},"tablet":{"background-color":"var(--ast-global-color-5)","background-image":"","background-repeat":"repeat","background-position":"center center","background-size":"auto","background-attachment":"scroll","background-type":"","background-media":"","overlay-type":"","overlay-color":"","overlay-opacity":"","overlay-gradient":""},"mobile":{"background-color":"var(--ast-global-color-5)","background-image":"","background-repeat":"repeat","background-position":"center center","background-size":"auto","background-attachment":"scroll","background-type":"","background-media":"","overlay-type":"","overlay-color":"","overlay-opacity":"","overlay-gradient":""}}},"product_brand":[],"product_cat":[47,430,1200],"product_tag":[1299,654,185,1335,201,1258,324,466,281],"class_list":{"0":"post-8001","1":"product","2":"type-product","3":"status-publish","4":"has-post-thumbnail","6":"product_cat-classic","7":"product_cat-men","8":"product_cat-mens-shoes-2","9":"product_tag-black-leather-oxfords","10":"product_tag-brogue-shoes","11":"product_tag-calf-leather-shoes","12":"product_tag-classic-mens-black-oxford-shoes","13":"product_tag-formal-footwear","14":"product_tag-goat-lined-shoes","15":"product_tag-mens-dress-shoes","16":"product_tag-microlight-sole","17":"product_tag-wholesale-shoes","18":"desktop-align-center","19":"tablet-align-center","20":"mobile-align-center","22":"first","23":"instock","24":"shipping-taxable","25":"purchasable","26":"product-type-variable","27":"has-default-attributes"},"acf":[],"uagb_featured_image_src":{"full":["https:\/\/turkishtrade.co\/wp-content\/uploads\/2026\/01\/2600FKHMN00058-BLACK.png",453,250,false],"thumbnail":["https:\/\/turkishtrade.co\/wp-content\/uploads\/2026\/01\/2600FKHMN00058-BLACK-150x150.png",150,150,true],"medium":["https:\/\/turkishtrade.co\/wp-content\/uploads\/2026\/01\/2600FKHMN00058-BLACK-300x166.png",300,166,true],"medium_large":["https:\/\/turkishtrade.co\/wp-content\/uploads\/2026\/01\/2600FKHMN00058-BLACK.png",453,250,false],"large":["https:\/\/turkishtrade.co\/wp-content\/uploads\/2026\/01\/2600FKHMN00058-BLACK.png",453,250,false],"1536x1536":["https:\/\/turkishtrade.co\/wp-content\/uploads\/2026\/01\/2600FKHMN00058-BLACK.png",453,250,false],"2048x2048":["https:\/\/turkishtrade.co\/wp-content\/uploads\/2026\/01\/2600FKHMN00058-BLACK.png",453,250,false],"trp-custom-language-flag":["https:\/\/turkishtrade.co\/wp-content\/uploads\/2026\/01\/2600FKHMN00058-BLACK-18x10.png",18,10,true],"woocommerce_thumbnail":["https:\/\/turkishtrade.co\/wp-content\/uploads\/2026\/01\/2600FKHMN00058-BLACK-400x250.png",400,250,true],"woocommerce_single":["https:\/\/turkishtrade.co\/wp-content\/uploads\/2026\/01\/2600FKHMN00058-BLACK.png",453,250,false],"woocommerce_gallery_thumbnail":["https:\/\/turkishtrade.co\/wp-content\/uploads\/2026\/01\/2600FKHMN00058-BLACK-100x100.png",100,100,true]},"uagb_author_info":{"display_name":"python python","author_link":"https:\/\/turkishtrade.co\/tr\/author\/"},"uagb_comment_info":0,"uagb_excerpt":"Premium calf leather upper for a sophisticated finish Luxurious goat leather lining ensures exceptional comfort Lightweight and flexible microlight sole for all-day wear Timeless Oxford design with elegant cap-toe brogue detailing Available in a wide range of sizes: 39, 40, 41, 42, 43, 44, 45 Wholesale opportunities available with a minimum order of 16 pairs","_links":{"self":[{"href":"https:\/\/turkishtrade.co\/tr\/wp-json\/wp\/v2\/product\/8001","targetHints":{"allow":["GET"]}}],"collection":[{"href":"https:\/\/turkishtrade.co\/tr\/wp-json\/wp\/v2\/product"}],"about":[{"href":"https:\/\/turkishtrade.co\/tr\/wp-json\/wp\/v2\/types\/product"}],"wp:featuredmedia":[{"embeddable":true,"href":"https:\/\/turkishtrade.co\/tr\/wp-json\/wp\/v2\/media\/7041"}],"wp:attachment":[{"href":"https:\/\/turkishtrade.co\/tr\/wp-json\/wp\/v2\/media?parent=8001"}],"wp:term":[{"taxonomy":"product_brand","embeddable":true,"href":"https:\/\/turkishtrade.co\/tr\/wp-json\/wp\/v2\/product_brand?post=8001"},{"taxonomy":"product_cat","embeddable":true,"href":"https:\/\/turkishtrade.co\/tr\/wp-json\/wp\/v2\/product_cat?post=8001"},{"taxonomy":"product_tag","embeddable":true,"href":"https:\/\/turkishtrade.co\/tr\/wp-json\/wp\/v2\/product_tag?post=8001"}],"curies":[{"name":"wp","href":"https:\/\/api.w.org\/{rel}","templated":true}]}}