{"id":8000,"date":"2026-01-29T14:46:45","date_gmt":"2026-01-29T14:46:45","guid":{"rendered":"https:\/\/turkishtrade.co\/?post_type=product&#038;p=8000"},"modified":"2026-04-09T20:38:31","modified_gmt":"2026-04-09T20:38:31","slug":"mens-brown-calfskin-loafers","status":"publish","type":"product","link":"https:\/\/turkishtrade.co\/tr\/shop\/mens-brown-calfskin-loafers\/","title":{"rendered":"Erkek Kahverengi Dana Derisi Loafer Authentic | Erkek Klasik Kahverengi Dana Derisi Loafer"},"content":{"rendered":"<p><strong>Erkek Kahverengi Dana Derisi Loafer<\/strong>. Otantik kalite ve tasar\u0131m.<\/p>\n<p>Zamans\u0131z sofistikeli\u011fin ve benzersiz konforun \u00f6z\u00fcn\u00fc, zarif tasar\u0131m\u0131m\u0131zla ke\u015ffedin <strong>Erkek Klasik Kahverengi Dana Derisi Loafer<\/strong>. Se\u00e7kin beyefendiler i\u00e7in tasarlanan bu mokasen ayakkab\u0131lar, geleneksel i\u015f\u00e7ili\u011fi modern yeniliklerle kusursuz bir \u015fekilde harmanlayarak her t\u00fcrl\u00fc \u00fcst d\u00fczey ayakkab\u0131 koleksiyonunun vazge\u00e7ilmez bir par\u00e7as\u0131 haline geliyor. \u0130\u015f toplant\u0131lar\u0131ndan \u015f\u0131k sosyal etkinliklere kadar, bu \u00e7ok y\u00f6nl\u00fc mokasen ayakkab\u0131lar stil katsay\u0131n\u0131z\u0131 zahmetsiz bir zarafetle y\u00fckseltmeyi vaat ediyor.<\/p>\n<h3>Rakipsiz Kalite ve \u0130\u015f\u00e7ilik<\/h3>\n<p>Her bir \u00e7iftimiz <strong>erkek kahverengi dana derisi mokasen ayakkab\u0131<\/strong> en iyi 100% hakiki dana derisinden titizlikle \u00fcretilmi\u015ftir. Bu birinci s\u0131n\u0131f malzeme, esnek dokusu, ola\u011fan\u00fcst\u00fc dayan\u0131kl\u0131l\u0131\u011f\u0131 ve zaman i\u00e7inde g\u00fczel bir patina geli\u015ftirerek ayakkab\u0131lar\u0131n\u0131z\u0131n her giyi\u015fte daha iyi g\u00f6r\u00fcnmesini sa\u011flamas\u0131yla \u00fcnl\u00fcd\u00fcr. Zarif biye ve ince metalik amblemle tamamlanan zengin, koyu kahverengi renk tonu, e\u015fi benzeri zor bulunan sade bir l\u00fcks\u00fc yans\u0131t\u0131r. Zamana meydan okuyan kaliteye olan ba\u011fl\u0131l\u0131\u011f\u0131m\u0131z\u0131 yans\u0131tan her bir diki\u015fte detaylara g\u00f6sterilen titizlikle gurur duyuyoruz.<\/p>\n<h3>G\u00fcn Boyu \u00dcst\u00fcn Konfor<\/h3>\n<p>Bu mokasen ayakkab\u0131y\u0131 giydi\u011finiz andan itibaren l\u00fcks konforu ya\u015fay\u0131n. \u0130\u00e7 k\u0131sm\u0131, inan\u0131lmaz yumu\u015fakl\u0131\u011f\u0131 ve \u00fcst\u00fcn nefes alabilirli\u011fi ile bilinen hakiki ke\u00e7i derisi ile astarlanm\u0131\u015ft\u0131r. Bu do\u011fal astar nemi uzakla\u015ft\u0131rarak uzun s\u00fcreli kullan\u0131mlarda bile ayaklar\u0131n\u0131z\u0131n g\u00fcn boyunca kuru ve rahat kalmas\u0131n\u0131 sa\u011flar. Pel\u00fc\u015f i\u00e7 k\u0131sm\u0131 tamamlayan yenilik\u00e7i microlight taban\u0131m\u0131zd\u0131r. Bu geli\u015fmi\u015f taban teknolojisi inan\u0131lmaz derecede hafif bir his, ola\u011fan\u00fcst\u00fc esneklik ve m\u00fckemmel \u015fok emilimi sa\u011flayarak ayak yorgunlu\u011funu azalt\u0131r ve dengeli bir duru\u015f sa\u011flar. Bu \u00f6zellikler bir araya gelerek bir \u00e7ift <strong>erkek kahverengi dana derisi mokasen ayakkab\u0131<\/strong> her g\u00fcn giymek isteyece\u011finiz bir \u00fcr\u00fcn.<\/p>\n<h3>Toptan Sat\u0131\u015f Ortakl\u0131klar\u0131 i\u00e7in M\u00fckemmel<\/h3>\n<p>M\u00fc\u015fterilerine birinci s\u0131n\u0131f, y\u00fcksek kaliteli ayakkab\u0131lar sunmak isteyen perakendeciler i\u00e7in bu klasik kahverengi dana derisi mokasen ayakkab\u0131lar ola\u011fan\u00fcst\u00fc bir f\u0131rsat\u0131 temsil ediyor. Zamans\u0131z \u00e7ekicili\u011fi ve \u00fcst\u00fcn yap\u0131s\u0131 bu ayakkab\u0131lar\u0131 aranan bir \u00fcr\u00fcn haline getirmektedir. Minimum 16 \u00e7ift sat\u0131n alma miktar\u0131yla toptan sipari\u015flere hitap ediyoruz ve l\u00fcks ancak pratik ayakkab\u0131lar stoklamay\u0131 ama\u00e7layan butikler, b\u00fcy\u00fck ma\u011fazalar ve \u00e7evrimi\u00e7i perakendeciler i\u00e7in ideal bir \u00e7\u00f6z\u00fcm sunuyoruz. AB 39 ila 45 aras\u0131nda kapsaml\u0131 bir beden aral\u0131\u011f\u0131nda sunulan bu mokasen ayakkab\u0131lar, m\u00fc\u015fterilerinizin geni\u015f bir yelpazesine uyacak ve maksimum sat\u0131\u015f potansiyeli sa\u011flayacakt\u0131r. Bu ola\u011fan\u00fcst\u00fc ayakkab\u0131lara yat\u0131r\u0131m yap\u0131n <strong>kahverengi dana derisi mokasen ayakkab\u0131<\/strong> ve m\u00fc\u015fterilerinize miras ve \u00e7a\u011fda\u015f konforun bir kar\u0131\u015f\u0131m\u0131n\u0131 sunun.<\/p>","protected":false},"excerpt":{"rendered":"<ul>\n<li>\u00dcst\u00fcn dayan\u0131kl\u0131l\u0131k ve zengin bir doku i\u00e7in 100% birinci s\u0131n\u0131f dana derisinden \u00fcretilmi\u015ftir.<\/li>\n<li>Hakiki ke\u00e7i derisi ile l\u00fcks bir \u015fekilde astarlanm\u0131\u015ft\u0131r, ola\u011fan\u00fcst\u00fc nefes alabilirlik ve konfor sa\u011flar.<\/li>\n<li>G\u00fcn boyu konfor ve m\u00fckemmel tutu\u015f sa\u011flayan hafif ve esnek mikro hafif tabana sahiptir.<\/li>\n<li>Hem resmi hem de g\u00fcndelik \u015f\u0131k k\u0131yafetler i\u00e7in uygun klasik slip-on loafer tasar\u0131m.<\/li>\n<li>Kapsaml\u0131 bir AB beden yelpazesinde mevcuttur: 39, 40, 41, 42, 43, 44, 45.<\/li>\n<li>Toptan sat\u0131\u015f f\u0131rsat\u0131: Minimum sipari\u015f miktar\u0131 16 \u00e7ifttir.<\/li>\n<\/ul>","protected":false},"featured_media":7040,"template":"","meta":{"_acf_changed":false,"_uag_custom_page_level_css":"","site-sidebar-layout":"default","site-content-layout":"","ast-site-content-layout":"default","site-content-style":"default","site-sidebar-style":"default","ast-global-header-display":"","ast-banner-title-visibility":"","ast-main-header-display":"","ast-hfb-above-header-display":"","ast-hfb-below-header-display":"","ast-hfb-mobile-header-display":"","site-post-title":"","ast-breadcrumbs-content":"","ast-featured-img":"","footer-sml-layout":"","ast-disable-related-posts":"","theme-transparent-header-meta":"","adv-header-id-meta":"","stick-header-meta":"","header-above-stick-meta":"","header-main-stick-meta":"","header-below-stick-meta":"","astra-migrate-meta-layouts":"default","ast-page-background-enabled":"default","ast-page-background-meta":{"desktop":{"background-color":"var(--ast-global-color-4)","background-image":"","background-repeat":"repeat","background-position":"center center","background-size":"auto","background-attachment":"scroll","background-type":"","background-media":"","overlay-type":"","overlay-color":"","overlay-opacity":"","overlay-gradient":""},"tablet":{"background-color":"","background-image":"","background-repeat":"repeat","background-position":"center center","background-size":"auto","background-attachment":"scroll","background-type":"","background-media":"","overlay-type":"","overlay-color":"","overlay-opacity":"","overlay-gradient":""},"mobile":{"background-color":"","background-image":"","background-repeat":"repeat","background-position":"center center","background-size":"auto","background-attachment":"scroll","background-type":"","background-media":"","overlay-type":"","overlay-color":"","overlay-opacity":"","overlay-gradient":""}},"ast-content-background-meta":{"desktop":{"background-color":"var(--ast-global-color-5)","background-image":"","background-repeat":"repeat","background-position":"center center","background-size":"auto","background-attachment":"scroll","background-type":"","background-media":"","overlay-type":"","overlay-color":"","overlay-opacity":"","overlay-gradient":""},"tablet":{"background-color":"var(--ast-global-color-5)","background-image":"","background-repeat":"repeat","background-position":"center center","background-size":"auto","background-attachment":"scroll","background-type":"","background-media":"","overlay-type":"","overlay-color":"","overlay-opacity":"","overlay-gradient":""},"mobile":{"background-color":"var(--ast-global-color-5)","background-image":"","background-repeat":"repeat","background-position":"center center","background-size":"auto","background-attachment":"scroll","background-type":"","background-media":"","overlay-type":"","overlay-color":"","overlay-opacity":"","overlay-gradient":""}}},"product_brand":[],"product_cat":[47,430,1200],"product_tag":[147,555,145,1249,215,186,466,374,184,254],"class_list":{"0":"post-8000","1":"product","2":"type-product","3":"status-publish","4":"has-post-thumbnail","6":"product_cat-classic","7":"product_cat-men","8":"product_cat-mens-shoes-2","9":"product_tag-brown-loafers","10":"product_tag-calfskin-loafers","11":"product_tag-classic-shoes","12":"product_tag-goat-lining","13":"product_tag-leather-loafers","14":"product_tag-mens-loafers","15":"product_tag-microlight-sole","16":"product_tag-premium-loafers","17":"product_tag-slip-on-shoes","18":"product_tag-wholesale-footwear","19":"desktop-align-center","20":"tablet-align-center","21":"mobile-align-center","23":"first","24":"instock","25":"shipping-taxable","26":"purchasable","27":"product-type-variable","28":"has-default-attributes"},"acf":[],"uagb_featured_image_src":{"full":["https:\/\/turkishtrade.co\/wp-content\/uploads\/2026\/01\/2600FKHMN00057-DARK-BLUE.png",453,250,false],"thumbnail":["https:\/\/turkishtrade.co\/wp-content\/uploads\/2026\/01\/2600FKHMN00057-DARK-BLUE-150x150.png",150,150,true],"medium":["https:\/\/turkishtrade.co\/wp-content\/uploads\/2026\/01\/2600FKHMN00057-DARK-BLUE-300x166.png",300,166,true],"medium_large":["https:\/\/turkishtrade.co\/wp-content\/uploads\/2026\/01\/2600FKHMN00057-DARK-BLUE.png",453,250,false],"large":["https:\/\/turkishtrade.co\/wp-content\/uploads\/2026\/01\/2600FKHMN00057-DARK-BLUE.png",453,250,false],"1536x1536":["https:\/\/turkishtrade.co\/wp-content\/uploads\/2026\/01\/2600FKHMN00057-DARK-BLUE.png",453,250,false],"2048x2048":["https:\/\/turkishtrade.co\/wp-content\/uploads\/2026\/01\/2600FKHMN00057-DARK-BLUE.png",453,250,false],"trp-custom-language-flag":["https:\/\/turkishtrade.co\/wp-content\/uploads\/2026\/01\/2600FKHMN00057-DARK-BLUE-18x10.png",18,10,true],"woocommerce_thumbnail":["https:\/\/turkishtrade.co\/wp-content\/uploads\/2026\/01\/2600FKHMN00057-DARK-BLUE-400x250.png",400,250,true],"woocommerce_single":["https:\/\/turkishtrade.co\/wp-content\/uploads\/2026\/01\/2600FKHMN00057-DARK-BLUE.png",453,250,false],"woocommerce_gallery_thumbnail":["https:\/\/turkishtrade.co\/wp-content\/uploads\/2026\/01\/2600FKHMN00057-DARK-BLUE-100x100.png",100,100,true]},"uagb_author_info":{"display_name":"python python","author_link":"https:\/\/turkishtrade.co\/tr\/author\/"},"uagb_comment_info":0,"uagb_excerpt":"Crafted from 100% premium calfskin leather for superior durability and a rich texture. Luxuriously lined with genuine goat leather, ensuring exceptional breathability and comfort. Features a lightweight and flexible microlight sole, providing all-day comfort and excellent grip. Classic slip-on loafer design suitable for both formal and casual smart attire. Available in a comprehensive range of&hellip;","_links":{"self":[{"href":"https:\/\/turkishtrade.co\/tr\/wp-json\/wp\/v2\/product\/8000","targetHints":{"allow":["GET"]}}],"collection":[{"href":"https:\/\/turkishtrade.co\/tr\/wp-json\/wp\/v2\/product"}],"about":[{"href":"https:\/\/turkishtrade.co\/tr\/wp-json\/wp\/v2\/types\/product"}],"wp:featuredmedia":[{"embeddable":true,"href":"https:\/\/turkishtrade.co\/tr\/wp-json\/wp\/v2\/media\/7040"}],"wp:attachment":[{"href":"https:\/\/turkishtrade.co\/tr\/wp-json\/wp\/v2\/media?parent=8000"}],"wp:term":[{"taxonomy":"product_brand","embeddable":true,"href":"https:\/\/turkishtrade.co\/tr\/wp-json\/wp\/v2\/product_brand?post=8000"},{"taxonomy":"product_cat","embeddable":true,"href":"https:\/\/turkishtrade.co\/tr\/wp-json\/wp\/v2\/product_cat?post=8000"},{"taxonomy":"product_tag","embeddable":true,"href":"https:\/\/turkishtrade.co\/tr\/wp-json\/wp\/v2\/product_tag?post=8000"}],"curies":[{"name":"wp","href":"https:\/\/api.w.org\/{rel}","templated":true}]}}