{"id":7999,"date":"2026-01-29T14:46:45","date_gmt":"2026-01-29T14:46:45","guid":{"rendered":"https:\/\/turkishtrade.co\/?post_type=product&#038;p=7999"},"modified":"2026-04-09T20:38:34","modified_gmt":"2026-04-09T20:38:34","slug":"classic-black-tassel-loafers","status":"publish","type":"product","link":"https:\/\/turkishtrade.co\/tr\/shop\/classic-black-tassel-loafers\/","title":{"rendered":"Klasik Siyah P\u00fcsk\u00fcll\u00fc Loaferlar Rakipsiz | Erkek Klasik Siyah Dana Derisi P\u00fcsk\u00fcll\u00fc"},"content":{"rendered":"<p><strong>Klasik Siyah P\u00fcsk\u00fcll\u00fc Loafer<\/strong>. Rakipsiz kalite ve tasar\u0131m.<\/p>\n<p>Zarif tasar\u0131m\u0131m\u0131zla sofistike bir tarza ve benzersiz bir konfora ad\u0131m at\u0131n <strong>Klasik Siyah P\u00fcsk\u00fcll\u00fc Loafer<\/strong>. Bu ikonik ayakkab\u0131lar bir ayakkab\u0131dan \u00e7ok daha fazlas\u0131d\u0131r; hem gelene\u011fe hem de yenili\u011fe de\u011fer veren modern beyefendiler i\u00e7in titizlikle tasarlanm\u0131\u015f zamans\u0131z bir zarafetin ifadesidir. En iyi dana derisinden ustal\u0131kla \u00fcretilen bu loaferlar, klasik cazibe ve \u00e7a\u011fda\u015f konforun m\u00fckemmel bir kar\u0131\u015f\u0131m\u0131n\u0131 sunarak gard\u0131robunuzu y\u00fckseltmeyi vaat ediyor. \u015e\u0131k siyah kaplama \u00e7ok y\u00f6nl\u00fcl\u00fck sa\u011flar ve onlar\u0131 her se\u00e7kin koleksiyon i\u00e7in vazge\u00e7ilmez bir eklenti haline getirir. \u00d6nemli i\u015f toplant\u0131lar\u0131ndan sofistike ak\u015fam etkinliklerine kadar, bu <strong>Klasik Siyah P\u00fcsk\u00fcll\u00fc Loafer<\/strong> etkilemek i\u00e7in tasarlanm\u0131\u015ft\u0131r.<\/p>\n<h3>Rakipsiz Konfor ve Birinci S\u0131n\u0131f Malzemeler<\/h3>\n<p>Kaliteye olan ba\u011fl\u0131l\u0131\u011f\u0131m\u0131z malzemelerle ba\u015flar. Bu ola\u011fan\u00fcst\u00fc ayakkab\u0131lar\u0131n her bir \u00e7ifti <strong>Klasik Siyah P\u00fcsk\u00fcll\u00fc Loafer<\/strong> l\u00fcks hissi, ola\u011fan\u00fcst\u00fc dayan\u0131kl\u0131l\u0131\u011f\u0131 ve g\u00fczel bir \u015fekilde eskime kabiliyeti ile tan\u0131nan esnek dana derisi sayaya sahiptir. \u0130\u00e7 k\u0131s\u0131mda, ayaklar\u0131n\u0131z g\u00fcn boyunca maksimum konfor sa\u011flayan yumu\u015fak, nefes alabilen ke\u00e7i derisi astarla sar\u0131l\u0131r. Bu birinci s\u0131n\u0131f astar nemi uzakla\u015ft\u0131rarak uzun s\u00fcreli kullan\u0131mlarda bile ayaklar\u0131n\u0131z\u0131n kuru ve ferah kalmas\u0131n\u0131 sa\u011flar. Ger\u00e7ek yenilik, destek veya \u00e7eki\u015ften \u00f6d\u00fcn vermeden inan\u0131lmaz hafiflik ve esneklik sa\u011flayan microlight tabanda yatmaktad\u0131r. Bu geli\u015fmi\u015f taban teknolojisi, y\u00fcr\u00fcmeyi bir zevk haline getirerek yorgunlu\u011fu azalt\u0131r ve zahmetsiz bir zarafetle hareket etmenizi sa\u011flar. Bunlar sadece ayakkab\u0131 de\u011fil; rahatl\u0131k ve rafine tarzda bir deneyimdir. <strong>Klasik Siyah P\u00fcsk\u00fcll\u00fc Loafer<\/strong>.<\/p>\n<h3>Her Durum i\u00e7in \u00c7ok Y\u00f6nl\u00fcl\u00fck<\/h3>\n<p>Bunlar\u0131n ay\u0131rt edici tasar\u0131m\u0131 <strong>Klasik Siyah P\u00fcsk\u00fcll\u00fc Loafer<\/strong> inan\u0131lmaz derecede \u00e7ok y\u00f6nl\u00fc olmas\u0131n\u0131 sa\u011flar. S\u0131rt k\u0131sm\u0131ndaki zarif p\u00fcsk\u00fcl detaylar e\u011flenceli bir sofistike dokunu\u015f katarken, ayak ucundaki ince brogue delikler geleneksel ve se\u00e7kin bir hava kat\u0131yor. Bu ayakkab\u0131lar\u0131 \u015f\u0131k bir profesyonel g\u00f6r\u00fcn\u00fcm i\u00e7in keskin bir i\u015f tak\u0131m\u0131yla e\u015fle\u015ftirin ya da \u015f\u0131k ve rahat bir kombin i\u00e7in chino pantolon ve blazer ceketle giydirin. \u0130ster bir d\u00fc\u011f\u00fcne kat\u0131l\u0131yor olun, ister bir ak\u015fam yeme\u011finin tad\u0131n\u0131 \u00e7\u0131kar\u0131n ya da sadece g\u00fcnl\u00fck rutininizi abart\u0131s\u0131z bir klas havas\u0131yla s\u00fcrd\u00fcr\u00fcyor olun, bu ayakkab\u0131lar \u00e7e\u015fitli ortamlar i\u00e7in m\u00fckemmeldir. Bu zarif ayakkab\u0131lar\u0131n kal\u0131c\u0131 cazibesini kucaklay\u0131n <strong>Klasik Siyah P\u00fcsk\u00fcll\u00fc Loafer<\/strong> ve onlar\u0131 ki\u015fisel stilinizin temel ta\u015f\u0131 haline getirin.<\/p>\n<h3>Zanaatkarl\u0131k ve Toptan Sat\u0131\u015f F\u0131rsat\u0131<\/h3>\n<p>Bu mokasen ayakkab\u0131lar\u0131n her bir diki\u015fi ve detay\u0131 \u00fcst\u00fcn i\u015f\u00e7ili\u011fi yans\u0131t\u0131yor ve sadece \u015f\u0131k de\u011fil ayn\u0131 zamanda uzun \u00f6m\u00fcrl\u00fc bir ayakkab\u0131 vaat ediyor. Hem dayan\u0131kl\u0131l\u0131k hem de zamans\u0131z tasar\u0131m a\u00e7\u0131s\u0131ndan zamana meydan okuyan ayakkab\u0131lar yaratmaktan gurur duyuyoruz. 39'dan 45'e kadar kapsaml\u0131 bir beden yelpazesinde mevcut olup, geni\u015f bir m\u00fc\u015fteri yelpazesi i\u00e7in m\u00fckemmel bir uyum sa\u011flar. Birinci s\u0131n\u0131f ayakkab\u0131lar sunmak isteyen perakendeciler ve i\u015fletmeler i\u00e7in bu sofistike <strong>Klasik Siyah P\u00fcsk\u00fcll\u00fc Loafer<\/strong> minimum 16 \u00e7ift sipari\u015f miktar\u0131 ile toptan sipari\u015fler i\u00e7in mevcuttur. Envanterinizi l\u00fcks, konfor ve klasik \u00e7ekicili\u011fi bir araya getiren, m\u00fc\u015fteri memnuniyetini ve i\u015f tekrar\u0131n\u0131 garanti eden bir \u00fcr\u00fcnle geni\u015fletin.<\/p>","protected":false},"excerpt":{"rendered":"<ul>\n<li>Bu **Klasik Siyah P\u00fcsk\u00fcll\u00fc Loafer'lar** ile zamans\u0131z \u015f\u0131kl\u0131\u011f\u0131 ya\u015fay\u0131n.<\/li>\n<li>\u00dcst\u00fcn dayan\u0131kl\u0131l\u0131k ve stil i\u00e7in birinci s\u0131n\u0131f ** dana derisinden** \u00fcretilmi\u015ftir.<\/li>\n<li>Ola\u011fan\u00fcst\u00fc konfor i\u00e7in **ke\u00e7i derisi** ile l\u00fcks bir \u015fekilde astarlanm\u0131\u015ft\u0131r.<\/li>\n<li>G\u00fcn boyu kullan\u0131m i\u00e7in hafif ve esnek **mikrolight taban** \u00f6zelli\u011fine sahiptir.<\/li>\n<li>\u015e\u0131k **p\u00fcsk\u00fcller ve ince brogue detaylar\u0131yla** s\u00fcslenmi\u015ftir.<\/li>\n<li>Toptan sipari\u015fler i\u00e7in mevcuttur (minimum 16 \u00e7ift)**.<\/li>\n<\/ul>","protected":false},"featured_media":7039,"template":"","meta":{"_acf_changed":false,"_uag_custom_page_level_css":"","site-sidebar-layout":"default","site-content-layout":"","ast-site-content-layout":"default","site-content-style":"default","site-sidebar-style":"default","ast-global-header-display":"","ast-banner-title-visibility":"","ast-main-header-display":"","ast-hfb-above-header-display":"","ast-hfb-below-header-display":"","ast-hfb-mobile-header-display":"","site-post-title":"","ast-breadcrumbs-content":"","ast-featured-img":"","footer-sml-layout":"","ast-disable-related-posts":"","theme-transparent-header-meta":"","adv-header-id-meta":"","stick-header-meta":"","header-above-stick-meta":"","header-main-stick-meta":"","header-below-stick-meta":"","astra-migrate-meta-layouts":"default","ast-page-background-enabled":"default","ast-page-background-meta":{"desktop":{"background-color":"var(--ast-global-color-4)","background-image":"","background-repeat":"repeat","background-position":"center center","background-size":"auto","background-attachment":"scroll","background-type":"","background-media":"","overlay-type":"","overlay-color":"","overlay-opacity":"","overlay-gradient":""},"tablet":{"background-color":"","background-image":"","background-repeat":"repeat","background-position":"center center","background-size":"auto","background-attachment":"scroll","background-type":"","background-media":"","overlay-type":"","overlay-color":"","overlay-opacity":"","overlay-gradient":""},"mobile":{"background-color":"","background-image":"","background-repeat":"repeat","background-position":"center center","background-size":"auto","background-attachment":"scroll","background-type":"","background-media":"","overlay-type":"","overlay-color":"","overlay-opacity":"","overlay-gradient":""}},"ast-content-background-meta":{"desktop":{"background-color":"var(--ast-global-color-5)","background-image":"","background-repeat":"repeat","background-position":"center center","background-size":"auto","background-attachment":"scroll","background-type":"","background-media":"","overlay-type":"","overlay-color":"","overlay-opacity":"","overlay-gradient":""},"tablet":{"background-color":"var(--ast-global-color-5)","background-image":"","background-repeat":"repeat","background-position":"center center","background-size":"auto","background-attachment":"scroll","background-type":"","background-media":"","overlay-type":"","overlay-color":"","overlay-opacity":"","overlay-gradient":""},"mobile":{"background-color":"var(--ast-global-color-5)","background-image":"","background-repeat":"repeat","background-position":"center center","background-size":"auto","background-attachment":"scroll","background-type":"","background-media":"","overlay-type":"","overlay-color":"","overlay-opacity":"","overlay-gradient":""}}},"product_brand":[],"product_cat":[47,430,1200],"product_tag":[799,566,1334,352,189,719,466,280,1055,254],"class_list":{"0":"post-7999","1":"product","2":"type-product","3":"status-publish","4":"has-post-thumbnail","6":"product_cat-classic","7":"product_cat-men","8":"product_cat-mens-shoes-2","9":"product_tag-brogue-loafers","10":"product_tag-calfskin-shoes","11":"product_tag-classic-black-tassel-loafers","12":"product_tag-formal-loafers","13":"product_tag-goat-leather-lining","14":"product_tag-mens-leather-loafers","15":"product_tag-microlight-sole","16":"product_tag-smart-casual-shoes","17":"product_tag-tassel-shoes","18":"product_tag-wholesale-footwear","19":"desktop-align-center","20":"tablet-align-center","21":"mobile-align-center","23":"first","24":"instock","25":"shipping-taxable","26":"purchasable","27":"product-type-variable","28":"has-default-attributes"},"acf":[],"uagb_featured_image_src":{"full":["https:\/\/turkishtrade.co\/wp-content\/uploads\/2026\/01\/2600FKHMN00056-BLACK.png",453,250,false],"thumbnail":["https:\/\/turkishtrade.co\/wp-content\/uploads\/2026\/01\/2600FKHMN00056-BLACK-150x150.png",150,150,true],"medium":["https:\/\/turkishtrade.co\/wp-content\/uploads\/2026\/01\/2600FKHMN00056-BLACK-300x166.png",300,166,true],"medium_large":["https:\/\/turkishtrade.co\/wp-content\/uploads\/2026\/01\/2600FKHMN00056-BLACK.png",453,250,false],"large":["https:\/\/turkishtrade.co\/wp-content\/uploads\/2026\/01\/2600FKHMN00056-BLACK.png",453,250,false],"1536x1536":["https:\/\/turkishtrade.co\/wp-content\/uploads\/2026\/01\/2600FKHMN00056-BLACK.png",453,250,false],"2048x2048":["https:\/\/turkishtrade.co\/wp-content\/uploads\/2026\/01\/2600FKHMN00056-BLACK.png",453,250,false],"trp-custom-language-flag":["https:\/\/turkishtrade.co\/wp-content\/uploads\/2026\/01\/2600FKHMN00056-BLACK-18x10.png",18,10,true],"woocommerce_thumbnail":["https:\/\/turkishtrade.co\/wp-content\/uploads\/2026\/01\/2600FKHMN00056-BLACK-400x250.png",400,250,true],"woocommerce_single":["https:\/\/turkishtrade.co\/wp-content\/uploads\/2026\/01\/2600FKHMN00056-BLACK.png",453,250,false],"woocommerce_gallery_thumbnail":["https:\/\/turkishtrade.co\/wp-content\/uploads\/2026\/01\/2600FKHMN00056-BLACK-100x100.png",100,100,true]},"uagb_author_info":{"display_name":"python python","author_link":"https:\/\/turkishtrade.co\/tr\/author\/"},"uagb_comment_info":0,"uagb_excerpt":"Experience timeless elegance with these **Classic Black Tassel Loafers**. Crafted from premium **calfskin leather** for superior durability and style. Luxuriously lined with **goat leather** for exceptional comfort. Features a lightweight and flexible **microlight sole** for all-day wear. Adorned with stylish **tassels and subtle brogue detailing**. Available for **wholesale orders (minimum 16 pairs)**.","_links":{"self":[{"href":"https:\/\/turkishtrade.co\/tr\/wp-json\/wp\/v2\/product\/7999","targetHints":{"allow":["GET"]}}],"collection":[{"href":"https:\/\/turkishtrade.co\/tr\/wp-json\/wp\/v2\/product"}],"about":[{"href":"https:\/\/turkishtrade.co\/tr\/wp-json\/wp\/v2\/types\/product"}],"wp:featuredmedia":[{"embeddable":true,"href":"https:\/\/turkishtrade.co\/tr\/wp-json\/wp\/v2\/media\/7039"}],"wp:attachment":[{"href":"https:\/\/turkishtrade.co\/tr\/wp-json\/wp\/v2\/media?parent=7999"}],"wp:term":[{"taxonomy":"product_brand","embeddable":true,"href":"https:\/\/turkishtrade.co\/tr\/wp-json\/wp\/v2\/product_brand?post=7999"},{"taxonomy":"product_cat","embeddable":true,"href":"https:\/\/turkishtrade.co\/tr\/wp-json\/wp\/v2\/product_cat?post=7999"},{"taxonomy":"product_tag","embeddable":true,"href":"https:\/\/turkishtrade.co\/tr\/wp-json\/wp\/v2\/product_tag?post=7999"}],"curies":[{"name":"wp","href":"https:\/\/api.w.org\/{rel}","templated":true}]}}