{"id":7998,"date":"2026-01-29T14:46:45","date_gmt":"2026-01-29T14:46:45","guid":{"rendered":"https:\/\/turkishtrade.co\/?post_type=product&#038;p=7998"},"modified":"2026-04-09T20:38:37","modified_gmt":"2026-04-09T20:38:37","slug":"classic-brown-leather-dress-shoes","status":"publish","type":"product","link":"https:\/\/turkishtrade.co\/tr\/shop\/classic-brown-leather-dress-shoes\/","title":{"rendered":"Klasik Kahverengi Deri Elbise Ayakkab\u0131s\u0131 Exclusive | Kabartma Detayl\u0131"},"content":{"rendered":"<p><strong>Klasik Kahverengi Deri Elbise Ayakkab\u0131s\u0131<\/strong>. \u00d6zel kalite ve tasar\u0131m.<\/p>\n<p>Zamans\u0131z stilin ve \u00fcst\u00fcn i\u015f\u00e7ili\u011fin \u00f6z\u00fcn\u00fc bizim \u00fcr\u00fcnlerimizle ke\u015ffedin <b>Klasik Kahverengi Deri Elbise Ayakkab\u0131s\u0131<\/b>. Se\u00e7kin beyefendiler i\u00e7in tasarlanan bu ayakkab\u0131lar, geleneksel \u015f\u0131kl\u0131\u011f\u0131 modern konforla kusursuz bir \u015fekilde harmanl\u0131yor. Her bir \u00e7ift, y\u00fcksek kaliteli dana derisinden titizlikle \u00fcretilmi\u015ftir ve \u00e7ok \u00e7e\u015fitli resmi ve yar\u0131 resmi k\u0131yafetleri tamamlayan zengin, koyu kahverengi bir renk tonu sunar. S\u0131rt k\u0131sm\u0131ndaki ince ama \u00e7arp\u0131c\u0131 kabartma detay, benzersiz bir doku katarak bu ayakkab\u0131lar\u0131 s\u0131radan ayakkab\u0131lardan ay\u0131r\u0131r ve se\u00e7kin bir g\u00f6r\u00fcn\u00fcm sa\u011flar.<\/p>\n<p>\u00d6zenli yap\u0131s\u0131 sayesinde her ad\u0131mda benzersiz bir konfor ya\u015fay\u0131n. Yumu\u015fak ve nefes alabilen ke\u00e7i derisi astara sahip i\u00e7 k\u0131s\u0131m, ister zorlu bir i\u015f toplant\u0131s\u0131na ister \u00f6zel bir etkinli\u011fe kat\u0131l\u0131yor olun, ayaklar\u0131n\u0131z\u0131n g\u00fcn boyunca rahat kalmas\u0131n\u0131 sa\u011flar. Yenilik\u00e7i microlight taban sadece inan\u0131lmaz derecede hafif olup ayak yorgunlu\u011funu \u00f6nemli \u00f6l\u00e7\u00fcde azaltmakla kalmaz, ayn\u0131 zamanda \u015f\u0131k k\u0131rm\u0131z\u0131 taban\u0131 ve siyah \u00e7eki\u015f pedlerinden de anla\u015f\u0131laca\u011f\u0131 \u00fczere m\u00fckemmel dayan\u0131kl\u0131l\u0131k ve g\u00fcvenilir kavrama sa\u011flar. Birinci s\u0131n\u0131f malzemeler ve uzman tasar\u0131m\u0131n bu ola\u011fan\u00fcst\u00fc birle\u015fimi, bu ayakkab\u0131lar\u0131 <b>klasik kahverengi deri elbise ayakkab\u0131s\u0131<\/b> ki\u015fisel tarz\u0131n\u0131za ve kal\u0131c\u0131 konforunuza ger\u00e7ek bir yat\u0131r\u0131m.<\/p>\n<h3>Ustal\u0131k Rakipsiz \u00c7ok Y\u00f6nl\u00fcl\u00fckle Bulu\u015fuyor<\/h3>\n<p>Bizim <b>Klasik Kahverengi Deri Elbise Ayakkab\u0131s\u0131<\/b> bir ayakkab\u0131dan \u00e7ok daha fazlas\u0131d\u0131r; sofistike bir zevkin ve zarif bir zarafetin ifadesidir. Klasik ba\u011fc\u0131kl\u0131 tasar\u0131m g\u00fcvenli ve ayarlanabilir bir uyum sa\u011flarken, zarif siluet her t\u00fcrl\u00fc resmi duruma uygun \u015f\u0131k ve g\u00f6steri\u015fli bir g\u00f6r\u00fcn\u00fcm sunar. \u00d6zel dikim tak\u0131m elbiseler, \u015f\u0131k i\u015f pantolonlar\u0131 ve hatta \u00fcst d\u00fczey smart-casual tak\u0131mlarla e\u015fle\u015ftirmek i\u00e7in m\u00fckemmel olan bu ayakkab\u0131lar inan\u0131lmaz derecede \u00e7ok y\u00f6nl\u00fcd\u00fcr. \u0130\u015f d\u00fcnyas\u0131 profesyonelleri, d\u00fc\u011f\u00fcn davetlileri veya kusursuz bir \u015fekilde \u00fcretilmi\u015f erkek ayakkab\u0131lar\u0131n\u0131n kal\u0131c\u0131 cazibesini takdir eden herkes i\u00e7in vazge\u00e7ilmezdir. 39'dan 45'e kadar kapsaml\u0131 bir AB beden yelpazesinde mevcut olan bu ayakkab\u0131larla, \u00fcst\u00fcn kalite ve m\u00fckemmel uyum arayan geni\u015f bir m\u00fc\u015fteri kitlesine hizmet vermeye kendimizi adad\u0131k.<\/p>\n<p>Perakendeciler ve i\u015fletmeler i\u00e7in, bu zarif **Klasik Kahverengi Deri Elbise Ayakkab\u0131lar\u0131n\u0131** toptan sat\u0131\u015fa sunmaktan mutluluk duyuyoruz. Sadece 16 \u00e7iftlik uygun bir minimum sipari\u015f miktar\u0131 ile envanterinizi, hem benzersiz stil hem de i\u00e7erik arayan m\u00fc\u015fterilere s\u00fcrekli olarak hitap eden y\u00fcksek talep g\u00f6ren, y\u00fcksek kaliteli resmi ayakkab\u0131larla zahmetsizce stoklayabilirsiniz. Ayakkab\u0131 koleksiyonunuzu geli\u015ftirin ve m\u00fc\u015fterilerinize l\u00fcks konforu, zamans\u0131z tasar\u0131m\u0131 ve ger\u00e7ekten klasik bir esteti\u011fi bir araya getiren ayakkab\u0131lar sunun. Bu kusursuz tasar\u0131ml\u0131 elbise ayakkab\u0131lar\u0131n\u0131 \u00fcr\u00fcn tekliflerinize ekleme f\u0131rsat\u0131n\u0131 ka\u00e7\u0131rmay\u0131n ve sat\u0131\u015flar\u0131n\u0131z\u0131n y\u00fckseli\u015fini izleyin.<\/p>","protected":false},"excerpt":{"rendered":"<ul>\n<li>Zengin kahverengi tonunda birinci s\u0131n\u0131f dana derisi saya<\/li>\n<li>\u00dcst\u00fcn konfor i\u00e7in l\u00fcks ke\u00e7i derisi i\u00e7 astar<\/li>\n<li>Zarif k\u0131rm\u0131z\u0131 vurgulu hafif ve dayan\u0131kl\u0131 mikro hafif taban<\/li>\n<li>\u0130nce kabartmal\u0131 detaylara sahip sofistike ba\u011fc\u0131kl\u0131 tasar\u0131m<\/li>\n<li>39'dan 45'e kadar kapsaml\u0131 bir AB beden yelpazesinde mevcuttur<\/li>\n<li>Toptan sipari\u015fler memnuniyetle kar\u015f\u0131lanmaktad\u0131r (minimum 16 \u00e7ift gereklidir)<\/li>\n<\/ul>","protected":false},"featured_media":7038,"template":"","meta":{"_acf_changed":false,"_uag_custom_page_level_css":"","site-sidebar-layout":"default","site-content-layout":"","ast-site-content-layout":"default","site-content-style":"default","site-sidebar-style":"default","ast-global-header-display":"","ast-banner-title-visibility":"","ast-main-header-display":"","ast-hfb-above-header-display":"","ast-hfb-below-header-display":"","ast-hfb-mobile-header-display":"","site-post-title":"","ast-breadcrumbs-content":"","ast-featured-img":"","footer-sml-layout":"","ast-disable-related-posts":"","theme-transparent-header-meta":"","adv-header-id-meta":"","stick-header-meta":"","header-above-stick-meta":"","header-main-stick-meta":"","header-below-stick-meta":"","astra-migrate-meta-layouts":"default","ast-page-background-enabled":"default","ast-page-background-meta":{"desktop":{"background-color":"var(--ast-global-color-4)","background-image":"","background-repeat":"repeat","background-position":"center center","background-size":"auto","background-attachment":"scroll","background-type":"","background-media":"","overlay-type":"","overlay-color":"","overlay-opacity":"","overlay-gradient":""},"tablet":{"background-color":"","background-image":"","background-repeat":"repeat","background-position":"center center","background-size":"auto","background-attachment":"scroll","background-type":"","background-media":"","overlay-type":"","overlay-color":"","overlay-opacity":"","overlay-gradient":""},"mobile":{"background-color":"","background-image":"","background-repeat":"repeat","background-position":"center center","background-size":"auto","background-attachment":"scroll","background-type":"","background-media":"","overlay-type":"","overlay-color":"","overlay-opacity":"","overlay-gradient":""}},"ast-content-background-meta":{"desktop":{"background-color":"var(--ast-global-color-5)","background-image":"","background-repeat":"repeat","background-position":"center center","background-size":"auto","background-attachment":"scroll","background-type":"","background-media":"","overlay-type":"","overlay-color":"","overlay-opacity":"","overlay-gradient":""},"tablet":{"background-color":"var(--ast-global-color-5)","background-image":"","background-repeat":"repeat","background-position":"center center","background-size":"auto","background-attachment":"scroll","background-type":"","background-media":"","overlay-type":"","overlay-color":"","overlay-opacity":"","overlay-gradient":""},"mobile":{"background-color":"var(--ast-global-color-5)","background-image":"","background-repeat":"repeat","background-position":"center center","background-size":"auto","background-attachment":"scroll","background-type":"","background-media":"","overlay-type":"","overlay-color":"","overlay-opacity":"","overlay-gradient":""}}},"product_brand":[],"product_cat":[47,430,1200],"product_tag":[199,566,145,750,189,535,565,466,633],"class_list":{"0":"post-7998","1":"product","2":"type-product","3":"status-publish","4":"has-post-thumbnail","6":"product_cat-classic","7":"product_cat-men","8":"product_cat-mens-shoes-2","9":"product_tag-brown-dress-shoes","10":"product_tag-calfskin-shoes","11":"product_tag-classic-shoes","12":"product_tag-embossed-leather-shoes","13":"product_tag-goat-leather-lining","14":"product_tag-leather-dress-shoes","15":"product_tag-mens-formal-shoes","16":"product_tag-microlight-sole","17":"product_tag-wholesale-dress-shoes","18":"desktop-align-center","19":"tablet-align-center","20":"mobile-align-center","22":"first","23":"instock","24":"shipping-taxable","25":"purchasable","26":"product-type-variable","27":"has-default-attributes"},"acf":[],"uagb_featured_image_src":{"full":["https:\/\/turkishtrade.co\/wp-content\/uploads\/2026\/01\/2600FKHMN00055-DARK-BROWN.png",453,250,false],"thumbnail":["https:\/\/turkishtrade.co\/wp-content\/uploads\/2026\/01\/2600FKHMN00055-DARK-BROWN-150x150.png",150,150,true],"medium":["https:\/\/turkishtrade.co\/wp-content\/uploads\/2026\/01\/2600FKHMN00055-DARK-BROWN-300x166.png",300,166,true],"medium_large":["https:\/\/turkishtrade.co\/wp-content\/uploads\/2026\/01\/2600FKHMN00055-DARK-BROWN.png",453,250,false],"large":["https:\/\/turkishtrade.co\/wp-content\/uploads\/2026\/01\/2600FKHMN00055-DARK-BROWN.png",453,250,false],"1536x1536":["https:\/\/turkishtrade.co\/wp-content\/uploads\/2026\/01\/2600FKHMN00055-DARK-BROWN.png",453,250,false],"2048x2048":["https:\/\/turkishtrade.co\/wp-content\/uploads\/2026\/01\/2600FKHMN00055-DARK-BROWN.png",453,250,false],"trp-custom-language-flag":["https:\/\/turkishtrade.co\/wp-content\/uploads\/2026\/01\/2600FKHMN00055-DARK-BROWN-18x10.png",18,10,true],"woocommerce_thumbnail":["https:\/\/turkishtrade.co\/wp-content\/uploads\/2026\/01\/2600FKHMN00055-DARK-BROWN-400x250.png",400,250,true],"woocommerce_single":["https:\/\/turkishtrade.co\/wp-content\/uploads\/2026\/01\/2600FKHMN00055-DARK-BROWN.png",453,250,false],"woocommerce_gallery_thumbnail":["https:\/\/turkishtrade.co\/wp-content\/uploads\/2026\/01\/2600FKHMN00055-DARK-BROWN-100x100.png",100,100,true]},"uagb_author_info":{"display_name":"python python","author_link":"https:\/\/turkishtrade.co\/tr\/author\/"},"uagb_comment_info":0,"uagb_excerpt":"Premium calfskin leather upper in a rich brown hue Luxurious goat leather interior lining for ultimate comfort Lightweight and durable microlight sole with elegant red accent Sophisticated lace-up design featuring subtle embossed detailing Available in a comprehensive range of EU sizes from 39 to 45 Wholesale orders are warmly welcomed (minimum 16 pairs required)","_links":{"self":[{"href":"https:\/\/turkishtrade.co\/tr\/wp-json\/wp\/v2\/product\/7998","targetHints":{"allow":["GET"]}}],"collection":[{"href":"https:\/\/turkishtrade.co\/tr\/wp-json\/wp\/v2\/product"}],"about":[{"href":"https:\/\/turkishtrade.co\/tr\/wp-json\/wp\/v2\/types\/product"}],"wp:featuredmedia":[{"embeddable":true,"href":"https:\/\/turkishtrade.co\/tr\/wp-json\/wp\/v2\/media\/7038"}],"wp:attachment":[{"href":"https:\/\/turkishtrade.co\/tr\/wp-json\/wp\/v2\/media?parent=7998"}],"wp:term":[{"taxonomy":"product_brand","embeddable":true,"href":"https:\/\/turkishtrade.co\/tr\/wp-json\/wp\/v2\/product_brand?post=7998"},{"taxonomy":"product_cat","embeddable":true,"href":"https:\/\/turkishtrade.co\/tr\/wp-json\/wp\/v2\/product_cat?post=7998"},{"taxonomy":"product_tag","embeddable":true,"href":"https:\/\/turkishtrade.co\/tr\/wp-json\/wp\/v2\/product_tag?post=7998"}],"curies":[{"name":"wp","href":"https:\/\/api.w.org\/{rel}","templated":true}]}}