{"id":7997,"date":"2026-01-29T14:46:45","date_gmt":"2026-01-29T14:46:45","guid":{"rendered":"https:\/\/turkishtrade.co\/?post_type=product&#038;p=7997"},"modified":"2026-04-09T20:38:39","modified_gmt":"2026-04-09T20:38:39","slug":"mens-classic-leather-loafers-9","status":"publish","type":"product","link":"https:\/\/turkishtrade.co\/tr\/shop\/mens-classic-leather-loafers-9\/","title":{"rendered":"Erkek Klasik Deri Loafer Proven | Erkek Klasik Kahverengi Deri Loafer"},"content":{"rendered":"<p><strong>Erkek Klasik Deri Loafer'lar<\/strong>. Kan\u0131tlanm\u0131\u015f kalite ve tasar\u0131m.<\/p>\n<p>Ayakkab\u0131 koleksiyonunuzu se\u00e7kin \u00fcr\u00fcnlerimizle geli\u015ftirin <b>Erkek Klasik Deri Loafer'lar<\/b>. Hem zamans\u0131z stili hem de benzersiz konforu takdir eden se\u00e7ici beyefendiler i\u00e7in tasarlanan bu mokasen ayakkab\u0131lar, \u00fcst\u00fcn i\u015f\u00e7ili\u011fin ger\u00e7ek bir kan\u0131t\u0131d\u0131r. Bunlar\u0131n her bir \u00e7ifti <b>Erkekler i\u00e7in Klasik Deri Loaferlar<\/b> dayan\u0131kl\u0131l\u0131\u011f\u0131 ve l\u00fcks \u00e7ak\u0131ll\u0131 g\u00f6r\u00fcn\u00fcm\u00fcyle tan\u0131nan birinci s\u0131n\u0131f dana derisi kullan\u0131larak titizlikle elde \u00fcretilmi\u015ftir. Sofistike siyah burun kapa\u011f\u0131 ve topuk ile zarif bir \u015fekilde vurgulanan zengin kahverengi tonu, \u00e7e\u015fitli k\u0131yafetleri zahmetsizce tamamlayan se\u00e7kin bir iki tonlu etki yarat\u0131r.<\/p>\n<h3>E\u015fsiz Konfor ve Kaliteli Malzemeler<\/h3>\n<p>Her ad\u0131mda ho\u015f bir his sa\u011flayan yumu\u015fak ve nefes alabilen ke\u00e7i derisi astar sayesinde aya\u011f\u0131n\u0131za ge\u00e7irdi\u011finiz andan itibaren \u00fcst\u00fcn konforu ya\u015fay\u0131n. Yenilik\u00e7i microlight taban ola\u011fan\u00fcst\u00fc hafiflik ve esneklik sa\u011flayarak bu ayakkab\u0131y\u0131 <b>Erkek Klasik Deri Loafer'lar<\/b> \u0130ster \u015fehir sokaklar\u0131nda geziniyor ister \u00f6zel bir etkinli\u011fe kat\u0131l\u0131yor olun, ayaklar\u0131n\u0131zda ge\u00e7irece\u011finiz uzun g\u00fcnler i\u00e7in idealdir. S\u0131rt k\u0131sm\u0131ndaki benzersiz \u00f6rg\u00fcl\u00fc kay\u0131\u015f detay\u0131, bu mokasen ayakkab\u0131y\u0131 s\u0131radanl\u0131ktan ay\u0131ran ve sofistike tasar\u0131m\u0131n\u0131 vurgulayan rafine bir zarafet dokunu\u015fu katar.<\/p>\n<h3>Her Durum i\u00e7in \u00c7ok Y\u00f6nl\u00fcl\u00fck<\/h3>\n<p>Bizim <b>Erkek Klasik Deri Loafer'lar<\/b> 39'dan 45'e kadar kapsaml\u0131 bir Avrupa beden yelpazesinde mevcuttur ve geni\u015f bir m\u00fc\u015fteri yelpazesi i\u00e7in m\u00fckemmel bir uyum sa\u011flar. Bunlar sadece ayakkab\u0131 de\u011fil; kal\u0131c\u0131 stil ve konfora yap\u0131lan bir yat\u0131r\u0131md\u0131r. G\u00fcnl\u00fck i\u015f k\u0131yafetleri, \u015f\u0131k hafta sonu g\u00f6r\u00fcn\u00fcmleri ve hatta yar\u0131 resmi etkinlikler i\u00e7in m\u00fckemmel olan bu ayakkab\u0131lar\u0131n \u00e7ok y\u00f6nl\u00fcl\u00fc\u011f\u00fc e\u015fsizdir. G\u00f6steri\u015fli bir profesyonel g\u00f6r\u00fcn\u00fcm i\u00e7in \u00f6zel dikim pantolonlarla veya sofistike ama rahat bir kombin i\u00e7in chino pantolonlarla e\u015fle\u015ftirin. Dayan\u0131kl\u0131 yap\u0131s\u0131 ve kaliteli malzemeleri sayesinde bu <b>Erkekler i\u00e7in Klasik Loaferlar<\/b> zaman i\u00e7inde bozulmam\u0131\u015f g\u00f6r\u00fcn\u00fcmlerini koruyarak uzun \u00f6m\u00fcrl\u00fc olacak \u015fekilde \u00fcretilmi\u015ftir.<\/p>\n<h3>Perakendeciler i\u00e7in Toptan Sat\u0131\u015f F\u0131rsat\u0131<\/h3>\n<p>Y\u00fcksek kaliteli ayakkab\u0131lar sunmak isteyen perakendeciler ve i\u015fletmeler i\u00e7in bu <b>Erkek Klasik Deri Loafer'lar<\/b> toptan sat\u0131n al\u0131nabilir. Minimum 16 \u00e7ift sipari\u015f miktar\u0131yla, m\u00fc\u015fteri memnuniyeti ve i\u015f tekrar\u0131 vaat eden bir \u00fcr\u00fcn\u00fc stoklayabilirsiniz. M\u00fc\u015fterilerinizi geleneksel tasar\u0131m ve \u00e7a\u011fda\u015f konforun m\u00fckemmel kar\u0131\u015f\u0131m\u0131yla tan\u0131\u015ft\u0131r\u0131n. <b>Erkekler i\u00e7in Klasik Deri Loaferlar<\/b>. Kaliteye yat\u0131r\u0131m yap\u0131n, stile yat\u0131r\u0131m yap\u0131n ve m\u00fckemmel zevki yans\u0131tan ayakkab\u0131lar se\u00e7in.<\/p>","protected":false},"excerpt":{"rendered":"<ul>\n<li>Premium Dana Derisi Saya<\/li>\n<li>Yumu\u015fak Ke\u00e7i Derisi Astar<\/li>\n<li>Geli\u015fmi\u015f Konfor i\u00e7in Hafif Microlight Taban<\/li>\n<li>Zarif \u00d6rg\u00fcl\u00fc Kay\u0131\u015f Detay\u0131na Sahip Klasik Tasar\u0131m<\/li>\n<li>Toptan Al\u0131m i\u00e7in Mevcuttur (Minimum Sipari\u015f: 16 \u00c7ift)<\/li>\n<\/ul>","protected":false},"featured_media":7037,"template":"","meta":{"_acf_changed":false,"_uag_custom_page_level_css":"","site-sidebar-layout":"default","site-content-layout":"","ast-site-content-layout":"default","site-content-style":"default","site-sidebar-style":"default","ast-global-header-display":"","ast-banner-title-visibility":"","ast-main-header-display":"","ast-hfb-above-header-display":"","ast-hfb-below-header-display":"","ast-hfb-mobile-header-display":"","site-post-title":"","ast-breadcrumbs-content":"","ast-featured-img":"","footer-sml-layout":"","ast-disable-related-posts":"","theme-transparent-header-meta":"","adv-header-id-meta":"","stick-header-meta":"","header-above-stick-meta":"","header-main-stick-meta":"","header-below-stick-meta":"","astra-migrate-meta-layouts":"default","ast-page-background-enabled":"default","ast-page-background-meta":{"desktop":{"background-color":"var(--ast-global-color-4)","background-image":"","background-repeat":"repeat","background-position":"center center","background-size":"auto","background-attachment":"scroll","background-type":"","background-media":"","overlay-type":"","overlay-color":"","overlay-opacity":"","overlay-gradient":""},"tablet":{"background-color":"","background-image":"","background-repeat":"repeat","background-position":"center center","background-size":"auto","background-attachment":"scroll","background-type":"","background-media":"","overlay-type":"","overlay-color":"","overlay-opacity":"","overlay-gradient":""},"mobile":{"background-color":"","background-image":"","background-repeat":"repeat","background-position":"center center","background-size":"auto","background-attachment":"scroll","background-type":"","background-media":"","overlay-type":"","overlay-color":"","overlay-opacity":"","overlay-gradient":""}},"ast-content-background-meta":{"desktop":{"background-color":"var(--ast-global-color-5)","background-image":"","background-repeat":"repeat","background-position":"center center","background-size":"auto","background-attachment":"scroll","background-type":"","background-media":"","overlay-type":"","overlay-color":"","overlay-opacity":"","overlay-gradient":""},"tablet":{"background-color":"var(--ast-global-color-5)","background-image":"","background-repeat":"repeat","background-position":"center center","background-size":"auto","background-attachment":"scroll","background-type":"","background-media":"","overlay-type":"","overlay-color":"","overlay-opacity":"","overlay-gradient":""},"mobile":{"background-color":"var(--ast-global-color-5)","background-image":"","background-repeat":"repeat","background-position":"center center","background-size":"auto","background-attachment":"scroll","background-type":"","background-media":"","overlay-type":"","overlay-color":"","overlay-opacity":"","overlay-gradient":""}}},"product_brand":[],"product_cat":[47,430,1200],"product_tag":[147,566,457,950,189,215,324,186,466,254],"class_list":{"0":"post-7997","1":"product","2":"type-product","3":"status-publish","4":"has-post-thumbnail","6":"product_cat-classic","7":"product_cat-men","8":"product_cat-mens-shoes-2","9":"product_tag-brown-loafers","10":"product_tag-calfskin-shoes","11":"product_tag-classic-loafers","12":"product_tag-comfort-loafers","13":"product_tag-goat-leather-lining","14":"product_tag-leather-loafers","15":"product_tag-mens-dress-shoes","16":"product_tag-mens-loafers","17":"product_tag-microlight-sole","18":"product_tag-wholesale-footwear","19":"desktop-align-center","20":"tablet-align-center","21":"mobile-align-center","23":"first","24":"instock","25":"shipping-taxable","26":"purchasable","27":"product-type-variable","28":"has-default-attributes"},"acf":[],"uagb_featured_image_src":{"full":["https:\/\/turkishtrade.co\/wp-content\/uploads\/2026\/01\/2600FKHMN00054-BROWN.png",453,250,false],"thumbnail":["https:\/\/turkishtrade.co\/wp-content\/uploads\/2026\/01\/2600FKHMN00054-BROWN-150x150.png",150,150,true],"medium":["https:\/\/turkishtrade.co\/wp-content\/uploads\/2026\/01\/2600FKHMN00054-BROWN-300x166.png",300,166,true],"medium_large":["https:\/\/turkishtrade.co\/wp-content\/uploads\/2026\/01\/2600FKHMN00054-BROWN.png",453,250,false],"large":["https:\/\/turkishtrade.co\/wp-content\/uploads\/2026\/01\/2600FKHMN00054-BROWN.png",453,250,false],"1536x1536":["https:\/\/turkishtrade.co\/wp-content\/uploads\/2026\/01\/2600FKHMN00054-BROWN.png",453,250,false],"2048x2048":["https:\/\/turkishtrade.co\/wp-content\/uploads\/2026\/01\/2600FKHMN00054-BROWN.png",453,250,false],"trp-custom-language-flag":["https:\/\/turkishtrade.co\/wp-content\/uploads\/2026\/01\/2600FKHMN00054-BROWN-18x10.png",18,10,true],"woocommerce_thumbnail":["https:\/\/turkishtrade.co\/wp-content\/uploads\/2026\/01\/2600FKHMN00054-BROWN-400x250.png",400,250,true],"woocommerce_single":["https:\/\/turkishtrade.co\/wp-content\/uploads\/2026\/01\/2600FKHMN00054-BROWN.png",453,250,false],"woocommerce_gallery_thumbnail":["https:\/\/turkishtrade.co\/wp-content\/uploads\/2026\/01\/2600FKHMN00054-BROWN-100x100.png",100,100,true]},"uagb_author_info":{"display_name":"python python","author_link":"https:\/\/turkishtrade.co\/tr\/author\/"},"uagb_comment_info":0,"uagb_excerpt":"Premium Calfskin Leather Upper Soft Goat Leather Lining Lightweight Microlight Sole for Enhanced Comfort Classic Design with Refined Braided Strap Detail Available for Wholesale Purchase (Minimum Order: 16 Pairs)","_links":{"self":[{"href":"https:\/\/turkishtrade.co\/tr\/wp-json\/wp\/v2\/product\/7997","targetHints":{"allow":["GET"]}}],"collection":[{"href":"https:\/\/turkishtrade.co\/tr\/wp-json\/wp\/v2\/product"}],"about":[{"href":"https:\/\/turkishtrade.co\/tr\/wp-json\/wp\/v2\/types\/product"}],"wp:featuredmedia":[{"embeddable":true,"href":"https:\/\/turkishtrade.co\/tr\/wp-json\/wp\/v2\/media\/7037"}],"wp:attachment":[{"href":"https:\/\/turkishtrade.co\/tr\/wp-json\/wp\/v2\/media?parent=7997"}],"wp:term":[{"taxonomy":"product_brand","embeddable":true,"href":"https:\/\/turkishtrade.co\/tr\/wp-json\/wp\/v2\/product_brand?post=7997"},{"taxonomy":"product_cat","embeddable":true,"href":"https:\/\/turkishtrade.co\/tr\/wp-json\/wp\/v2\/product_cat?post=7997"},{"taxonomy":"product_tag","embeddable":true,"href":"https:\/\/turkishtrade.co\/tr\/wp-json\/wp\/v2\/product_tag?post=7997"}],"curies":[{"name":"wp","href":"https:\/\/api.w.org\/{rel}","templated":true}]}}