{"id":7996,"date":"2026-01-29T14:46:44","date_gmt":"2026-01-29T14:46:44","guid":{"rendered":"https:\/\/turkishtrade.co\/?post_type=product&#038;p=7996"},"modified":"2026-04-09T20:38:41","modified_gmt":"2026-04-09T20:38:41","slug":"mens-brown-leather-monk-strap-shoes-3","status":"publish","type":"product","link":"https:\/\/turkishtrade.co\/tr\/shop\/mens-brown-leather-monk-strap-shoes-3\/","title":{"rendered":"Erkek Kahverengi Deri Monk Strap Ayakkab\u0131 En \u00c7ok Satan | Erkek Klasik Kahverengi Krok Kabartmal\u0131 Deri"},"content":{"rendered":"<p><strong>Erkek Kahverengi Deri Monk Kay\u0131\u015fl\u0131 Ayakkab\u0131<\/strong>. En \u00c7ok Satan kalite ve tasar\u0131m.<\/p>\n<p>Se\u00e7kin \u00fcr\u00fcnlerimizle benzersiz bir sofistikeli\u011fe ad\u0131m at\u0131n <strong>Erkek Kahverengi Deri Monk Kay\u0131\u015fl\u0131 Ayakkab\u0131<\/strong>. Bu zarif ayakkab\u0131lar bir ayakkab\u0131dan \u00e7ok daha fazlas\u0131d\u0131r; se\u00e7ici beyefendiler i\u00e7in titizlikle haz\u0131rlanm\u0131\u015f, zamans\u0131z \u015f\u0131kl\u0131\u011f\u0131n ve modern konforun bir ifadesidir. Bizim <strong>Erkek Kahverengi Deri Monk Kay\u0131\u015fl\u0131 Ayakkab\u0131<\/strong> Geleneksel tasar\u0131m\u0131 \u00e7a\u011fda\u015f \u00f6zelliklerle kusursuz bir \u015fekilde harmanlayarak ister bir i\u015f toplant\u0131s\u0131nda ister \u00f6zel bir etkinlikte \u015f\u0131k g\u00f6r\u00fcnmenizi ve kendinizi harika hissetmenizi sa\u011flar.<\/p>\n<h3>Rakipsiz \u0130\u015f\u00e7ili\u011fi Deneyimleyin<\/h3>\n<p>Bu klasik ke\u015fi\u015f kay\u0131\u015fl\u0131 ayakkab\u0131lar\u0131n her bir \u00e7ifti \u00fcst\u00fcn i\u015f\u00e7ili\u011fin bir kan\u0131t\u0131d\u0131r. Birinci s\u0131n\u0131f dana derisinden \u00fcretilen \u00fcst k\u0131s\u0131m, dayan\u0131kl\u0131l\u0131k ve sadece ya\u015fland\u0131k\u00e7a geli\u015fen l\u00fcks bir his vaat eder. \u0130\u00e7 k\u0131sm\u0131 yumu\u015fak, nefes alabilen ke\u00e7i derisiyle astarlanm\u0131\u015ft\u0131r ve giydi\u011finiz andan itibaren inan\u0131lmaz rahat bir deneyim sunar. Malzeme se\u00e7iminde detaylara g\u00f6sterilen bu \u00f6zen, ayakkab\u0131lar\u0131m\u0131z\u0131n <strong>Erkek Kahverengi Deri Monk Kay\u0131\u015fl\u0131 Ayakkab\u0131<\/strong> uzun s\u00fcreli a\u015f\u0131nma ve ola\u011fan\u00fcst\u00fc konfor sa\u011flar.<\/p>\n<h3>Timsah Kabartmal\u0131 Tasar\u0131m\u0131n Cazibesi<\/h3>\n<p>Bu ayakkab\u0131lar\u0131 di\u011ferlerinden ay\u0131ran en \u00f6nemli \u00f6zellik e\u015fsiz esteti\u011fidir. Burun ve vampir, zengin kahverengi deriye egzotik bir hava ve sofistike bir dokunu\u015f katan ay\u0131rt edici bir timsah kabartmal\u0131 dokuya sahiptir. Bu ince ama \u00e7arp\u0131c\u0131 detay, kay\u0131\u015f ve topu\u011fun p\u00fcr\u00fczs\u00fcz, taneli derisiyle g\u00fczel bir kontrast olu\u015fturarak dinamik bir g\u00f6rsel \u00e7ekicilik yarat\u0131r. Zarif bir toka ile sabitlenen klasik tekli monk kay\u0131\u015f, ayakkab\u0131n\u0131n se\u00e7kin g\u00f6r\u00fcn\u00fcm\u00fcne katk\u0131da bulunmakla kalmaz, ayn\u0131 zamanda g\u00fcvenli ve ayarlanabilir bir uyum sa\u011flar. Bunlar <strong>Erkek Kahverengi Deri Monk Kay\u0131\u015fl\u0131 Ayakkab\u0131<\/strong> dikkat \u00e7ekmek ve her t\u00fcrl\u00fc resmi veya \u015f\u0131k g\u00fcndelik k\u0131yafeti tamamlamak i\u00e7in tasarlanm\u0131\u015ft\u0131r.<\/p>\n<h3>Her Ad\u0131mda Konfor ve Dayan\u0131kl\u0131l\u0131k<\/h3>\n<p>\u00c7arp\u0131c\u0131 g\u00f6r\u00fcn\u00fcmlerinin \u00f6tesinde, bu <strong>Erkek Kahverengi Deri Monk Kay\u0131\u015fl\u0131 Ayakkab\u0131<\/strong> \u00fcst\u00fcn konfor ve esneklik i\u00e7in tasarlanm\u0131\u015ft\u0131r. Mikrolight taban ola\u011fan\u00fcst\u00fc hafiflik ve esneklik sa\u011flayarak uzun saatler kullan\u0131mdan sonra bile ayak yorgunlu\u011funu azalt\u0131r. Bu yenilik\u00e7i taban teknolojisi m\u00fckemmel kavrama ve \u015fok emilimi sunarak her ad\u0131m\u0131n zahmetsizce at\u0131lmas\u0131n\u0131 sa\u011flar. Birinci s\u0131n\u0131f dana derisi, ke\u00e7i derisi astar ve dayan\u0131kl\u0131 microlight taban\u0131n birle\u015fimi, bu ayakkab\u0131lar\u0131n sadece \u015f\u0131k de\u011fil, ayn\u0131 zamanda gard\u0131robunuza pratik ve uzun \u00f6m\u00fcrl\u00fc bir katk\u0131 olmas\u0131n\u0131 garanti eder.<\/p>\n<h3>Premium Ayakkab\u0131lar i\u00e7in Toptan Sat\u0131\u015f F\u0131rsat\u0131<\/h3>\n<p>Y\u00fcksek kaliteli, \u015f\u0131k erkek ayakkab\u0131s\u0131 sunmak isteyen perakendeciler ve i\u015fletmeler i\u00e7in <strong>Erkek Kahverengi Deri Monk Kay\u0131\u015fl\u0131 Ayakkab\u0131<\/strong> toptan sat\u0131\u015f i\u00e7in mevcuttur. Minimum 16 \u00e7ift sipari\u015f miktar\u0131yla, m\u00fc\u015fterilerinizin taleplerini kar\u015f\u0131lamak i\u00e7in \u00e7e\u015fitli bedenleri (39-45) stoklayabilirsiniz. Bu klasik ve \u00e7a\u011fda\u015f monk kay\u0131\u015fl\u0131 ayakkab\u0131lar, l\u00fcks malzemeleri ve uzman i\u015f\u00e7ili\u011fi takdir eden moda bilincine sahip m\u00fc\u015fteriler i\u00e7in ideal bir se\u00e7imdir. M\u00fc\u015fterilerinize kalite ve stil a\u00e7\u0131s\u0131ndan \u00f6ne \u00e7\u0131kan bir \u00fcr\u00fcn sunmak i\u00e7in bizimle i\u015f ortakl\u0131\u011f\u0131 yap\u0131n.<\/p>","protected":false},"excerpt":{"rendered":"<ul>\n<li>Birinci s\u0131n\u0131f dana derisinden el yap\u0131m\u0131<\/li>\n<li>Kendine \u00f6zg\u00fc timsah kabartmal\u0131 burun ve vamp tasar\u0131m\u0131na sahiptir<\/li>\n<li>\u00dcst\u00fcn konfor i\u00e7in l\u00fcks ke\u00e7i derisi astar<\/li>\n<li>T\u00fcm g\u00fcn kullan\u0131m i\u00e7in hafif ve dayan\u0131kl\u0131 mikro hafif taban<\/li>\n<li>\u015e\u0131k toka kapamal\u0131 klasik tekli monk kay\u0131\u015f<\/li>\n<li>39, 40, 41, 42, 43, 44, 45 bedenlerde mevcuttur<\/li>\n<li>Toptan sipari\u015fler kabul edilir (minimum sipari\u015f: 16 \u00e7ift)<\/li>\n<\/ul>","protected":false},"featured_media":7036,"template":"","meta":{"_acf_changed":false,"_uag_custom_page_level_css":"","site-sidebar-layout":"default","site-content-layout":"","ast-site-content-layout":"default","site-content-style":"default","site-sidebar-style":"default","ast-global-header-display":"","ast-banner-title-visibility":"","ast-main-header-display":"","ast-hfb-above-header-display":"","ast-hfb-below-header-display":"","ast-hfb-mobile-header-display":"","site-post-title":"","ast-breadcrumbs-content":"","ast-featured-img":"","footer-sml-layout":"","ast-disable-related-posts":"","theme-transparent-header-meta":"","adv-header-id-meta":"","stick-header-meta":"","header-above-stick-meta":"","header-main-stick-meta":"","header-below-stick-meta":"","astra-migrate-meta-layouts":"default","ast-page-background-enabled":"default","ast-page-background-meta":{"desktop":{"background-color":"var(--ast-global-color-4)","background-image":"","background-repeat":"repeat","background-position":"center center","background-size":"auto","background-attachment":"scroll","background-type":"","background-media":"","overlay-type":"","overlay-color":"","overlay-opacity":"","overlay-gradient":""},"tablet":{"background-color":"","background-image":"","background-repeat":"repeat","background-position":"center center","background-size":"auto","background-attachment":"scroll","background-type":"","background-media":"","overlay-type":"","overlay-color":"","overlay-opacity":"","overlay-gradient":""},"mobile":{"background-color":"","background-image":"","background-repeat":"repeat","background-position":"center center","background-size":"auto","background-attachment":"scroll","background-type":"","background-media":"","overlay-type":"","overlay-color":"","overlay-opacity":"","overlay-gradient":""}},"ast-content-background-meta":{"desktop":{"background-color":"var(--ast-global-color-5)","background-image":"","background-repeat":"repeat","background-position":"center center","background-size":"auto","background-attachment":"scroll","background-type":"","background-media":"","overlay-type":"","overlay-color":"","overlay-opacity":"","overlay-gradient":""},"tablet":{"background-color":"var(--ast-global-color-5)","background-image":"","background-repeat":"repeat","background-position":"center center","background-size":"auto","background-attachment":"scroll","background-type":"","background-media":"","overlay-type":"","overlay-color":"","overlay-opacity":"","overlay-gradient":""},"mobile":{"background-color":"var(--ast-global-color-5)","background-image":"","background-repeat":"repeat","background-position":"center center","background-size":"auto","background-attachment":"scroll","background-type":"","background-media":"","overlay-type":"","overlay-color":"","overlay-opacity":"","overlay-gradient":""}}},"product_brand":[],"product_cat":[47,430,1200],"product_tag":[292,405,566,1333,251,189,324,466,508,262],"class_list":{"0":"post-7996","1":"product","2":"type-product","3":"status-publish","4":"has-post-thumbnail","6":"product_cat-classic","7":"product_cat-men","8":"product_cat-mens-shoes-2","9":"product_tag-brown-leather-shoes","10":"product_tag-business-shoes","11":"product_tag-calfskin-shoes","12":"product_tag-classic-monk-shoes","13":"product_tag-formal-shoes","14":"product_tag-goat-leather-lining","15":"product_tag-mens-dress-shoes","16":"product_tag-microlight-sole","17":"product_tag-single-monk-strap","18":"product_tag-wholesale-mens-shoes","19":"desktop-align-center","20":"tablet-align-center","21":"mobile-align-center","23":"first","24":"instock","25":"shipping-taxable","26":"purchasable","27":"product-type-variable","28":"has-default-attributes"},"acf":[],"uagb_featured_image_src":{"full":["https:\/\/turkishtrade.co\/wp-content\/uploads\/2026\/01\/2600FKHMN00053-BROWN.png",453,250,false],"thumbnail":["https:\/\/turkishtrade.co\/wp-content\/uploads\/2026\/01\/2600FKHMN00053-BROWN-150x150.png",150,150,true],"medium":["https:\/\/turkishtrade.co\/wp-content\/uploads\/2026\/01\/2600FKHMN00053-BROWN-300x166.png",300,166,true],"medium_large":["https:\/\/turkishtrade.co\/wp-content\/uploads\/2026\/01\/2600FKHMN00053-BROWN.png",453,250,false],"large":["https:\/\/turkishtrade.co\/wp-content\/uploads\/2026\/01\/2600FKHMN00053-BROWN.png",453,250,false],"1536x1536":["https:\/\/turkishtrade.co\/wp-content\/uploads\/2026\/01\/2600FKHMN00053-BROWN.png",453,250,false],"2048x2048":["https:\/\/turkishtrade.co\/wp-content\/uploads\/2026\/01\/2600FKHMN00053-BROWN.png",453,250,false],"trp-custom-language-flag":["https:\/\/turkishtrade.co\/wp-content\/uploads\/2026\/01\/2600FKHMN00053-BROWN-18x10.png",18,10,true],"woocommerce_thumbnail":["https:\/\/turkishtrade.co\/wp-content\/uploads\/2026\/01\/2600FKHMN00053-BROWN-400x250.png",400,250,true],"woocommerce_single":["https:\/\/turkishtrade.co\/wp-content\/uploads\/2026\/01\/2600FKHMN00053-BROWN.png",453,250,false],"woocommerce_gallery_thumbnail":["https:\/\/turkishtrade.co\/wp-content\/uploads\/2026\/01\/2600FKHMN00053-BROWN-100x100.png",100,100,true]},"uagb_author_info":{"display_name":"python python","author_link":"https:\/\/turkishtrade.co\/tr\/author\/"},"uagb_comment_info":0,"uagb_excerpt":"Handcrafted from premium calfskin leather Features a distinctive croc-embossed toe and vamp design Luxurious goat leather lining for superior comfort Lightweight and durable microlight sole for all-day wear Classic single monk strap with a sleek buckle closure Available in sizes 39, 40, 41, 42, 43, 44, 45 Wholesale orders are welcome (minimum order: 16 pairs)","_links":{"self":[{"href":"https:\/\/turkishtrade.co\/tr\/wp-json\/wp\/v2\/product\/7996","targetHints":{"allow":["GET"]}}],"collection":[{"href":"https:\/\/turkishtrade.co\/tr\/wp-json\/wp\/v2\/product"}],"about":[{"href":"https:\/\/turkishtrade.co\/tr\/wp-json\/wp\/v2\/types\/product"}],"wp:featuredmedia":[{"embeddable":true,"href":"https:\/\/turkishtrade.co\/tr\/wp-json\/wp\/v2\/media\/7036"}],"wp:attachment":[{"href":"https:\/\/turkishtrade.co\/tr\/wp-json\/wp\/v2\/media?parent=7996"}],"wp:term":[{"taxonomy":"product_brand","embeddable":true,"href":"https:\/\/turkishtrade.co\/tr\/wp-json\/wp\/v2\/product_brand?post=7996"},{"taxonomy":"product_cat","embeddable":true,"href":"https:\/\/turkishtrade.co\/tr\/wp-json\/wp\/v2\/product_cat?post=7996"},{"taxonomy":"product_tag","embeddable":true,"href":"https:\/\/turkishtrade.co\/tr\/wp-json\/wp\/v2\/product_tag?post=7996"}],"curies":[{"name":"wp","href":"https:\/\/api.w.org\/{rel}","templated":true}]}}