{"id":7995,"date":"2026-01-29T14:46:44","date_gmt":"2026-01-29T14:46:44","guid":{"rendered":"https:\/\/turkishtrade.co\/?post_type=product&#038;p=7995"},"modified":"2026-04-09T20:38:44","modified_gmt":"2026-04-09T20:38:44","slug":"mens-black-calf-leather-oxford-shoes-2","status":"publish","type":"product","link":"https:\/\/turkishtrade.co\/tr\/shop\/mens-black-calf-leather-oxford-shoes-2\/","title":{"rendered":"Erkek Siyah Dana Derisi Oxford Ayakkab\u0131 Authentic | Classic"},"content":{"rendered":"<p>Zamans\u0131z \u015f\u0131kl\u0131\u011fa ad\u0131m at\u0131n <strong>Klasik Erkek Siyah Dana Derisi Oxford Ayakkab\u0131<\/strong>. Se\u00e7kin beyefendiler i\u00e7in \u00fcretilen bu ayakkab\u0131lar, modern konforla kayna\u015fm\u0131\u015f geleneksel tasar\u0131m\u0131n zirvesini temsil ediyor. Zengin dana derisi sayadan yenilik\u00e7i microlight tabana kadar her ayr\u0131nt\u0131, benzersiz bir kullan\u0131m deneyimi sunmak i\u00e7in titizlikle d\u00fc\u015f\u00fcn\u00fclm\u00fc\u015ft\u00fcr. Bu klasik Erkek Siyah Dana Derisi Oxford Ayakkab\u0131 sadece bir ayakkab\u0131 de\u011fil; stil ve kal\u0131c\u0131 kaliteye yap\u0131lan bir yat\u0131r\u0131md\u0131r.<\/p>\n<h3>Benzersiz \u0130\u015f\u00e7ilik ve Birinci S\u0131n\u0131f Malzemeler<\/h3>\n<p>Erkek Siyah Dana Derisi Oxford Ayakkab\u0131lar\u0131m\u0131z yaln\u0131zca en iyi malzemeler kullan\u0131larak \u00fcretilmi\u015ftir. D\u0131\u015f y\u00fczeyi, dayan\u0131kl\u0131l\u0131\u011f\u0131, p\u00fcr\u00fczs\u00fcz dokusu ve ya\u015fland\u0131k\u00e7a derinle\u015fen zarif parlakl\u0131\u011f\u0131 ile tan\u0131nan esnek, y\u00fcksek kaliteli dana derisine sahiptir. \u0130\u00e7 k\u0131s\u0131mda, ayaklar\u0131n\u0131z g\u00fcn boyunca en \u00fcst d\u00fczeyde konfor i\u00e7in \u00fcst\u00fcn yumu\u015fakl\u0131k, nefes alabilirlik ve nem emme \u00f6zellikleri sa\u011flayan l\u00fcks ke\u00e7i derisi astarla sar\u0131l\u0131r. \u00c7arp\u0131c\u0131 k\u0131rm\u0131z\u0131 ve siyah tasar\u0131m\u0131yla g\u00f6ze \u00e7arpan ay\u0131rt edici microlight taban, ola\u011fan\u00fcst\u00fc hafif esneklik ve g\u00fcvenilir tutu\u015f sunarak sofistike bir profili korurken her ad\u0131mda denge sa\u011flar.<\/p>\n<h3>Her Durum i\u00e7in Zamans\u0131z Stil ve \u00c7ok Y\u00f6nl\u00fcl\u00fck<\/h3>\n<p>Burnu a\u00e7\u0131k Oxford tasar\u0131m\u0131, sofistikeli\u011fin kal\u0131c\u0131 bir sembol\u00fcd\u00fcr ve bu <strong>Erkek Siyah Dana Derisi Oxford Ayakkab\u0131<\/strong> t\u00fcm resmi veya i\u015f gard\u0131roplar\u0131 i\u00e7in vazge\u00e7ilmez bir eklentidir. \u0130ster \u00f6nemli bir i\u015f toplant\u0131s\u0131na, ister siyah kravatl\u0131 bir etkinli\u011fe, bir d\u00fc\u011f\u00fcne kat\u0131l\u0131yor olun, ister sadece g\u00fcnl\u00fck profesyonel k\u0131yafetlerinizi y\u00fckseltmek istiyor olun, bu ayakkab\u0131lar g\u00f6r\u00fcn\u00fcm\u00fcn\u00fcz\u00fc kusursuz bir zarafetle tamamlayacakt\u0131r. \u00c7ok y\u00f6nl\u00fc siyah y\u00fczeyi sayesinde tak\u0131m elbiseler, smokinler ve \u00f6zel dikim pantolonlarla zahmetsizce uyum sa\u011flayan bu ayakkab\u0131lar, rafine bir stil gerektiren her durumda tercih edilebilir. Ger\u00e7ekten ola\u011fan\u00fcst\u00fc ayakkab\u0131lar giymenin getirdi\u011fi g\u00fcveni ya\u015fay\u0131n.<\/p>\n<h3>Uzun S\u00fcreli Kullan\u0131m i\u00e7in Konfor Dayan\u0131kl\u0131l\u0131kla Bulu\u015fuyor<\/h3>\n<p>Stil kadar rahatl\u0131k i\u00e7in de tasarlanan bu Erkek Siyah Dana Derisi Oxford Ayakkab\u0131, sabahtan ak\u015fama kadar sizi rahat ettirmeyi vaat ediyor. Yumu\u015fak ke\u00e7i derisi astar ve destekleyici microlight taban\u0131n kombinasyonu, ayaklar\u0131n\u0131z\u0131 yast\u0131klamak ve yorgunlu\u011fu azaltmak i\u00e7in uyum i\u00e7inde \u00e7al\u0131\u015f\u0131r. Sa\u011flam dana derisi saya, uzun s\u00fcreli dayan\u0131kl\u0131l\u0131k sa\u011flayarak bu ayakkab\u0131lar\u0131 y\u0131llarca koleksiyonunuzun g\u00fcvenilir bir par\u00e7as\u0131 haline getirir. Uygun bak\u0131mla, birinci s\u0131n\u0131f malzemeler g\u00fczel bir \u015fekilde ya\u015flanacak ve kendi hikayesini anlatan benzersiz bir patina geli\u015ftirecektir.<\/p>\n<h3>Perakendeciler i\u00e7in Toptan Sat\u0131\u015f F\u0131rsat\u0131<\/h3>\n<p>Y\u00fcksek kaliteli erkek ayakkab\u0131s\u0131 sunmak isteyen i\u015fletmeler i\u00e7in bu <strong>Erkek Siyah Dana Derisi Oxford Ayakkab\u0131<\/strong> toptan sat\u0131n al\u0131nabilir. Perakendecilerin \u00e7e\u015fitli bedenleri (AB 39-45) stoklamas\u0131na ve m\u00fc\u015fterilerine \u00f6ne \u00e7\u0131kan birinci s\u0131n\u0131f, el yap\u0131m\u0131 ayakkab\u0131lar sunmas\u0131na olanak tan\u0131yan minimum 16 \u00e7ift sipari\u015f istiyoruz. M\u00fc\u015fterilerinize ola\u011fan\u00fcst\u00fc bir stil ve i\u015f\u00e7ilik sunmak i\u00e7in bizimle i\u015f birli\u011fi yap\u0131n.<\/p>","protected":false},"excerpt":{"rendered":"<ul>\n<li>\u015e\u0131k ve sofistike bir g\u00f6r\u00fcn\u00fcm i\u00e7in Premium Dana Derisi Saya<\/li>\n<li>Ola\u011fan\u00fcst\u00fc konfor ve nefes alabilirlik sa\u011flayan l\u00fcks ke\u00e7i derisi astar<\/li>\n<li>\u00dcst\u00fcn kavrama ve t\u00fcm g\u00fcn giyilebilirlik i\u00e7in hafif Microlight Taban<\/li>\n<li>Zarif Cap-Toe Oxford Tasar\u0131m, resmi ve i\u015f g\u00fcnleri i\u00e7in m\u00fckemmel<\/li>\n<li>Kapsaml\u0131 bir AB Beden yelpazesinde mevcuttur: 39, 40, 41, 42, 43, 44, 45<\/li>\n<li>Perakendeciler i\u00e7in toptan sat\u0131\u015f talepleri kabul edilir. Minimum sipari\u015f: 16 \u00e7ift.<\/li>\n<\/ul>","protected":false},"featured_media":7035,"template":"","meta":{"_acf_changed":false,"_uag_custom_page_level_css":"","site-sidebar-layout":"default","site-content-layout":"","ast-site-content-layout":"default","site-content-style":"default","site-sidebar-style":"default","ast-global-header-display":"","ast-banner-title-visibility":"","ast-main-header-display":"","ast-hfb-above-header-display":"","ast-hfb-below-header-display":"","ast-hfb-mobile-header-display":"","site-post-title":"","ast-breadcrumbs-content":"","ast-featured-img":"","footer-sml-layout":"","ast-disable-related-posts":"","theme-transparent-header-meta":"","adv-header-id-meta":"","stick-header-meta":"","header-above-stick-meta":"","header-main-stick-meta":"","header-below-stick-meta":"","astra-migrate-meta-layouts":"default","ast-page-background-enabled":"default","ast-page-background-meta":{"desktop":{"background-color":"var(--ast-global-color-4)","background-image":"","background-repeat":"repeat","background-position":"center center","background-size":"auto","background-attachment":"scroll","background-type":"","background-media":"","overlay-type":"","overlay-color":"","overlay-opacity":"","overlay-gradient":""},"tablet":{"background-color":"","background-image":"","background-repeat":"repeat","background-position":"center center","background-size":"auto","background-attachment":"scroll","background-type":"","background-media":"","overlay-type":"","overlay-color":"","overlay-opacity":"","overlay-gradient":""},"mobile":{"background-color":"","background-image":"","background-repeat":"repeat","background-position":"center center","background-size":"auto","background-attachment":"scroll","background-type":"","background-media":"","overlay-type":"","overlay-color":"","overlay-opacity":"","overlay-gradient":""}},"ast-content-background-meta":{"desktop":{"background-color":"var(--ast-global-color-5)","background-image":"","background-repeat":"repeat","background-position":"center center","background-size":"auto","background-attachment":"scroll","background-type":"","background-media":"","overlay-type":"","overlay-color":"","overlay-opacity":"","overlay-gradient":""},"tablet":{"background-color":"var(--ast-global-color-5)","background-image":"","background-repeat":"repeat","background-position":"center center","background-size":"auto","background-attachment":"scroll","background-type":"","background-media":"","overlay-type":"","overlay-color":"","overlay-opacity":"","overlay-gradient":""},"mobile":{"background-color":"var(--ast-global-color-5)","background-image":"","background-repeat":"repeat","background-position":"center center","background-size":"auto","background-attachment":"scroll","background-type":"","background-media":"","overlay-type":"","overlay-color":"","overlay-opacity":"","overlay-gradient":""}}},"product_brand":[],"product_cat":[47,430,1200],"product_tag":[196,185,458,809,284,251,1326,359,1283,281],"class_list":{"0":"post-7995","1":"product","2":"type-product","3":"status-publish","4":"has-post-thumbnail","6":"product_cat-classic","7":"product_cat-men","8":"product_cat-mens-shoes-2","9":"product_tag-black-leather-shoes","10":"product_tag-calf-leather-shoes","11":"product_tag-cap-toe-shoes","12":"product_tag-classic-mens-footwear","13":"product_tag-dress-shoes","14":"product_tag-formal-shoes","15":"product_tag-goat-leather-lined-shoes","16":"product_tag-mens-oxford-shoes","17":"product_tag-microlight-sole-shoes","18":"product_tag-wholesale-shoes","19":"desktop-align-center","20":"tablet-align-center","21":"mobile-align-center","23":"first","24":"instock","25":"shipping-taxable","26":"purchasable","27":"product-type-variable","28":"has-default-attributes"},"acf":[],"uagb_featured_image_src":{"full":["https:\/\/turkishtrade.co\/wp-content\/uploads\/2026\/01\/2600FKHMN00052-BLACK.png",453,250,false],"thumbnail":["https:\/\/turkishtrade.co\/wp-content\/uploads\/2026\/01\/2600FKHMN00052-BLACK-150x150.png",150,150,true],"medium":["https:\/\/turkishtrade.co\/wp-content\/uploads\/2026\/01\/2600FKHMN00052-BLACK-300x166.png",300,166,true],"medium_large":["https:\/\/turkishtrade.co\/wp-content\/uploads\/2026\/01\/2600FKHMN00052-BLACK.png",453,250,false],"large":["https:\/\/turkishtrade.co\/wp-content\/uploads\/2026\/01\/2600FKHMN00052-BLACK.png",453,250,false],"1536x1536":["https:\/\/turkishtrade.co\/wp-content\/uploads\/2026\/01\/2600FKHMN00052-BLACK.png",453,250,false],"2048x2048":["https:\/\/turkishtrade.co\/wp-content\/uploads\/2026\/01\/2600FKHMN00052-BLACK.png",453,250,false],"trp-custom-language-flag":["https:\/\/turkishtrade.co\/wp-content\/uploads\/2026\/01\/2600FKHMN00052-BLACK-18x10.png",18,10,true],"woocommerce_thumbnail":["https:\/\/turkishtrade.co\/wp-content\/uploads\/2026\/01\/2600FKHMN00052-BLACK-400x250.png",400,250,true],"woocommerce_single":["https:\/\/turkishtrade.co\/wp-content\/uploads\/2026\/01\/2600FKHMN00052-BLACK.png",453,250,false],"woocommerce_gallery_thumbnail":["https:\/\/turkishtrade.co\/wp-content\/uploads\/2026\/01\/2600FKHMN00052-BLACK-100x100.png",100,100,true]},"uagb_author_info":{"display_name":"python python","author_link":"https:\/\/turkishtrade.co\/tr\/author\/"},"uagb_comment_info":0,"uagb_excerpt":"Premium Calf Leather Upper for a sleek and sophisticated look Luxurious Goat Leather Lining ensuring exceptional comfort and breathability Lightweight Microlight Sole for superior grip and all-day wearability Elegant Cap-Toe Oxford Design, perfect for formal and business occasions Available in a comprehensive range of EU Sizes: 39, 40, 41, 42, 43, 44, 45 Wholesale inquiries&hellip;","_links":{"self":[{"href":"https:\/\/turkishtrade.co\/tr\/wp-json\/wp\/v2\/product\/7995","targetHints":{"allow":["GET"]}}],"collection":[{"href":"https:\/\/turkishtrade.co\/tr\/wp-json\/wp\/v2\/product"}],"about":[{"href":"https:\/\/turkishtrade.co\/tr\/wp-json\/wp\/v2\/types\/product"}],"wp:featuredmedia":[{"embeddable":true,"href":"https:\/\/turkishtrade.co\/tr\/wp-json\/wp\/v2\/media\/7035"}],"wp:attachment":[{"href":"https:\/\/turkishtrade.co\/tr\/wp-json\/wp\/v2\/media?parent=7995"}],"wp:term":[{"taxonomy":"product_brand","embeddable":true,"href":"https:\/\/turkishtrade.co\/tr\/wp-json\/wp\/v2\/product_brand?post=7995"},{"taxonomy":"product_cat","embeddable":true,"href":"https:\/\/turkishtrade.co\/tr\/wp-json\/wp\/v2\/product_cat?post=7995"},{"taxonomy":"product_tag","embeddable":true,"href":"https:\/\/turkishtrade.co\/tr\/wp-json\/wp\/v2\/product_tag?post=7995"}],"curies":[{"name":"wp","href":"https:\/\/api.w.org\/{rel}","templated":true}]}}