{"id":7994,"date":"2026-01-29T14:46:44","date_gmt":"2026-01-29T14:46:44","guid":{"rendered":"https:\/\/turkishtrade.co\/?post_type=product&#038;p=7994"},"modified":"2026-04-09T20:38:47","modified_gmt":"2026-04-09T20:38:47","slug":"mens-calf-leather-derby-shoes-9","status":"publish","type":"product","link":"https:\/\/turkishtrade.co\/tr\/shop\/mens-calf-leather-derby-shoes-9\/","title":{"rendered":"Erkek Dana Derisi Derby Ayakkab\u0131 Proven | Erkek Klasik Kahverengi Dana Derisi"},"content":{"rendered":"<p><strong>Erkek Dana Derisi Derby Ayakkab\u0131<\/strong>. Kan\u0131tlanm\u0131\u015f kalite ve tasar\u0131m.<\/p>\n<p>Zarif \u00fcr\u00fcnlerimizle zamans\u0131z \u015f\u0131kl\u0131\u011fa ve benzersiz konfora ad\u0131m at\u0131n <strong>Erkek Klasik Kahverengi Dana Derisi Derby Ayakkab\u0131<\/strong>. Se\u00e7kin beyefendiler i\u00e7in tasarlanan bu ayakkab\u0131lar, hem \u015f\u0131k hem de son derece pratik ayakkab\u0131lar yaratmak i\u00e7in geleneksel i\u015f\u00e7ili\u011fi modern yeniliklerle harmanl\u0131yor. Aya\u011f\u0131n\u0131za ge\u00e7irdi\u011finiz andan itibaren, her bir \u00e7ifti tan\u0131mlayan \u00fcst\u00fcn kaliteyi ve detaylara g\u00f6sterilen \u00f6zeni takdir edeceksiniz.<\/p>\n<h3>Rakipsiz Kalite ve Malzemeler<\/h3>\n<p>Premium \u00fcr\u00fcnlerimiz <strong>Erkek Dana Derisi Derby Ayakkab\u0131<\/strong> hakiki dana derisinden titizlikle \u00fcretilmi\u015ftir ve zaman i\u00e7inde g\u00fczelce olgunla\u015fan zengin, esnek bir doku sunar. Belirli panellerdeki ince dokulu y\u00fczeyle tamamlanan sofistike kahverengi renk tonu, bu ayakkab\u0131lar\u0131n a\u015f\u0131r\u0131 g\u00f6steri\u015fli olmadan se\u00e7kin bir ifade olu\u015fturmas\u0131n\u0131 sa\u011flar. Bu l\u00fcks d\u0131\u015f g\u00f6r\u00fcn\u00fcm\u00fcn alt\u0131nda, ayaklar\u0131n\u0131z son derece yumu\u015fak ke\u00e7i derisi astarla sar\u0131l\u0131r. Bu do\u011fal, nefes alabilen astar nemi uzakla\u015ft\u0131r\u0131r ve ola\u011fan\u00fcst\u00fc konfor sa\u011flayarak bu ayakkab\u0131lar\u0131 yo\u011fun g\u00fcn\u00fcn\u00fcz boyunca uzun s\u00fcreli kullan\u0131m i\u00e7in m\u00fckemmel hale getirir.<\/p>\n<h3>Modern Konfor i\u00e7in Yenilik\u00e7i Tasar\u0131m<\/h3>\n<p>Klasik estetiklerinin \u00f6tesinde, bu <strong>Erkek Dana Derisi Derby Ayakkab\u0131<\/strong> geli\u015fmi\u015f bir microlight tabana sahiptir. Bu yenilik\u00e7i taban teknolojisi, dayan\u0131kl\u0131l\u0131k veya kavramadan \u00f6d\u00fcn vermeden ayakkab\u0131n\u0131n toplam a\u011f\u0131rl\u0131\u011f\u0131n\u0131 \u00f6nemli \u00f6l\u00e7\u00fcde azaltan hafif \u00f6zellikleriyle \u00fcnl\u00fcd\u00fcr. Microlight taban m\u00fckemmel yast\u0131klama ve esneklik sa\u011flayarak ister \u015fehir sokaklar\u0131nda geziniyor ister uzun etkinlikler boyunca ayakta duruyor olun rahat bir ad\u0131m atman\u0131z\u0131 sa\u011flar. Derby tarz\u0131n\u0131n karakteristik \u00f6zelli\u011fi olan a\u00e7\u0131k ba\u011fc\u0131k sistemi, \u00e7ok y\u00f6nl\u00fc bir uyum sunarak ayakkab\u0131n\u0131n giyilip \u00e7\u0131kar\u0131lmas\u0131n\u0131 kolayla\u015ft\u0131r\u0131r ve daha geni\u015f bir ayak \u015fekli yelpazesine uyum sa\u011flar.<\/p>\n<h3>\u00c7ok Y\u00f6nl\u00fcl\u00fck ve Toptan Sat\u0131\u015f F\u0131rsat\u0131<\/h3>\n<p>\u00c7e\u015fitli durumlar i\u00e7in ideal olan bu klasik kahverengi Derby ayakkab\u0131lar, her gard\u0131rop i\u00e7in \u00e7ok y\u00f6nl\u00fc bir eklentidir. Keskin bir i\u015f g\u00f6r\u00fcn\u00fcm\u00fc i\u00e7in \u00f6zel dikim bir tak\u0131m elbise ile e\u015fle\u015ftirin, \u015f\u0131k bir g\u00fcndelik k\u0131yafet i\u00e7in chino pantolonlarla giydirin veya kusursuz bir tarz\u0131n \u015fart oldu\u011fu resmi etkinliklerde kullan\u0131n. Geni\u015f bir m\u00fc\u015fteri kitlesine hitap eden EU 39'dan 45'e kadar kapsaml\u0131 bir beden yelpazesi sunuyoruz.<\/p>\n<p>Y\u00fcksek kaliteli erkek ayakkab\u0131s\u0131 arayan perakendeciler ve i\u015fletmeler i\u00e7in <strong>Erkek Dana Derisi Derby Ayakkab\u0131<\/strong> toptan sat\u0131n al\u0131nabilir. Yaln\u0131zca 16 \u00e7iftlik minimum sipari\u015f miktar\u0131yla, envanterinizi bu aranan klasik ayakkab\u0131larla kolayca doldurabilirsiniz. Koleksiyonunuzu geli\u015ftirin ve m\u00fc\u015fterilerinize l\u00fcks, konfor ve kal\u0131c\u0131 stilin m\u00fckemmel kar\u0131\u015f\u0131m\u0131n\u0131 sunun.<\/p>","protected":false},"excerpt":{"rendered":"<ul>\n<li>Zarif bir d\u0131\u015f g\u00f6r\u00fcn\u00fcm i\u00e7in l\u00fcks dana derisinden \u00fcretilmi\u015ftir.<\/li>\n<li>Rahat ke\u00e7i derisi astar t\u00fcm g\u00fcn giyilebilirlik sa\u011flar.<\/li>\n<li>\u00dcst\u00fcn tutu\u015f ve konfor i\u00e7in hafif ve dayan\u0131kl\u0131 mikro hafif taban.<\/li>\n<li>Zarif ba\u011fc\u0131kl\u0131 ve sofistike dokulu klasik Derby stili.<\/li>\n<li>Kapsaml\u0131 bir beden aral\u0131\u011f\u0131nda mevcuttur: AB 39, 40, 41, 42, 43, 44, 45.<\/li>\n<li>Resmi davetler, i\u015f k\u0131yafetleri veya \u015f\u0131k g\u00fcndelik tak\u0131mlar i\u00e7in m\u00fckemmeldir.<\/li>\n<li>Toptan sat\u0131\u015f f\u0131rsat\u0131: Minimum sipari\u015f miktar\u0131 16 \u00e7ifttir.<\/li>\n<\/ul>","protected":false},"featured_media":7034,"template":"","meta":{"_acf_changed":false,"_uag_custom_page_level_css":"","site-sidebar-layout":"default","site-content-layout":"","ast-site-content-layout":"default","site-content-style":"default","site-sidebar-style":"default","ast-global-header-display":"","ast-banner-title-visibility":"","ast-main-header-display":"","ast-hfb-above-header-display":"","ast-hfb-below-header-display":"","ast-hfb-mobile-header-display":"","site-post-title":"","ast-breadcrumbs-content":"","ast-featured-img":"","footer-sml-layout":"","ast-disable-related-posts":"","theme-transparent-header-meta":"","adv-header-id-meta":"","stick-header-meta":"","header-above-stick-meta":"","header-main-stick-meta":"","header-below-stick-meta":"","astra-migrate-meta-layouts":"default","ast-page-background-enabled":"default","ast-page-background-meta":{"desktop":{"background-color":"var(--ast-global-color-4)","background-image":"","background-repeat":"repeat","background-position":"center center","background-size":"auto","background-attachment":"scroll","background-type":"","background-media":"","overlay-type":"","overlay-color":"","overlay-opacity":"","overlay-gradient":""},"tablet":{"background-color":"","background-image":"","background-repeat":"repeat","background-position":"center center","background-size":"auto","background-attachment":"scroll","background-type":"","background-media":"","overlay-type":"","overlay-color":"","overlay-opacity":"","overlay-gradient":""},"mobile":{"background-color":"","background-image":"","background-repeat":"repeat","background-position":"center center","background-size":"auto","background-attachment":"scroll","background-type":"","background-media":"","overlay-type":"","overlay-color":"","overlay-opacity":"","overlay-gradient":""}},"ast-content-background-meta":{"desktop":{"background-color":"var(--ast-global-color-5)","background-image":"","background-repeat":"repeat","background-position":"center center","background-size":"auto","background-attachment":"scroll","background-type":"","background-media":"","overlay-type":"","overlay-color":"","overlay-opacity":"","overlay-gradient":""},"tablet":{"background-color":"var(--ast-global-color-5)","background-image":"","background-repeat":"repeat","background-position":"center center","background-size":"auto","background-attachment":"scroll","background-type":"","background-media":"","overlay-type":"","overlay-color":"","overlay-opacity":"","overlay-gradient":""},"mobile":{"background-color":"var(--ast-global-color-5)","background-image":"","background-repeat":"repeat","background-position":"center center","background-size":"auto","background-attachment":"scroll","background-type":"","background-media":"","overlay-type":"","overlay-color":"","overlay-opacity":"","overlay-gradient":""}}},"product_brand":[],"product_cat":[47,430,1200],"product_tag":[613,754,181,314,189,535,839,1283,936,289],"class_list":{"0":"post-7994","1":"product","2":"type-product","3":"status-publish","4":"has-post-thumbnail","6":"product_cat-classic","7":"product_cat-men","8":"product_cat-mens-shoes-2","9":"product_tag-brown-derby-shoes","10":"product_tag-classic-mens-shoes","11":"product_tag-comfortable-dress-shoes","12":"product_tag-formal-mens-shoes","13":"product_tag-goat-leather-lining","14":"product_tag-leather-dress-shoes","15":"product_tag-mens-calf-leather-shoes","16":"product_tag-microlight-sole-shoes","17":"product_tag-premium-mens-footwear","18":"product_tag-wholesale-leather-shoes","19":"desktop-align-center","20":"tablet-align-center","21":"mobile-align-center","23":"first","24":"instock","25":"shipping-taxable","26":"purchasable","27":"product-type-variable","28":"has-default-attributes"},"acf":[],"uagb_featured_image_src":{"full":["https:\/\/turkishtrade.co\/wp-content\/uploads\/2026\/01\/2600FKHMN00051-DARK-BROWN.png",453,250,false],"thumbnail":["https:\/\/turkishtrade.co\/wp-content\/uploads\/2026\/01\/2600FKHMN00051-DARK-BROWN-150x150.png",150,150,true],"medium":["https:\/\/turkishtrade.co\/wp-content\/uploads\/2026\/01\/2600FKHMN00051-DARK-BROWN-300x166.png",300,166,true],"medium_large":["https:\/\/turkishtrade.co\/wp-content\/uploads\/2026\/01\/2600FKHMN00051-DARK-BROWN.png",453,250,false],"large":["https:\/\/turkishtrade.co\/wp-content\/uploads\/2026\/01\/2600FKHMN00051-DARK-BROWN.png",453,250,false],"1536x1536":["https:\/\/turkishtrade.co\/wp-content\/uploads\/2026\/01\/2600FKHMN00051-DARK-BROWN.png",453,250,false],"2048x2048":["https:\/\/turkishtrade.co\/wp-content\/uploads\/2026\/01\/2600FKHMN00051-DARK-BROWN.png",453,250,false],"trp-custom-language-flag":["https:\/\/turkishtrade.co\/wp-content\/uploads\/2026\/01\/2600FKHMN00051-DARK-BROWN-18x10.png",18,10,true],"woocommerce_thumbnail":["https:\/\/turkishtrade.co\/wp-content\/uploads\/2026\/01\/2600FKHMN00051-DARK-BROWN-400x250.png",400,250,true],"woocommerce_single":["https:\/\/turkishtrade.co\/wp-content\/uploads\/2026\/01\/2600FKHMN00051-DARK-BROWN.png",453,250,false],"woocommerce_gallery_thumbnail":["https:\/\/turkishtrade.co\/wp-content\/uploads\/2026\/01\/2600FKHMN00051-DARK-BROWN-100x100.png",100,100,true]},"uagb_author_info":{"display_name":"python python","author_link":"https:\/\/turkishtrade.co\/tr\/author\/"},"uagb_comment_info":0,"uagb_excerpt":"Crafted from luxurious calf leather for a refined exterior. Comfortable goat leather lining ensures all-day wearability. Lightweight and durable microlight sole for superior traction and comfort. Classic Derby style with elegant lacing and sophisticated texture. Available in a comprehensive size range: EU 39, 40, 41, 42, 43, 44, 45. Perfect for formal occasions, business attire,&hellip;","_links":{"self":[{"href":"https:\/\/turkishtrade.co\/tr\/wp-json\/wp\/v2\/product\/7994","targetHints":{"allow":["GET"]}}],"collection":[{"href":"https:\/\/turkishtrade.co\/tr\/wp-json\/wp\/v2\/product"}],"about":[{"href":"https:\/\/turkishtrade.co\/tr\/wp-json\/wp\/v2\/types\/product"}],"wp:featuredmedia":[{"embeddable":true,"href":"https:\/\/turkishtrade.co\/tr\/wp-json\/wp\/v2\/media\/7034"}],"wp:attachment":[{"href":"https:\/\/turkishtrade.co\/tr\/wp-json\/wp\/v2\/media?parent=7994"}],"wp:term":[{"taxonomy":"product_brand","embeddable":true,"href":"https:\/\/turkishtrade.co\/tr\/wp-json\/wp\/v2\/product_brand?post=7994"},{"taxonomy":"product_cat","embeddable":true,"href":"https:\/\/turkishtrade.co\/tr\/wp-json\/wp\/v2\/product_cat?post=7994"},{"taxonomy":"product_tag","embeddable":true,"href":"https:\/\/turkishtrade.co\/tr\/wp-json\/wp\/v2\/product_tag?post=7994"}],"curies":[{"name":"wp","href":"https:\/\/api.w.org\/{rel}","templated":true}]}}