{"id":7992,"date":"2026-01-29T14:46:44","date_gmt":"2026-01-29T14:46:44","guid":{"rendered":"https:\/\/turkishtrade.co\/?post_type=product&#038;p=7992"},"modified":"2026-04-09T20:38:51","modified_gmt":"2026-04-09T20:38:51","slug":"mens-brown-leather-brogue-shoes","status":"publish","type":"product","link":"https:\/\/turkishtrade.co\/tr\/shop\/mens-brown-leather-brogue-shoes\/","title":{"rendered":"Erkek Kahverengi Deri Brogue Ayakkab\u0131 Amazing | Classic"},"content":{"rendered":"<p><strong>Erkek Kahverengi Deri Brogue Ayakkab\u0131<\/strong>. \u0130nan\u0131lmaz kalite ve tasar\u0131m.<\/p>\n<p>Klasik Erkek Kahverengi Deri Brogue Ayakkab\u0131lar\u0131m\u0131zla zamans\u0131z bir stile ve benzersiz bir konfora ad\u0131m at\u0131n. Se\u00e7kin beyefendiler i\u00e7in titizlikle tasarlanan bu ayakkab\u0131lar, sofistike ve zanaatk\u00e2r bir duru\u015f sergiliyor. Bu s\u0131ra d\u0131\u015f\u0131 brogue ayakkab\u0131lar\u0131n her bir \u00e7ifti zengin, perdahlanm\u0131\u015f kahverengi renk tonunu sergileyerek resmi i\u015f k\u0131yafetlerinden \u015f\u0131k g\u00fcndelik tak\u0131mlara kadar her gard\u0131rop i\u00e7in \u00e7ok y\u00f6nl\u00fc bir katk\u0131 sa\u011flar. Karma\u015f\u0131k delikleriyle ikonik brogue detaylar, asla modas\u0131 ge\u00e7meyen klasik bir zarafet dokunu\u015fu kat\u0131yor.<\/p>\n<h3>Rakipsiz Kalite ve Malzemeler<\/h3>\n<p>Kaliteye olan ba\u011fl\u0131l\u0131\u011f\u0131m\u0131z en iyi malzemelerle ba\u015flar. Bu Erkek Kahverengi Deri Brogue Ayakkab\u0131lar\u0131n \u00fcst k\u0131sm\u0131, yumu\u015fak dokusu, dayan\u0131kl\u0131l\u0131\u011f\u0131 ve zaman i\u00e7inde g\u00fczel bir patine geli\u015ftirme yetene\u011fi ile tan\u0131nan birinci s\u0131n\u0131f dana derisinden \u00fcretilmi\u015ftir. Bu, yaln\u0131zca l\u00fcks bir g\u00f6r\u00fcn\u00fcm de\u011fil, ayn\u0131 zamanda uzun \u00f6m\u00fcrl\u00fc bir ayakkab\u0131 sa\u011flar. \u0130\u00e7 k\u0131s\u0131mdaki esnek ke\u00e7i derisi astar sayesinde ayaklar\u0131n\u0131z en \u00fcst d\u00fczey konforu ya\u015fayacak. Bu do\u011fal malzeme son derece nefes alabilirdir, rahats\u0131zl\u0131\u011f\u0131 \u00f6nler ve ayaklar\u0131n\u0131z\u0131 g\u00fcn boyunca ferah tutar, bu da y\u00fcksek kaliteli ayakkab\u0131lar i\u00e7in \u00e7ok \u00f6nemli bir \u00f6zelliktir.<\/p>\n<h3>Konfor ve Dayan\u0131kl\u0131l\u0131k i\u00e7in Tasarland\u0131<\/h3>\n<p>Konfor her \u015feyden \u00f6nemlidir ve bu Erkek Kahverengi Deri Brogue Ayakkab\u0131lar bunu sa\u011flar. Yenilik\u00e7i microlight tabana sahip olan bu ayakkab\u0131lar, hacim katmadan ola\u011fan\u00fcst\u00fc yast\u0131klama ve esneklik sa\u011flar. Bu hafif taban ayak yorgunlu\u011funu \u00f6nemli \u00f6l\u00e7\u00fcde azaltarak bu ayakkab\u0131lar\u0131 ofiste ge\u00e7irilen uzun g\u00fcnler veya uzun s\u00fcreli sosyal etkinlikler i\u00e7in m\u00fckemmel hale getirir. \u00dcst\u00fcn malzemelerle birle\u015ftirilmi\u015f sa\u011flam yap\u0131, uzun \u00f6m\u00fcrl\u00fcl\u00fc\u011f\u00fc garanti eder ve toptan sat\u0131\u015f ortaklar\u0131m\u0131z ve m\u00fc\u015fterileri i\u00e7in m\u00fckemmel bir de\u011fer sunar. Zamans\u0131z tasar\u0131m\u0131, bu Erkek Kahverengi Deri Brogue Ayakkab\u0131lar\u0131n y\u0131llarca modan\u0131n vazge\u00e7ilmezi olarak kalmas\u0131n\u0131 sa\u011flar.<\/p>\n<h3>Toptan Sat\u0131\u015f F\u0131rsat\u0131<\/h3>\n<p>Birinci s\u0131n\u0131f ayakkab\u0131lar sunmak isteyen perakendeciler i\u00e7in Klasik Erkek Kahverengi Deri Brogue Ayakkab\u0131lar\u0131m\u0131z ola\u011fan\u00fcst\u00fc bir f\u0131rsat sunuyor. Yaln\u0131zca 16 \u00e7iftlik minimum sipari\u015f miktar\u0131yla, bu pop\u00fcler stili 39'dan 45'e kadar t\u00fcm bedenlerde kolayca stoklayabilirsiniz. M\u00fc\u015fterilerinize klasik esteti\u011fi modern konfor ve dayan\u0131kl\u0131l\u0131kla birle\u015ftiren y\u00fcksek kaliteli, zarif erkek ayakkab\u0131lar\u0131 sunmak i\u00e7in bizimle i\u015f birli\u011fi yap\u0131n. Bu Erkek Kahverengi Deri Brogue Ayakkab\u0131, sofistike ve g\u00fcvenilir ayakkab\u0131lar arayan geni\u015f bir pazar segmentine hitap ederek en \u00e7ok satanlar aras\u0131nda yer alacakt\u0131r. Koleksiyonunuzu stil ve kalite hakk\u0131nda \u00e7ok \u015fey anlatan bir \u00fcr\u00fcnle zenginle\u015ftirin.<\/p>","protected":false},"excerpt":{"rendered":"<ul>\n<li>Ustal\u0131kla haz\u0131rlanm\u0131\u015f Klasik Erkek Kahverengi Deri Brogue Ayakkab\u0131.<\/li>\n<li>Sofistike bir g\u00f6r\u00fcn\u00fcm ve his i\u00e7in birinci s\u0131n\u0131f dana derisi saya.<\/li>\n<li>L\u00fcks ke\u00e7i derisi astar ola\u011fan\u00fcst\u00fc konfor sa\u011flar.<\/li>\n<li>T\u00fcm g\u00fcn kullan\u0131m i\u00e7in dayan\u0131kl\u0131 ve hafif mikro hafif taban.<\/li>\n<li>\u00c7e\u015fitli ebatlarda mevcuttur: 39, 40, 41, 42, 43, 44, 45.<\/li>\n<li>Minimum 16 \u00e7ift sipari\u015f - toptan sat\u0131\u015f ortaklar\u0131 i\u00e7in idealdir.<\/li>\n<\/ul>","protected":false},"featured_media":7032,"template":"","meta":{"_acf_changed":false,"_uag_custom_page_level_css":"","site-sidebar-layout":"default","site-content-layout":"","ast-site-content-layout":"default","site-content-style":"default","site-sidebar-style":"default","ast-global-header-display":"","ast-banner-title-visibility":"","ast-main-header-display":"","ast-hfb-above-header-display":"","ast-hfb-below-header-display":"","ast-hfb-mobile-header-display":"","site-post-title":"","ast-breadcrumbs-content":"","ast-featured-img":"","footer-sml-layout":"","ast-disable-related-posts":"","theme-transparent-header-meta":"","adv-header-id-meta":"","stick-header-meta":"","header-above-stick-meta":"","header-main-stick-meta":"","header-below-stick-meta":"","astra-migrate-meta-layouts":"default","ast-page-background-enabled":"default","ast-page-background-meta":{"desktop":{"background-color":"var(--ast-global-color-4)","background-image":"","background-repeat":"repeat","background-position":"center center","background-size":"auto","background-attachment":"scroll","background-type":"","background-media":"","overlay-type":"","overlay-color":"","overlay-opacity":"","overlay-gradient":""},"tablet":{"background-color":"","background-image":"","background-repeat":"repeat","background-position":"center center","background-size":"auto","background-attachment":"scroll","background-type":"","background-media":"","overlay-type":"","overlay-color":"","overlay-opacity":"","overlay-gradient":""},"mobile":{"background-color":"","background-image":"","background-repeat":"repeat","background-position":"center center","background-size":"auto","background-attachment":"scroll","background-type":"","background-media":"","overlay-type":"","overlay-color":"","overlay-opacity":"","overlay-gradient":""}},"ast-content-background-meta":{"desktop":{"background-color":"var(--ast-global-color-5)","background-image":"","background-repeat":"repeat","background-position":"center center","background-size":"auto","background-attachment":"scroll","background-type":"","background-media":"","overlay-type":"","overlay-color":"","overlay-opacity":"","overlay-gradient":""},"tablet":{"background-color":"var(--ast-global-color-5)","background-image":"","background-repeat":"repeat","background-position":"center center","background-size":"auto","background-attachment":"scroll","background-type":"","background-media":"","overlay-type":"","overlay-color":"","overlay-opacity":"","overlay-gradient":""},"mobile":{"background-color":"var(--ast-global-color-5)","background-image":"","background-repeat":"repeat","background-position":"center center","background-size":"auto","background-attachment":"scroll","background-type":"","background-media":"","overlay-type":"","overlay-color":"","overlay-opacity":"","overlay-gradient":""}}},"product_brand":[],"product_cat":[47,430,1200],"product_tag":[654,486,202,145,251,1249,198,466,254],"class_list":{"0":"post-7992","1":"product","2":"type-product","3":"status-publish","4":"has-post-thumbnail","6":"product_cat-classic","7":"product_cat-men","8":"product_cat-mens-shoes-2","9":"product_tag-brogue-shoes","10":"product_tag-brown-leather","11":"product_tag-calf-leather","12":"product_tag-classic-shoes","13":"product_tag-formal-shoes","14":"product_tag-goat-lining","15":"product_tag-mens-fashion","16":"product_tag-microlight-sole","17":"product_tag-wholesale-footwear","18":"desktop-align-center","19":"tablet-align-center","20":"mobile-align-center","22":"first","23":"instock","24":"shipping-taxable","25":"purchasable","26":"product-type-variable","27":"has-default-attributes"},"acf":[],"uagb_featured_image_src":{"full":["https:\/\/turkishtrade.co\/wp-content\/uploads\/2026\/01\/2600FKHMN00049-BROWN.png",453,250,false],"thumbnail":["https:\/\/turkishtrade.co\/wp-content\/uploads\/2026\/01\/2600FKHMN00049-BROWN-150x150.png",150,150,true],"medium":["https:\/\/turkishtrade.co\/wp-content\/uploads\/2026\/01\/2600FKHMN00049-BROWN-300x166.png",300,166,true],"medium_large":["https:\/\/turkishtrade.co\/wp-content\/uploads\/2026\/01\/2600FKHMN00049-BROWN.png",453,250,false],"large":["https:\/\/turkishtrade.co\/wp-content\/uploads\/2026\/01\/2600FKHMN00049-BROWN.png",453,250,false],"1536x1536":["https:\/\/turkishtrade.co\/wp-content\/uploads\/2026\/01\/2600FKHMN00049-BROWN.png",453,250,false],"2048x2048":["https:\/\/turkishtrade.co\/wp-content\/uploads\/2026\/01\/2600FKHMN00049-BROWN.png",453,250,false],"trp-custom-language-flag":["https:\/\/turkishtrade.co\/wp-content\/uploads\/2026\/01\/2600FKHMN00049-BROWN-18x10.png",18,10,true],"woocommerce_thumbnail":["https:\/\/turkishtrade.co\/wp-content\/uploads\/2026\/01\/2600FKHMN00049-BROWN-400x250.png",400,250,true],"woocommerce_single":["https:\/\/turkishtrade.co\/wp-content\/uploads\/2026\/01\/2600FKHMN00049-BROWN.png",453,250,false],"woocommerce_gallery_thumbnail":["https:\/\/turkishtrade.co\/wp-content\/uploads\/2026\/01\/2600FKHMN00049-BROWN-100x100.png",100,100,true]},"uagb_author_info":{"display_name":"python python","author_link":"https:\/\/turkishtrade.co\/tr\/author\/"},"uagb_comment_info":0,"uagb_excerpt":"Expertly crafted Classic Men's Brown Leather Brogue Shoes. Premium calf leather upper for a sophisticated look and feel. Luxurious goat leather lining ensures exceptional comfort. Durable and lightweight microlight sole for all-day wear. Available in a range of sizes: 39, 40, 41, 42, 43, 44, 45. Minimum order of 16 pairs \u2013 ideal for wholesale&hellip;","_links":{"self":[{"href":"https:\/\/turkishtrade.co\/tr\/wp-json\/wp\/v2\/product\/7992","targetHints":{"allow":["GET"]}}],"collection":[{"href":"https:\/\/turkishtrade.co\/tr\/wp-json\/wp\/v2\/product"}],"about":[{"href":"https:\/\/turkishtrade.co\/tr\/wp-json\/wp\/v2\/types\/product"}],"wp:featuredmedia":[{"embeddable":true,"href":"https:\/\/turkishtrade.co\/tr\/wp-json\/wp\/v2\/media\/7032"}],"wp:attachment":[{"href":"https:\/\/turkishtrade.co\/tr\/wp-json\/wp\/v2\/media?parent=7992"}],"wp:term":[{"taxonomy":"product_brand","embeddable":true,"href":"https:\/\/turkishtrade.co\/tr\/wp-json\/wp\/v2\/product_brand?post=7992"},{"taxonomy":"product_cat","embeddable":true,"href":"https:\/\/turkishtrade.co\/tr\/wp-json\/wp\/v2\/product_cat?post=7992"},{"taxonomy":"product_tag","embeddable":true,"href":"https:\/\/turkishtrade.co\/tr\/wp-json\/wp\/v2\/product_tag?post=7992"}],"curies":[{"name":"wp","href":"https:\/\/api.w.org\/{rel}","templated":true}]}}