{"id":7991,"date":"2026-01-29T14:46:44","date_gmt":"2026-01-29T14:46:44","guid":{"rendered":"https:\/\/turkishtrade.co\/?post_type=product&#038;p=7991"},"modified":"2026-04-09T20:38:53","modified_gmt":"2026-04-09T20:38:53","slug":"mens-classic-black-dress-shoes","status":"publish","type":"product","link":"https:\/\/turkishtrade.co\/tr\/shop\/mens-classic-black-dress-shoes\/","title":{"rendered":"Erkek Klasik Siyah Elbise Ayakkab\u0131s\u0131 Proven | Klasik Erkek Siyah Dana Derisi Elbise"},"content":{"rendered":"<p><strong>Erkek Klasik Siyah Elbise Ayakkab\u0131s\u0131<\/strong>. Kan\u0131tlanm\u0131\u015f kalite ve tasar\u0131m.<\/p>\n<p>Zarif ayakkab\u0131lar\u0131m\u0131zla resmi ayakkab\u0131 koleksiyonunuzu geli\u015ftirin <strong>Erkek Klasik Siyah Elbise Ayakkab\u0131s\u0131<\/strong>. Se\u00e7kin beyefendiler i\u00e7in tasarlanan bu ayakkab\u0131lar, zamans\u0131z stili modern konfor ve dayan\u0131kl\u0131l\u0131kla m\u00fckemmel bir \u015fekilde harmanl\u0131yor. En iyi dana derisinden \u00fcretilen bu resmi ayakkab\u0131lar, klasik sil\u00fcetine benzersiz bir sofistike dokunu\u015f katan ay\u0131rt edici dokulu bir \u00f6n panele sahiptir. \u0130ster \u00f6nemli bir i\u015f toplant\u0131s\u0131na, ister \u015f\u0131k bir d\u00fc\u011f\u00fcne ya da sofistike bir ak\u015fam etkinli\u011fine kat\u0131l\u0131yor olun, bu <strong>Erkek Klasik Siyah Elbise Ayakkab\u0131s\u0131<\/strong> kal\u0131c\u0131 bir etki b\u0131rakaca\u011f\u0131 garantidir. En \u00fcst d\u00fczey \u00e7ifti ke\u015ffedin <strong>Erkek Klasik Siyah Elbise Ayakkab\u0131s\u0131<\/strong> gelene\u011fi modern bir yetenekle birle\u015ftiriyor.<\/p>\n<h3>E\u015fsiz \u0130\u015f\u00e7ilik ve Birinci S\u0131n\u0131f Malzemeler<\/h3>\n<p>Bu \u00fcr\u00fcnlerin \u00fcst\u00fcn kalitesi <strong>Erkek Klasik Siyah Elbise Ayakkab\u0131s\u0131<\/strong> titiz yap\u0131s\u0131yla ba\u015flar. \u00dcst k\u0131s\u0131m, esnek hissi, dayan\u0131kl\u0131l\u0131\u011f\u0131 ve do\u011fal parlakl\u0131\u011f\u0131 ile bilinen hakiki dana derisinden \u00fcretilmi\u015ftir. Bu birinci s\u0131n\u0131f malzeme, ayakkab\u0131n\u0131z\u0131n yaln\u0131zca ola\u011fan\u00fcst\u00fc g\u00f6r\u00fcnmesini sa\u011flamakla kalmaz, ayn\u0131 zamanda y\u0131llarca giyildi\u011finde zengin bir patine geli\u015ftirerek zaman\u0131n testine dayan\u0131r. \u0130\u00e7 k\u0131s\u0131mda, tam ke\u00e7i derisi astar ile ayaklar\u0131n\u0131z benzersiz bir l\u00fcks ya\u015fayacak. Bu yumu\u015fak, nefes alabilen astar nemi uzakla\u015ft\u0131rarak ayaklar\u0131n\u0131z\u0131n g\u00fcn boyunca rahat ve ferah kalmas\u0131n\u0131 sa\u011flar ve bu ayakkab\u0131lar\u0131 ideal hale getirir. <strong>Erkek Klasik Siyah Elbise Ayakkab\u0131s\u0131<\/strong> uzun s\u00fcreli kullan\u0131m i\u00e7in. Bu zarif siyah elbise ayakkab\u0131lar\u0131yla birinci s\u0131n\u0131f ayakkab\u0131n\u0131n ger\u00e7ek \u00f6z\u00fcn\u00fc ya\u015fay\u0131n.<\/p>\n<h3>Modern Konfor ile Sofistike Stil<\/h3>\n<p>\u00c7arp\u0131c\u0131 esteti\u011finin \u00f6tesinde, bu <strong>Erkek Klasik Siyah Elbise Ayakkab\u0131s\u0131<\/strong> \u00fcst\u00fcn konfor i\u00e7in tasarlanm\u0131\u015ft\u0131r. Yenilik\u00e7i microlight taban, ola\u011fan\u00fcst\u00fc hafiflik ve esneklik sa\u011flayarak geleneksel elbise ayakkab\u0131lar\u0131yla ili\u015fkilendirilen ayak yorgunlu\u011funu \u00f6nemli \u00f6l\u00e7\u00fcde azalt\u0131r. Dayan\u0131kl\u0131 ancak yast\u0131kl\u0131 tasar\u0131m\u0131, \u00e7arp\u0131c\u0131 k\u0131rm\u0131z\u0131 ve siyah desenli tabanda g\u00f6r\u00fcld\u00fc\u011f\u00fc gibi m\u00fckemmel kavrama sunar ve her ad\u0131mda g\u00fcven sa\u011flar. Ba\u011fc\u0131kl\u0131 kapama, aya\u011f\u0131n\u0131z\u0131n benzersiz \u015fekline uyum sa\u011flayarak g\u00fcvenli ve ayarlanabilir bir uyum sa\u011flar. Zarif, hafif sivri burun ve vampirdeki zarif dokulu detay, bu ayakkab\u0131y\u0131 <strong>Erkek Klasik Siyah Elbise Ayakkab\u0131s\u0131<\/strong> resmi veya yar\u0131 resmi gard\u0131roplara \u00e7ok y\u00f6nl\u00fc bir ektir ve modern erkek i\u00e7in sofistike stili ger\u00e7ekten tan\u0131mlar. Daha iyisini bulamazs\u0131n\u0131z <strong>Erkek Klasik Siyah Elbise Ayakkab\u0131s\u0131<\/strong> hem g\u00f6r\u00fcn\u00fcm hem de his i\u00e7in.<\/p>\n<h3>Toptan ve Perakendeciler i\u00e7in ideal<\/h3>\n<p>Y\u00fcksek kaliteli, \u015f\u0131k ayakkab\u0131lar sunmak isteyen perakendeciler i\u00e7in bu <strong>Erkek Klasik Siyah Elbise Ayakkab\u0131s\u0131<\/strong> toptan sat\u0131n al\u0131nabilir. Minimum sipari\u015f miktar\u0131 sadece 16 \u00e7ift olan i\u015fletmeler, bu pop\u00fcler bedenleri (AB 39-45) kolayca stoklayabilir ve geni\u015f bir m\u00fc\u015fteri taban\u0131na hitap edebilir. Klasik tasar\u0131m, \u00fcst\u00fcn malzemeler ve ola\u011fan\u00fcst\u00fc konforun bir kar\u0131\u015f\u0131m\u0131n\u0131 sunan bu siyah dana derisi elbise ayakkab\u0131lar\u0131, t\u00fcm erkek moda butikleri veya ayakkab\u0131 ma\u011fazalar\u0131 i\u00e7in ak\u0131ll\u0131ca bir yat\u0131r\u0131md\u0131r. Bu \u00fcst d\u00fczey ayakkab\u0131larla m\u00fc\u015fterilerinize hak ettikleri \u015f\u0131kl\u0131\u011f\u0131 ve kaliteyi sunun. <strong>Erkek Klasik Siyah Elbise Ayakkab\u0131s\u0131<\/strong>.<\/p>\n<p>Stiliniz hakk\u0131nda \u00e7ok \u015fey anlatan ayakkab\u0131lara yat\u0131r\u0131m yap\u0131n. Bizim <strong>Erkek Klasik Siyah Elbise Ayakkab\u0131s\u0131<\/strong> bir \u00e7ift ayakkab\u0131dan daha fazlas\u0131d\u0131r; sofistike ve kaliteli bir ifadedir. En g\u00fczel k\u0131yafetlerinizi tamamlamak i\u00e7in tasarlanm\u0131\u015f, gelenek ve yenili\u011fin m\u00fckemmel birle\u015fimini deneyimleyin. Kal\u0131c\u0131 stil ve rahatl\u0131k s\u00f6z konusu oldu\u011funda, bunlar kesin <strong>Erkek Klasik Siyah Elbise Ayakkab\u0131s\u0131<\/strong>.<\/p>","protected":false},"excerpt":{"rendered":"<ul>\n<li>Kal\u0131c\u0131 \u015f\u0131kl\u0131k i\u00e7in Premium Dana Derisi Saya<\/li>\n<li>L\u00fcks Ke\u00e7i Derisi Astar nefes alabilirlik ve konfor sa\u011flar<\/li>\n<li>Yorulmadan t\u00fcm g\u00fcn kullan\u0131m i\u00e7in hafif Microlight Taban<\/li>\n<li>Ay\u0131rt Edici Dokulu Detay, bu Erkek Klasik Siyah Elbise Ayakkab\u0131lar\u0131na sofistike bir hava katar<\/li>\n<li>AB Bedenlerinde mevcuttur: 39, 40, 41, 42, 43, 44, 45<\/li>\n<li>Minimum 16 \u00e7ift sipari\u015f ile toptan sat\u0131\u015f f\u0131rsatlar\u0131 mevcuttur.<\/li>\n<\/ul>","protected":false},"featured_media":7031,"template":"","meta":{"_acf_changed":false,"_uag_custom_page_level_css":"","site-sidebar-layout":"default","site-content-layout":"","ast-site-content-layout":"default","site-content-style":"default","site-sidebar-style":"default","ast-global-header-display":"","ast-banner-title-visibility":"","ast-main-header-display":"","ast-hfb-above-header-display":"","ast-hfb-below-header-display":"","ast-hfb-mobile-header-display":"","site-post-title":"","ast-breadcrumbs-content":"","ast-featured-img":"","footer-sml-layout":"","ast-disable-related-posts":"","theme-transparent-header-meta":"","adv-header-id-meta":"","stick-header-meta":"","header-above-stick-meta":"","header-main-stick-meta":"","header-below-stick-meta":"","astra-migrate-meta-layouts":"default","ast-page-background-enabled":"default","ast-page-background-meta":{"desktop":{"background-color":"var(--ast-global-color-4)","background-image":"","background-repeat":"repeat","background-position":"center center","background-size":"auto","background-attachment":"scroll","background-type":"","background-media":"","overlay-type":"","overlay-color":"","overlay-opacity":"","overlay-gradient":""},"tablet":{"background-color":"","background-image":"","background-repeat":"repeat","background-position":"center center","background-size":"auto","background-attachment":"scroll","background-type":"","background-media":"","overlay-type":"","overlay-color":"","overlay-opacity":"","overlay-gradient":""},"mobile":{"background-color":"","background-image":"","background-repeat":"repeat","background-position":"center center","background-size":"auto","background-attachment":"scroll","background-type":"","background-media":"","overlay-type":"","overlay-color":"","overlay-opacity":"","overlay-gradient":""}},"ast-content-background-meta":{"desktop":{"background-color":"var(--ast-global-color-5)","background-image":"","background-repeat":"repeat","background-position":"center center","background-size":"auto","background-attachment":"scroll","background-type":"","background-media":"","overlay-type":"","overlay-color":"","overlay-opacity":"","overlay-gradient":""},"tablet":{"background-color":"var(--ast-global-color-5)","background-image":"","background-repeat":"repeat","background-position":"center center","background-size":"auto","background-attachment":"scroll","background-type":"","background-media":"","overlay-type":"","overlay-color":"","overlay-opacity":"","overlay-gradient":""},"mobile":{"background-color":"var(--ast-global-color-5)","background-image":"","background-repeat":"repeat","background-position":"center center","background-size":"auto","background-attachment":"scroll","background-type":"","background-media":"","overlay-type":"","overlay-color":"","overlay-opacity":"","overlay-gradient":""}}},"product_brand":[],"product_cat":[47,430,1200],"product_tag":[196,405,566,1331,189,324,466,1332,262],"class_list":{"0":"post-7991","1":"product","2":"type-product","3":"status-publish","4":"has-post-thumbnail","6":"product_cat-classic","7":"product_cat-men","8":"product_cat-mens-shoes-2","9":"product_tag-black-leather-shoes","10":"product_tag-business-shoes","11":"product_tag-calfskin-shoes","12":"product_tag-classic-formal-shoes","13":"product_tag-goat-leather-lining","14":"product_tag-mens-dress-shoes","15":"product_tag-microlight-sole","16":"product_tag-textured-dress-shoes","17":"product_tag-wholesale-mens-shoes","18":"desktop-align-center","19":"tablet-align-center","20":"mobile-align-center","22":"first","23":"instock","24":"shipping-taxable","25":"purchasable","26":"product-type-variable","27":"has-default-attributes"},"acf":[],"uagb_featured_image_src":{"full":["https:\/\/turkishtrade.co\/wp-content\/uploads\/2026\/01\/2600FKHMN00048-BLACK.png",453,250,false],"thumbnail":["https:\/\/turkishtrade.co\/wp-content\/uploads\/2026\/01\/2600FKHMN00048-BLACK-150x150.png",150,150,true],"medium":["https:\/\/turkishtrade.co\/wp-content\/uploads\/2026\/01\/2600FKHMN00048-BLACK-300x166.png",300,166,true],"medium_large":["https:\/\/turkishtrade.co\/wp-content\/uploads\/2026\/01\/2600FKHMN00048-BLACK.png",453,250,false],"large":["https:\/\/turkishtrade.co\/wp-content\/uploads\/2026\/01\/2600FKHMN00048-BLACK.png",453,250,false],"1536x1536":["https:\/\/turkishtrade.co\/wp-content\/uploads\/2026\/01\/2600FKHMN00048-BLACK.png",453,250,false],"2048x2048":["https:\/\/turkishtrade.co\/wp-content\/uploads\/2026\/01\/2600FKHMN00048-BLACK.png",453,250,false],"trp-custom-language-flag":["https:\/\/turkishtrade.co\/wp-content\/uploads\/2026\/01\/2600FKHMN00048-BLACK-18x10.png",18,10,true],"woocommerce_thumbnail":["https:\/\/turkishtrade.co\/wp-content\/uploads\/2026\/01\/2600FKHMN00048-BLACK-400x250.png",400,250,true],"woocommerce_single":["https:\/\/turkishtrade.co\/wp-content\/uploads\/2026\/01\/2600FKHMN00048-BLACK.png",453,250,false],"woocommerce_gallery_thumbnail":["https:\/\/turkishtrade.co\/wp-content\/uploads\/2026\/01\/2600FKHMN00048-BLACK-100x100.png",100,100,true]},"uagb_author_info":{"display_name":"python python","author_link":"https:\/\/turkishtrade.co\/tr\/author\/"},"uagb_comment_info":0,"uagb_excerpt":"Premium Calfskin Leather Upper for lasting elegance Luxurious Goat Leather Lining ensures breathability and comfort Lightweight Microlight Sole for all-day wear without fatigue Distinctive Textured Detail adds sophisticated flair to these Men's Classic Black Dress Shoes Available in EU Sizes: 39, 40, 41, 42, 43, 44, 45 Wholesale opportunities available with a minimum order of&hellip;","_links":{"self":[{"href":"https:\/\/turkishtrade.co\/tr\/wp-json\/wp\/v2\/product\/7991","targetHints":{"allow":["GET"]}}],"collection":[{"href":"https:\/\/turkishtrade.co\/tr\/wp-json\/wp\/v2\/product"}],"about":[{"href":"https:\/\/turkishtrade.co\/tr\/wp-json\/wp\/v2\/types\/product"}],"wp:featuredmedia":[{"embeddable":true,"href":"https:\/\/turkishtrade.co\/tr\/wp-json\/wp\/v2\/media\/7031"}],"wp:attachment":[{"href":"https:\/\/turkishtrade.co\/tr\/wp-json\/wp\/v2\/media?parent=7991"}],"wp:term":[{"taxonomy":"product_brand","embeddable":true,"href":"https:\/\/turkishtrade.co\/tr\/wp-json\/wp\/v2\/product_brand?post=7991"},{"taxonomy":"product_cat","embeddable":true,"href":"https:\/\/turkishtrade.co\/tr\/wp-json\/wp\/v2\/product_cat?post=7991"},{"taxonomy":"product_tag","embeddable":true,"href":"https:\/\/turkishtrade.co\/tr\/wp-json\/wp\/v2\/product_tag?post=7991"}],"curies":[{"name":"wp","href":"https:\/\/api.w.org\/{rel}","templated":true}]}}