{"id":7990,"date":"2026-01-29T14:46:44","date_gmt":"2026-01-29T14:46:44","guid":{"rendered":"https:\/\/turkishtrade.co\/?post_type=product&#038;p=7990"},"modified":"2026-04-09T20:38:56","modified_gmt":"2026-04-09T20:38:56","slug":"mens-classic-calf-leather-shoes","status":"publish","type":"product","link":"https:\/\/turkishtrade.co\/tr\/shop\/mens-classic-calf-leather-shoes\/","title":{"rendered":"Erkek Klasik Dana Derisi Ayakkab\u0131 L\u00fcks | Erkek Klasik Dana Derisi Slip-On"},"content":{"rendered":"<p><strong>Erkek Klasik Dana Derisi Ayakkab\u0131<\/strong>. L\u00fcks kalite ve tasar\u0131m.<\/p>\n<p>Enfes \u00fcr\u00fcnlerimizle zamans\u0131z bir sofistike ortama ad\u0131m at\u0131n <strong>Erkek Klasik Dana Derisi Ayakkab\u0131<\/strong>. Se\u00e7kin beyefendiler i\u00e7in tasarlanan bu slip-on ayakkab\u0131lar, geleneksel \u015f\u0131kl\u0131\u011f\u0131 \u00e7a\u011fda\u015f konforla m\u00fckemmel bir \u015fekilde harmanl\u0131yor. Birinci s\u0131n\u0131f malzemelerden \u00fcretilen ve titiz bir tasar\u0131ma sahip olan bu ayakkab\u0131lar sadece bir ayakkab\u0131 de\u011fil; bir stil ve kalite ifadesidir. Koleksiyonumuz <strong>Erkek Klasik Dana Derisi Ayakkab\u0131<\/strong> m\u00fc\u015fterilerine y\u00fcksek kaliteli, dayan\u0131kl\u0131 ve \u015f\u0131k se\u00e7enekler sunmak isteyen perakendeciler ve i\u015fletmeler i\u00e7in m\u00fckemmel bir \u00e7\u00f6z\u00fcm sunar.<\/p>\n<h3>E\u015fsiz \u0130\u015f\u00e7ilik ve Birinci S\u0131n\u0131f Malzemeler<\/h3>\n<p>Bunlar\u0131n her bir \u00e7ifti <strong>Erkek Klasik Dana Derisi Ayakkab\u0131<\/strong> \u00fcst\u00fcn i\u015f\u00e7ili\u011fin bir kan\u0131t\u0131d\u0131r. \u00dcst k\u0131s\u0131m, yumu\u015fak dokusu, dayan\u0131kl\u0131l\u0131\u011f\u0131 ve l\u00fcks g\u00f6r\u00fcn\u00fcm\u00fcyle tan\u0131nan hakiki dana derisinden yap\u0131lm\u0131\u015ft\u0131r. Dana derisi aya\u011fa g\u00fczel bir \u015fekilde uyum sa\u011flayarak ya\u015fland\u0131k\u00e7a daha da iyile\u015fen rahat bir uyum sa\u011flar. \u0130\u00e7 k\u0131sm\u0131 esnek ke\u00e7i derisi ile astarlanan ayakkab\u0131, inan\u0131lmaz yumu\u015fak bir dokunu\u015f ve m\u00fckemmel nefes alabilirlik sa\u011flayarak ayaklar\u0131n\u0131z\u0131 g\u00fcn boyunca rahat tutar. Yenilik\u00e7i microlight taban, modern bir dokunu\u015f katarak destek veya kavramadan \u00f6d\u00fcn vermeden ola\u011fan\u00fcst\u00fc hafiflik ve esneklik sunar. Bu geli\u015fmi\u015f taban teknolojisi, bu ayakkab\u0131lar\u0131 <strong>Erkek Klasik Dana Derisi Ayakkab\u0131<\/strong> ister ofiste ister sosyal etkinliklerde olsun, uzun s\u00fcreli kullan\u0131m i\u00e7in ideal bir se\u00e7imdir.<\/p>\n<h3>Modern Beyefendiler i\u00e7in Zamans\u0131z Stil<\/h3>\n<p>Bunlar\u0131n tasar\u0131m\u0131 <strong>Erkek Klasik Dana Derisi Ayakkab\u0131<\/strong> rafine detaylarla klasik bir esteti\u011fi temsil eder. Sofistike bir burna ve vampirdeki ince delikli vurgulara sahip olan bu ayakkab\u0131, resmi ancak \u00e7ok y\u00f6nl\u00fc bir \u00e7ekicilik sergiler. Slip-on stili kullan\u0131m kolayl\u0131\u011f\u0131 sa\u011flayarak yo\u011fun \u00e7al\u0131\u015fan profesyoneller i\u00e7in uygun bir se\u00e7imdir. Zengin kahverengi tonu sayesinde son derece \u00e7ok y\u00f6nl\u00fcd\u00fcr ve i\u015f tak\u0131mlar\u0131ndan \u015f\u0131k g\u00fcndelik k\u0131yafetlere kadar \u00e7e\u015fitli k\u0131yafetlerle e\u015fle\u015ftirmeye uygundur. Bu temel ayakkab\u0131larla ayakkab\u0131 koleksiyonunuzu geli\u015ftirin veya m\u00fc\u015fterilerinize rafine tarz\u0131n en \u00fcst noktas\u0131n\u0131 sunun <strong>Erkek Klasik Dana Derisi Ayakkab\u0131<\/strong>.<\/p>\n<h3>\u0130\u015fletmeler i\u00e7in Toptan Sat\u0131\u015f F\u0131rsat\u0131<\/h3>\n<p>Perakendecilerin ihtiya\u00e7lar\u0131n\u0131 anl\u0131yoruz ve bu istisnai \u00fcr\u00fcnleri sunmaktan gurur duyuyoruz <strong>Erkek Klasik Dana Derisi Ayakkab\u0131<\/strong> toptan sat\u0131\u015f i\u00e7in. Minimum sipari\u015f miktar\u0131 sadece 16 \u00e7ift olan i\u015fletmeler, etkilemeyi garanti eden y\u00fcksek kaliteli ayakkab\u0131lar\u0131 kolayca stoklayabilir. 39'dan 45'e kadar t\u00fcm Avrupa bedenlerinde mevcut oldu\u011fundan, geni\u015f bir m\u00fc\u015fteri taban\u0131na hitap edebilirsiniz. Bize yat\u0131r\u0131m yapmak <strong>Erkek Klasik Dana Derisi Ayakkab\u0131<\/strong> \u00fcst\u00fcn kaliteye, g\u00fcvenilir i\u015f\u00e7ili\u011fe ve dayan\u0131kl\u0131 ve \u015f\u0131k se\u00e7enekler arayan m\u00fc\u015fterileri s\u00fcrekli olarak cezbedecek klasik bir tasar\u0131ma yat\u0131r\u0131m yapmak anlam\u0131na gelir. Toptan sat\u0131\u015f gereksinimlerinizi g\u00f6r\u00fc\u015fmek ve \u00fcr\u00fcn tekliflerinizi bu se\u00e7kin ayakkab\u0131larla y\u00fckseltmek i\u00e7in bug\u00fcn bize ula\u015f\u0131n.<\/p>","protected":false},"excerpt":{"rendered":"<ul>\n<li>\u015e\u0131k ve g\u00f6steri\u015fli bir g\u00f6r\u00fcn\u00fcm i\u00e7in hakiki dana derisinden el yap\u0131m\u0131 olarak \u00fcretilmi\u015ftir.<\/li>\n<li>L\u00fcks ke\u00e7i derisi i\u00e7 astar \u00fcst\u00fcn konfor ve nefes alabilirlik sa\u011flar.<\/li>\n<li>G\u00fcn boyu rahatl\u0131k i\u00e7in hafif ve esnek mikro hafif tabanla donat\u0131lm\u0131\u015ft\u0131r.<\/li>\n<li>Kapsaml\u0131 bir Avrupa beden yelpazesinde mevcuttur: 39, 40, 41, 42, 43, 44, 45.<\/li>\n<li>Toptan sat\u0131\u015f i\u00e7in idealdir; minimum sipari\u015f miktar\u0131 16 \u00e7ifttir.<\/li>\n<\/ul>","protected":false},"featured_media":7030,"template":"","meta":{"_acf_changed":false,"_uag_custom_page_level_css":"","site-sidebar-layout":"default","site-content-layout":"","ast-site-content-layout":"default","site-content-style":"default","site-sidebar-style":"default","ast-global-header-display":"","ast-banner-title-visibility":"","ast-main-header-display":"","ast-hfb-above-header-display":"","ast-hfb-below-header-display":"","ast-hfb-mobile-header-display":"","site-post-title":"","ast-breadcrumbs-content":"","ast-featured-img":"","footer-sml-layout":"","ast-disable-related-posts":"","theme-transparent-header-meta":"","adv-header-id-meta":"","stick-header-meta":"","header-above-stick-meta":"","header-main-stick-meta":"","header-below-stick-meta":"","astra-migrate-meta-layouts":"default","ast-page-background-enabled":"default","ast-page-background-meta":{"desktop":{"background-color":"var(--ast-global-color-4)","background-image":"","background-repeat":"repeat","background-position":"center center","background-size":"auto","background-attachment":"scroll","background-type":"","background-media":"","overlay-type":"","overlay-color":"","overlay-opacity":"","overlay-gradient":""},"tablet":{"background-color":"","background-image":"","background-repeat":"repeat","background-position":"center center","background-size":"auto","background-attachment":"scroll","background-type":"","background-media":"","overlay-type":"","overlay-color":"","overlay-opacity":"","overlay-gradient":""},"mobile":{"background-color":"","background-image":"","background-repeat":"repeat","background-position":"center center","background-size":"auto","background-attachment":"scroll","background-type":"","background-media":"","overlay-type":"","overlay-color":"","overlay-opacity":"","overlay-gradient":""}},"ast-content-background-meta":{"desktop":{"background-color":"var(--ast-global-color-5)","background-image":"","background-repeat":"repeat","background-position":"center center","background-size":"auto","background-attachment":"scroll","background-type":"","background-media":"","overlay-type":"","overlay-color":"","overlay-opacity":"","overlay-gradient":""},"tablet":{"background-color":"var(--ast-global-color-5)","background-image":"","background-repeat":"repeat","background-position":"center center","background-size":"auto","background-attachment":"scroll","background-type":"","background-media":"","overlay-type":"","overlay-color":"","overlay-opacity":"","overlay-gradient":""},"mobile":{"background-color":"var(--ast-global-color-5)","background-image":"","background-repeat":"repeat","background-position":"center center","background-size":"auto","background-attachment":"scroll","background-type":"","background-media":"","overlay-type":"","overlay-color":"","overlay-opacity":"","overlay-gradient":""}}},"product_brand":[],"product_cat":[47,430,1200],"product_tag":[292,185,251,351,1330,324,198,466,184,281],"class_list":{"0":"post-7990","1":"product","2":"type-product","3":"status-publish","4":"has-post-thumbnail","6":"product_cat-classic","7":"product_cat-men","8":"product_cat-mens-shoes-2","9":"product_tag-brown-leather-shoes","10":"product_tag-calf-leather-shoes","11":"product_tag-formal-shoes","12":"product_tag-leather-footwear","13":"product_tag-mens-classic-calf-leather-shoes","14":"product_tag-mens-dress-shoes","15":"product_tag-mens-fashion","16":"product_tag-microlight-sole","17":"product_tag-slip-on-shoes","18":"product_tag-wholesale-shoes","19":"desktop-align-center","20":"tablet-align-center","21":"mobile-align-center","23":"first","24":"instock","25":"shipping-taxable","26":"purchasable","27":"product-type-variable","28":"has-default-attributes"},"acf":[],"uagb_featured_image_src":{"full":["https:\/\/turkishtrade.co\/wp-content\/uploads\/2026\/01\/2600FKHMN00047-BROWN.png",453,250,false],"thumbnail":["https:\/\/turkishtrade.co\/wp-content\/uploads\/2026\/01\/2600FKHMN00047-BROWN-150x150.png",150,150,true],"medium":["https:\/\/turkishtrade.co\/wp-content\/uploads\/2026\/01\/2600FKHMN00047-BROWN-300x166.png",300,166,true],"medium_large":["https:\/\/turkishtrade.co\/wp-content\/uploads\/2026\/01\/2600FKHMN00047-BROWN.png",453,250,false],"large":["https:\/\/turkishtrade.co\/wp-content\/uploads\/2026\/01\/2600FKHMN00047-BROWN.png",453,250,false],"1536x1536":["https:\/\/turkishtrade.co\/wp-content\/uploads\/2026\/01\/2600FKHMN00047-BROWN.png",453,250,false],"2048x2048":["https:\/\/turkishtrade.co\/wp-content\/uploads\/2026\/01\/2600FKHMN00047-BROWN.png",453,250,false],"trp-custom-language-flag":["https:\/\/turkishtrade.co\/wp-content\/uploads\/2026\/01\/2600FKHMN00047-BROWN-18x10.png",18,10,true],"woocommerce_thumbnail":["https:\/\/turkishtrade.co\/wp-content\/uploads\/2026\/01\/2600FKHMN00047-BROWN-400x250.png",400,250,true],"woocommerce_single":["https:\/\/turkishtrade.co\/wp-content\/uploads\/2026\/01\/2600FKHMN00047-BROWN.png",453,250,false],"woocommerce_gallery_thumbnail":["https:\/\/turkishtrade.co\/wp-content\/uploads\/2026\/01\/2600FKHMN00047-BROWN-100x100.png",100,100,true]},"uagb_author_info":{"display_name":"python python","author_link":"https:\/\/turkishtrade.co\/tr\/author\/"},"uagb_comment_info":0,"uagb_excerpt":"Handcrafted from genuine calf leather for a sleek, polished look. Luxurious goat leather interior lining ensures superior comfort and breathability. Equipped with a lightweight and flexible microlight sole for all-day ease. Available in a comprehensive range of European sizes: 39, 40, 41, 42, 43, 44, 45. Ideal for wholesale; minimum order quantity of 16 pairs.","_links":{"self":[{"href":"https:\/\/turkishtrade.co\/tr\/wp-json\/wp\/v2\/product\/7990","targetHints":{"allow":["GET"]}}],"collection":[{"href":"https:\/\/turkishtrade.co\/tr\/wp-json\/wp\/v2\/product"}],"about":[{"href":"https:\/\/turkishtrade.co\/tr\/wp-json\/wp\/v2\/types\/product"}],"wp:featuredmedia":[{"embeddable":true,"href":"https:\/\/turkishtrade.co\/tr\/wp-json\/wp\/v2\/media\/7030"}],"wp:attachment":[{"href":"https:\/\/turkishtrade.co\/tr\/wp-json\/wp\/v2\/media?parent=7990"}],"wp:term":[{"taxonomy":"product_brand","embeddable":true,"href":"https:\/\/turkishtrade.co\/tr\/wp-json\/wp\/v2\/product_brand?post=7990"},{"taxonomy":"product_cat","embeddable":true,"href":"https:\/\/turkishtrade.co\/tr\/wp-json\/wp\/v2\/product_cat?post=7990"},{"taxonomy":"product_tag","embeddable":true,"href":"https:\/\/turkishtrade.co\/tr\/wp-json\/wp\/v2\/product_tag?post=7990"}],"curies":[{"name":"wp","href":"https:\/\/api.w.org\/{rel}","templated":true}]}}