{"id":7989,"date":"2026-01-29T14:46:43","date_gmt":"2026-01-29T14:46:43","guid":{"rendered":"https:\/\/turkishtrade.co\/?post_type=product&#038;p=7989"},"modified":"2026-04-09T20:38:58","modified_gmt":"2026-04-09T20:38:58","slug":"navy-blue-calf-leather-brogue-shoes","status":"publish","type":"product","link":"https:\/\/turkishtrade.co\/tr\/shop\/navy-blue-calf-leather-brogue-shoes\/","title":{"rendered":"Lacivert Dana Derisi Brogue Ayakkab\u0131 Garantili | Erkek"},"content":{"rendered":"<p><strong>Lacivert Dana Derisi Brogue Ayakkab\u0131<\/strong>. Garantili kalite ve tasar\u0131m.<\/p>\n<p>Enfes \u00fcr\u00fcnlerimizle zamans\u0131z bir zarafet ve benzersiz bir konfor d\u00fcnyas\u0131na ad\u0131m at\u0131n <strong>Erkek Lacivert Dana Derisi Brogue Ayakkab\u0131<\/strong>. Se\u00e7kin beyefendiler i\u00e7in titizlikle haz\u0131rlanan bu ayakkab\u0131lar, klasik tasar\u0131m\u0131 modern ayakkab\u0131 teknolojisiyle kusursuz bir \u015fekilde harmanlayarak her sofistike gard\u0131robun vazge\u00e7ilmez bir par\u00e7as\u0131 haline geliyor. \u0130ster \u00f6nemli bir i\u015f toplant\u0131s\u0131, ister resmi bir etkinlik ya da \u015f\u0131k bir smart-casual gezi i\u00e7in olsun <strong>Lacivert Dana Derisi Brogue Ayakkab\u0131<\/strong> zarafet ve pratikli\u011fin m\u00fckemmel bir kar\u0131\u015f\u0131m\u0131n\u0131 sunar.<\/p>\n<h3>Rakipsiz \u0130\u015f\u00e7ilik ve Birinci S\u0131n\u0131f Malzemeler<\/h3>\n<p>Bu birinci s\u0131n\u0131f brogue ayakkab\u0131lar\u0131n her bir \u00e7ifti, yaln\u0131zca en iyi malzemelerin kullan\u0131ld\u0131\u011f\u0131 \u00fcst\u00fcn i\u015f\u00e7ili\u011fin bir kan\u0131t\u0131d\u0131r. \u00dcst k\u0131s\u0131m y\u00fcksek kaliteli <strong>dana derisi<\/strong>, Esnek dokusu, ola\u011fan\u00fcst\u00fc esnekli\u011fi ve zaman i\u00e7inde g\u00fczel bir patina geli\u015ftirme kabiliyeti ile \u00fcnl\u00fcd\u00fcr. Bu l\u00fcks deri sadece se\u00e7kin bir estetik sa\u011flamakla kalmaz, ayn\u0131 zamanda ola\u011fan\u00fcst\u00fc dayan\u0131kl\u0131l\u0131k ve konfor sa\u011flar. \u0130\u00e7 k\u0131s\u0131mda, ayaklar\u0131n\u0131z hakiki derinin yumu\u015fakl\u0131\u011f\u0131yla sarmalanacak <strong>ke\u00e7i derisi astar<\/strong>. Bu do\u011fal astar, nefes alabilirlik ve nem emme \u00f6zellikleriyle \u00fcnl\u00fcd\u00fcr, uzun s\u00fcreli kullan\u0131mlarda bile ayaklar\u0131n\u0131z\u0131 kuru ve rahat tutar ve bunlar\u0131 ger\u00e7ekten birinci s\u0131n\u0131f olarak ay\u0131rt eder. <strong>Lacivert Dana Derisi Brogue Ayakkab\u0131<\/strong>.<\/p>\n<h3>Klasik Tasar\u0131m Modern Konforla Bulu\u015fuyor<\/h3>\n<p>Kendine \u00f6zg\u00fc delikleri ve zarif kanat ucu tasar\u0131m\u0131yla karakterize edilen ikonik brogue detay\u0131, geleneksel miras\u0131n ve inkar edilemez sofistikeli\u011fin bir dokunu\u015funu verir. Zengin lacivert rengi, geleneksel siyah veya kahverengiye \u00e7a\u011fda\u015f ve \u00e7ok y\u00f6nl\u00fc bir alternatif sunarak bu ayakkab\u0131lar\u0131n \u00e7ok \u00e7e\u015fitli k\u0131yafetleri zahmetsizce tamamlamas\u0131n\u0131 sa\u011flar. Bunlar\u0131 e\u015fle\u015ftirin <strong>Erkek Lacivert Dana Derisi Brogue Ayakkab\u0131<\/strong> \u0130ster \u015f\u0131k bir profesyonel g\u00f6r\u00fcn\u00fcm i\u00e7in \u00f6zel dikim bir tak\u0131m elbise ile, ister zarif bir hafta sonu kombini i\u00e7in chino pantolon ve spor ceket ile kombinleyin. G\u00fcvenli ba\u011fc\u0131kl\u0131 kapama rahat ve konforlu bir uyum sa\u011flarken, karma\u015f\u0131k diki\u015fler her bir diki\u015fte detaylara g\u00f6sterilen titiz \u00f6zeni vurgular.<\/p>\n<h3>Geli\u015fmi\u015f Microlight Taban Teknolojisi<\/h3>\n<p>\u00c7arp\u0131c\u0131 esteti\u011finin \u00f6tesinde, bu ayakkab\u0131lar ola\u011fan\u00fcst\u00fc konfor i\u00e7in tasarlanm\u0131\u015ft\u0131r. Yenilik\u00e7i <strong>microlight taban<\/strong> gereksiz a\u011f\u0131rl\u0131k eklemeden \u00fcst\u00fcn yast\u0131klama ve ola\u011fan\u00fcst\u00fc esneklik sa\u011flar. Bu geli\u015fmi\u015f taban malzemesi \u015foku etkili bir \u015fekilde emer, ayak yorgunlu\u011funu \u00f6nemli \u00f6l\u00e7\u00fcde azalt\u0131r ve m\u00fckemmel \u00e7eki\u015f g\u00fcc\u00fc sunarak bu ayakkab\u0131lar\u0131 t\u00fcm g\u00fcn kullan\u0131m i\u00e7in ideal hale getirir. Bu dayan\u0131kl\u0131 ve rahat ayakkab\u0131larla geleneksel sanat ve en son ayakkab\u0131 teknolojisinin m\u00fckemmel uyumunu deneyimleyin. <strong>Lacivert Dana Derisi Brogue Ayakkab\u0131<\/strong>. Y\u0131llar boyu kal\u0131c\u0131 stil ve konfor sunarak uzun \u00f6m\u00fcrl\u00fc olacak \u015fekilde \u00fcretilmi\u015ftir.<\/p>\n<h3>Dikkatli Perakendeciler i\u00e7in Toptan Sat\u0131\u015f F\u0131rsatlar\u0131<\/h3>\n<p>Y\u00fcksek kaliteli, \u015f\u0131k ve rahat ayakkab\u0131lar sunmak isteyen perakendeciler ve i\u015fletmeler i\u00e7in <strong>Erkek Lacivert Dana Derisi Brogue Ayakkab\u0131<\/strong> toptan al\u0131m i\u00e7in mevcuttur. Ortaklar\u0131m\u0131z\u0131n bu aranan klasik ayakkab\u0131lardan tutarl\u0131 bir \u015fekilde tedarik etmelerini sa\u011flamak i\u00e7in minimum 16 \u00e7iftlik toplu sipari\u015flere hizmet veriyoruz. Ayakkab\u0131 koleksiyonunuzu geli\u015ftirin ve m\u00fc\u015fterilerinize stil, konfor ve ola\u011fan\u00fcst\u00fc dayan\u0131kl\u0131l\u0131k a\u00e7\u0131s\u0131ndan \u00f6ne \u00e7\u0131kan bir \u00fcr\u00fcn sunun. Bu ger\u00e7ek klasik ayakkab\u0131lara yat\u0131r\u0131m yap\u0131n <strong>Lacivert Dana Derisi Brogue Ayakkab\u0131<\/strong> ve \u00fcr\u00fcn sunumunuzu kal\u0131c\u0131 bir zarafet ve kalite sembol\u00fc ile geli\u015ftirin.<\/p>","protected":false},"excerpt":{"rendered":"<ul>\n<li>L\u00fcks bir his ve uzun s\u00fcreli dayan\u0131kl\u0131l\u0131k i\u00e7in birinci s\u0131n\u0131f dana derisi saya<\/li>\n<li>Yumu\u015fak ve nefes alabilen ke\u00e7i derisi astar \u00fcst\u00fcn konfor sa\u011flar<\/li>\n<li>Hafif mikro hafif taban \u00fcst\u00fcn yast\u0131klama ve esneklik sa\u011flar<\/li>\n<li>Sofistike lacivert renk tonunda klasik brogue detaylar<\/li>\n<li>Minimum 16 \u00e7ift sipari\u015f ile toptan sat\u0131n al\u0131nabilir<\/li>\n<\/ul>","protected":false},"featured_media":7029,"template":"","meta":{"_acf_changed":false,"_uag_custom_page_level_css":"","site-sidebar-layout":"default","site-content-layout":"","ast-site-content-layout":"default","site-content-style":"default","site-sidebar-style":"default","ast-global-header-display":"","ast-banner-title-visibility":"","ast-main-header-display":"","ast-hfb-above-header-display":"","ast-hfb-below-header-display":"","ast-hfb-mobile-header-display":"","site-post-title":"","ast-breadcrumbs-content":"","ast-featured-img":"","footer-sml-layout":"","ast-disable-related-posts":"","theme-transparent-header-meta":"","adv-header-id-meta":"","stick-header-meta":"","header-above-stick-meta":"","header-main-stick-meta":"","header-below-stick-meta":"","astra-migrate-meta-layouts":"default","ast-page-background-enabled":"default","ast-page-background-meta":{"desktop":{"background-color":"var(--ast-global-color-4)","background-image":"","background-repeat":"repeat","background-position":"center center","background-size":"auto","background-attachment":"scroll","background-type":"","background-media":"","overlay-type":"","overlay-color":"","overlay-opacity":"","overlay-gradient":""},"tablet":{"background-color":"","background-image":"","background-repeat":"repeat","background-position":"center center","background-size":"auto","background-attachment":"scroll","background-type":"","background-media":"","overlay-type":"","overlay-color":"","overlay-opacity":"","overlay-gradient":""},"mobile":{"background-color":"","background-image":"","background-repeat":"repeat","background-position":"center center","background-size":"auto","background-attachment":"scroll","background-type":"","background-media":"","overlay-type":"","overlay-color":"","overlay-opacity":"","overlay-gradient":""}},"ast-content-background-meta":{"desktop":{"background-color":"var(--ast-global-color-5)","background-image":"","background-repeat":"repeat","background-position":"center center","background-size":"auto","background-attachment":"scroll","background-type":"","background-media":"","overlay-type":"","overlay-color":"","overlay-opacity":"","overlay-gradient":""},"tablet":{"background-color":"var(--ast-global-color-5)","background-image":"","background-repeat":"repeat","background-position":"center center","background-size":"auto","background-attachment":"scroll","background-type":"","background-media":"","overlay-type":"","overlay-color":"","overlay-opacity":"","overlay-gradient":""},"mobile":{"background-color":"var(--ast-global-color-5)","background-image":"","background-repeat":"repeat","background-position":"center center","background-size":"auto","background-attachment":"scroll","background-type":"","background-media":"","overlay-type":"","overlay-color":"","overlay-opacity":"","overlay-gradient":""}}},"product_brand":[],"product_cat":[47,430,1200],"product_tag":[185,754,284,251,895,685,466,428,281],"class_list":{"0":"post-7989","1":"product","2":"type-product","3":"status-publish","4":"has-post-thumbnail","6":"product_cat-classic","7":"product_cat-men","8":"product_cat-mens-shoes-2","9":"product_tag-calf-leather-shoes","10":"product_tag-classic-mens-shoes","11":"product_tag-dress-shoes","12":"product_tag-formal-shoes","13":"product_tag-leather-brogues","14":"product_tag-mens-brogues","15":"product_tag-microlight-sole","16":"product_tag-navy-blue-shoes","17":"product_tag-wholesale-shoes","18":"desktop-align-center","19":"tablet-align-center","20":"mobile-align-center","22":"first","23":"instock","24":"shipping-taxable","25":"purchasable","26":"product-type-variable","27":"has-default-attributes"},"acf":[],"uagb_featured_image_src":{"full":["https:\/\/turkishtrade.co\/wp-content\/uploads\/2026\/01\/2600FKHMN00046-DARK-BLUE.png",453,250,false],"thumbnail":["https:\/\/turkishtrade.co\/wp-content\/uploads\/2026\/01\/2600FKHMN00046-DARK-BLUE-150x150.png",150,150,true],"medium":["https:\/\/turkishtrade.co\/wp-content\/uploads\/2026\/01\/2600FKHMN00046-DARK-BLUE-300x166.png",300,166,true],"medium_large":["https:\/\/turkishtrade.co\/wp-content\/uploads\/2026\/01\/2600FKHMN00046-DARK-BLUE.png",453,250,false],"large":["https:\/\/turkishtrade.co\/wp-content\/uploads\/2026\/01\/2600FKHMN00046-DARK-BLUE.png",453,250,false],"1536x1536":["https:\/\/turkishtrade.co\/wp-content\/uploads\/2026\/01\/2600FKHMN00046-DARK-BLUE.png",453,250,false],"2048x2048":["https:\/\/turkishtrade.co\/wp-content\/uploads\/2026\/01\/2600FKHMN00046-DARK-BLUE.png",453,250,false],"trp-custom-language-flag":["https:\/\/turkishtrade.co\/wp-content\/uploads\/2026\/01\/2600FKHMN00046-DARK-BLUE-18x10.png",18,10,true],"woocommerce_thumbnail":["https:\/\/turkishtrade.co\/wp-content\/uploads\/2026\/01\/2600FKHMN00046-DARK-BLUE-400x250.png",400,250,true],"woocommerce_single":["https:\/\/turkishtrade.co\/wp-content\/uploads\/2026\/01\/2600FKHMN00046-DARK-BLUE.png",453,250,false],"woocommerce_gallery_thumbnail":["https:\/\/turkishtrade.co\/wp-content\/uploads\/2026\/01\/2600FKHMN00046-DARK-BLUE-100x100.png",100,100,true]},"uagb_author_info":{"display_name":"python python","author_link":"https:\/\/turkishtrade.co\/tr\/author\/"},"uagb_comment_info":0,"uagb_excerpt":"Premium calf leather upper for a luxurious feel and lasting durability Soft and breathable goat leather lining ensures ultimate comfort Lightweight microlight sole provides superior cushioning and flexibility Classic brogue detailing in a sophisticated navy blue hue Available for wholesale purchase with a minimum order of 16 pairs","_links":{"self":[{"href":"https:\/\/turkishtrade.co\/tr\/wp-json\/wp\/v2\/product\/7989","targetHints":{"allow":["GET"]}}],"collection":[{"href":"https:\/\/turkishtrade.co\/tr\/wp-json\/wp\/v2\/product"}],"about":[{"href":"https:\/\/turkishtrade.co\/tr\/wp-json\/wp\/v2\/types\/product"}],"wp:featuredmedia":[{"embeddable":true,"href":"https:\/\/turkishtrade.co\/tr\/wp-json\/wp\/v2\/media\/7029"}],"wp:attachment":[{"href":"https:\/\/turkishtrade.co\/tr\/wp-json\/wp\/v2\/media?parent=7989"}],"wp:term":[{"taxonomy":"product_brand","embeddable":true,"href":"https:\/\/turkishtrade.co\/tr\/wp-json\/wp\/v2\/product_brand?post=7989"},{"taxonomy":"product_cat","embeddable":true,"href":"https:\/\/turkishtrade.co\/tr\/wp-json\/wp\/v2\/product_cat?post=7989"},{"taxonomy":"product_tag","embeddable":true,"href":"https:\/\/turkishtrade.co\/tr\/wp-json\/wp\/v2\/product_tag?post=7989"}],"curies":[{"name":"wp","href":"https:\/\/api.w.org\/{rel}","templated":true}]}}