{"id":7988,"date":"2026-01-29T14:46:43","date_gmt":"2026-01-29T14:46:43","guid":{"rendered":"https:\/\/turkishtrade.co\/?post_type=product&#038;p=7988"},"modified":"2026-04-09T20:39:00","modified_gmt":"2026-04-09T20:39:00","slug":"classic-black-calf-leather-shoes","status":"publish","type":"product","link":"https:\/\/turkishtrade.co\/tr\/shop\/classic-black-calf-leather-shoes\/","title":{"rendered":"Klasik Siyah Dana Derisi Ayakkab\u0131 Proven | Klasik Siyah Dana Derisi Erkek"},"content":{"rendered":"<p><strong>Klasik Siyah Dana Derisi Ayakkab\u0131<\/strong>. Kan\u0131tlanm\u0131\u015f kalite ve tasar\u0131m.<\/p>\n<p>Ayakkab\u0131 koleksiyonunuzu se\u00e7kin \u00fcr\u00fcnlerimizle geli\u015ftirin <strong>Klasik Siyah Dana Derisi Ayakkab\u0131<\/strong>, Hem stil hem de konfora de\u011fer veren modern beyefendiler i\u00e7in tasarland\u0131. Kusursuz bir \u015fekilde \u00fcretilmi\u015f bu erkek derby ayakkab\u0131lar, geleneksel zarafeti \u00e7a\u011fda\u015f performansla harmanlayarak gard\u0131robunuzun vazge\u00e7ilmez bir par\u00e7as\u0131 haline gelir. \u00d6nemli i\u015f toplant\u0131lar\u0131ndan sofistike ak\u015fam etkinliklerine kadar, bu ayakkab\u0131lar kal\u0131c\u0131 bir izlenim b\u0131rakmak i\u00e7in tasarland\u0131 ve her zaman g\u00f6steri\u015fli bir g\u00fcvenle d\u0131\u015far\u0131 \u00e7\u0131kman\u0131z\u0131 sa\u011fl\u0131yor. Birinci s\u0131n\u0131f bir ayakkab\u0131 ar\u0131yorsan\u0131z <strong>siyah dana derisi ayakkab\u0131<\/strong> l\u00fcks ve pratikli\u011fi bir araya getiren bir \u00fcr\u00fcn ar\u0131yorsan\u0131z, ba\u015fka yere bakman\u0131za gerek yok.<\/p>\n<h3>Benzersiz \u0130\u015f\u00e7ilik ve \u00dcst\u00fcn Kaliteli Malzemeler<\/h3>\n<p>Bu \u00e7arp\u0131c\u0131 \u00e7iftlerin her biri <strong>Klasik Siyah Dana Derisi Ayakkab\u0131<\/strong> \u00fcst\u00fcn i\u015f\u00e7ili\u011fin bir kan\u0131t\u0131d\u0131r. Saya i\u00e7in yumu\u015fak dokusu, l\u00fcks hissi ve kal\u0131c\u0131 dayan\u0131kl\u0131l\u0131\u011f\u0131yla tan\u0131nan birinci s\u0131n\u0131f dana derisini titizlikle se\u00e7iyoruz. Bu y\u00fcksek kaliteli deri sadece \u015f\u0131k ve zarif bir estetik sa\u011flamakla kalmaz, ayn\u0131 zamanda zaman i\u00e7inde aya\u011f\u0131n\u0131za uyum sa\u011flayarak ki\u015fiselle\u015ftirilmi\u015f bir uyum sunar. Bu sofistike <strong>erkek si\u0307yah deri\u0307 ayakkabi<\/strong> g\u00fcnl\u00fck a\u015f\u0131nmaya kar\u015f\u0131 uzun \u00f6m\u00fcrl\u00fc ve dayan\u0131kl\u0131 olacak \u015fekilde tasarlanm\u0131\u015ft\u0131r. Sa\u011flam d\u0131\u015f y\u00fczeyi tamamlayan, son derece yumu\u015fak ke\u00e7i derisiyle astarlanm\u0131\u015f i\u00e7 k\u0131s\u0131m, ilk giyimden itibaren nefes alabilirlik ve ola\u011fan\u00fcst\u00fc konfor sa\u011flar. Ke\u00e7i derisinin do\u011fal \u00f6zellikleri s\u00fcrt\u00fcnmeyi azaltarak ayaklar\u0131n\u0131z\u0131 en uzun g\u00fcnler boyunca rahat tutar. Detaylara g\u00f6sterilen bu \u00f6zen, \u00fcr\u00fcn yelpazemizi tan\u0131mlar <strong>klasik siyah dana derisi ayakkab\u0131<\/strong>, B\u00f6ylece zamana kar\u015f\u0131 dayan\u0131kl\u0131 bir \u00fcr\u00fcn elde edilir.<\/p>\n<h3>T\u00fcm G\u00fcn Konfor i\u00e7in Yenilik\u00e7i Microlight Taban<\/h3>\n<p>Geli\u015fmi\u015f microlight taban\u0131m\u0131zla klasik stil ve modern yenili\u011fin m\u00fckemmel birle\u015fimini deneyimleyin. \u0130nan\u0131lmaz derecede hafif olacak \u015fekilde tasarlanan bu taban, ayak yorgunlu\u011funu \u00f6nemli \u00f6l\u00e7\u00fcde azaltarak kolayl\u0131kla ve \u00e7eviklikle hareket etmenizi sa\u011flar. T\u00fcy kadar hafif yap\u0131s\u0131na ra\u011fmen, microlight taban m\u00fckemmel \u015fok emilimi ve g\u00fcvenilir \u00e7eki\u015f g\u00fcc\u00fc sunarak bu premium ayakkab\u0131y\u0131 <strong>siyah dana derisi ayakkab\u0131<\/strong> \u00e7e\u015fitli kentsel ortamlar i\u00e7in uygundur. Taban\u0131n \u015f\u0131k profili, ayakkab\u0131n\u0131n zarif siluetini koruyarak konforun stilden \u00f6d\u00fcn vermek zorunda olmad\u0131\u011f\u0131n\u0131 kan\u0131tl\u0131yor. 39'dan 45'e kadar kapsaml\u0131 bir AB beden yelpazesinde mevcut olan bu l\u00fcks ayakkab\u0131n\u0131n m\u00fckemmel \u00e7iftini bulmak i\u00e7in <strong>erkek si\u0307yah deri\u0307 ayakkabi<\/strong> basit ve kullan\u0131\u015fl\u0131d\u0131r, m\u00fckemmel uyumu garanti eder.<\/p>\n<h3>Her Durum i\u00e7in \u00c7ok Y\u00f6nl\u00fc Stil<\/h3>\n<p>Zamans\u0131z siyah rengi ve klasik derby tasar\u0131m\u0131, bu erkek ayakkab\u0131lar\u0131n\u0131n inan\u0131lmaz derecede \u00e7ok y\u00f6nl\u00fc olmas\u0131n\u0131 sa\u011flar. Bunlar\u0131 e\u015fle\u015ftirin <strong>Klasik Siyah Dana Derisi Ayakkab\u0131<\/strong> Profesyonel bir g\u00f6r\u00fcn\u00fcm i\u00e7in keskin bir i\u015f tak\u0131m\u0131yla veya \u015f\u0131k bir g\u00fcndelik sofistike g\u00f6r\u00fcn\u00fcm i\u00e7in \u00f6zel dikim pantolon ve blazer ceketle giydirin. Abart\u0131s\u0131z zarafetleri bu ayakkab\u0131lar\u0131 resmi toplant\u0131lar, ofis k\u0131yafetleri ve hatta l\u00fcks g\u00fcndelik geziler i\u00e7in uygun hale getirir. Sadece ola\u011fan\u00fcst\u00fc g\u00f6r\u00fcnmekle kalmay\u0131p ayn\u0131 zamanda konfor ve uzun \u00f6m\u00fcrl\u00fcl\u00fck sunan, y\u00fcksek kaliteye y\u00f6nelik se\u00e7ici zevkinizi yans\u0131tan bir \u00e7ift ayakkab\u0131ya yat\u0131r\u0131m yap\u0131n <strong>siyah dana derisi ayakkab\u0131<\/strong>.<\/p>\n<h3>Toptan Sat\u0131\u015f F\u0131rsatlar\u0131 Mevcut<\/h3>\n<p>Birinci s\u0131n\u0131f erkek ayakkab\u0131s\u0131 sunmak isteyen perakendeciler ve i\u015fletmeler i\u00e7in bu <strong>Klasik Siyah Dana Derisi Ayakkab\u0131<\/strong> toptan sat\u0131n al\u0131nabilir. Geni\u015f bir m\u00fc\u015fteri taban\u0131na hitap eden y\u00fcksek kaliteli, talep g\u00f6ren \u00fcr\u00fcnleri stoklamak i\u00e7in m\u00fckemmel bir f\u0131rsat sa\u011flayan minimum 16 \u00e7ift sipari\u015f istiyoruz. Toptan sat\u0131\u015f ihtiya\u00e7lar\u0131n\u0131z\u0131 g\u00f6r\u00fc\u015fmek ve envanterinizi bu ola\u011fan\u00fcst\u00fc \u00fcr\u00fcnlerle y\u00fckseltmek i\u00e7in bug\u00fcn bize ula\u015f\u0131n <strong>siyah dana derisi ayakkab\u0131<\/strong>, M\u00fc\u015fteri memnuniyetini ve i\u015f tekrar\u0131n\u0131 sa\u011flamak.<\/p>","protected":false},"excerpt":{"rendered":"<ul>\n<li>Dayan\u0131kl\u0131l\u0131k ve Stil i\u00e7in Premium Dana Derisi Saya<\/li>\n<li>Nefes Alabilirlik ve Konfor i\u00e7in L\u00fcks Ke\u00e7i Derisi Astar<\/li>\n<li>Hafif Esneklik ve Destek i\u00e7in Yenilik\u00e7i Microlight Taban<\/li>\n<li>Zamans\u0131z Klasik Derby Tasar\u0131m\u0131, Resmi ve \u0130\u015f K\u0131yafetleri i\u00e7in M\u00fckemmel<\/li>\n<li>AB Bedenlerinde mevcuttur: 39, 40, 41, 42, 43, 44, 45<\/li>\n<li>Toptan Sipari\u015fler Ho\u015f Geldiniz (Minimum Sipari\u015f: 16 \u00c7ift)<\/li>\n<\/ul>","protected":false},"featured_media":7028,"template":"","meta":{"_acf_changed":false,"_uag_custom_page_level_css":"","site-sidebar-layout":"default","site-content-layout":"","ast-site-content-layout":"default","site-content-style":"default","site-sidebar-style":"default","ast-global-header-display":"","ast-banner-title-visibility":"","ast-main-header-display":"","ast-hfb-above-header-display":"","ast-hfb-below-header-display":"","ast-hfb-mobile-header-display":"","site-post-title":"","ast-breadcrumbs-content":"","ast-featured-img":"","footer-sml-layout":"","ast-disable-related-posts":"","theme-transparent-header-meta":"","adv-header-id-meta":"","stick-header-meta":"","header-above-stick-meta":"","header-main-stick-meta":"","header-below-stick-meta":"","astra-migrate-meta-layouts":"default","ast-page-background-enabled":"default","ast-page-background-meta":{"desktop":{"background-color":"var(--ast-global-color-4)","background-image":"","background-repeat":"repeat","background-position":"center center","background-size":"auto","background-attachment":"scroll","background-type":"","background-media":"","overlay-type":"","overlay-color":"","overlay-opacity":"","overlay-gradient":""},"tablet":{"background-color":"","background-image":"","background-repeat":"repeat","background-position":"center center","background-size":"auto","background-attachment":"scroll","background-type":"","background-media":"","overlay-type":"","overlay-color":"","overlay-opacity":"","overlay-gradient":""},"mobile":{"background-color":"","background-image":"","background-repeat":"repeat","background-position":"center center","background-size":"auto","background-attachment":"scroll","background-type":"","background-media":"","overlay-type":"","overlay-color":"","overlay-opacity":"","overlay-gradient":""}},"ast-content-background-meta":{"desktop":{"background-color":"var(--ast-global-color-5)","background-image":"","background-repeat":"repeat","background-position":"center center","background-size":"auto","background-attachment":"scroll","background-type":"","background-media":"","overlay-type":"","overlay-color":"","overlay-opacity":"","overlay-gradient":""},"tablet":{"background-color":"var(--ast-global-color-5)","background-image":"","background-repeat":"repeat","background-position":"center center","background-size":"auto","background-attachment":"scroll","background-type":"","background-media":"","overlay-type":"","overlay-color":"","overlay-opacity":"","overlay-gradient":""},"mobile":{"background-color":"var(--ast-global-color-5)","background-image":"","background-repeat":"repeat","background-position":"center center","background-size":"auto","background-attachment":"scroll","background-type":"","background-media":"","overlay-type":"","overlay-color":"","overlay-opacity":"","overlay-gradient":""}}},"product_brand":[],"product_cat":[47,430,1200],"product_tag":[196,513,299,1328,314,189,310,1283,1329,262],"class_list":{"0":"post-7988","1":"product","2":"type-product","3":"status-publish","4":"has-post-thumbnail","6":"product_cat-classic","7":"product_cat-men","8":"product_cat-mens-shoes-2","9":"product_tag-black-leather-shoes","10":"product_tag-business-casual-shoes","11":"product_tag-calf-leather-footwear","12":"product_tag-classic-black-calf-leather-shoes","13":"product_tag-formal-mens-shoes","14":"product_tag-goat-leather-lining","15":"product_tag-mens-derby-shoes","16":"product_tag-microlight-sole-shoes","17":"product_tag-timeless-black-shoes","18":"product_tag-wholesale-mens-shoes","19":"desktop-align-center","20":"tablet-align-center","21":"mobile-align-center","23":"first","24":"instock","25":"shipping-taxable","26":"purchasable","27":"product-type-variable","28":"has-default-attributes"},"acf":[],"uagb_featured_image_src":{"full":["https:\/\/turkishtrade.co\/wp-content\/uploads\/2026\/01\/2600FKHMN00045-BLACK.png",453,250,false],"thumbnail":["https:\/\/turkishtrade.co\/wp-content\/uploads\/2026\/01\/2600FKHMN00045-BLACK-150x150.png",150,150,true],"medium":["https:\/\/turkishtrade.co\/wp-content\/uploads\/2026\/01\/2600FKHMN00045-BLACK-300x166.png",300,166,true],"medium_large":["https:\/\/turkishtrade.co\/wp-content\/uploads\/2026\/01\/2600FKHMN00045-BLACK.png",453,250,false],"large":["https:\/\/turkishtrade.co\/wp-content\/uploads\/2026\/01\/2600FKHMN00045-BLACK.png",453,250,false],"1536x1536":["https:\/\/turkishtrade.co\/wp-content\/uploads\/2026\/01\/2600FKHMN00045-BLACK.png",453,250,false],"2048x2048":["https:\/\/turkishtrade.co\/wp-content\/uploads\/2026\/01\/2600FKHMN00045-BLACK.png",453,250,false],"trp-custom-language-flag":["https:\/\/turkishtrade.co\/wp-content\/uploads\/2026\/01\/2600FKHMN00045-BLACK-18x10.png",18,10,true],"woocommerce_thumbnail":["https:\/\/turkishtrade.co\/wp-content\/uploads\/2026\/01\/2600FKHMN00045-BLACK-400x250.png",400,250,true],"woocommerce_single":["https:\/\/turkishtrade.co\/wp-content\/uploads\/2026\/01\/2600FKHMN00045-BLACK.png",453,250,false],"woocommerce_gallery_thumbnail":["https:\/\/turkishtrade.co\/wp-content\/uploads\/2026\/01\/2600FKHMN00045-BLACK-100x100.png",100,100,true]},"uagb_author_info":{"display_name":"python python","author_link":"https:\/\/turkishtrade.co\/tr\/author\/"},"uagb_comment_info":0,"uagb_excerpt":"Premium Calf Leather Upper for Durability and Style Luxurious Goat Leather Lining for Breathability and Comfort Innovative Microlight Sole for Lightweight Flexibility and Support Timeless Classic Derby Design, Perfect for Formal and Business Wear Available in EU Sizes: 39, 40, 41, 42, 43, 44, 45 Wholesale Orders Welcome (Minimum Order: 16 Pairs)","_links":{"self":[{"href":"https:\/\/turkishtrade.co\/tr\/wp-json\/wp\/v2\/product\/7988","targetHints":{"allow":["GET"]}}],"collection":[{"href":"https:\/\/turkishtrade.co\/tr\/wp-json\/wp\/v2\/product"}],"about":[{"href":"https:\/\/turkishtrade.co\/tr\/wp-json\/wp\/v2\/types\/product"}],"wp:featuredmedia":[{"embeddable":true,"href":"https:\/\/turkishtrade.co\/tr\/wp-json\/wp\/v2\/media\/7028"}],"wp:attachment":[{"href":"https:\/\/turkishtrade.co\/tr\/wp-json\/wp\/v2\/media?parent=7988"}],"wp:term":[{"taxonomy":"product_brand","embeddable":true,"href":"https:\/\/turkishtrade.co\/tr\/wp-json\/wp\/v2\/product_brand?post=7988"},{"taxonomy":"product_cat","embeddable":true,"href":"https:\/\/turkishtrade.co\/tr\/wp-json\/wp\/v2\/product_cat?post=7988"},{"taxonomy":"product_tag","embeddable":true,"href":"https:\/\/turkishtrade.co\/tr\/wp-json\/wp\/v2\/product_tag?post=7988"}],"curies":[{"name":"wp","href":"https:\/\/api.w.org\/{rel}","templated":true}]}}